{"id":4470,"date":"2025-03-24T18:16:38","date_gmt":"2025-03-24T18:16:38","guid":{"rendered":"https:\/\/jfinelaw.com\/?page_id=4470"},"modified":"2025-12-12T14:31:29","modified_gmt":"2025-12-12T14:31:29","slug":"nuestros-abogados","status":"publish","type":"page","link":"https:\/\/jfinelaw.com\/es\/nuestros-abogados\/","title":{"rendered":"Nuestros Abogados"},"content":{"rendered":"\n<h1>\n\t\t\tNuestros Abogados\t<\/h1>\n\t<p>J. Fine Law cuenta con un equipo dedicado y experimentado de abogados de lesiones personales que luchan arduamente por sus derechos y la compensaci\u00f3n que se le debe durante un caso de accidente por negligencia. Nuestro bufete de abogados de lesiones personales est\u00e1 respaldado por 25 a\u00f1os de experiencia en juicios y se especializa en una variedad de servicios legales. Los abogados de lesiones personales de J. Fine Law se ocupan de casos de lesiones y accidentes como resultado de accidentes automovil\u00edsticos, accidentes laborales, casos relacionados con seguridad negligente y m\u00e1s. Si usted o un ser querido ha resultado gravemente herido como resultado de la negligencia de otra persona, necesita un equipo de abogados de su lado que luche arduamente por sus derechos. Nuestros abogados de lesiones personales se enfrentan a las grandes corporaciones y compa\u00f1\u00edas de seguros todos los d\u00edas para obtener la compensaci\u00f3n que usted merece. Obtenga m\u00e1s informaci\u00f3n sobre los abogados de J. Fine Law a continuaci\u00f3n; para una consulta gratuita y confidencial, llame al (888) 913-3899, desde el lugar del accidente llame al 1-800-HURT-123 o complete el formulario en esta p\u00e1gina web. Jason Fine le devolver\u00e1 la llamada de inmediato para discutir su asunto.<\/p>\n\t\t\t\t<img decoding=\"async\" src=\"https:\/\/jfinelaw.com\/wp-content\/uploads\/2025\/03\/Jason-E.-Fine-Super-Lawyers-10-years.png\" alt=\"Jason-E.-Fine-Super-Lawyers-10-years\" itemprop=\"image\" height=\"314\" width=\"372\" title=\"Jason-E.-Fine-Super-Lawyers-10-years\" onerror=\"this.style.display='none'\" loading=\"lazy\" \/>\n\t\t\t\t<img decoding=\"async\" src=\"https:\/\/jfinelaw.com\/wp-content\/uploads\/2025\/03\/Jason-E.-Fine-Super-Lawyer-2024.png\" alt=\"Jason-E.-Fine-Super-Lawyer-2024\" itemprop=\"image\" height=\"314\" width=\"370\" title=\"Jason-E.-Fine-Super-Lawyer-2024\" onerror=\"this.style.display='none'\" loading=\"lazy\" \/>\n\t\t\t\t<img decoding=\"async\" src=\"https:\/\/jfinelaw.com\/wp-content\/uploads\/2025\/05\/Jason-E-Fine-Super-Lawyer-2025.png\" alt=\"Jason-E-Fine-Super-Lawyer-2025\" itemprop=\"image\" height=\"150\" width=\"180\" title=\"Jason-E-Fine-Super-Lawyer-2025\" onerror=\"this.style.display='none'\" loading=\"lazy\" \/>\n\t\t\t\t<img decoding=\"async\" src=\"https:\/\/jfinelaw.com\/wp-content\/uploads\/2025\/03\/Jason-Fine-April-2024.jpg\" alt=\"Jason-Fine-April-2024\" itemprop=\"image\" height=\"800\" width=\"800\" title=\"Jason-Fine-April-2024\" onerror=\"this.style.display='none'\" loading=\"lazy\" \/>\n<h3  id=\"jasonFine\">\n\t\t\tJason Fine\t<\/h3>\n\t<p>Jason E. Fine (como se escucha en la radio y tambi\u00e9n conocido como Big-Al) se enorgullece de ser diez veces nominado consecutivamente a Pennsylvania Super Lawyers en el \u00e1rea de lesiones personales y tambi\u00e9n ha sido nominado como litigante del a\u00f1o. Jason es el abogado litigante principal y miembro fundador de J. Fine Law Group P.C. con m\u00e1s de 25 a\u00f1os de experiencia representando a v\u00edctimas que sufren accidentes automovil\u00edsticos, de Uber\/Lyft, de autob\u00fas, de cami\u00f3n, de resbalones\/tropiezos\/ca\u00eddas, laborales, por mordedura de perro y de construcci\u00f3n. Tambi\u00e9n se ocupa regularmente de casos de abuso o negligencia en hogares de ancianos, como \u00falceras por presi\u00f3n y ca\u00eddas.<\/p>\n\t<p>Solo el 5% de todos los abogados de Pensilvania son seleccionados como Super Lawyers. El proceso de selecci\u00f3n de Super Lawyers implica un riguroso proceso de calificaci\u00f3n multif\u00e1sico. Las nominaciones y evaluaciones de los colegas se combinan con investigaciones de terceros. Cada candidato se eval\u00faa en 12 indicadores de reconocimiento de los colegas y logros profesionales. Las selecciones se realizan anualmente estado por estado. El resultado es un directorio cre\u00edble y completo de abogados destacados, disponible para que los consumidores y otros abogados lo consulten cuando busquen asesoramiento legal competente.<\/p>\n<p>Los candidatos a Super Lawyers de 60 \u00e1reas de pr\u00e1ctica son evaluados por un panel de expertos de colegas preeminentes en una amplia variedad de factores que incluyen veredictos y acuerdos, experiencia, honores y premios, servicio pro bono y comunitario, conferencias y escritos acad\u00e9micos, antecedentes educativos y laborales, y otros logros destacados.<\/p>\n<p>Jason obtuvo uno de los veredictos m\u00e1s altos en todo Pensilvania por accidentes automovil\u00edsticos: un caso en el que ofrecieron $0.00 en la Corte Federal contra una de las compa\u00f1\u00edas de seguros m\u00e1s grandes de los EE. UU. Tambi\u00e9n en 2016 obtuvo uno de los 50 veredictos m\u00e1s altos en toda Pensilvania en accidentes automovil\u00edsticos. En muchos asuntos, Jason cuenta con un equipo de firmas asociadas para ayudar con cualquier asunto en toda Pensilvania y Nueva Jersey.<\/p>\n\t\t\t\t<img decoding=\"async\" src=\"https:\/\/jfinelaw.com\/wp-content\/uploads\/2025\/03\/Joe-LaRosa-Philadelphia-Lawyer.jpg\" alt=\"Joe-LaRosa-Philadelphia-Lawyer\" itemprop=\"image\" height=\"800\" width=\"800\" title=\"Joe-LaRosa-Philadelphia-Lawyer\" onerror=\"this.style.display='none'\" loading=\"lazy\" \/>\n<h3  id=\"joeLarosa\">\n\t\t\tJoe LaRosa\t<\/h3>\n\t<p>El Sr. LaRosa es originario del \u00e1rea de Filadelfia y, despu\u00e9s de graduarse de Penn State, regres\u00f3 a Filadelfia para asistir a la Facultad de Derecho de la Universidad de Drexel.<\/p>\n<p>El Sr. LaRosa ha representado \u00fanicamente a personas lesionadas durante m\u00e1s de 10 a\u00f1os, llevando docenas de casos a juicio y representando a cientos de personas lesionadas en Filadelfia, los condados de Delaware, Bucks, Montgomery, Chester y Berks. El Sr. LaRosa tambi\u00e9n est\u00e1 habilitado para ejercer en Nueva Jersey y el Tribunal de Distrito de los Estados Unidos para el Distrito Este de Pensilvania.<\/p>\n<p>El Sr. LaRosa vive en el sur de Filadelfia con su esposa, 2 hijos y un perro.<\/p>\n\t\t\t\t<img decoding=\"async\" src=\"https:\/\/jfinelaw.com\/wp-content\/uploads\/2025\/03\/Ciro-Tufano.jpg\" alt=\"Ciro-Tufano\" itemprop=\"image\" height=\"800\" width=\"800\" title=\"Ciro-Tufano\" onerror=\"this.style.display='none'\" loading=\"lazy\" \/>\n<h3  id=\"ciroTufano\">\n\t\t\tCiro Tufano\t<\/h3>\n\t<p>Ciro Tufano es asesor de J. Fine Law Group, P.C., ya que es propietario y socio de Madden Tufano, ubicado en Cherry Hill, Nueva Jersey. Ciro ha sido un s\u00faper abogado en Nueva Jersey durante los \u00faltimos a\u00f1os. Supervisa los casos de Nueva Jersey y est\u00e1 a cargo del equipo de lesiones laborales de Nueva Jersey. Ha asegurado millones de d\u00f3lares para sus clientes, ya que maneja regularmente lesiones como casos de construcci\u00f3n, veh\u00edculos motorizados y ca\u00eddas en todo Nueva Jersey y Pensilvania.<\/p>\n<h3>\n\t\t\tAbogados Dedicados en Lesiones Personales\t<\/h3>\n\t<p>J. Fine Law tiene tres oficinas ubicadas en Filadelfia PA, Feasterville PA y Cherry Hill, NJ para servir mejor a nuestros clientes. Hemos llevado a juicio y ganado casos desde el condado de Filadelfia hasta el condado de Erie y todos los condados intermedios de Pensilvania. Nuestros abogados tambi\u00e9n pueden llevar casos a juicio en Nueva Jersey. Si usted ha sido v\u00edctima de una lesi\u00f3n debido a la negligencia de otra persona, llame a nuestro bufete de abogados hoy mismo al (888) 913-3899 o desde el lugar de cualquier accidente al 1-800-HURT-123.<\/p>\n\t\t\t\t<img decoding=\"async\" src=\"https:\/\/jfinelaw.com\/wp-content\/uploads\/2025\/03\/J-Fine-Law-team-2048x851-1.jpg\" alt=\"J-Fine-Law-team-2048x851\" itemprop=\"image\" height=\"851\" width=\"2048\" title=\"J-Fine-Law-team-2048x851\" onerror=\"this.style.display='none'\" loading=\"lazy\" \/>\n<h4>\n\t\t\tContact Us\t<\/h4>\n\t\t    <form data-form_id=\"3\" id=\"fluentform_3\" data-form_instance=\"ff_form_instance_3_1\" method=\"POST\"><fieldset>\n                    <legend>Primary Contact Form<\/legend>        \n                <label for=\"ff_3_item_sf\" aria-label=\"Newsletter\">\n                    Newsletter                <\/label>\n                <input type=\"text\"\n                       name=\"item_3__fluent_sf\"\n                       id=\"ff_3_item_sf\"\n                \/>\n        <input type='hidden' name='__fluent_form_embded_post_id' value='4470' \/><input type=\"hidden\" id=\"_fluentform_3_fluentformnonce\" name=\"_fluentform_3_fluentformnonce\" value=\"71f7784893\" \/><input type=\"hidden\" name=\"_wp_http_referer\" value=\"\/es\/?page_id=4470&#038;fl_builder\" \/><label for='ff_3_names_first_name_' id='label_ff_3_names_first_name_'>First Name<\/label><input type=\"text\" name=\"names[first_name]\" id=\"ff_3_names_first_name_\" placeholder=\"First Name\" aria-invalid=\"false\" aria-required=true\/><label for='ff_3_names_last_name_' id='label_ff_3_names_last_name_'>Last Name<\/label><input type=\"text\" name=\"names[last_name]\" id=\"ff_3_names_last_name_\" placeholder=\"Last Name\" aria-invalid=\"false\" aria-required=true\/><label for='ff_3_email' id='label_ff_3_email' aria-label=\"Newsletter\">Email<\/label><input type=\"email\" name=\"email\" id=\"ff_3_email\" placeholder=\"Email Address\" data-name=\"email\"  aria-invalid=\"false\" aria-required=true\/><label for='ff_3_phone' id='label_ff_3_phone' aria-label=\"Newsletter\">Phone<\/label><input name=\"phone\" type=\"tel\" placeholder=\"(123) 123-1234\" data-name=\"phone\" id=\"ff_3_phone\" inputmode=\"tel\"  aria-invalid='false' aria-required=true\/><label for='ff_3_message' id='label_ff_3_message' aria-label=\"Newsletter\">Case summary<\/label><textarea aria-required=\"true\" aria-labelledby=\"label_ff_3_message\" name=\"message\" id=\"ff_3_message\" placeholder=\"Brief case description\" rows=\"4\" cols=\"2\" data-name=\"message\"><\/textarea><label aria-label=\"Newsletter\" class='ff-el-form-check-label ff_tc_label' for=terms-n-condition_4657013ec17f42879d0e947a6d2e9a7b><input type=\"checkbox\" name=\"terms-n-condition\" data-name=\"terms-n-condition\" id=\"terms-n-condition_4657013ec17f42879d0e947a6d2e9a7b\"  value='on' aria-invalid='false' aria-required=true\/> <p>By submitting you agree to receive automated communications including calls, texts, emails, and\/or prerecorded messages. Message and data rates may apply.<\/p><\/label><button type=\"submit\"  aria-label=\"Newsletter\">Submit Form<\/button><\/fieldset><\/form>            \n<h4>\n\t\t\tPractice Areas\t<\/h4>\n<h4>\n\t\t\tRecent Articles\t<\/h4>\n\n","protected":false},"excerpt":{"rendered":"<p>Nuestros Abogados J. Fine Law cuenta con un equipo dedicado y experimentado de abogados de lesiones personales que luchan arduamente por sus derechos y la compensaci\u00f3n que se le debe durante un caso de accidente por negligencia. Nuestro bufete de abogados de lesiones personales est\u00e1 respaldado por 25 a\u00f1os de experiencia en juicios y se [&hellip;]<\/p>\n","protected":false},"author":7,"featured_media":0,"parent":0,"menu_order":0,"comment_status":"closed","ping_status":"closed","template":"","meta":{"site-sidebar-layout":"default","site-content-layout":"","ast-site-content-layout":"default","site-content-style":"default","site-sidebar-style":"default","ast-global-header-display":"","ast-banner-title-visibility":"","ast-main-header-display":"","ast-hfb-above-header-display":"","ast-hfb-below-header-display":"","ast-hfb-mobile-header-display":"","site-post-title":"","ast-breadcrumbs-content":"","ast-featured-img":"","footer-sml-layout":"","theme-transparent-header-meta":"","adv-header-id-meta":"","stick-header-meta":"","header-above-stick-meta":"","header-main-stick-meta":"","header-below-stick-meta":"","astra-migrate-meta-layouts":"set","ast-page-background-enabled":"default","ast-page-background-meta":{"desktop":{"background-color":"var(--ast-global-color-4)","background-image":"","background-repeat":"repeat","background-position":"center center","background-size":"auto","background-attachment":"scroll","background-type":"","background-media":"","overlay-type":"","overlay-color":"","overlay-opacity":"","overlay-gradient":""},"tablet":{"background-color":"","background-image":"","background-repeat":"repeat","background-position":"center center","background-size":"auto","background-attachment":"scroll","background-type":"","background-media":"","overlay-type":"","overlay-color":"","overlay-opacity":"","overlay-gradient":""},"mobile":{"background-color":"","background-image":"","background-repeat":"repeat","background-position":"center center","background-size":"auto","background-attachment":"scroll","background-type":"","background-media":"","overlay-type":"","overlay-color":"","overlay-opacity":"","overlay-gradient":""}},"ast-content-background-meta":{"desktop":{"background-color":"var(--ast-global-color-5)","background-image":"","background-repeat":"repeat","background-position":"center center","background-size":"auto","background-attachment":"scroll","background-type":"","background-media":"","overlay-type":"","overlay-color":"","overlay-opacity":"","overlay-gradient":""},"tablet":{"background-color":"var(--ast-global-color-5)","background-image":"","background-repeat":"repeat","background-position":"center center","background-size":"auto","background-attachment":"scroll","background-type":"","background-media":"","overlay-type":"","overlay-color":"","overlay-opacity":"","overlay-gradient":""},"mobile":{"background-color":"var(--ast-global-color-5)","background-image":"","background-repeat":"repeat","background-position":"center center","background-size":"auto","background-attachment":"scroll","background-type":"","background-media":"","overlay-type":"","overlay-color":"","overlay-opacity":"","overlay-gradient":""}},"iawp_total_views":40,"footnotes":""},"class_list":["post-4470","page","type-page","status-publish","hentry"],"_links":{"self":[{"href":"https:\/\/jfinelaw.com\/es\/wp-json\/wp\/v2\/pages\/4470","targetHints":{"allow":["GET"]}}],"collection":[{"href":"https:\/\/jfinelaw.com\/es\/wp-json\/wp\/v2\/pages"}],"about":[{"href":"https:\/\/jfinelaw.com\/es\/wp-json\/wp\/v2\/types\/page"}],"author":[{"embeddable":true,"href":"https:\/\/jfinelaw.com\/es\/wp-json\/wp\/v2\/users\/7"}],"replies":[{"embeddable":true,"href":"https:\/\/jfinelaw.com\/es\/wp-json\/wp\/v2\/comments?post=4470"}],"version-history":[{"count":1,"href":"https:\/\/jfinelaw.com\/es\/wp-json\/wp\/v2\/pages\/4470\/revisions"}],"predecessor-version":[{"id":5986,"href":"https:\/\/jfinelaw.com\/es\/wp-json\/wp\/v2\/pages\/4470\/revisions\/5986"}],"wp:attachment":[{"href":"https:\/\/jfinelaw.com\/es\/wp-json\/wp\/v2\/media?parent=4470"}],"curies":[{"name":"wp","href":"https:\/\/api.w.org\/{rel}","templated":true}]}}