{"id":4480,"date":"2025-03-24T18:04:00","date_gmt":"2025-03-24T18:04:00","guid":{"rendered":"https:\/\/jfinelaw.com\/?page_id=4480"},"modified":"2025-05-02T20:46:10","modified_gmt":"2025-05-02T20:46:10","slug":"consulta-gratuita-con-un-abogado-de-lesiones-personales","status":"publish","type":"page","link":"https:\/\/jfinelaw.com\/es\/consulta-gratuita-con-un-abogado-de-lesiones-personales\/","title":{"rendered":"CONSULTA GRATUITA CON UN ABOGADO DE LESIONES PERSONALES"},"content":{"rendered":"\n\n<h2>\n\t\t\u00a1Obtenga Su Consulta Gratuita Hoy Mismo!\n\t<\/h2>\n\t<p>Por m\u00e1s de 20 a\u00f1os, los abogados de lesiones personales de J. Fine Law han ayudado exitosamente a clientes a trav\u00e9s de una variedad de asuntos legales complejos. Especializados en negligencia y accidentes de lesiones personales, la representaci\u00f3n legal de nuestro bufete de abogados de Filadelfia significa un servicio dedicado e individualizado. Nuestro bufete est\u00e1 respaldado por 21 a\u00f1os de experiencia en juicios y cuenta con una impresionante tasa de \u00e9xito del 98%. Con m\u00e1s de 5,000 clientes que han confiado en nosotros y $50 millones en veredictos y acuerdos, conf\u00ede en J. Fine Law Firm para obtener la compensaci\u00f3n que usted merece por las lesiones y los da\u00f1os sufridos debido a la negligencia de otra persona. Cont\u00e1ctenos para comenzar con su consulta gratuita y sin compromiso con un abogado de lesiones personales. Complete el siguiente formulario y uno de nuestros abogados se pondr\u00e1 en contacto con usted por tel\u00e9fono o correo electr\u00f3nico en menos de 1 hora. Consultas disponibles por tel\u00e9fono o en persona en una de nuestras oficinas en Filadelfia, Pittsburgh o Cherry Hill NJ.<\/p>\n<h4>\n\t\tContact Us\n\t<\/h4>\n\t\t    <form data-form_id=\"3\" id=\"fluentform_3\" data-form_instance=\"ff_form_instance_3_1\" method=\"POST\"><fieldset>\n                    <legend>Primary Contact Form<\/legend>        \n                <label for=\"ff_3_item_sf\" aria-label=\"Newsletter\">\n                    Newsletter                <\/label>\n                <input type=\"text\"\n                       name=\"item_3__fluent_sf\"\n                       id=\"ff_3_item_sf\"\n                \/>\n        <input type='hidden' name='__fluent_form_embded_post_id' value='4480' \/><input type=\"hidden\" id=\"_fluentform_3_fluentformnonce\" name=\"_fluentform_3_fluentformnonce\" value=\"25227b83d7\" \/><input type=\"hidden\" name=\"_wp_http_referer\" value=\"\/?page_id=4480&#038;fl_builder\" \/><label for='ff_3_names_first_name_'>First Name<\/label><input type=\"text\" name=\"names[first_name]\" id=\"ff_3_names_first_name_\" placeholder=\"First Name\" aria-invalid=\"false\" aria-required=true\/><label for='ff_3_names_last_name_'>Last Name<\/label><input type=\"text\" name=\"names[last_name]\" id=\"ff_3_names_last_name_\" placeholder=\"Last Name\" aria-invalid=\"false\" aria-required=true\/><label for='ff_3_email' aria-label=\"Newsletter\">Email<\/label><input type=\"email\" name=\"email\" id=\"ff_3_email\" placeholder=\"Email Address\" data-name=\"email\"  aria-invalid=\"false\" aria-required=true\/><label for='ff_3_phone' aria-label=\"Newsletter\">Phone<\/label><input name=\"phone\" type=\"tel\" placeholder=\"(123) 123-1234\" data-name=\"phone\" id=\"ff_3_phone\" inputmode=\"tel\"  aria-invalid='false' aria-required=true\/><label for='ff_3_message' aria-label=\"Newsletter\">Case summary<\/label><textarea aria-invalid=\"false\" aria-required=true name=\"message\" id=\"ff_3_message\" placeholder=\"Brief case description\" rows=\"4\" cols=\"2\" data-name=\"message\"><\/textarea><label aria-label=\"Newsletter\" class='ff-el-form-check-label ff_tc_label' for=terms-n-condition_0b3e2d15f0eb83738cb326e7f6c3b367><input type=\"checkbox\" name=\"terms-n-condition\" data-name=\"terms-n-condition\" id=\"terms-n-condition_0b3e2d15f0eb83738cb326e7f6c3b367\"  value='on' aria-invalid='false' aria-required=true\/> <p>By submitting you agree to receive automated communications including calls, texts, emails, and\/or prerecorded messages. Message and data rates may apply.<\/p><\/label><button type=\"submit\">Submit Form<\/button><\/fieldset><\/form>        \n\n","protected":false},"excerpt":{"rendered":"<p>\u00a1Obtenga Su Consulta Gratuita Hoy Mismo! Por m\u00e1s de 20 a\u00f1os, los abogados de lesiones personales de J. Fine Law han ayudado exitosamente a clientes a trav\u00e9s de una variedad de asuntos legales complejos. Especializados en negligencia y accidentes de lesiones personales, la representaci\u00f3n legal de nuestro bufete de abogados de Filadelfia significa un servicio [&hellip;]<\/p>\n","protected":false},"author":7,"featured_media":0,"parent":0,"menu_order":0,"comment_status":"closed","ping_status":"closed","template":"","meta":{"site-sidebar-layout":"no-sidebar","site-content-layout":"page-builder","ast-site-content-layout":"default","site-content-style":"default","site-sidebar-style":"default","ast-global-header-display":"","ast-banner-title-visibility":"","ast-main-header-display":"","ast-hfb-above-header-display":"","ast-hfb-below-header-display":"","ast-hfb-mobile-header-display":"","site-post-title":"disabled","ast-breadcrumbs-content":"","ast-featured-img":"disabled","footer-sml-layout":"","theme-transparent-header-meta":"","adv-header-id-meta":"","stick-header-meta":"","header-above-stick-meta":"","header-main-stick-meta":"","header-below-stick-meta":"","astra-migrate-meta-layouts":"set","ast-page-background-enabled":"default","ast-page-background-meta":{"desktop":{"background-color":"var(--ast-global-color-4)","background-image":"","background-repeat":"repeat","background-position":"center center","background-size":"auto","background-attachment":"scroll","background-type":"","background-media":"","overlay-type":"","overlay-color":"","overlay-opacity":"","overlay-gradient":""},"tablet":{"background-color":"","background-image":"","background-repeat":"repeat","background-position":"center center","background-size":"auto","background-attachment":"scroll","background-type":"","background-media":"","overlay-type":"","overlay-color":"","overlay-opacity":"","overlay-gradient":""},"mobile":{"background-color":"","background-image":"","background-repeat":"repeat","background-position":"center center","background-size":"auto","background-attachment":"scroll","background-type":"","background-media":"","overlay-type":"","overlay-color":"","overlay-opacity":"","overlay-gradient":""}},"ast-content-background-meta":{"desktop":{"background-color":"var(--ast-global-color-5)","background-image":"","background-repeat":"repeat","background-position":"center center","background-size":"auto","background-attachment":"scroll","background-type":"","background-media":"","overlay-type":"","overlay-color":"","overlay-opacity":"","overlay-gradient":""},"tablet":{"background-color":"var(--ast-global-color-5)","background-image":"","background-repeat":"repeat","background-position":"center center","background-size":"auto","background-attachment":"scroll","background-type":"","background-media":"","overlay-type":"","overlay-color":"","overlay-opacity":"","overlay-gradient":""},"mobile":{"background-color":"var(--ast-global-color-5)","background-image":"","background-repeat":"repeat","background-position":"center center","background-size":"auto","background-attachment":"scroll","background-type":"","background-media":"","overlay-type":"","overlay-color":"","overlay-opacity":"","overlay-gradient":""}},"iawp_total_views":5,"footnotes":""},"class_list":["post-4480","page","type-page","status-publish","hentry"],"_links":{"self":[{"href":"https:\/\/jfinelaw.com\/es\/wp-json\/wp\/v2\/pages\/4480","targetHints":{"allow":["GET"]}}],"collection":[{"href":"https:\/\/jfinelaw.com\/es\/wp-json\/wp\/v2\/pages"}],"about":[{"href":"https:\/\/jfinelaw.com\/es\/wp-json\/wp\/v2\/types\/page"}],"author":[{"embeddable":true,"href":"https:\/\/jfinelaw.com\/es\/wp-json\/wp\/v2\/users\/7"}],"replies":[{"embeddable":true,"href":"https:\/\/jfinelaw.com\/es\/wp-json\/wp\/v2\/comments?post=4480"}],"version-history":[{"count":0,"href":"https:\/\/jfinelaw.com\/es\/wp-json\/wp\/v2\/pages\/4480\/revisions"}],"wp:attachment":[{"href":"https:\/\/jfinelaw.com\/es\/wp-json\/wp\/v2\/media?parent=4480"}],"curies":[{"name":"wp","href":"https:\/\/api.w.org\/{rel}","templated":true}]}}