{"id":4501,"date":"2025-03-24T14:40:18","date_gmt":"2025-03-24T14:40:18","guid":{"rendered":"https:\/\/jfinelaw.com\/?page_id=4501"},"modified":"2025-05-15T15:43:47","modified_gmt":"2025-05-15T15:43:47","slug":"bufete-de-abogados-de-lesiones-personales-en-cherry-hill-nj","status":"publish","type":"page","link":"https:\/\/jfinelaw.com\/es\/bufete-de-abogados-de-lesiones-personales-en-cherry-hill-nj\/","title":{"rendered":"Bufete de Abogados de Lesiones Personales en Cherry Hill, NJ"},"content":{"rendered":"\n\n<p>El bufete de abogados de lesiones personales de J. Fine Law est\u00e1 respaldado por 21 a\u00f1os de experiencia en juicios y cuenta con una impresionante tasa de \u00e9xito del 98%. Nuestra oficina de Cherry Hill, NJ, est\u00e1 compuesta por un equipo de abogados de lesiones personales certificados y con gran experiencia. Cada miembro de nuestro equipo est\u00e1 comprometido con nuestros clientes y lucha en cada paso del camino para proteger sus derechos y garantizar que se otorgue una compensaci\u00f3n justa. Trabajamos arduamente para obtener el monto total que se le debe y recuperar los da\u00f1os adecuados por dolor y sufrimiento, facturas m\u00e9dicas, salarios perdidos o disminuidos y m\u00e1s. Llame hoy mismo a nuestra oficina de abogados de lesiones personales en Cherry Hill, NJ, al 888-913-3899 para discutir su caso de manera confidencial con uno de nuestros abogados dedicados.<\/p>\n<figure><img loading=\"lazy\" decoding=\"async\" src=\"https:\/\/jfinelaw.com\/wp-content\/uploads\/2025\/04\/New-Jersey-small.jpg\" alt=\"\" width=\"500\" height=\"400\" \/><\/figure>\n<h2><strong>Servicios del Bufete de Abogados de Accidentes y Lesiones Personales<br \/>\n<\/strong><\/h2>\n<p>J. Fine Law trabaja espec\u00edficamente en las \u00e1reas de accidentes y lesiones personales. Al centrarnos \u00fanicamente en estos aspectos de la ley, podemos presentar el mejor caso posible para nuestros clientes y lograr acuerdos exitosos. Nuestros abogados de lesiones personales est\u00e1n equipados para manejar una variedad de casos, desde accidentes automovil\u00edsticos hasta resbalones y ca\u00eddas, abuso en hogares de ancianos, accidentes automovil\u00edsticos de viajes compartidos, seguridad negligente y m\u00e1s. Si usted o alguien que ama ha sufrido da\u00f1os o lesiones debido a la negligencia o imprudencia de un tercero, necesita una representaci\u00f3n legal adecuada para garantizar que se le otorgue la compensaci\u00f3n que merece. Los abogados de lesiones personales de J. Fine Law en Cherry Hill, NJ, saben c\u00f3mo luchar y ganar casos contra las grandes corporaciones, las compa\u00f1\u00edas de seguros y las partes responsables involucradas.<\/p>\n<h2>\u00bfPor Qu\u00e9 Contratar a un Abogado de Lesiones Personales?<\/h2>\n<p>Sin una representaci\u00f3n legal adecuada y con experiencia, las compa\u00f1\u00edas de seguros y sus abogados le impondr\u00e1n un acuerdo injusto. Estas son entidades poderosas con acceso a recursos ilimitados, no intente pelear su caso solo. J. Fine Law ha asegurado m\u00e1s de $50 millones en laudos y acuerdos para v\u00edctimas de accidentes automovil\u00edsticos, negligencia en hogares de ancianos, accidentes laborales y m\u00e1s. \u00a1Incluso podemos obtener una compensaci\u00f3n para usted si ninguna de las partes involucradas tiene seguro! Nos dedicamos a cada cliente y dedicamos el tiempo necesario a todos y cada uno de los casos para garantizar que se le otorgue la m\u00e1xima compensaci\u00f3n merecida.<\/p>\n<h2>Consultas Gratuitas de Lesiones Personales en Nuestro Bufete de Abogados en Cherry Hill, NJ<\/h2>\n\u00a1No espere hasta que sea demasiado tarde para obtener la compensaci\u00f3n que se le debe! En Nueva Jersey, Pensilvania y muchos otros estados, existe un estatuto de limitaciones para presentar su reclamaci\u00f3n a trav\u00e9s del sistema legal. P\u00f3ngase en contacto con nuestro bufete de abogados de lesiones personales en Cherry Hill, NJ, para iniciar el proceso con una consulta gratuita y sin compromiso. Complete nuestro formulario de contacto, llame a nuestra oficina al 888-319-3899 o env\u00edenos un correo electr\u00f3nico a: <span \n                data-original-string='phdPDSxsC6BlFxKsCwhKpQ==6206C2lqaGqEY4DD1Tj8662WjUJN2CMIJdw7LvyUFwBTGw='\n                class='apbct-email-encoder'\n                title='Este contacto ha sido codificado por Anti-Spam by CleanTalk. Haz clic para decodificar. Para finalizar la decodificaci\u00f3n, aseg\u00farate de que JavaScript est\u00e1 activado en tu navegador.'>ja<span class=\"apbct-blur\">***<\/span>@<span class=\"apbct-blur\">******<\/span>aw.com<\/span> y uno de nuestros abogados se pondr\u00e1 en contacto con usted en menos de 1 hora. Las consultas con abogados de lesiones personales est\u00e1n disponibles por tel\u00e9fono o en persona en nuestra oficina de Cherry Hill, NJ, o en una de nuestras ubicaciones en Filadelfia, PA o Feasterville, PA.\nJ. Fine Law est\u00e1 respaldado por m\u00e1s de 20 a\u00f1os de experiencia en juicios en Nueva Jersey y Pensilvania. Hemos ayudado a m\u00e1s de 5,000 clientes a recibir $50 millones en laudos y acuerdos por sus casos de lesiones personales. Conf\u00ede en nuestro bufete de abogados para luchar por obtener la compensaci\u00f3n que merece por sus lesiones, da\u00f1os y salarios perdidos debido a la negligencia de otra persona. Llame hoy mismo al 888-319-3899 para hablar con uno de nuestros abogados.\n\n","protected":false},"excerpt":{"rendered":"<p>El bufete de abogados de lesiones personales de J. Fine Law est\u00e1 respaldado por 21 a\u00f1os de experiencia en juicios y cuenta con una impresionante tasa de \u00e9xito del 98%. Nuestra oficina de Cherry Hill, NJ, est\u00e1 compuesta por un equipo de abogados de lesiones personales certificados y con gran experiencia. Cada miembro de nuestro [&hellip;]<\/p>\n","protected":false},"author":7,"featured_media":4853,"parent":0,"menu_order":0,"comment_status":"closed","ping_status":"closed","template":"","meta":{"site-sidebar-layout":"default","site-content-layout":"","ast-site-content-layout":"default","site-content-style":"default","site-sidebar-style":"default","ast-global-header-display":"","ast-banner-title-visibility":"","ast-main-header-display":"","ast-hfb-above-header-display":"","ast-hfb-below-header-display":"","ast-hfb-mobile-header-display":"","site-post-title":"","ast-breadcrumbs-content":"","ast-featured-img":"","footer-sml-layout":"","theme-transparent-header-meta":"default","adv-header-id-meta":"","stick-header-meta":"","header-above-stick-meta":"","header-main-stick-meta":"","header-below-stick-meta":"","astra-migrate-meta-layouts":"set","ast-page-background-enabled":"default","ast-page-background-meta":{"desktop":{"background-color":"var(--ast-global-color-4)","background-image":"","background-repeat":"repeat","background-position":"center center","background-size":"auto","background-attachment":"scroll","background-type":"","background-media":"","overlay-type":"","overlay-color":"","overlay-opacity":"","overlay-gradient":""},"tablet":{"background-color":"","background-image":"","background-repeat":"repeat","background-position":"center center","background-size":"auto","background-attachment":"scroll","background-type":"","background-media":"","overlay-type":"","overlay-color":"","overlay-opacity":"","overlay-gradient":""},"mobile":{"background-color":"","background-image":"","background-repeat":"repeat","background-position":"center center","background-size":"auto","background-attachment":"scroll","background-type":"","background-media":"","overlay-type":"","overlay-color":"","overlay-opacity":"","overlay-gradient":""}},"ast-content-background-meta":{"desktop":{"background-color":"var(--ast-global-color-5)","background-image":"","background-repeat":"repeat","background-position":"center center","background-size":"auto","background-attachment":"scroll","background-type":"","background-media":"","overlay-type":"","overlay-color":"","overlay-opacity":"","overlay-gradient":""},"tablet":{"background-color":"var(--ast-global-color-5)","background-image":"","background-repeat":"repeat","background-position":"center center","background-size":"auto","background-attachment":"scroll","background-type":"","background-media":"","overlay-type":"","overlay-color":"","overlay-opacity":"","overlay-gradient":""},"mobile":{"background-color":"var(--ast-global-color-5)","background-image":"","background-repeat":"repeat","background-position":"center center","background-size":"auto","background-attachment":"scroll","background-type":"","background-media":"","overlay-type":"","overlay-color":"","overlay-opacity":"","overlay-gradient":""}},"iawp_total_views":12,"footnotes":""},"class_list":["post-4501","page","type-page","status-publish","has-post-thumbnail","hentry"],"_links":{"self":[{"href":"https:\/\/jfinelaw.com\/es\/wp-json\/wp\/v2\/pages\/4501","targetHints":{"allow":["GET"]}}],"collection":[{"href":"https:\/\/jfinelaw.com\/es\/wp-json\/wp\/v2\/pages"}],"about":[{"href":"https:\/\/jfinelaw.com\/es\/wp-json\/wp\/v2\/types\/page"}],"author":[{"embeddable":true,"href":"https:\/\/jfinelaw.com\/es\/wp-json\/wp\/v2\/users\/7"}],"replies":[{"embeddable":true,"href":"https:\/\/jfinelaw.com\/es\/wp-json\/wp\/v2\/comments?post=4501"}],"version-history":[{"count":1,"href":"https:\/\/jfinelaw.com\/es\/wp-json\/wp\/v2\/pages\/4501\/revisions"}],"predecessor-version":[{"id":4632,"href":"https:\/\/jfinelaw.com\/es\/wp-json\/wp\/v2\/pages\/4501\/revisions\/4632"}],"wp:featuredmedia":[{"embeddable":true,"href":"https:\/\/jfinelaw.com\/es\/wp-json\/wp\/v2\/media\/4853"}],"wp:attachment":[{"href":"https:\/\/jfinelaw.com\/es\/wp-json\/wp\/v2\/media?parent=4501"}],"curies":[{"name":"wp","href":"https:\/\/api.w.org\/{rel}","templated":true}]}}