{"id":4505,"date":"2025-05-02T21:49:00","date_gmt":"2025-05-02T21:49:00","guid":{"rendered":"https:\/\/jfinelaw.com\/?page_id=4505"},"modified":"2025-06-19T22:24:30","modified_gmt":"2025-06-19T22:24:30","slug":"abogado-de-lesiones-personales-en-nueva-jersey","status":"publish","type":"page","link":"https:\/\/jfinelaw.com\/es\/abogado-de-lesiones-personales-en-nueva-jersey\/","title":{"rendered":"Abogado de Lesiones Personales en Nueva Jersey"},"content":{"rendered":"\r\n<h2 class=\"wp-block-heading\">Representando a V\u00edctimas de Lesiones en Todo Nueva Jersey<\/h2>\r\n\r\n\r\n\r\n<p>Una lesi\u00f3n inesperada puede cambiar su vida en un instante. En un momento, usted est\u00e1 viviendo su rutina diaria, y al siguiente, se enfrenta a dolor, facturas m\u00e9dicas, p\u00e9rdida de ingresos e incertidumbre sobre su futuro. Cuando la negligencia de otra persona causa sus lesiones, usted tiene derecho a buscar una compensaci\u00f3n, y el apoyo legal que elija puede marcar la diferencia.<\/p>\r\n\r\n\r\n\r\n<p>En J. Fine Law, luchamos por las v\u00edctimas de lesiones en todo Nueva Jersey. Ya sea que haya resultado herido en un accidente automovil\u00edstico, una ca\u00edda o un accidente grave causado por negligencia, nuestro equipo legal est\u00e1 aqu\u00ed para ayudarlo. Un <a href=\"https:\/\/jfinelaw.com\/\">abogado de lesiones personales<\/a> dedicado en Cherry Hill, Nueva Jersey, puede guiarlo a trav\u00e9s del proceso y trabajar para responsabilizar a la parte culpable.<\/p>\r\n\r\n\r\n\r\n<p>No enfrente solo las secuelas de un accidente. Cont\u00e1ctenos hoy mismo para una consulta gratuita y sin compromiso.<\/p>\r\n\r\n\r\n\r\n<h2 class=\"wp-block-heading\">\u00bfQu\u00e9 es una Demanda por Lesiones Personales?<\/h2>\r\n\r\n\r\n\r\n<p>Una demanda por lesiones personales es una acci\u00f3n legal civil presentada por alguien que result\u00f3 herido debido a la conducta negligente, imprudente o intencional de otra persona o entidad. Estas demandas tienen como objetivo recuperar una compensaci\u00f3n econ\u00f3mica por las p\u00e9rdidas resultantes de la lesi\u00f3n, tanto f\u00edsicas como emocionales.<\/p>\r\n\r\n\r\n\r\n<p>En Nueva Jersey, las v\u00edctimas de lesiones pueden presentar una demanda por da\u00f1os y perjuicios tales como gastos m\u00e9dicos, salarios perdidos, dolor y sufrimiento, y m\u00e1s. Para tener \u00e9xito, debe probar:<\/p>\r\n\r\n\r\n\r\n<ul class=\"wp-block-list\">\r\n<li>La otra parte ten\u00eda un deber de cuidado.<\/li>\r\n\r\n\r\n\r\n<li>Incumplieron ese deber.<\/li>\r\n\r\n\r\n\r\n<li>Ese incumplimiento caus\u00f3 su lesi\u00f3n.<\/li>\r\n\r\n\r\n\r\n<li>Usted sufri\u00f3 da\u00f1os reales.<\/li>\r\n<\/ul>\r\n\r\n\r\n\r\n<p>Un abogado de lesiones personales con experiencia en Cherry Hill, Nueva Jersey, puede construir su caso, reunir pruebas y proteger sus derechos en cada paso del camino.<\/p>\r\n\r\n\r\n\r\n<h2 class=\"wp-block-heading\">Tipos de Casos de Lesiones Personales Que Manejamos<\/h2>\r\n\r\n\r\n\r\n<p>En J. Fine Law, manejamos una amplia gama de casos de lesiones personales en todo el condado de Camden y m\u00e1s all\u00e1. Los tipos comunes de casos que representamos incluyen:<\/p>\r\n\r\n\r\n\r\n<ul class=\"wp-block-list\">\r\n<li><strong>Accidentes Automovil\u00edsticos:<\/strong> Los choques automovil\u00edsticos se encuentran entre las causas m\u00e1s comunes de lesiones en Cherry Hill. Ya sea que haya sido golpeado por un conductor distra\u00eddo o haya sufrido un choque por alcance en un sem\u00e1foro, podemos ayudarlo a obtener una compensaci\u00f3n.<\/li>\r\n\r\n\r\n\r\n<li><strong>Accidentes de Camiones:<\/strong> Las colisiones que involucran camiones comerciales o tr\u00e1ileres a menudo resultan en lesiones graves. Investigamos los registros de los conductores, los registros de mantenimiento y las pol\u00edticas corporativas para responsabilizar a las empresas de transporte.<\/li>\r\n\r\n\r\n\r\n<li><strong>Accidentes de Motocicleta:<\/strong> Los motociclistas enfrentan mayores riesgos en la carretera. Si result\u00f3 herido por un conductor descuidado que no cedi\u00f3 el paso, se meti\u00f3 en su carril o estaba enviando mensajes de texto al volante, estamos listos para ayudarlo.<\/li>\r\n\r\n\r\n\r\n<li><strong>Accidentes de Peatones y Bicicletas:<\/strong> Los peatones y ciclistas son vulnerables a lesiones graves en accidentes relacionados con veh\u00edculos. Si un conductor no presta atenci\u00f3n a los cruces peatonales o los carriles para bicicletas, lucharemos para proteger sus derechos.<\/li>\r\n\r\n\r\n\r\n<li><strong>Resbalones y Ca\u00eddas \/ Responsabilidad de Locales:<\/strong> Los due\u00f1os de propiedades tienen el deber de mantener sus instalaciones seguras. Manejamos reclamaciones relacionadas con aceras inseguras, pisos mojados, iluminaci\u00f3n deficiente o seguridad inadecuada.<\/li>\r\n\r\n\r\n\r\n<li><strong>Mordeduras de Perro y Ataques de Animales:<\/strong> La ley de Nueva Jersey responsabiliza a los due\u00f1os de mascotas por las lesiones causadas por sus animales. Si usted o un ni\u00f1o sufrieron una mordedura de perro, podemos ayudarlo a recuperar los da\u00f1os.<\/li>\r\n\r\n\r\n\r\n<li><strong>Lesiones en Sitios de Construcci\u00f3n:<\/strong> Ya sea que usted fuera un trabajador o un transe\u00fante lesionado en un sitio de construcci\u00f3n, investigamos la responsabilidad m\u00e1s all\u00e1 de la compensaci\u00f3n laboral cuando terceros son culpables.<\/li>\r\n\r\n\r\n\r\n<li><strong>Responsabilidad por Productos Defectuosos:<\/strong> Los productos defectuosos, los dispositivos m\u00e9dicos inseguros y los bienes de consumo peligrosos pueden causar da\u00f1os graves. Ayudamos a las v\u00edctimas a presentar reclamaciones contra fabricantes y distribuidores.<\/li>\r\n\r\n\r\n\r\n<li><strong>Negligencia M\u00e9dica:<\/strong> Cuando los proveedores de atenci\u00f3n m\u00e9dica no cumplen con el est\u00e1ndar de atenci\u00f3n, los pacientes sufren. Manejamos casos relacionados con diagn\u00f3sticos err\u00f3neos, errores quir\u00fargicos, lesiones de nacimiento y m\u00e1s.<\/li>\r\n\r\n\r\n\r\n<li><strong>Abuso en Hogares de Ancianos:<\/strong> Si su ser querido fue descuidado o abusado en un centro de atenci\u00f3n a largo plazo, podemos ayudarlo a exigir justicia y proteger su bienestar.<\/li>\r\n<\/ul>\r\n\r\n\r\n\r\n<p>No importa c\u00f3mo ocurri\u00f3 su lesi\u00f3n, un abogado de lesiones personales en Cherry Hill, Nueva Jersey, puede evaluar su caso y asesorarlo sobre sus opciones legales.<\/p>\r\n\r\n\r\n\r\n<h2 class=\"wp-block-heading\">\u00bfCu\u00e1nto Vale Mi Demanda por Lesiones?<\/h2>\r\n\r\n\r\n\r\n<p>El valor de un caso de lesiones personales depende de muchos factores, incluida la gravedad de sus lesiones, el impacto en su vida y la cobertura de seguro disponible.<\/p>\r\n\r\n\r\n\r\n<p>En general, usted puede tener derecho a recuperar da\u00f1os por:<\/p>\r\n\r\n\r\n\r\n<ul class=\"wp-block-list\">\r\n<li>Facturas m\u00e9dicas pasadas y futuras<\/li>\r\n\r\n\r\n\r\n<li>Salarios perdidos y p\u00e9rdida de potencial de ingresos<\/li>\r\n\r\n\r\n\r\n<li>Dolor y sufrimiento<\/li>\r\n\r\n\r\n\r\n<li>Angustia emocional<\/li>\r\n\r\n\r\n\r\n<li>Incapacidad permanente o desfiguraci\u00f3n<\/li>\r\n\r\n\r\n\r\n<li>P\u00e9rdida del disfrute de la vida<\/li>\r\n\r\n\r\n\r\n<li>Da\u00f1os a la propiedad (por ejemplo, reparaci\u00f3n del veh\u00edculo)<\/li>\r\n\r\n\r\n\r\n<li>Gastos de bolsillo relacionados con su lesi\u00f3n<\/li>\r\n<\/ul>\r\n\r\n\r\n\r\n<p>En casos de mala conducta extrema o da\u00f1o intencional, tambi\u00e9n puede ser elegible para da\u00f1os punitivos. Nuestros abogados de lesiones personales en Cherry Hill trabajar\u00e1n para calcular sus da\u00f1os completos y luchar por la m\u00e1xima compensaci\u00f3n disponible.<\/p>\r\n\r\n\r\n\r\n<h2 class=\"wp-block-heading\">\u00bfQu\u00e9 Debo Hacer Despu\u00e9s de un Accidente en Cherry Hill, NJ?<\/h2>\r\n\r\n\r\n\r\n<p>Sus acciones despu\u00e9s de un accidente pueden afectar tanto su salud como su capacidad para presentar una demanda legal exitosa. Esto es lo que debe hacer:<\/p>\r\n\r\n\r\n\r\n<ul class=\"wp-block-list\">\r\n<li><strong>Busque atenci\u00f3n m\u00e9dica de inmediato:<\/strong> Incluso si se siente bien, algunas lesiones no son evidentes de inmediato. Un registro m\u00e9dico oportuno ayuda a su caso.<\/li>\r\n\r\n\r\n\r\n<li><strong>Reporte el incidente:<\/strong> Para accidentes automovil\u00edsticos, llame a la polic\u00eda y solicite un informe. Para resbalones y ca\u00eddas o lesiones en la propiedad, notifique al propietario o gerente de la propiedad.<\/li>\r\n\r\n\r\n\r\n<li><strong>Documente la escena:<\/strong> Tome fotos de sus lesiones, el lugar del accidente y cualquier peligro visible.<\/li>\r\n\r\n\r\n\r\n<li><strong>Re\u00fana informaci\u00f3n de contacto:<\/strong> Obtenga nombres, n\u00fameros de tel\u00e9fono e informaci\u00f3n del seguro de todos los involucrados. Intente obtener tambi\u00e9n los datos de los testigos.<\/li>\r\n\r\n\r\n\r\n<li><strong>Evite dar declaraciones grabadas:<\/strong> Las compa\u00f1\u00edas de seguros pueden intentar usar sus palabras en su contra. No firme nada ni acepte un acuerdo sin asesoramiento legal.<\/li>\r\n\r\n\r\n\r\n<li><strong>Llame a un abogado de lesiones personales en Cherry Hill, Nueva Jersey:<\/strong> Cuanto antes obtenga ayuda legal, m\u00e1s s\u00f3lida ser\u00e1 su reclamaci\u00f3n.<\/li>\r\n<\/ul>\r\n\r\n\r\n\r\n<h2 class=\"wp-block-heading\">\u00bfCu\u00e1nto Tiempo Tengo Para Presentar una Demanda por Lesiones Personales en Nueva Jersey?<\/h2>\r\n\r\n\r\n\r\n<p>La ley de Nueva Jersey le otorga dos a\u00f1os a partir de la fecha de su lesi\u00f3n para presentar una demanda por lesiones personales en la mayor\u00eda de los casos. Esto se conoce como el estatuto de limitaciones.<\/p>\r\n\r\n\r\n\r\n<p>Sin embargo, algunas reclamaciones tienen plazos m\u00e1s cortos, especialmente aquellas que involucran entidades gubernamentales (como NJ Transit o propiedades de la ciudad). En estos casos, es posible que deba presentar un Aviso de Reclamaci\u00f3n en tan solo 90 d\u00edas.<\/p>\r\n\r\n\r\n\r\n<p>No se arriesgue a perder su oportunidad de buscar una compensaci\u00f3n. P\u00f3ngase en contacto con un abogado de lesiones personales en Cherry Hill, Nueva Jersey, de inmediato para proteger sus derechos.<\/p>\r\n\r\n\r\n\r\n<h2 class=\"wp-block-heading\">\u00bfQu\u00e9 Pasa Si Tuve Parte de la Culpa?<\/h2>\r\n\r\n\r\n\r\n<p>Nueva Jersey sigue un sistema conocido como negligencia comparativa modificada. Esto significa que:<\/p>\r\n\r\n\r\n\r\n<ul class=\"wp-block-list\">\r\n<li>A\u00fan puede recuperar una compensaci\u00f3n si tuvo menos del 51% de la culpa del accidente.<\/li>\r\n\r\n\r\n\r\n<li>Sus da\u00f1os se reducir\u00e1n en su porcentaje de culpa.<\/li>\r\n<\/ul>\r\n\r\n\r\n\r\n<p>Por ejemplo, si usted tuvo el 20% de la culpa y sus da\u00f1os totalizaron $100,000, a\u00fan podr\u00eda recuperar $80,000.<\/p>\r\n\r\n\r\n\r\n<p>Las compa\u00f1\u00edas de seguros a menudo intentan culpar a la v\u00edctima para reducir los pagos. Deje que un abogado de lesiones personales en Cherry Hill lo defienda y respalde su reclamaci\u00f3n.<\/p>\r\n\r\n\r\n\r\n<h2 class=\"wp-block-heading\">\u00bfPor Qu\u00e9 Elegir J. Fine Law?<\/h2>\r\n\r\n\r\n\r\n<p>Cuando est\u00e1 herido e inseguro de a d\u00f3nde acudir, merece la orientaci\u00f3n legal de alguien que se preocupa. En J. Fine Law, no tratamos a los clientes como n\u00fameros de caso. Lo tratamos como a familia.<\/p>\r\n\r\n\r\n\r\n<p>Esto es lo que puede esperar cuando trabaja con nuestro bufete:<\/p>\r\n\r\n\r\n\r\n<ul class=\"wp-block-list\">\r\n<li><strong>Atenci\u00f3n personalizada:<\/strong> Hablar\u00e1 directamente con su abogado de lesiones personales, no solo con un administrador de casos.<\/li>\r\n\r\n\r\n\r\n<li><strong>Investigaci\u00f3n exhaustiva:<\/strong> Recopilamos pruebas, entrevistamos a testigos y trabajamos con expertos para construir un caso s\u00f3lido.<\/li>\r\n\r\n\r\n\r\n<li><strong>Defensa agresiva:<\/strong> No retrocederemos ante las compa\u00f1\u00edas de seguros o las corporaciones que intentan evitar la responsabilidad.<\/li>\r\n\r\n\r\n\r\n<li><strong>Honorarios de contingencia:<\/strong> No paga nada a menos que ganemos dinero para usted.<\/li>\r\n\r\n\r\n\r\n<li><strong>Resultados comprobados:<\/strong> Nuestro equipo ha recuperado millones para v\u00edctimas de lesiones en todo Nueva Jersey.<\/li>\r\n<\/ul>\r\n\r\n\r\n\r\n<p>Nuestro objetivo es simple: ayudarlo a recuperarse f\u00edsica, emocional y financieramente despu\u00e9s de una lesi\u00f3n. Estaremos a su lado en cada paso del camino.<\/p>\r\n\r\n\r\n\r\n<h2 class=\"wp-block-heading\">P\u00f3ngase en Contacto con un Abogado de Lesiones Personales en Cherry Hill, Nueva Jersey, Hoy Mismo<\/h2>\r\n\r\n\r\n\r\n<p>Usted no pidi\u00f3 resultar herido, y no deber\u00eda quedarse sufriendo sin ayuda. Si la negligencia de otra persona caus\u00f3 sus lesiones, usted tiene derechos legales.<\/p>\r\n\r\n\r\n\r\n<p>En J. Fine Law, estamos listos para escucharlo, responder sus preguntas y luchar por la justicia y la compensaci\u00f3n que merece. No espere. Cuanto antes comencemos, m\u00e1s s\u00f3lido podr\u00e1 ser su caso.<\/p>\r\n\r\n\r\n\r\n<p>Llame hoy mismo para hablar con un <a href=\"https:\/\/maps.app.goo.gl\/bZbnKdL5khXTcz2m9\" target=\"_blank\" rel=\"noopener\">abogado de lesiones personales<\/a> dedicado en Cherry Hill, Nueva Jersey. Su consulta es gratuita y no hay tarifa a menos que ganemos su caso.<\/p>\r\n","protected":false},"excerpt":{"rendered":"<p>Representando a V\u00edctimas de Lesiones en Todo Nueva Jersey Una lesi\u00f3n inesperada puede cambiar su vida en un instante. En un momento, usted est\u00e1 viviendo su rutina diaria, y al siguiente, se enfrenta a dolor, facturas m\u00e9dicas, p\u00e9rdida de ingresos e incertidumbre sobre su futuro. Cuando la negligencia de otra persona causa sus lesiones, usted [&hellip;]<\/p>\n","protected":false},"author":7,"featured_media":4506,"parent":0,"menu_order":0,"comment_status":"closed","ping_status":"closed","template":"","meta":{"site-sidebar-layout":"default","site-content-layout":"","ast-site-content-layout":"default","site-content-style":"default","site-sidebar-style":"default","ast-global-header-display":"","ast-banner-title-visibility":"","ast-main-header-display":"","ast-hfb-above-header-display":"","ast-hfb-below-header-display":"","ast-hfb-mobile-header-display":"","site-post-title":"","ast-breadcrumbs-content":"","ast-featured-img":"","footer-sml-layout":"","theme-transparent-header-meta":"default","adv-header-id-meta":"","stick-header-meta":"","header-above-stick-meta":"","header-main-stick-meta":"","header-below-stick-meta":"","astra-migrate-meta-layouts":"set","ast-page-background-enabled":"default","ast-page-background-meta":{"desktop":{"background-color":"var(--ast-global-color-4)","background-image":"","background-repeat":"repeat","background-position":"center center","background-size":"auto","background-attachment":"scroll","background-type":"","background-media":"","overlay-type":"","overlay-color":"","overlay-opacity":"","overlay-gradient":""},"tablet":{"background-color":"","background-image":"","background-repeat":"repeat","background-position":"center center","background-size":"auto","background-attachment":"scroll","background-type":"","background-media":"","overlay-type":"","overlay-color":"","overlay-opacity":"","overlay-gradient":""},"mobile":{"background-color":"","background-image":"","background-repeat":"repeat","background-position":"center center","background-size":"auto","background-attachment":"scroll","background-type":"","background-media":"","overlay-type":"","overlay-color":"","overlay-opacity":"","overlay-gradient":""}},"ast-content-background-meta":{"desktop":{"background-color":"var(--ast-global-color-5)","background-image":"","background-repeat":"repeat","background-position":"center center","background-size":"auto","background-attachment":"scroll","background-type":"","background-media":"","overlay-type":"","overlay-color":"","overlay-opacity":"","overlay-gradient":""},"tablet":{"background-color":"var(--ast-global-color-5)","background-image":"","background-repeat":"repeat","background-position":"center center","background-size":"auto","background-attachment":"scroll","background-type":"","background-media":"","overlay-type":"","overlay-color":"","overlay-opacity":"","overlay-gradient":""},"mobile":{"background-color":"var(--ast-global-color-5)","background-image":"","background-repeat":"repeat","background-position":"center center","background-size":"auto","background-attachment":"scroll","background-type":"","background-media":"","overlay-type":"","overlay-color":"","overlay-opacity":"","overlay-gradient":""}},"iawp_total_views":5,"footnotes":""},"class_list":["post-4505","page","type-page","status-publish","has-post-thumbnail","hentry"],"_links":{"self":[{"href":"https:\/\/jfinelaw.com\/es\/wp-json\/wp\/v2\/pages\/4505","targetHints":{"allow":["GET"]}}],"collection":[{"href":"https:\/\/jfinelaw.com\/es\/wp-json\/wp\/v2\/pages"}],"about":[{"href":"https:\/\/jfinelaw.com\/es\/wp-json\/wp\/v2\/types\/page"}],"author":[{"embeddable":true,"href":"https:\/\/jfinelaw.com\/es\/wp-json\/wp\/v2\/users\/7"}],"replies":[{"embeddable":true,"href":"https:\/\/jfinelaw.com\/es\/wp-json\/wp\/v2\/comments?post=4505"}],"version-history":[{"count":3,"href":"https:\/\/jfinelaw.com\/es\/wp-json\/wp\/v2\/pages\/4505\/revisions"}],"predecessor-version":[{"id":4966,"href":"https:\/\/jfinelaw.com\/es\/wp-json\/wp\/v2\/pages\/4505\/revisions\/4966"}],"wp:featuredmedia":[{"embeddable":true,"href":"https:\/\/jfinelaw.com\/es\/wp-json\/wp\/v2\/media\/4506"}],"wp:attachment":[{"href":"https:\/\/jfinelaw.com\/es\/wp-json\/wp\/v2\/media?parent=4505"}],"curies":[{"name":"wp","href":"https:\/\/api.w.org\/{rel}","templated":true}]}}