{"id":4511,"date":"2025-03-28T15:56:00","date_gmt":"2025-03-28T15:56:00","guid":{"rendered":"https:\/\/jfinelaw.com\/?page_id=4511"},"modified":"2025-06-11T18:01:14","modified_gmt":"2025-06-11T18:01:14","slug":"abogado-de-accidentes-de-autobus-en-nueva-jersey","status":"publish","type":"page","link":"https:\/\/jfinelaw.com\/es\/abogado-de-lesiones-personales-en-nueva-jersey-2\/abogado-de-accidentes-de-autobus-en-nueva-jersey\/","title":{"rendered":"Abogado de Accidentes de Autob\u00fas en Nueva Jersey"},"content":{"rendered":"\r\n<p>Si usted o un ser querido ha resultado herido en un accidente de autob\u00fas en Cherry Hill, Nueva Jersey, puede encontrarse con lesiones dolorosas, facturas m\u00e9dicas abrumadoras y preguntas sobre qui\u00e9n es responsable. Ya sea que su choque involucrara un autob\u00fas de NJ Transit, un autob\u00fas escolar o un autob\u00fas ch\u00e1rter privado, las secuelas pueden ser ca\u00f3ticas y confusas.<\/p>\r\n\r\n\r\n\r\n<p>En J. Fine Law, ayudamos a las v\u00edctimas de accidentes de autob\u00fas en Cherry Hill y en todo Nueva Jersey a emprender acciones legales. Usted tiene derechos, y estamos aqu\u00ed para asegurarnos de que est\u00e9n protegidos.<\/p>\r\n\r\n\r\n\r\n<p>Lo invitamos a hablar hoy mismo con un <a href=\"https:\/\/jfinelaw.com\/\">abogado de accidentes de autob\u00fas en Cherry Hill<\/a>, Nueva Jersey. Su consulta es gratuita y usted no paga nada a menos que recuperemos una compensaci\u00f3n para usted.<\/p>\r\n\r\n\r\n\r\n<h2 class=\"wp-block-heading\"><strong>Comprensi\u00f3n de los Accidentes de Autob\u00fas en Cherry Hill, Nueva Jersey<\/strong><\/h2>\r\n\r\n\r\n\r\n<p>Los accidentes de autob\u00fas pueden ser devastadores. Los autobuses son veh\u00edculos grandes y pesados que son dif\u00edciles de maniobrar y lentos para detenerse. Cuando algo sale mal, ya sea un conductor distra\u00eddo, un mantenimiento deficiente del veh\u00edculo o la negligencia de otro conductor, los pasajeros, peatones y otros automovilistas pueden sufrir lesiones graves.<\/p>\r\n\r\n\r\n\r\n<p>Cherry Hill ve a miles de viajeros y estudiantes usar autobuses todos los d\u00edas. Entre los autobuses de NJ Transit, los autobuses escolares, los autobuses de enlace y los autobuses comerciales como Greyhound o Megabus, los accidentes pueden ocurrir en rutas concurridas como:<\/p>\r\n\r\n\r\n\r\n<ul class=\"wp-block-list\">\r\n<li>Ruta 70<\/li>\r\n\r\n\r\n\r\n<li>Ruta 38<\/li>\r\n\r\n\r\n\r\n<li>Haddonfield Road<\/li>\r\n\r\n\r\n\r\n<li>Kings Highway<\/li>\r\n\r\n\r\n\r\n<li>I-295 e intercambios circundantes<\/li>\r\n<\/ul>\r\n\r\n\r\n\r\n<p>Los choques de autob\u00fas pueden involucrar a varios veh\u00edculos y numerosas v\u00edctimas lesionadas, lo que hace que estos casos sean m\u00e1s complejos que el accidente automovil\u00edstico promedio. Es por eso que es esencial hablar con un Abogado de Accidentes de Autob\u00fas en Cherry Hill, Nueva Jersey, que comprenda c\u00f3mo manejar estas reclamaciones \u00fanicas.<\/p>\r\n\r\n\r\n\r\n<h2 class=\"wp-block-heading\"><strong>\u00bfQui\u00e9n Puede Ser Considerado Responsable de un Accidente de Autob\u00fas?<\/strong><\/h2>\r\n\r\n\r\n\r\n<p>Uno de los aspectos m\u00e1s complicados de un caso de accidente de autob\u00fas es determinar la responsabilidad. A diferencia de los choques automovil\u00edsticos que involucran a dos conductores privados, un accidente de autob\u00fas puede involucrar a agencias gubernamentales, compa\u00f1\u00edas de transporte, distritos escolares o incluso proveedores de mantenimiento de terceros.<\/p>\r\n\r\n\r\n\r\n<p>Dependiendo de las circunstancias, las siguientes partes podr\u00edan ser consideradas responsables:<\/p>\r\n\r\n\r\n\r\n<ul class=\"wp-block-list\">\r\n<li>El conductor del autob\u00fas, si actu\u00f3 de manera imprudente o descuidada.<\/li>\r\n\r\n\r\n\r\n<li>La compa\u00f1\u00eda de autobuses o el empleador, bajo responsabilidad indirecta.<\/li>\r\n\r\n\r\n\r\n<li>Una agencia p\u00fablica como NJ Transit.<\/li>\r\n\r\n\r\n\r\n<li>Un distrito escolar o una escuela privada (en accidentes de autob\u00fas escolar).<\/li>\r\n\r\n\r\n\r\n<li>Otro conductor negligente en la carretera.<\/li>\r\n\r\n\r\n\r\n<li>Un fabricante de piezas de autob\u00fas defectuosas.<\/li>\r\n\r\n\r\n\r\n<li>Una compa\u00f1\u00eda de mantenimiento que no realiz\u00f3 el servicio adecuado al veh\u00edculo.<\/li>\r\n<\/ul>\r\n\r\n\r\n\r\n<p>En J. Fine Law, nuestro equipo legal investiga a fondo la causa del choque para identificar a todas las partes responsables y hacerlas rendir cuentas. Cuando trabaja con un Abogado de Accidentes de Autob\u00fas en Cherry Hill, Nueva Jersey, puede estar seguro de que no se pasar\u00e1 por alto ning\u00fan detalle.<\/p>\r\n\r\n\r\n\r\n<h2 class=\"wp-block-heading\"><strong>Causas Comunes de Accidentes de Autob\u00fas en Cherry Hill<\/strong><\/h2>\r\n\r\n\r\n\r\n<p>Los accidentes de autob\u00fas pueden ocurrir por muchas razones, pero a menudo comparten un hilo com\u00fan: la negligencia. Algunas de las causas m\u00e1s comunes de choques de autob\u00fas incluyen:<\/p>\r\n\r\n\r\n\r\n<ul class=\"wp-block-list\">\r\n<li>Conducci\u00f3n distra\u00edda (mensajes de texto, uso del tel\u00e9fono, ajuste de controles).<\/li>\r\n\r\n\r\n\r\n<li>Fatiga del conductor o quedarse dormido al volante.<\/li>\r\n\r\n\r\n\r\n<li>Exceso de velocidad, especialmente en carreteras mojadas o heladas.<\/li>\r\n\r\n\r\n\r\n<li>Cambios de carril imprudentes o no ceder el paso.<\/li>\r\n\r\n\r\n\r\n<li>Conducir bajo la influencia de drogas o alcohol.<\/li>\r\n\r\n\r\n\r\n<li>Capacitaci\u00f3n o licencia de conductor inadecuada.<\/li>\r\n\r\n\r\n\r\n<li>Fallas mec\u00e1nicas debido a un mantenimiento deficiente.<\/li>\r\n\r\n\r\n\r\n<li>Carga o equipaje cargado incorrectamente.<\/li>\r\n\r\n\r\n\r\n<li>Condiciones peligrosas de la carretera o se\u00f1alizaci\u00f3n deficiente.<\/li>\r\n<\/ul>\r\n\r\n\r\n\r\n<p>Ya sea que usted fuera un pasajero del autob\u00fas, un peat\u00f3n o condujera otro veh\u00edculo, si la negligencia de alguien caus\u00f3 sus lesiones, un Abogado de Accidentes de Autob\u00fas en Cherry Hill, Nueva Jersey, puede ayudarlo a obtener la compensaci\u00f3n que necesita.<\/p>\r\n\r\n\r\n\r\n<h2 class=\"wp-block-heading\"><strong>Las Lesiones por Accidentes de Autob\u00fas Pueden Ser Catastr\u00f3ficas<\/strong><\/h2>\r\n\r\n\r\n\r\n<p>Debido al tama\u00f1o y peso de los autobuses, as\u00ed como a la falta de cinturones de seguridad en muchos modelos, las lesiones por accidentes de autob\u00fas suelen ser graves. Algunas de las lesiones m\u00e1s comunes que vemos en estos casos incluyen:<\/p>\r\n\r\n\r\n\r\n<ul class=\"wp-block-list\">\r\n<li>Lesiones cerebrales traum\u00e1ticas (LCT).<\/li>\r\n\r\n\r\n\r\n<li>Lesiones de la m\u00e9dula espinal y par\u00e1lisis.<\/li>\r\n\r\n\r\n\r\n<li>Fracturas de huesos.<\/li>\r\n\r\n\r\n\r\n<li>Da\u00f1o a \u00f3rganos internos.<\/li>\r\n\r\n\r\n\r\n<li>Quemaduras o laceraciones graves.<\/li>\r\n\r\n\r\n\r\n<li>Latigazo cervical y lesiones de tejidos blandos.<\/li>\r\n\r\n\r\n\r\n<li>Lesiones por aplastamiento.<\/li>\r\n\r\n\r\n\r\n<li>Trauma emocional y estr\u00e9s postraum\u00e1tico.<\/li>\r\n<\/ul>\r\n\r\n\r\n\r\n<p>En algunos casos tr\u00e1gicos, los accidentes de autob\u00fas provocan lesiones fatales. Si perdi\u00f3 a un ser querido en un accidente de autob\u00fas, nuestro bufete puede presentar una reclamaci\u00f3n por muerte injusta en nombre de su familia.<\/p>\r\n\r\n\r\n\r\n<p>No espere para obtener ayuda legal. Un Abogado de Accidentes de Autob\u00fas en Cherry Hill, Nueva Jersey, de J. Fine Law puede comenzar a trabajar en su caso de inmediato.<\/p>\r\n\r\n\r\n\r\n<h2 class=\"wp-block-heading\"><strong>Qu\u00e9 Hacer Despu\u00e9s de un Accidente de Autob\u00fas<\/strong><\/h2>\r\n\r\n\r\n\r\n<p>Si ha estado involucrado en un accidente de autob\u00fas en Cherry Hill, su primera prioridad es su seguridad. Sin embargo, los pasos que siga en las horas y d\u00edas posteriores al accidente tambi\u00e9n pueden proteger su derecho a una compensaci\u00f3n.<\/p>\r\n\r\n\r\n\r\n<p>Esto es lo que debe hacer:<\/p>\r\n\r\n\r\n\r\n<ul class=\"wp-block-list\">\r\n<li><strong>Llame al 911.<\/strong> Obtenga ayuda m\u00e9dica de emergencia para usted y otros.<\/li>\r\n\r\n\r\n\r\n<li><strong>Busque atenci\u00f3n m\u00e9dica.<\/strong> Incluso si no siente dolor de inmediato, los s\u00edntomas pueden aparecer m\u00e1s tarde.<\/li>\r\n\r\n\r\n\r\n<li><strong>Reporte el accidente.<\/strong> Aseg\u00farese de que se presente un informe policial o un informe del incidente.<\/li>\r\n\r\n\r\n\r\n<li><strong>Documente todo.<\/strong> Tome fotos del autob\u00fas, los da\u00f1os, la escena del accidente y sus lesiones.<\/li>\r\n\r\n\r\n\r\n<li><strong>Re\u00fana informaci\u00f3n de testigos.<\/strong> Esto incluye nombres, datos de contacto y declaraciones si es posible.<\/li>\r\n\r\n\r\n\r\n<li><strong>Conserve todos los registros m\u00e9dicos y recibos.<\/strong><\/li>\r\n\r\n\r\n\r\n<li><strong>No hable con los representantes de seguros solo.<\/strong> Pueden intentar minimizar su reclamaci\u00f3n.<\/li>\r\n\r\n\r\n\r\n<li><strong>P\u00f3ngase en contacto con J. Fine Law.<\/strong> Nuestros Abogados de Accidentes de Autob\u00fas en Cherry Hill, Nueva Jersey, est\u00e1n listos para tomar medidas inmediatas.<\/li>\r\n<\/ul>\r\n\r\n\r\n\r\n<h2 class=\"wp-block-heading\"><strong>\u00bfQu\u00e9 Compensaci\u00f3n Puede Recuperar Despu\u00e9s de un Accidente de Autob\u00fas?<\/strong><\/h2>\r\n\r\n\r\n\r\n<p>Si ha resultado lesionado en un accidente de autob\u00fas debido a la negligencia de otra persona, puede tener derecho a una compensaci\u00f3n significativa. Nuestro equipo lucha por recuperar:<\/p>\r\n\r\n\r\n\r\n<ul class=\"wp-block-list\">\r\n<li>Gastos m\u00e9dicos (pasados y futuros).<\/li>\r\n\r\n\r\n\r\n<li>Salarios perdidos y reducci\u00f3n del potencial de ingresos.<\/li>\r\n\r\n\r\n\r\n<li>Dolor y sufrimiento.<\/li>\r\n\r\n\r\n\r\n<li>Angustia emocional y trauma.<\/li>\r\n\r\n\r\n\r\n<li>Fisioterapia y rehabilitaci\u00f3n.<\/li>\r\n\r\n\r\n\r\n<li>Da\u00f1os a la propiedad.<\/li>\r\n\r\n\r\n\r\n<li>P\u00e9rdida del disfrute de la vida.<\/li>\r\n\r\n\r\n\r\n<li>Cicatrices o discapacidad permanente.<\/li>\r\n<\/ul>\r\n\r\n\r\n\r\n<p>En casos de mala conducta extrema, tambi\u00e9n podemos buscar da\u00f1os punitivos. La cantidad total que puede recuperar depende de los detalles espec\u00edficos de su caso, por lo que es fundamental trabajar con un Abogado de Accidentes de Autob\u00fas con conocimientos en Cherry Hill, Nueva Jersey.<\/p>\r\n\r\n\r\n\r\n<h2 class=\"wp-block-heading\"><strong>\u00bfCu\u00e1nto Tiempo Tiene Para Presentar una Reclamaci\u00f3n por Accidente de Autob\u00fas en Nueva Jersey?<\/strong><\/h2>\r\n\r\n\r\n\r\n<p>En la mayor\u00eda de los casos de lesiones personales en Nueva Jersey, el estatuto de limitaciones es de dos a\u00f1os a partir de la fecha del accidente. Pero cuando est\u00e1n involucradas entidades gubernamentales como NJ Transit o los distritos escolares locales, pueden aplicarse requisitos de notificaci\u00f3n de reclamaci\u00f3n, a veces tan cortos como 90 d\u00edas despu\u00e9s del accidente.<\/p>\r\n\r\n\r\n\r\n<p>Perder una fecha l\u00edmite podr\u00eda significar perder su derecho a presentar una reclamaci\u00f3n. Es por eso que es importante hablar con un Abogado de Accidentes de Autob\u00fas en Cherry Hill, Nueva Jersey, de J. Fine Law lo antes posible.<\/p>\r\n\r\n\r\n\r\n<h2 class=\"wp-block-heading\"><strong>Tipos de Accidentes de Autob\u00fas Que Manejamos<\/strong><\/h2>\r\n\r\n\r\n\r\n<p>En J. Fine Law, hemos ayudado a clientes con una amplia gama de reclamaciones por lesiones relacionadas con autobuses. Nuestro equipo legal de Cherry Hill est\u00e1 equipado para manejar:<\/p>\r\n\r\n\r\n\r\n<ul class=\"wp-block-list\">\r\n<li>Accidentes de autob\u00fas de NJ Transit.<\/li>\r\n\r\n\r\n\r\n<li>Accidentes de autob\u00fas escolar (p\u00fablicos y privados).<\/li>\r\n\r\n\r\n\r\n<li>Accidentes de autob\u00fas ch\u00e1rter privado y autob\u00fas tur\u00edstico.<\/li>\r\n\r\n\r\n\r\n<li>Accidentes de autob\u00fas de enlace en aeropuertos, hoteles o centros comerciales.<\/li>\r\n\r\n\r\n\r\n<li>Colisiones de autob\u00fas interurbano (por ejemplo, Greyhound, Megabus).<\/li>\r\n\r\n\r\n\r\n<li>Accidentes de peatones y en paradas de autob\u00fas.<\/li>\r\n\r\n\r\n\r\n<li>Lesiones sufridas al subir o bajar de un autob\u00fas.<\/li>\r\n\r\n\r\n\r\n<li>Reclamaciones por negligencia y fatiga del conductor del autob\u00fas.<\/li>\r\n\r\n\r\n\r\n<li>Negligencia de un conductor de terceros que causa un accidente de autob\u00fas.<\/li>\r\n<\/ul>\r\n\r\n\r\n\r\n<p>No importa el tipo de autob\u00fas o accidente, nuestro equipo legal luchar\u00e1 para responsabilizar a todas las partes responsables.<\/p>\r\n\r\n\r\n\r\n<h2 class=\"wp-block-heading\"><strong>Casos de Accidentes de Autob\u00fas Que Involucran a Ni\u00f1os<\/strong><\/h2>\r\n\r\n\r\n\r\n<p>Lamentablemente, los ni\u00f1os se encuentran entre los m\u00e1s vulnerables en los accidentes de autob\u00fas, especialmente aquellos que involucran autobuses escolares. Si su hijo result\u00f3 herido en un choque de autob\u00fas escolar, ya sea como pasajero, peat\u00f3n o espectador, puede tener una reclamaci\u00f3n legal contra el conductor, el distrito escolar o la compa\u00f1\u00eda de autobuses.<\/p>\r\n\r\n\r\n\r\n<p>J. Fine Law maneja estos casos delicados con cuidado y urgencia. Ayudamos a los padres a comprender sus derechos y a tomar medidas para proteger el futuro de sus hijos.<\/p>\r\n\r\n\r\n\r\n<h2 class=\"wp-block-heading\"><strong>C\u00f3mo Puede Ayudar un Abogado de Accidentes de Autob\u00fas en Cherry Hill, Nueva Jersey<\/strong><\/h2>\r\n\r\n\r\n\r\n<p>Los casos de accidentes de autob\u00fas son complejos, a menudo involucran a m\u00faltiples v\u00edctimas lesionadas, grandes compa\u00f1\u00edas de transporte y ajustadores de seguros agresivos. As\u00ed es como nuestro bufete puede ayudar:<\/p>\r\n\r\n\r\n\r\n<ul class=\"wp-block-list\">\r\n<li>Realizar una investigaci\u00f3n exhaustiva de la causa del choque.<\/li>\r\n\r\n\r\n\r\n<li>Preservar y recopilar pruebas, incluidos los datos de la caja negra y las im\u00e1genes de video.<\/li>\r\n\r\n\r\n\r\n<li>Identificar a todas las partes responsables y las teor\u00edas legales.<\/li>\r\n\r\n\r\n\r\n<li>Trabajar con expertos en reconstrucci\u00f3n de accidentes y m\u00e9dicos.<\/li>\r\n\r\n\r\n\r\n<li>Manejar toda la comunicaci\u00f3n con las compa\u00f1\u00edas de seguros y los abogados defensores.<\/li>\r\n\r\n\r\n\r\n<li>Calcular el valor total de sus da\u00f1os.<\/li>\r\n\r\n\r\n\r\n<li>Luchar por un acuerdo justo, o llevar su caso a los tribunales si es necesario.<\/li>\r\n<\/ul>\r\n\r\n\r\n\r\n<p>Cuando contrata a un Abogado de Accidentes de Autob\u00fas en Cherry Hill, Nueva Jersey, de J. Fine Law, puede concentrarse en la curaci\u00f3n mientras nosotros nos encargamos de todo lo dem\u00e1s.<\/p>\r\n\r\n\r\n\r\n<h2 class=\"wp-block-heading\"><strong>Preguntas Frecuentes Sobre Accidentes de Autob\u00fas<\/strong><\/h2>\r\n\r\n\r\n\r\n<ul class=\"wp-block-list\">\r\n<li><strong>\u00bfTengo un caso si era pasajero en el autob\u00fas?<\/strong> S\u00ed. Como pasajero del autob\u00fas, puede tener una reclamaci\u00f3n contra el conductor, la compa\u00f1\u00eda de autobuses u otra parte negligente, incluso si estuvieron involucrados varios veh\u00edculos.<\/li>\r\n\r\n\r\n\r\n<li><strong>\u00bfQu\u00e9 sucede si el autob\u00fas era operado por NJ Transit o una entidad p\u00fablica?<\/strong> Es posible que a\u00fan tenga una reclamaci\u00f3n, pero debe actuar con rapidez. Las reclamaciones contra agencias p\u00fablicas en Nueva Jersey implican plazos y procedimientos estrictos. Nos aseguraremos de que sus derechos est\u00e9n protegidos.<\/li>\r\n\r\n\r\n\r\n<li><strong>\u00bfPuedo demandar si mis lesiones no parec\u00edan graves al principio?<\/strong> S\u00ed. Muchas lesiones, como el latigazo cervical o el da\u00f1o interno, empeoran con el tiempo. Siempre que su reclamaci\u00f3n se presente dentro del plazo legal, a\u00fan puede recuperar una compensaci\u00f3n.<\/li>\r\n\r\n\r\n\r\n<li><strong>\u00bfQu\u00e9 sucede si la compa\u00f1\u00eda de seguros ya me ofreci\u00f3 un acuerdo?<\/strong> No acepte ninguna oferta sin hablar con un abogado. Estas ofertas iniciales suelen estar muy por debajo del valor de su caso. Un Abogado de Accidentes de Autob\u00fas en Cherry Hill, Nueva Jersey, de nuestro bufete puede evaluar si es justo.<\/li>\r\n\r\n\r\n\r\n<li><strong>\u00bfHay una tarifa por hablar con un abogado?<\/strong> No. Su consulta es gratuita y solo nos pagan si ganamos su caso.<\/li>\r\n<\/ul>\r\n\r\n\r\n\r\n<h2 class=\"wp-block-heading\"><strong>\u00bfPor Qu\u00e9 Elegir J. Fine Law?<\/strong><\/h2>\r\n\r\n\r\n\r\n<p>J. Fine Law se dedica a representar a v\u00edctimas lesionadas en todo Nueva Jersey. Estas son las razones por las que las personas nos eligen despu\u00e9s de accidentes de autob\u00fas graves:<\/p>\r\n\r\n\r\n\r\n<ul class=\"wp-block-list\">\r\n<li>D\u00e9cadas de experiencia legal combinada.<\/li>\r\n\r\n\r\n\r\n<li>Profundo conocimiento del transporte p\u00fablico y la ley de lesiones.<\/li>\r\n\r\n\r\n\r\n<li>Compromiso con la atenci\u00f3n personal: lo tratamos como a una persona, no como un n\u00famero de caso.<\/li>\r\n\r\n\r\n\r\n<li>Estrategias agresivas de negociaci\u00f3n y litigio.<\/li>\r\n\r\n\r\n\r\n<li>Sin honorarios iniciales, nunca.<\/li>\r\n<\/ul>\r\n\r\n\r\n\r\n<p>Cuando su salud, sus ingresos y su futuro est\u00e1n en juego, luchamos para asegurarnos de que las partes responsables rindan cuentas.<\/p>\r\n\r\n\r\n\r\n<h2 class=\"wp-block-heading\"><strong>Conocemos Cherry Hill<\/strong><\/h2>\r\n\r\n\r\n\r\n<p>Nuestro equipo conoce las calles locales, las intersecciones, las rutas de autob\u00fas y los tribunales de Cherry Hill y el condado de Camden. Hemos ayudado a clientes lesionados en:<\/p>\r\n\r\n\r\n\r\n<ul class=\"wp-block-list\">\r\n<li>Rutas de NJ Transit a lo largo de la Ruta 70 y la Ruta 38.<\/li>\r\n\r\n\r\n\r\n<li>Rutas de autob\u00fas escolar cerca de Cherry Hill East y Cherry Hill West.<\/li>\r\n\r\n\r\n\r\n<li>Rutas comerciales que conectan con Filadelfia y m\u00e1s all\u00e1.<\/li>\r\n<\/ul>\r\n\r\n\r\n\r\n<p>No solo practicamos la ley, entendemos a la comunidad. Cuando trabaja con un Abogado de Accidentes de Autob\u00fas en Cherry Hill, Nueva Jersey, est\u00e1 eligiendo a alguien que sabe c\u00f3mo navegar el sistema en su propio terreno.<\/p>\r\n\r\n\r\n\r\n<h2 class=\"wp-block-heading\"><strong>Hablemos de Su Caso Hoy Mismo<\/strong><\/h2>\r\n\r\n\r\n\r\n<p>No necesita enfrentar esta situaci\u00f3n solo. Si usted o un ser querido result\u00f3 herido en un accidente de autob\u00fas, merece respuestas y un equipo legal que no se rinda.<\/p>\r\n\r\n\r\n\r\n<p>En J. Fine Law, estamos listos para escuchar su historia, explicar sus derechos y tomar medidas inmediatas en su nombre. No tiene costo hablar con nosotros y no hay presi\u00f3n para seguir adelante a menos que est\u00e9 listo.<\/p>\r\n\r\n\r\n\r\n<p>P\u00f3ngase en contacto con nosotros ahora para programar una consulta gratuita con un <a href=\"https:\/\/maps.app.goo.gl\/bZbnKdL5khXTcz2m9\" target=\"_blank\" rel=\"noopener\">abogado de accidentes de autob\u00fas en Cherry Hill, Nueva Jersey<\/a>.<\/p>\r\n","protected":false},"excerpt":{"rendered":"<p>Si usted o un ser querido ha resultado herido en un accidente de autob\u00fas en Cherry Hill, Nueva Jersey, puede encontrarse con lesiones dolorosas, facturas m\u00e9dicas abrumadoras y preguntas sobre qui\u00e9n es responsable. Ya sea que su choque involucrara un autob\u00fas de NJ Transit, un autob\u00fas escolar o un autob\u00fas ch\u00e1rter privado, las secuelas pueden [&hellip;]<\/p>\n","protected":false},"author":7,"featured_media":4512,"parent":4526,"menu_order":0,"comment_status":"closed","ping_status":"closed","template":"","meta":{"site-sidebar-layout":"default","site-content-layout":"","ast-site-content-layout":"default","site-content-style":"default","site-sidebar-style":"default","ast-global-header-display":"","ast-banner-title-visibility":"","ast-main-header-display":"","ast-hfb-above-header-display":"","ast-hfb-below-header-display":"","ast-hfb-mobile-header-display":"","site-post-title":"","ast-breadcrumbs-content":"","ast-featured-img":"","footer-sml-layout":"","theme-transparent-header-meta":"default","adv-header-id-meta":"","stick-header-meta":"","header-above-stick-meta":"","header-main-stick-meta":"","header-below-stick-meta":"","astra-migrate-meta-layouts":"set","ast-page-background-enabled":"default","ast-page-background-meta":{"desktop":{"background-color":"var(--ast-global-color-4)","background-image":"","background-repeat":"repeat","background-position":"center center","background-size":"auto","background-attachment":"scroll","background-type":"","background-media":"","overlay-type":"","overlay-color":"","overlay-opacity":"","overlay-gradient":""},"tablet":{"background-color":"","background-image":"","background-repeat":"repeat","background-position":"center center","background-size":"auto","background-attachment":"scroll","background-type":"","background-media":"","overlay-type":"","overlay-color":"","overlay-opacity":"","overlay-gradient":""},"mobile":{"background-color":"","background-image":"","background-repeat":"repeat","background-position":"center center","background-size":"auto","background-attachment":"scroll","background-type":"","background-media":"","overlay-type":"","overlay-color":"","overlay-opacity":"","overlay-gradient":""}},"ast-content-background-meta":{"desktop":{"background-color":"var(--ast-global-color-5)","background-image":"","background-repeat":"repeat","background-position":"center center","background-size":"auto","background-attachment":"scroll","background-type":"","background-media":"","overlay-type":"","overlay-color":"","overlay-opacity":"","overlay-gradient":""},"tablet":{"background-color":"var(--ast-global-color-5)","background-image":"","background-repeat":"repeat","background-position":"center center","background-size":"auto","background-attachment":"scroll","background-type":"","background-media":"","overlay-type":"","overlay-color":"","overlay-opacity":"","overlay-gradient":""},"mobile":{"background-color":"var(--ast-global-color-5)","background-image":"","background-repeat":"repeat","background-position":"center center","background-size":"auto","background-attachment":"scroll","background-type":"","background-media":"","overlay-type":"","overlay-color":"","overlay-opacity":"","overlay-gradient":""}},"iawp_total_views":2,"footnotes":""},"class_list":["post-4511","page","type-page","status-publish","has-post-thumbnail","hentry"],"_links":{"self":[{"href":"https:\/\/jfinelaw.com\/es\/wp-json\/wp\/v2\/pages\/4511","targetHints":{"allow":["GET"]}}],"collection":[{"href":"https:\/\/jfinelaw.com\/es\/wp-json\/wp\/v2\/pages"}],"about":[{"href":"https:\/\/jfinelaw.com\/es\/wp-json\/wp\/v2\/types\/page"}],"author":[{"embeddable":true,"href":"https:\/\/jfinelaw.com\/es\/wp-json\/wp\/v2\/users\/7"}],"replies":[{"embeddable":true,"href":"https:\/\/jfinelaw.com\/es\/wp-json\/wp\/v2\/comments?post=4511"}],"version-history":[{"count":2,"href":"https:\/\/jfinelaw.com\/es\/wp-json\/wp\/v2\/pages\/4511\/revisions"}],"predecessor-version":[{"id":4763,"href":"https:\/\/jfinelaw.com\/es\/wp-json\/wp\/v2\/pages\/4511\/revisions\/4763"}],"up":[{"embeddable":true,"href":"https:\/\/jfinelaw.com\/es\/wp-json\/wp\/v2\/pages\/4526"}],"wp:featuredmedia":[{"embeddable":true,"href":"https:\/\/jfinelaw.com\/es\/wp-json\/wp\/v2\/media\/4512"}],"wp:attachment":[{"href":"https:\/\/jfinelaw.com\/es\/wp-json\/wp\/v2\/media?parent=4511"}],"curies":[{"name":"wp","href":"https:\/\/api.w.org\/{rel}","templated":true}]}}