{"id":4514,"date":"2025-03-28T15:58:00","date_gmt":"2025-03-28T15:58:00","guid":{"rendered":"https:\/\/jfinelaw.com\/?page_id=4514"},"modified":"2025-06-11T18:46:26","modified_gmt":"2025-06-11T18:46:26","slug":"abogado-de-accidentes-de-transporte-publico-en-nueva-jersey","status":"publish","type":"page","link":"https:\/\/jfinelaw.com\/es\/abogado-de-lesiones-personales-en-nueva-jersey-2\/abogado-de-accidentes-de-transporte-publico-en-nueva-jersey\/","title":{"rendered":"Abogado de Accidentes de Transporte P\u00fablico en Nueva Jersey"},"content":{"rendered":"\r\n<p>El transporte p\u00fablico juega un papel vital en la vida de muchos residentes de Cherry Hill. Desde los autobuses de NJ Transit hasta los trenes PATCO, las opciones de transporte p\u00fablico ayudan a las personas a ir al trabajo, la escuela y las citas todos los d\u00edas. Si bien estos sistemas son generalmente seguros, los accidentes pueden ocurrir, y ocurren, y cuando lo hacen, las consecuencias pueden cambiar la vida.<\/p>\r\n\r\n\r\n\r\n<p>Si usted result\u00f3 herido en un accidente de transporte p\u00fablico, no tiene que enfrentar las secuelas solo. En J. Fine Law, representamos a las v\u00edctimas de accidentes de transporte p\u00fablico en Cherry Hill, Nueva Jersey, y en todo el estado. Nuestro bufete est\u00e1 aqu\u00ed para luchar por sus derechos, responsabilizar a las partes negligentes y ayudarlo a obtener la compensaci\u00f3n que necesita para seguir adelante.<\/p>\r\n\r\n\r\n\r\n<p>Comun\u00edquese hoy mismo para una consulta gratuita con un <a href=\"https:\/\/jfinelaw.com\/\">abogado de accidentes de transporte p\u00fablico<\/a> en Cherry Hill, Nueva Jersey, que comprenda los desaf\u00edos que enfrenta.<\/p>\r\n\r\n\r\n\r\n<h2 class=\"wp-block-heading\"><strong>Por Qu\u00e9 los Accidentes de Transporte P\u00fablico Son Diferentes<\/strong><\/h2>\r\n\r\n\r\n\r\n<p>A diferencia de los t\u00edpicos accidentes automovil\u00edsticos que involucran veh\u00edculos privados, los accidentes de transporte p\u00fablico a menudo involucran factores complejos:<\/p>\r\n\r\n\r\n\r\n<ul class=\"wp-block-list\">\r\n<li>M\u00faltiples partes potencialmente responsables (autoridades de tr\u00e1nsito, contratistas de mantenimiento, agencias gubernamentales).<\/li>\r\n\r\n\r\n\r\n<li>Procedimientos legales \u00fanicos y plazos m\u00e1s cortos para presentar reclamaciones.<\/li>\r\n\r\n\r\n\r\n<li>Protecciones de inmunidad gubernamental que pueden aplicarse a las agencias p\u00fablicas.<\/li>\r\n\r\n\r\n\r\n<li>Lesiones que involucran a un gran n\u00famero de v\u00edctimas a la vez.<\/li>\r\n\r\n\r\n\r\n<li>Altos est\u00e1ndares de cuidado esperados de los proveedores de transporte.<\/li>\r\n<\/ul>\r\n\r\n\r\n\r\n<p>Estos casos requieren experiencia legal, atenci\u00f3n a los detalles y una comprensi\u00f3n tanto de las leyes de transporte como de los problemas de responsabilidad gubernamental. Es por eso que es fundamental hablar con un abogado de accidentes de transporte p\u00fablico en Cherry Hill, Nueva Jersey, lo antes posible despu\u00e9s de una lesi\u00f3n.<\/p>\r\n\r\n\r\n\r\n<h2 class=\"wp-block-heading\"><strong>Tipos de Accidentes de Transporte P\u00fablico Que Manejamos<\/strong><\/h2>\r\n\r\n\r\n\r\n<p>En J. Fine Law, nuestro equipo legal maneja una amplia gama de reclamaciones por lesiones de transporte p\u00fablico en Cherry Hill y las \u00e1reas circundantes. Estos incluyen:<\/p>\r\n\r\n\r\n\r\n<ul class=\"wp-block-list\">\r\n<li><strong>Accidentes de Autob\u00fas de NJ Transit:<\/strong> Los accidentes de autob\u00fas pueden ocurrir debido a un error del conductor, malas condiciones de la carretera, fallas mec\u00e1nicas o conducci\u00f3n distra\u00edda. Ya sea que usted fuera un pasajero del autob\u00fas, un peat\u00f3n o el ocupante de otro veh\u00edculo, puede tener una reclamaci\u00f3n v\u00e1lida.<\/li>\r\n\r\n\r\n\r\n<li><strong>Accidentes de Tren de la L\u00ednea de Alta Velocidad PATCO:<\/strong> Los accidentes que involucran la l\u00ednea PATCO pueden incluir descarrilamientos, resbalones y ca\u00eddas a bordo o lesiones relacionadas con la estaci\u00f3n. Estos incidentes a menudo involucran una responsabilidad compleja entre la Autoridad Portuaria del R\u00edo Delaware y otras entidades.<\/li>\r\n\r\n\r\n\r\n<li><strong>Accidentes de Tren Ligero y Tranv\u00eda:<\/strong> Las l\u00edneas de tren ligero, como la River Line o los sistemas de tranv\u00eda de Camden, a menudo se encuentran cerca de senderos peatonales o intersecciones concurridas. Las colisiones con autom\u00f3viles o personas desafortunadamente no son infrecuentes.<\/li>\r\n\r\n\r\n\r\n<li><strong>Accidentes Que Involucran a SEPTA u Otras L\u00edneas Regionales:<\/strong> Muchos residentes de Cherry Hill viajan a trav\u00e9s de las fronteras estatales. Si su lesi\u00f3n ocurri\u00f3 mientras viajaba en SEPTA u otro proveedor regional, a\u00fan puede tener opciones legales en Nueva Jersey.<\/li>\r\n\r\n\r\n\r\n<li><strong>Lesiones en Propiedades de Transporte P\u00fablico:<\/strong> Los resbalones y ca\u00eddas en las estaciones de tr\u00e1nsito, las plataformas inseguras, los ascensores que funcionan mal o la seguridad inadecuada son peligros potenciales para los usuarios del transporte p\u00fablico. Estas lesiones pueden dar lugar a reclamaciones v\u00e1lidas de responsabilidad de locales.<\/li>\r\n<\/ul>\r\n\r\n\r\n\r\n<h2 class=\"wp-block-heading\"><strong>\u00bfQui\u00e9n Puede Ser Considerado Responsable en un Accidente de Transporte P\u00fablico?<\/strong><\/h2>\r\n\r\n\r\n\r\n<p>Una de las partes m\u00e1s desafiantes de un caso de transporte p\u00fablico es identificar a todas las partes responsables. En J. Fine Law, nuestros abogados de accidentes de transporte p\u00fablico en Cherry Hill realizan investigaciones exhaustivas para determinar la responsabilidad.<\/p>\r\n\r\n\r\n\r\n<p>Las partes potencialmente responsables incluyen:<\/p>\r\n\r\n\r\n\r\n<ul class=\"wp-block-list\">\r\n<li>Agencias de tr\u00e1nsito (NJ Transit, PATCO, SEPTA, etc.).<\/li>\r\n\r\n\r\n\r\n<li>Operadores de autob\u00fas o tren.<\/li>\r\n\r\n\r\n\r\n<li>Empresas de mantenimiento.<\/li>\r\n\r\n\r\n\r\n<li>Conductores de terceros.<\/li>\r\n\r\n\r\n\r\n<li>Entidades gubernamentales (agencias estatales, del condado o municipales).<\/li>\r\n\r\n\r\n\r\n<li>Fabricantes de productos (en caso de piezas defectuosas).<\/li>\r\n<\/ul>\r\n\r\n\r\n\r\n<p>Los proveedores de transporte p\u00fablico en Nueva Jersey se clasifican legalmente como \u00abtransportistas comunes\u00bb. Esto significa que est\u00e1n sujetos a un mayor deber de cuidado que los conductores ordinarios. Incluso una ligera negligencia puede dar lugar a una reclamaci\u00f3n v\u00e1lida si esa negligencia causa da\u00f1o a un pasajero.<\/p>\r\n\r\n\r\n\r\n<h2 class=\"wp-block-heading\"><strong>Causas Comunes de Accidentes de Transporte P\u00fablico<\/strong><\/h2>\r\n\r\n\r\n\r\n<p>Comprender qu\u00e9 caus\u00f3 el accidente es esencial para construir una reclamaci\u00f3n legal s\u00f3lida. Las causas comunes de lesiones relacionadas con el tr\u00e1nsito en Cherry Hill incluyen:<\/p>\r\n\r\n\r\n\r\n<ul class=\"wp-block-list\">\r\n<li>Conducci\u00f3n distra\u00edda o fatigada.<\/li>\r\n\r\n\r\n\r\n<li>Exceso de velocidad u operaci\u00f3n imprudente.<\/li>\r\n\r\n\r\n\r\n<li>Veh\u00edculos mal mantenidos.<\/li>\r\n\r\n\r\n\r\n<li>Capacitaci\u00f3n inadecuada de los operadores.<\/li>\r\n\r\n\r\n\r\n<li>Frenos o sistemas de seguridad defectuosos.<\/li>\r\n\r\n\r\n\r\n<li>Condiciones peligrosas en estaciones o terminales.<\/li>\r\n\r\n\r\n\r\n<li>Seguridad inadecuada o respuesta de emergencia.<\/li>\r\n\r\n\r\n\r\n<li>Intoxicaci\u00f3n del conductor (alcohol o drogas).<\/li>\r\n<\/ul>\r\n\r\n\r\n\r\n<p>Nuestro equipo trabaja con investigadores, expertos en reconstrucci\u00f3n de accidentes y especialistas de la industria para descubrir la historia completa detr\u00e1s de su lesi\u00f3n. Cuando representamos a v\u00edctimas lesionadas, no dejamos piedra sin remover.<\/p>\r\n\r\n\r\n\r\n<h2 class=\"wp-block-heading\"><strong>Qu\u00e9 Hacer Despu\u00e9s de una Lesi\u00f3n en Transporte P\u00fablico en Cherry Hill, NJ<\/strong><\/h2>\r\n\r\n\r\n\r\n<p>Si ha resultado herido mientras viajaba en transporte p\u00fablico o en una instalaci\u00f3n de tr\u00e1nsito, tomar las medidas correctas puede proteger su salud y sus derechos legales:<\/p>\r\n\r\n\r\n\r\n<ul class=\"wp-block-list\">\r\n<li><strong>Busque atenci\u00f3n m\u00e9dica de inmediato.<\/strong> Incluso si se siente bien, algunas lesiones tardan en aparecer. Una evaluaci\u00f3n r\u00e1pida tambi\u00e9n puede crear documentaci\u00f3n importante para su caso.<\/li>\r\n\r\n\r\n\r\n<li><strong>Reporte el incidente.<\/strong> Si la lesi\u00f3n ocurri\u00f3 en un autob\u00fas o tren, aseg\u00farese de que el operador presente un informe del incidente. Si ocurri\u00f3 en propiedad p\u00fablica, notifique a la agencia de tr\u00e1nsito.<\/li>\r\n\r\n\r\n\r\n<li><strong>Tome fotos si es posible.<\/strong> Fotograf\u00ede la escena del accidente, sus lesiones y cualquier cosa que parezca insegura o inusual.<\/li>\r\n\r\n\r\n\r\n<li><strong>Obtenga informaci\u00f3n de contacto de los testigos.<\/strong> Las declaraciones de los testigos presenciales pueden ayudar a corroborar su historia m\u00e1s adelante.<\/li>\r\n\r\n\r\n\r\n<li><strong>Evite firmar cualquier cosa o dar declaraciones.<\/strong> Las agencias de tr\u00e1nsito y las aseguradoras pueden intentar que renuncie a sus derechos. Hable primero con un abogado.<\/li>\r\n\r\n\r\n\r\n<li><strong>P\u00f3ngase en contacto con un abogado de accidentes de transporte p\u00fablico en Cherry Hill, Nueva Jersey.<\/strong> Cuanto antes obtenga ayuda legal, mayores ser\u00e1n sus posibilidades de construir un caso s\u00f3lido.<\/li>\r\n<\/ul>\r\n\r\n\r\n\r\n<h2 class=\"wp-block-heading\"><strong>Lesiones Com\u00fanmente Vistas en Accidentes de Transporte P\u00fablico<\/strong><\/h2>\r\n\r\n\r\n\r\n<p>Los accidentes de transporte p\u00fablico pueden causar una amplia gama de lesiones, desde contusiones leves hasta traumatismos que alteran la vida. Las lesiones comunes incluyen:<\/p>\r\n\r\n\r\n\r\n<ul class=\"wp-block-list\">\r\n<li>Latigazo cervical y lesiones de tejidos blandos.<\/li>\r\n\r\n\r\n\r\n<li>Fracturas de huesos.<\/li>\r\n\r\n\r\n\r\n<li>Lesiones de cabeza y cerebro (incluidas conmociones cerebrales y LCT).<\/li>\r\n\r\n\r\n\r\n<li>Lesiones de espalda y m\u00e9dula espinal.<\/li>\r\n\r\n\r\n\r\n<li>Laceraciones o lesiones por aplastamiento.<\/li>\r\n\r\n\r\n\r\n<li>Quemaduras (en caso de incendio o explosi\u00f3n).<\/li>\r\n\r\n\r\n\r\n<li>Trauma emocional o TEPT.<\/li>\r\n<\/ul>\r\n\r\n\r\n\r\n<p>Tiene derecho a buscar una compensaci\u00f3n por todas las formas en que su lesi\u00f3n ha afectado su vida: f\u00edsica, emocional y financieramente.<\/p>\r\n\r\n\r\n\r\n<h2 class=\"wp-block-heading\"><strong>Compensaci\u00f3n Disponible en Reclamaciones por Lesiones de Transporte P\u00fablico<\/strong><\/h2>\r\n\r\n\r\n\r\n<p>En Nueva Jersey, si result\u00f3 lesionado debido a la negligencia de otra persona, puede tener derecho a recuperar una variedad de da\u00f1os, que incluyen:<\/p>\r\n\r\n\r\n\r\n<ul class=\"wp-block-list\">\r\n<li>Gastos m\u00e9dicos (pasados y futuros).<\/li>\r\n\r\n\r\n\r\n<li>P\u00e9rdida de ingresos y p\u00e9rdida del potencial de ingresos.<\/li>\r\n\r\n\r\n\r\n<li>Dolor y sufrimiento.<\/li>\r\n\r\n\r\n\r\n<li>Discapacidad permanente o desfiguraci\u00f3n.<\/li>\r\n\r\n\r\n\r\n<li>Angustia emocional.<\/li>\r\n\r\n\r\n\r\n<li>Costos de rehabilitaci\u00f3n.<\/li>\r\n\r\n\r\n\r\n<li>Gastos de bolsillo.<\/li>\r\n\r\n\r\n\r\n<li>Da\u00f1os por muerte injusta (en casos de accidentes fatales).<\/li>\r\n<\/ul>\r\n\r\n\r\n\r\n<p>Nuestros abogados de accidentes de transporte p\u00fablico en Cherry Hill, Nueva Jersey, pueden calcular el valor total de su reclamaci\u00f3n y buscar agresivamente cada d\u00f3lar que se le deba.<\/p>\r\n\r\n\r\n\r\n<h2 class=\"wp-block-heading\"><strong>Plazos para Presentar una Reclamaci\u00f3n por Lesiones de Transporte P\u00fablico en Nueva Jersey<\/strong><\/h2>\r\n\r\n\r\n\r\n<p>Nueva Jersey tiene plazos estrictos para presentar reclamaciones, especialmente cuando est\u00e1n involucradas entidades gubernamentales. Estos plazos pueden ser mucho m\u00e1s cortos que el estatuto de limitaciones est\u00e1ndar para otras reclamaciones por lesiones.<\/p>\r\n\r\n\r\n\r\n<p>En la mayor\u00eda de los casos que involucran a un proveedor de transporte p\u00fablico, debe presentar un Aviso de Reclamaci\u00f3n dentro de los 90 d\u00edas posteriores al accidente. No cumplir con este plazo puede poner en peligro todo su caso.<\/p>\r\n\r\n\r\n\r\n<p>Es por eso que es tan importante hablar con un abogado de accidentes de transporte p\u00fablico en Cherry Hill lo antes posible despu\u00e9s de una lesi\u00f3n. Podemos ayudarlo a cumplir con todos los plazos necesarios y evitar errores legales.<\/p>\r\n\r\n\r\n\r\n<h2 class=\"wp-block-heading\"><strong>C\u00f3mo Puede Ayudarlo J. Fine Law Despu\u00e9s de un Accidente de Transporte P\u00fablico<\/strong><\/h2>\r\n\r\n\r\n\r\n<p>En J. Fine Law, hemos construido nuestra pr\u00e1ctica luchando por los derechos de las v\u00edctimas lesionadas en todo Nueva Jersey. Cuando trabaja con nosotros, tendr\u00e1 un equipo legal comprometido con su recuperaci\u00f3n y justicia.<\/p>\r\n\r\n\r\n\r\n<p>As\u00ed es como ayudamos:<\/p>\r\n\r\n\r\n\r\n<ul class=\"wp-block-list\">\r\n<li>Consulta gratuita para evaluar su caso.<\/li>\r\n\r\n\r\n\r\n<li>Investigaci\u00f3n exhaustiva del accidente.<\/li>\r\n\r\n\r\n\r\n<li>Presentaci\u00f3n de todos los documentos legales a tiempo.<\/li>\r\n\r\n\r\n\r\n<li>Comunicaci\u00f3n con agencias de tr\u00e1nsito y aseguradoras en su nombre.<\/li>\r\n\r\n\r\n\r\n<li>Negociaci\u00f3n para un acuerdo justo.<\/li>\r\n\r\n\r\n\r\n<li>Llevar su caso a los tribunales si es necesario.<\/li>\r\n<\/ul>\r\n\r\n\r\n\r\n<p>Entendemos lo dif\u00edcil que puede volverse la vida despu\u00e9s de una lesi\u00f3n grave. Perm\u00edtanos quitarle la carga legal de sus hombros para que pueda concentrarse en la curaci\u00f3n.<\/p>\r\n\r\n\r\n\r\n<h2 class=\"wp-block-heading\"><strong>\u00bfPor Qu\u00e9 Elegir J. Fine Law?<\/strong><\/h2>\r\n\r\n\r\n\r\n<p>Elegir la representaci\u00f3n legal adecuada despu\u00e9s de un accidente de transporte p\u00fablico puede marcar la diferencia. Esto es lo que distingue a J. Fine Law:<\/p>\r\n\r\n\r\n\r\n<ul class=\"wp-block-list\">\r\n<li>Experiencia con reclamaciones complejas de tr\u00e1nsito y gubernamentales.<\/li>\r\n\r\n\r\n\r\n<li>Historial de resultados en casos de lesiones personales.<\/li>\r\n\r\n\r\n\r\n<li>Enfoque centrado en el cliente: priorizamos sus necesidades.<\/li>\r\n\r\n\r\n\r\n<li>Sin honorarios iniciales: solo paga si ganamos.<\/li>\r\n\r\n\r\n\r\n<li>Conocimiento local de los sistemas de tr\u00e1nsito de Cherry Hill y Nueva Jersey.<\/li>\r\n<\/ul>\r\n\r\n\r\n\r\n<p>Hemos ayudado a innumerables v\u00edctimas de lesiones en todo Nueva Jersey a obtener el apoyo que necesitan. Estamos listos para luchar por usted tambi\u00e9n.<\/p>\r\n\r\n\r\n\r\n<h2 class=\"wp-block-heading\"><strong>Ayuda Real para Personas Reales en Cherry Hill, NJ<\/strong><\/h2>\r\n\r\n\r\n\r\n<p>Si usted o un ser querido ha resultado herido en un accidente de transporte p\u00fablico, ya sea en un autob\u00fas, tren o en una estaci\u00f3n de tr\u00e1nsito, no tiene que lidiar con las secuelas solo. J. Fine Law est\u00e1 aqu\u00ed para ayudarlo a trav\u00e9s del proceso legal y exigir la compensaci\u00f3n que necesita para seguir adelante.<\/p>\r\n\r\n\r\n\r\n<p>Nuestro equipo legal sirve a Cherry Hill, Nueva Jersey, y estamos listos para escuchar su historia, explicar sus derechos y construir una estrategia que lo coloque en la mejor posici\u00f3n para recuperarse.<\/p>\r\n\r\n\r\n\r\n<h2 class=\"wp-block-heading\"><strong>P\u00f3ngase en Contacto con un Abogado de Accidentes de Transporte P\u00fablico en Cherry Hill, Nueva Jersey, Hoy Mismo<\/strong><\/h2>\r\n\r\n\r\n\r\n<p>No deber\u00eda tener que pagar el precio de la negligencia de otra persona. Perm\u00edtanos ayudarlo a responsabilizar a las partes responsables y luchar por su futuro.<\/p>\r\n\r\n\r\n\r\n<p>Llame a J. Fine Law hoy mismo para programar su consulta gratuita y sin compromiso con un <a href=\"https:\/\/maps.app.goo.gl\/bZbnKdL5khXTcz2m9\" target=\"_blank\" rel=\"noopener\">abogado de accidentes de transporte p\u00fablico<\/a> dedicado en Cherry Hill, Nueva Jersey.<\/p>\r\n","protected":false},"excerpt":{"rendered":"<p>El transporte p\u00fablico juega un papel vital en la vida de muchos residentes de Cherry Hill. Desde los autobuses de NJ Transit hasta los trenes PATCO, las opciones de transporte p\u00fablico ayudan a las personas a ir al trabajo, la escuela y las citas todos los d\u00edas. Si bien estos sistemas son generalmente seguros, los [&hellip;]<\/p>\n","protected":false},"author":7,"featured_media":4515,"parent":4526,"menu_order":0,"comment_status":"closed","ping_status":"closed","template":"","meta":{"site-sidebar-layout":"default","site-content-layout":"","ast-site-content-layout":"default","site-content-style":"default","site-sidebar-style":"default","ast-global-header-display":"","ast-banner-title-visibility":"","ast-main-header-display":"","ast-hfb-above-header-display":"","ast-hfb-below-header-display":"","ast-hfb-mobile-header-display":"","site-post-title":"","ast-breadcrumbs-content":"","ast-featured-img":"","footer-sml-layout":"","theme-transparent-header-meta":"default","adv-header-id-meta":"","stick-header-meta":"","header-above-stick-meta":"","header-main-stick-meta":"","header-below-stick-meta":"","astra-migrate-meta-layouts":"set","ast-page-background-enabled":"default","ast-page-background-meta":{"desktop":{"background-color":"var(--ast-global-color-4)","background-image":"","background-repeat":"repeat","background-position":"center center","background-size":"auto","background-attachment":"scroll","background-type":"","background-media":"","overlay-type":"","overlay-color":"","overlay-opacity":"","overlay-gradient":""},"tablet":{"background-color":"","background-image":"","background-repeat":"repeat","background-position":"center center","background-size":"auto","background-attachment":"scroll","background-type":"","background-media":"","overlay-type":"","overlay-color":"","overlay-opacity":"","overlay-gradient":""},"mobile":{"background-color":"","background-image":"","background-repeat":"repeat","background-position":"center center","background-size":"auto","background-attachment":"scroll","background-type":"","background-media":"","overlay-type":"","overlay-color":"","overlay-opacity":"","overlay-gradient":""}},"ast-content-background-meta":{"desktop":{"background-color":"var(--ast-global-color-5)","background-image":"","background-repeat":"repeat","background-position":"center center","background-size":"auto","background-attachment":"scroll","background-type":"","background-media":"","overlay-type":"","overlay-color":"","overlay-opacity":"","overlay-gradient":""},"tablet":{"background-color":"var(--ast-global-color-5)","background-image":"","background-repeat":"repeat","background-position":"center center","background-size":"auto","background-attachment":"scroll","background-type":"","background-media":"","overlay-type":"","overlay-color":"","overlay-opacity":"","overlay-gradient":""},"mobile":{"background-color":"var(--ast-global-color-5)","background-image":"","background-repeat":"repeat","background-position":"center center","background-size":"auto","background-attachment":"scroll","background-type":"","background-media":"","overlay-type":"","overlay-color":"","overlay-opacity":"","overlay-gradient":""}},"iawp_total_views":6,"footnotes":""},"class_list":["post-4514","page","type-page","status-publish","has-post-thumbnail","hentry"],"_links":{"self":[{"href":"https:\/\/jfinelaw.com\/es\/wp-json\/wp\/v2\/pages\/4514","targetHints":{"allow":["GET"]}}],"collection":[{"href":"https:\/\/jfinelaw.com\/es\/wp-json\/wp\/v2\/pages"}],"about":[{"href":"https:\/\/jfinelaw.com\/es\/wp-json\/wp\/v2\/types\/page"}],"author":[{"embeddable":true,"href":"https:\/\/jfinelaw.com\/es\/wp-json\/wp\/v2\/users\/7"}],"replies":[{"embeddable":true,"href":"https:\/\/jfinelaw.com\/es\/wp-json\/wp\/v2\/comments?post=4514"}],"version-history":[{"count":2,"href":"https:\/\/jfinelaw.com\/es\/wp-json\/wp\/v2\/pages\/4514\/revisions"}],"predecessor-version":[{"id":4767,"href":"https:\/\/jfinelaw.com\/es\/wp-json\/wp\/v2\/pages\/4514\/revisions\/4767"}],"up":[{"embeddable":true,"href":"https:\/\/jfinelaw.com\/es\/wp-json\/wp\/v2\/pages\/4526"}],"wp:featuredmedia":[{"embeddable":true,"href":"https:\/\/jfinelaw.com\/es\/wp-json\/wp\/v2\/media\/4515"}],"wp:attachment":[{"href":"https:\/\/jfinelaw.com\/es\/wp-json\/wp\/v2\/media?parent=4514"}],"curies":[{"name":"wp","href":"https:\/\/api.w.org\/{rel}","templated":true}]}}