{"id":4520,"date":"2025-03-28T15:47:59","date_gmt":"2025-03-28T15:47:59","guid":{"rendered":"https:\/\/jfinelaw.com\/?page_id=4520"},"modified":"2025-11-06T18:37:05","modified_gmt":"2025-11-06T18:37:05","slug":"abogado-de-accidentes-de-bicicleta-en-nueva-jersey","status":"publish","type":"page","link":"https:\/\/jfinelaw.com\/es\/abogado-de-lesiones-personales-en-nueva-jersey-2\/abogado-de-accidentes-de-bicicleta-en-nueva-jersey\/","title":{"rendered":"Abogado de Accidentes de Bicicleta en Nueva Jersey"},"content":{"rendered":"&#13;\n<p>Si usted o alguien cercano a usted result\u00f3 lesionado en un accidente de bicicleta en Cherry Hill, Nueva Jersey, es posible que se enfrente a facturas m\u00e9dicas graves, tiempo fuera del trabajo y desaf\u00edos de recuperaci\u00f3n a largo plazo. El camino por delante puede resultar abrumador, pero no tiene que enfrentarlo solo. <\/p>&#13;\n&#13;\n<p>En J. Fine Law, estamos aqu\u00ed para defenderlo. Ayudamos a los ciclistas lesionados a responsabilizar a los conductores negligentes y a las compa\u00f1\u00edas de seguros. Nuestro experimentado equipo legal comprende lo que est\u00e1 en juego y estamos listos para luchar por la compensaci\u00f3n que necesita para seguir adelante.  <\/p>&#13;\n&#13;\n<p>Lo invitamos a ponerse en contacto con un abogado de accidentes de bicicleta en Cherry Hill, Nueva Jersey hoy para discutir sus derechos y opciones legales. La consulta es gratuita y no nos deber\u00e1 nada a menos que ganemos su caso. <\/p>&#13;\n&#13;\n<h3 class=\"wp-block-heading\"><strong>Por qu\u00e9 ocurren los accidentes de bicicleta en Cherry Hill, Nueva Jersey<\/strong><\/h3>&#13;\n&#13;\n<p>Cherry Hill es una comunidad vibrante y activa, pero como muchas \u00e1reas suburbanas de Nueva Jersey, no siempre es amigable para los ciclistas. A pesar de los esfuerzos para crear carriles para bicicletas y promover la seguridad, los accidentes de bicicleta siguen siendo un problema grave. <\/p>&#13;\n&#13;\n<p>Algunas de las causas m\u00e1s comunes de accidentes de bicicleta en Cherry Hill incluyen:<\/p>&#13;\n\r\n<ul class=\"wp-block-list\">&#13;\n<li>Conducci\u00f3n distra\u00edda: enviar mensajes de texto, comer o ajustar el GPS mientras est\u00e1 detr\u00e1s del volante<\/li>&#13;\n\r\n\r\n&#13;\n<li>No ceder el paso, especialmente en intersecciones y cruces peatonales<\/li>&#13;\n\r\n\r\n&#13;\n<li>Cambios de carril inseguros: los conductores no revisan los puntos ciegos antes de incorporarse<\/li>&#13;\n\r\n\r\n&#13;\n<li>Abrir las puertas de los autom\u00f3viles en el carril para bicicletas, lo que se conoce como \u00abdooring\u00bb<\/li>&#13;\n\r\n\r\n&#13;\n<li>Exceso de velocidad o conducci\u00f3n agresiva, especialmente en \u00e1reas donde hay ciclistas presentes<\/li>&#13;\n\r\n\r\n&#13;\n<li>Conducir bajo la influencia: el consumo de alcohol o drogas puede afectar el juicio y los tiempos de reacci\u00f3n<\/li>&#13;\n\r\n\r\n&#13;\n<li>Malas condiciones de la carretera: baches, escombros o falta de se\u00f1alizaci\u00f3n<\/li>&#13;\n<\/ul>\r\n&#13;\n<p>Incluso cuando los ciclistas siguen todas las reglas, son vulnerables a lesiones graves cuando un conductor negligente comete un error. Ah\u00ed es donde un abogado experto en accidentes de bicicleta en Cherry Hill, Nueva Jersey, puede intervenir para ayudar. <\/p>&#13;\n<h3><strong>How the Law Sees Cyclists and Motorists Alike<\/strong><\/h3>&#13;\n<p>Puede sorprender a algunos conductores saber que, seg\u00fan la ley de Nueva Jersey, y seg\u00fan la Administraci\u00f3n Nacional de Seguridad del Tr\u00e1fico en las Carreteras (NHTSA), las bicicletas se reconocen como veh\u00edculos, al igual que los autom\u00f3viles o los camiones. Eso significa que los ciclistas tienen todo el derecho de compartir la carretera y se espera que obedezcan las mismas reglas de tr\u00e1nsito que cualquier automovilista: detenerse en los sem\u00e1foros en rojo, ceder el paso cuando sea necesario y se\u00f1alar los giros. <\/p>&#13;\n<p>Pero la responsabilidad no se detiene en los ciclistas. Los automovilistas est\u00e1n legalmente obligados a vigilar a las personas en bicicleta, darles el espacio adecuado y hacer todo lo razonablemente posible para evitar una colisi\u00f3n. En otras palabras, compartir la carretera es una calle de doble sentido en Cherry Hill, y cuando los conductores ignoran estas obligaciones, las consecuencias para los ciclistas pueden ser graves.  <\/p>&#13;\n<h3><strong>The Importance of Everyone Following the Rules of the Road<\/strong><\/h3>&#13;\n<p>Tanto los ciclistas como los conductores comparten la responsabilidad de crear un entorno m\u00e1s seguro en las concurridas calles de Cherry Hill. Seguir las leyes de tr\u00e1nsito no se trata solo de evitar una multa, sino que salva vidas y reduce la probabilidad de accidentes devastadores. Los ciclistas deben obedecer las mismas se\u00f1ales, letreros y reglas de derecho de paso que los automovilistas, y los conductores deben permanecer atentos a las bicicletas, especialmente en \u00e1reas donde los caminos se cruzan o se fusionan.  <\/p>&#13;\n<p>Cuando todos se apegan a las reglas:<\/p>&#13;\n<ul>&#13;\n<li>Intersections become less hazardous, since drivers are more likely to yield to cyclists and respect bike lanes.<\/li>&#13;\n<li>\u201cDooring\u201d accidents and collisions from turning vehicles are less frequent, as drivers make a habit of checking for riders before opening car doors or making turns.<\/li>&#13;\n<li>Space is safely shared\u2014giving bikes at least three feet of clearance on the road, a standard recommended by groups like the National Highway Traffic Safety Administration (NHTSA).<\/li>&#13;\n<li>Clear communication between cyclists and drivers\u2014using hand signals and turn indicators\u2014reduces confusion and sudden surprises.<\/li>&#13;\n<\/ul>&#13;\n<p>En pocas palabras, un compromiso mutuo con la seguridad significa menos choques y una comunidad m\u00e1s saludable y acogedora para todos los que disfrutan de Cherry Hill, ya sea al volante o sobre dos ruedas.<\/p>&#13;\n<h3><strong>What Responsibilities Do Drivers Have to Help Prevent Accidents with Cyclists?<\/strong><\/h3>&#13;\n<p>Cuando se trata de compartir la carretera, los automovilistas tienen un papel fundamental para mantener seguros a los ciclistas. Si bien se espera que los ciclistas sigan todas las leyes de tr\u00e1nsito, los conductores deben estar m\u00e1s atentos a las bicicletas, especialmente en \u00e1reas bulliciosas como Cherry Hill, donde las calles pueden llenarse de gente. <\/p>&#13;\n<p>Las precauciones clave que todo conductor debe tomar incluyen:<\/p>&#13;\n<ul>&#13;\n<li><strong>Give Cyclists Room to Ride:<\/strong> New Jersey law (and good common sense) requires drivers to leave at least three feet of space when passing a cyclist. Crowding a bike can force riders into dangerous situations or sudden maneuvers.<\/li>&#13;\n<li><strong>Stay Alert at Intersections:<\/strong> Intersections are hot spots for collisions. Make a habit of scanning carefully for cyclists, especially when turning or proceeding after a stop. Many accidents happen simply because a driver failed to notice the person on a bike.<\/li>&#13;\n<li><strong>Check Before Opening Doors or Pulling Out:<\/strong> \u201cDooring\u201d\u2014opening your car door into the path of a cyclist\u2014is a serious hazard. Always check your mirrors and look over your shoulder before opening a door or exiting a parking spot on the street.<\/li>&#13;\n<li><strong>Yield When Required:<\/strong> Bicycle riders have the same rights as any other vehicle at intersections, whether marked by signage or traffic signals. Yield to cyclists just as you would yield to another car.<\/li>&#13;\n<\/ul>&#13;\n<p>Al adoptar estos h\u00e1bitos de conducci\u00f3n segura, los automovilistas pueden reducir dr\u00e1sticamente el riesgo de lesiones a sus vecinos sobre dos ruedas. No es solo una obligaci\u00f3n legal, se trata de hacer de Cherry Hill un lugar m\u00e1s seguro para todos. <\/p>&#13;\n&#13;\n<h3 class=\"wp-block-heading\"><strong>Lesiones comunes por accidentes de bicicleta<\/strong><\/h3>&#13;\n&#13;\n<p>Debido a que las bicicletas ofrecen poca o ninguna protecci\u00f3n, las lesiones por un choque pueden ser graves, especialmente cuando hay un veh\u00edculo involucrado. En J. Fine Law, hemos ayudado a v\u00edctimas que sufren una amplia gama de lesiones, que incluyen: <\/p>&#13;\n\r\n<ul class=\"wp-block-list\">&#13;\n<li>Lesiones cerebrales traum\u00e1ticas (TBI, por sus siglas en ingl\u00e9s)<\/li>&#13;\n\r\n\r\n&#13;\n<li>Lesiones de la m\u00e9dula espinal<\/li>&#13;\n\r\n\r\n&#13;\n<li>Huesos rotos y fracturas<\/li>&#13;\n\r\n\r\n&#13;\n<li>Erupciones en la carretera y abrasiones en la piel<\/li>&#13;\n\r\n\r\n&#13;\n<li>Hemorragia interna y da\u00f1o a los \u00f3rganos<\/li>&#13;\n\r\n\r\n&#13;\n<li>Lesiones faciales y traumatismos dentales<\/li>&#13;\n\r\n\r\n&#13;\n<li>Lesiones de rodilla, hombro y mu\u00f1eca<\/li>&#13;\n\r\n\r\n&#13;\n<li>Trauma emocional y trastorno de estr\u00e9s postraum\u00e1tico<\/li>&#13;\n<\/ul>\r\n&#13;\n<p>Incluso los accidentes aparentemente menores pueden provocar dolor persistente o complicaciones a largo plazo. Es crucial buscar atenci\u00f3n m\u00e9dica de inmediato, e igual de importante ponerse en contacto con un abogado de accidentes de bicicleta de Cherry Hill, Nueva Jersey para proteger sus derechos legales. <\/p>&#13;\n<h3><strong>How Effective Are Bicycle Helmets at Preventing Head Injuries?<\/strong><\/h3>&#13;\n<p>Los cascos juegan un papel fundamental en la seguridad de los ciclistas. Los estudios de organizaciones como los CDC muestran que los ciclistas tienen muchas m\u00e1s probabilidades de sufrir lesiones graves en la cabeza en un accidente en comparaci\u00f3n con los de los autom\u00f3viles.  \u00bfLa buena noticia? Usar un casco de bicicleta bien ajustado puede reducir significativamente el riesgo de lesiones en la cabeza, hasta en un 85%, seg\u00fan los expertos.<\/p>&#13;\n<p>Si bien ning\u00fan casco puede prevenir todas las lesiones, es una de las formas m\u00e1s simples y efectivas de protegerse en la carretera. Ya sea que est\u00e9 viajando, entrenando o disfrutando de un paseo de fin de semana en Cherry Hill, siempre use un casco y anime a otros a hacer lo mismo. Tu cerebro te lo agradecer\u00e1.  <\/p>&#13;\n&#13;\n<h3 class=\"wp-block-heading\"><strong>Qu\u00e9 hacer despu\u00e9s de un accidente de bicicleta en Cherry Hill<\/strong><\/h3>&#13;\n&#13;\n<p>Si estuvo involucrado en un accidente de bicicleta, los pasos que tome a continuaci\u00f3n pueden marcar una gran diferencia en su recuperaci\u00f3n y reclamo legal. Esto es lo que recomendamos: <\/p>&#13;\n\r\n<ol class=\"wp-block-list\">&#13;\n<li>Llame al 911 e informe el accidente. Obtenga ayuda de emergencia en la escena y aseg\u00farese de que se presente un informe policial. <\/li>&#13;\n\r\n\r\n&#13;\n<li>Obtenga atenci\u00f3n m\u00e9dica de inmediato. Algunas lesiones no son visibles al principio. Siempre peca de precavido.  <\/li>&#13;\n\r\n\r\n&#13;\n<li>Re\u00fana evidencia si puede. Tome fotos de la escena, su bicicleta, el veh\u00edculo, las condiciones de la carretera y sus lesiones. <\/li>&#13;\n\r\n\r\n&#13;\n<li>Obtenga informaci\u00f3n de contacto. Esto incluye al conductor, los testigos y los oficiales que respondieron. <\/li>&#13;\n\r\n\r\n&#13;\n<li>Evite discutir la culpa. Cualquier cosa que digas podr\u00eda usarse en tu contra m\u00e1s adelante. <\/li>&#13;\n\r\n\r\n&#13;\n<li>No firme nada de una compa\u00f1\u00eda de seguros. Hable primero con un abogado de accidentes de bicicleta en Cherry Hill, Nueva Jersey. <\/li>&#13;\n\r\n\r\n&#13;\n<li>Comun\u00edquese con J. Fine Law. Revisaremos su caso de forma gratuita y lo ayudaremos a comprender qu\u00e9 hacer a continuaci\u00f3n. <\/li>&#13;\n<\/ol>\r\n&#13;\n<h3 class=\"wp-block-heading\"><strong>C\u00f3mo puede ayudar un abogado de accidentes de bicicleta en Cherry Hill<\/strong><\/h3>&#13;\n&#13;\n<p>Despu\u00e9s de un accidente grave de bicicleta, las compa\u00f1\u00edas de seguros a menudo intentan minimizar su reclamo o negarlo por completo. Por eso es importante contar con el equipo legal adecuado. <\/p>&#13;\n&#13;\n<p>En J. Fine Law, nuestros abogados saben c\u00f3mo construir casos s\u00f3lidos para ciclistas lesionados. Esto es lo que podemos hacer por usted: <\/p>&#13;\n\r\n<ul class=\"wp-block-list\">&#13;\n<li>Investigue el accidente a fondo<\/li>&#13;\n\r\n\r\n&#13;\n<li>Re\u00fana pruebas como im\u00e1genes de vigilancia, informes de accidentes y declaraciones de testigos<\/li>&#13;\n\r\n\r\n&#13;\n<li>Trabaje con expertos m\u00e9dicos para demostrar el alcance de sus lesiones<\/li>&#13;\n\r\n\r\n&#13;\n<li>Calcule el valor total de su reclamo, incluidos los costos m\u00e9dicos, los salarios perdidos y el dolor y el sufrimiento<\/li>&#13;\n\r\n\r\n&#13;\n<li>Negociar agresivamente con las compa\u00f1\u00edas de seguros<\/li>&#13;\n\r\n\r\n&#13;\n<li>Lleve su caso a juicio si la aseguradora se niega a ofrecer un acuerdo justo<\/li>&#13;\n<\/ul>\r\n&#13;\n<p>Te enfocas en la curaci\u00f3n. Deje que un abogado de accidentes de bicicleta de Cherry Hill, Nueva Jersey, se encargue de la lucha legal. <\/p>&#13;\n&#13;\n<h3 class=\"wp-block-heading\"><strong>\u00bfQui\u00e9n puede ser considerado responsable de un accidente de bicicleta?<\/strong><\/h3>&#13;\n&#13;\n<p>Dependiendo de los detalles de su accidente, varias partes pueden compartir la responsabilidad legal. Las partes potencialmente responsables en un accidente de bicicleta pueden incluir: <\/p>&#13;\n\r\n<ul class=\"wp-block-list\">&#13;\n<li>El conductor del veh\u00edculo que lo golpe\u00f3<\/li>&#13;\n\r\n\r\n&#13;\n<li>Un empleador comercial si el accidente involucr\u00f3 un veh\u00edculo de trabajo<\/li>&#13;\n\r\n\r\n&#13;\n<li>Un propietario si las condiciones peligrosas de la carretera fueran un factor<\/li>&#13;\n\r\n\r\n&#13;\n<li>Un gobierno local o municipio responsable del mantenimiento de carreteras<\/li>&#13;\n\r\n\r\n&#13;\n<li>Un fabricante de una bicicleta o una pieza defectuosa del autom\u00f3vil caus\u00f3 el accidente<\/li>&#13;\n<\/ul>\r\n&#13;\n<p>Nuestro trabajo es descubrir todas las posibles fuentes de responsabilidad y perseguir cada d\u00f3lar al que tiene derecho. En J. Fine Law, no dejamos piedra sin remover. <\/p>&#13;\n&#13;\n<h3 class=\"wp-block-heading\"><strong>\u00bfQu\u00e9 compensaci\u00f3n puede ayudarlo a recuperar un abogado de accidentes de bicicleta?<\/strong><\/h3>&#13;\n&#13;\n<p>Si la negligencia de otra persona caus\u00f3 su accidente de bicicleta, puede tener derecho a una compensaci\u00f3n por:<\/p>&#13;\n\r\n<ul class=\"wp-block-list\">&#13;\n<li>Facturas m\u00e9dicas: atenci\u00f3n de emergencia, cirug\u00eda, rehabilitaci\u00f3n, medicamentos, visitas de seguimiento<\/li>&#13;\n\r\n\r\n&#13;\n<li>P\u00e9rdida de ingresos: si sus lesiones le impidieron trabajar<\/li>&#13;\n\r\n\r\n&#13;\n<li>P\u00e9rdida de la capacidad de ingresos futuros<\/li>&#13;\n\r\n\r\n&#13;\n<li>Dolor y sufrimiento: dolor f\u00edsico, angustia emocional, reducci\u00f3n de la calidad de vida<\/li>&#13;\n\r\n\r\n&#13;\n<li>Da\u00f1os a la propiedad, como su bicicleta, casco o tel\u00e9fono<\/li>&#13;\n\r\n\r\n&#13;\n<li>Cicatrizaci\u00f3n o desfiguraci\u00f3n<\/li>&#13;\n\r\n\r\n&#13;\n<li>P\u00e9rdida del disfrute de la vida<\/li>&#13;\n<\/ul>\r\n&#13;\n<p>En casos que involucran comportamiento imprudente o intencional, tambi\u00e9n pueden estar disponibles da\u00f1os punitivos. Cada caso es diferente: hable con un abogado de accidentes de bicicleta en Cherry Hill, Nueva Jersey para comprender cu\u00e1nto puede valer su reclamo. <\/p>&#13;\n&#13;\n<h3 class=\"wp-block-heading\"><strong>L\u00edmites de tiempo para presentar una demanda por accidente de bicicleta en Nueva Jersey<\/strong><\/h3>&#13;\n&#13;\n<p>La ley de Nueva Jersey otorga a las v\u00edctimas de lesiones una ventana limitada para presentar un reclamo. En la mayor\u00eda de los casos, el plazo de prescripci\u00f3n es de dos a\u00f1os a partir de la fecha del accidente. Si no cumple con este plazo, podr\u00eda perder su derecho a una compensaci\u00f3n por completo.  <\/p>&#13;\n&#13;\n<p>Sin embargo, algunos casos tienen plazos m\u00e1s cortos, especialmente aquellos que involucran agencias gubernamentales o propiedad p\u00fablica. No espere. Comun\u00edquese con un abogado de accidentes de bicicleta de Cherry Hill, Nueva Jersey en J. Fine Law lo antes posible para proteger sus derechos.  <\/p>&#13;\n&#13;\n<h3 class=\"wp-block-heading\"><strong>Preguntas frecuentes<\/strong><\/h3>&#13;\n&#13;\n<p><strong>\u00bfCu\u00e1nto cuesta contratar a un abogado de accidentes de bicicleta?<\/strong><strong><br\/><\/strong>  En J. Fine Law, trabajamos con honorarios de contingencia. Eso significa que no paga nada por adelantado, y solo nos pagan si ganamos su caso. <\/p>&#13;\n&#13;\n<p><strong>\u00bfQu\u00e9 pasa si tuve parte de la culpa del accidente?<\/strong><strong><br\/><\/strong>  Nueva Jersey sigue una regla de \u00abnegligencia comparativa modificada\u00bb. Siempre que haya tenido menos del 51% de culpa, a\u00fan puede recuperar los da\u00f1os, aunque su indemnizaci\u00f3n puede reducirse en funci\u00f3n de su parte de responsabilidad. <\/p>&#13;\n&#13;\n<p><strong>\u00bfPuedo presentar un reclamo si el conductor huy\u00f3 de la escena?<\/strong><strong><br\/><\/strong>  S\u00ed. Si fue v\u00edctima de un atropello y fuga, podemos explorar todas las opciones disponibles, incluida su propia cobertura de automovilista sin seguro. Un abogado de accidentes de bicicleta en Cherry Hill, Nueva Jersey puede ayudarlo.  <\/p>&#13;\n&#13;\n<p><strong>\u00bfNecesito ir a la corte para recuperar una compensaci\u00f3n?<\/strong><strong><br\/><\/strong>  La mayor\u00eda de los reclamos por accidentes de bicicleta se resuelven a trav\u00e9s de acuerdos. Pero si la compa\u00f1\u00eda de seguros se niega a ser justa, estamos completamente preparados para llevar su caso a juicio. <\/p>&#13;\n&#13;\n<h3 class=\"wp-block-heading\"><strong>\u00bfPor qu\u00e9 elegir J. Fine Law?<\/strong><\/h3>&#13;\n&#13;\n<p>Sabemos que tiene opciones cuando se trata de elegir un abogado de accidentes de bicicleta. Esto es lo que distingue a J. Fine Law: <\/p>&#13;\n\r\n<ul class=\"wp-block-list\">&#13;\n<li>D\u00e9cadas de experiencia representando a ciclistas lesionados en Nueva Jersey<\/li>&#13;\n\r\n\r\n&#13;\n<li>Resultados comprobados en litigios por lesiones personales y negociaciones de seguros<\/li>&#13;\n\r\n\r\n&#13;\n<li>Atenci\u00f3n personalizada: nos tomamos el tiempo para conocer su historia<\/li>&#13;\n\r\n\r\n&#13;\n<li>Defensa agresiva desde el primer d\u00eda hasta la resoluci\u00f3n<\/li>&#13;\n\r\n\r\n&#13;\n<li>Sin comisiones a menos que ganemos<\/li>&#13;\n<\/ul>\r\n&#13;\n<p>Cuando su futuro est\u00e9 en juego, conf\u00ede en un equipo legal que est\u00e9 comprometido a hacer lo correcto, sin importar cu\u00e1n dura sea la lucha.<\/p>&#13;\n&#13;\n<h3 class=\"wp-block-heading\"><strong>El conocimiento local importa<\/strong><\/h3>&#13;\n&#13;\n<p>Nuestro equipo entiende Cherry Hill, no solo las leyes, sino tambi\u00e9n las carreteras, las intersecciones y los patrones de tr\u00e1fico que juegan un papel en muchos accidentes de bicicleta. Hemos manejado casos que involucran: <\/p>&#13;\n\r\n<ul class=\"wp-block-list\">&#13;\n<li>Camino de Haddonfield<\/li>&#13;\n\r\n\r\n&#13;\n<li>Ruta 70 y Ruta 38<\/li>&#13;\n\r\n\r\n&#13;\n<li>Los carriles bici del r\u00edo Cooper<\/li>&#13;\n\r\n\r\n&#13;\n<li>Barrios residenciales locales<\/li>&#13;\n\r\n\r\n&#13;\n<li>Zonas escolares y \u00e1reas de cercan\u00edas<\/li>&#13;\n<\/ul>\r\n&#13;\n<p>No solo manejamos casos en Nueva Jersey. Vivimos y trabajamos aqu\u00ed. Cuando elige un abogado de accidentes de bicicleta en Cherry Hill, Nueva Jersey de J. Fine Law, est\u00e1 eligiendo a alguien que entiende a su comunidad.  <\/p>&#13;\n&#13;\n<h3 class=\"wp-block-heading\"><strong>Hablemos de su caso<\/strong><\/h3>&#13;\n&#13;\n<p>Ya has pasado por suficiente. Lo \u00faltimo que necesitas es m\u00e1s incertidumbre. Perm\u00edtanos quitarle el estr\u00e9s legal de encima para que pueda concentrarse en mejorar.  <\/p>&#13;\n&#13;\n<p>Ya sea que haya sido atropellado por un autom\u00f3vil mientras cruzaba una intersecci\u00f3n, lesionado en un atropello y fuga o herido por un conductor distra\u00eddo, J. Fine Law est\u00e1 aqu\u00ed para ayudarlo. <\/p>&#13;\n&#13;\n<p><a href=\"https:\/\/jfinelaw.com\/es\/contactenos\/\">Llame hoy o complete nuestro formulario seguro en l\u00ednea para programar una consulta gratuita<\/a> con un abogado de accidentes de bicicleta de Cherry Hill, Nueva Jersey. Revisaremos su caso, responderemos sus preguntas y le explicaremos sus pr\u00f3ximos pasos. <\/p>&#13;\n","protected":false},"excerpt":{"rendered":"<p>&#13; Si usted o alguien cercano a usted result\u00f3 lesionado en un accidente de bicicleta en Cherry Hill, Nueva Jersey, es posible que se enfrente a facturas m\u00e9dicas graves, tiempo fuera del trabajo y desaf\u00edos de recuperaci\u00f3n a largo plazo. El camino por delante puede resultar abrumador, pero no tiene que enfrentarlo solo. &#13; &#13; [&hellip;]<\/p>\n","protected":false},"author":7,"featured_media":4521,"parent":4526,"menu_order":0,"comment_status":"closed","ping_status":"closed","template":"","meta":{"site-sidebar-layout":"default","site-content-layout":"","ast-site-content-layout":"default","site-content-style":"default","site-sidebar-style":"default","ast-global-header-display":"","ast-banner-title-visibility":"","ast-main-header-display":"","ast-hfb-above-header-display":"","ast-hfb-below-header-display":"","ast-hfb-mobile-header-display":"","site-post-title":"","ast-breadcrumbs-content":"","ast-featured-img":"","footer-sml-layout":"","theme-transparent-header-meta":"default","adv-header-id-meta":"","stick-header-meta":"","header-above-stick-meta":"","header-main-stick-meta":"","header-below-stick-meta":"","astra-migrate-meta-layouts":"set","ast-page-background-enabled":"default","ast-page-background-meta":{"desktop":{"background-color":"var(--ast-global-color-4)","background-image":"","background-repeat":"repeat","background-position":"center center","background-size":"auto","background-attachment":"scroll","background-type":"","background-media":"","overlay-type":"","overlay-color":"","overlay-opacity":"","overlay-gradient":""},"tablet":{"background-color":"","background-image":"","background-repeat":"repeat","background-position":"center center","background-size":"auto","background-attachment":"scroll","background-type":"","background-media":"","overlay-type":"","overlay-color":"","overlay-opacity":"","overlay-gradient":""},"mobile":{"background-color":"","background-image":"","background-repeat":"repeat","background-position":"center center","background-size":"auto","background-attachment":"scroll","background-type":"","background-media":"","overlay-type":"","overlay-color":"","overlay-opacity":"","overlay-gradient":""}},"ast-content-background-meta":{"desktop":{"background-color":"var(--ast-global-color-5)","background-image":"","background-repeat":"repeat","background-position":"center center","background-size":"auto","background-attachment":"scroll","background-type":"","background-media":"","overlay-type":"","overlay-color":"","overlay-opacity":"","overlay-gradient":""},"tablet":{"background-color":"var(--ast-global-color-5)","background-image":"","background-repeat":"repeat","background-position":"center center","background-size":"auto","background-attachment":"scroll","background-type":"","background-media":"","overlay-type":"","overlay-color":"","overlay-opacity":"","overlay-gradient":""},"mobile":{"background-color":"var(--ast-global-color-5)","background-image":"","background-repeat":"repeat","background-position":"center center","background-size":"auto","background-attachment":"scroll","background-type":"","background-media":"","overlay-type":"","overlay-color":"","overlay-opacity":"","overlay-gradient":""}},"iawp_total_views":3,"footnotes":""},"class_list":["post-4520","page","type-page","status-publish","has-post-thumbnail","hentry"],"_links":{"self":[{"href":"https:\/\/jfinelaw.com\/es\/wp-json\/wp\/v2\/pages\/4520","targetHints":{"allow":["GET"]}}],"collection":[{"href":"https:\/\/jfinelaw.com\/es\/wp-json\/wp\/v2\/pages"}],"about":[{"href":"https:\/\/jfinelaw.com\/es\/wp-json\/wp\/v2\/types\/page"}],"author":[{"embeddable":true,"href":"https:\/\/jfinelaw.com\/es\/wp-json\/wp\/v2\/users\/7"}],"replies":[{"embeddable":true,"href":"https:\/\/jfinelaw.com\/es\/wp-json\/wp\/v2\/comments?post=4520"}],"version-history":[{"count":3,"href":"https:\/\/jfinelaw.com\/es\/wp-json\/wp\/v2\/pages\/4520\/revisions"}],"predecessor-version":[{"id":5760,"href":"https:\/\/jfinelaw.com\/es\/wp-json\/wp\/v2\/pages\/4520\/revisions\/5760"}],"up":[{"embeddable":true,"href":"https:\/\/jfinelaw.com\/es\/wp-json\/wp\/v2\/pages\/4526"}],"wp:featuredmedia":[{"embeddable":true,"href":"https:\/\/jfinelaw.com\/es\/wp-json\/wp\/v2\/media\/4521"}],"wp:attachment":[{"href":"https:\/\/jfinelaw.com\/es\/wp-json\/wp\/v2\/media?parent=4520"}],"curies":[{"name":"wp","href":"https:\/\/api.w.org\/{rel}","templated":true}]}}