{"id":4533,"date":"2025-03-28T16:07:00","date_gmt":"2025-03-28T16:07:00","guid":{"rendered":"https:\/\/jfinelaw.com\/?page_id=4533"},"modified":"2025-06-11T16:21:09","modified_gmt":"2025-06-11T16:21:09","slug":"abogado-de-abuso-sexual-en-nueva-jersey","status":"publish","type":"page","link":"https:\/\/jfinelaw.com\/es\/abogado-de-lesiones-personales-en-nueva-jersey-2\/abogado-de-abuso-sexual-en-nueva-jersey\/","title":{"rendered":"Abogado de Abuso Sexual en Nueva Jersey"},"content":{"rendered":"\r\n<h2 class=\"wp-block-heading\">Protegiendo a los Sobrevivientes Persiguiendo la Justicia<\/h2>\r\n\r\n\r\n\r\n<p>El abuso sexual es una de las experiencias m\u00e1s traum\u00e1ticas y devastadoras que una persona puede soportar. Los sobrevivientes a menudo cargan con cicatrices emocionales, f\u00edsicas y psicol\u00f3gicas durante a\u00f1os, a veces de por vida. En J. Fine Law, creemos que los sobrevivientes merecen justicia, rendici\u00f3n de cuentas y apoyo.<\/p>\r\n\r\n\r\n\r\n<p>Si usted o alguien que ama es sobreviviente de abuso sexual, no tiene que cargar con esta carga solo. Nuestro bufete se compromete a ayudar a las personas en todo Nueva Jersey a encontrar su voz, buscar justicia civil y responsabilizar a los abusadores e instituciones por el da\u00f1o que causaron.<\/p>\r\n\r\n\r\n\r\n<p>Nuestro <a href=\"https:\/\/jfinelaw.com\/\">abogado de abuso sexual en Cherry Hill<\/a>, Nueva Jersey, comprende lo delicados y complejos que pueden ser estos casos. Usted ser\u00e1 tratado con compasi\u00f3n, respeto y confidencialidad, mientras trabajamos incansablemente para proteger sus derechos y luchar por la compensaci\u00f3n que merece.<\/p>\r\n\r\n\r\n\r\n<h2 class=\"wp-block-heading\">\u00bfQu\u00e9 Es una Demanda Civil por Abuso Sexual?<\/h2>\r\n\r\n\r\n\r\n<p>El abuso sexual es un delito, pero los sobrevivientes tambi\u00e9n tienen derecho a presentar una demanda civil contra su abusador y otros que puedan ser legalmente responsables. Un caso penal es manejado por el estado y puede resultar en pena de c\u00e1rcel u otras sanciones. Un caso civil es presentado por el sobreviviente para buscar una compensaci\u00f3n econ\u00f3mica por los da\u00f1os sufridos.<\/p>\r\n\r\n\r\n\r\n<p>Se pueden presentar demandas civiles independientemente de si el abusador fue condenado penalmente. Muchos sobrevivientes eligen el litigio civil como una forma de recuperar el control, exponer fallas sist\u00e9micas y obtener recursos econ\u00f3micos para ayudar en su recuperaci\u00f3n.<\/p>\r\n\r\n\r\n\r\n<p>Un abogado de abuso sexual en Cherry Hill, Nueva Jersey, en J. Fine Law puede explicarle sus opciones, manejar todas las presentaciones legales y abogar fervientemente en su nombre.<\/p>\r\n\r\n\r\n\r\n<h2 class=\"wp-block-heading\">\u00bfQui\u00e9n Puede Ser Considerado Responsable?<\/h2>\r\n\r\n\r\n\r\n<p>En una demanda civil por abuso sexual, el abusador puede ser nombrado en la demanda, pero no siempre es el \u00fanico responsable. En muchos casos, individuos o instituciones permitieron, ignoraron o encubrieron el abuso. Estos terceros tambi\u00e9n pueden ser considerados responsables seg\u00fan la ley de Nueva Jersey.<\/p>\r\n\r\n\r\n\r\n<p>Los posibles demandados incluyen:<\/p>\r\n\r\n\r\n\r\n<ul class=\"wp-block-list\">\r\n<li>Escuelas y distritos escolares.<\/li>\r\n\r\n\r\n\r\n<li>Organizaciones religiosas y clero.<\/li>\r\n\r\n\r\n\r\n<li>Organizaciones juveniles (por ejemplo, Boy Scouts, ligas deportivas).<\/li>\r\n\r\n\r\n\r\n<li>Guarder\u00edas o campamentos.<\/li>\r\n\r\n\r\n\r\n<li>Colegios y universidades.<\/li>\r\n\r\n\r\n\r\n<li>Proveedores de atenci\u00f3n m\u00e9dica y hospitales.<\/li>\r\n\r\n\r\n\r\n<li>Residencias de ancianos o centros de vida asistida.<\/li>\r\n\r\n\r\n\r\n<li>Empleadores y compa\u00f1eros de trabajo.<\/li>\r\n\r\n\r\n\r\n<li>Propietarios o arrendadores.<\/li>\r\n\r\n\r\n\r\n<li>Agencias gubernamentales o municipales.<\/li>\r\n<\/ul>\r\n\r\n\r\n\r\n<p>Si una persona o instituci\u00f3n sab\u00eda, o deber\u00eda haber sabido, sobre el riesgo de abuso y no lo previno, puede ser considerada legalmente responsable.<\/p>\r\n\r\n\r\n\r\n<h2 class=\"wp-block-heading\">Tipos de Casos de Abuso Sexual Que Manejamos<\/h2>\r\n\r\n\r\n\r\n<p>En J. Fine Law, representamos a sobrevivientes de muchas formas de abuso sexual, incluyendo:<\/p>\r\n\r\n\r\n\r\n<ul class=\"wp-block-list\">\r\n<li>Abuso sexual infantil por miembros de la familia, maestros, entrenadores, l\u00edderes religiosos o cuidadores.<\/li>\r\n\r\n\r\n\r\n<li>Agresi\u00f3n sexual en campus escolares o universitarios.<\/li>\r\n\r\n\r\n\r\n<li>Abuso sexual en residencias de ancianos o centros de atenci\u00f3n a largo plazo.<\/li>\r\n\r\n\r\n\r\n<li>Abuso por m\u00e9dicos, terapeutas o profesionales m\u00e9dicos.<\/li>\r\n\r\n\r\n\r\n<li>Agresi\u00f3n o acoso sexual en el lugar de trabajo.<\/li>\r\n\r\n\r\n\r\n<li>Agresiones por parte de arrendadores, vecinos o figuras comunitarias de confianza.<\/li>\r\n\r\n\r\n\r\n<li>Violaci\u00f3n o agresi\u00f3n sexual que ocurre en espacios p\u00fablicos o privados.<\/li>\r\n\r\n\r\n\r\n<li>Abuso en centros penitenciarios o centros de detenci\u00f3n.<\/li>\r\n<\/ul>\r\n\r\n\r\n\r\n<p>No importa cu\u00e1ndo o d\u00f3nde ocurri\u00f3 el abuso, un <a href=\"https:\/\/maps.app.goo.gl\/bZbnKdL5khXTcz2m9\" target=\"_blank\" rel=\"noopener\">abogado de abuso sexual en Cherry Hill<\/a>, Nueva Jersey, puede ayudarle a explorar sus derechos legales.<\/p>\r\n\r\n\r\n\r\n<h2 class=\"wp-block-heading\">El Impacto del Abuso Sexual<\/h2>\r\n\r\n\r\n\r\n<p>El abuso sexual puede afectar cada parte de la vida de una persona. Los sobrevivientes a menudo experimentan:<\/p>\r\n\r\n\r\n\r\n<ul class=\"wp-block-list\">\r\n<li>Trastorno de estr\u00e9s postraum\u00e1tico (TEPT).<\/li>\r\n\r\n\r\n\r\n<li>Depresi\u00f3n y ansiedad.<\/li>\r\n\r\n\r\n\r\n<li>Trastornos por uso de sustancias.<\/li>\r\n\r\n\r\n\r\n<li>Dificultades con las relaciones y la confianza.<\/li>\r\n\r\n\r\n\r\n<li>Problemas de sue\u00f1o y problemas de salud f\u00edsica.<\/li>\r\n\r\n\r\n\r\n<li>P\u00e9rdida de ingresos u oportunidades laborales.<\/li>\r\n\r\n\r\n\r\n<li>Sentimientos de verg\u00fcenza, miedo o aislamiento.<\/li>\r\n<\/ul>\r\n\r\n\r\n\r\n<p>En J. Fine Law, sabemos que la experiencia de cada sobreviviente es \u00fanica. Es por eso que nos tomamos el tiempo para comprender su historia, sus objetivos y lo que significa la justicia para usted.<\/p>\r\n\r\n\r\n\r\n<h2 class=\"wp-block-heading\">\u00bfQu\u00e9 Compensaci\u00f3n Pueden Recuperar los Sobrevivientes?<\/h2>\r\n\r\n\r\n\r\n<p>Las demandas civiles por abuso sexual son m\u00e1s que solo dinero, pero la compensaci\u00f3n econ\u00f3mica puede ayudar a los sobrevivientes a acceder a la atenci\u00f3n y los recursos que necesitan para la curaci\u00f3n a largo plazo.<\/p>\r\n\r\n\r\n\r\n<p>Nuestro bufete busca una compensaci\u00f3n por:<\/p>\r\n\r\n\r\n\r\n<ul class=\"wp-block-list\">\r\n<li>Tratamiento m\u00e9dico (pasado y futuro).<\/li>\r\n\r\n\r\n\r\n<li>Terapia, asesoramiento y atenci\u00f3n de salud mental.<\/li>\r\n\r\n\r\n\r\n<li>Dolor y sufrimiento.<\/li>\r\n\r\n\r\n\r\n<li>Angustia emocional.<\/li>\r\n\r\n\r\n\r\n<li>P\u00e9rdida de ingresos o capacidad de ganancia.<\/li>\r\n\r\n\r\n\r\n<li>Reembolso de gastos de reubicaci\u00f3n o relacionados con la seguridad.<\/li>\r\n\r\n\r\n\r\n<li>Da\u00f1os punitivos (en casos de conducta especialmente grave).<\/li>\r\n<\/ul>\r\n\r\n\r\n\r\n<p>Los da\u00f1os punitivos est\u00e1n dise\u00f1ados para castigar a los infractores y enviar un mensaje de que el abuso no ser\u00e1 tolerado. Un abogado de abuso sexual en Cherry Hill puede ayudarle a determinar qu\u00e9 tipos de compensaci\u00f3n pueden estar disponibles en su caso.<\/p>\r\n\r\n\r\n\r\n<h2 class=\"wp-block-heading\">\u00bfQu\u00e9 Sucede Si el Abuso Ocurri\u00f3 Hace A\u00f1os?<\/h2>\r\n\r\n\r\n\r\n<p>Muchos sobrevivientes no se presentan de inmediato, y eso est\u00e1 bien. Nueva Jersey ha extendido los plazos (llamados estatutos de limitaciones) para que los sobrevivientes de abuso sexual presenten demandas civiles.<\/p>\r\n\r\n\r\n\r\n<p>Seg\u00fan la Ley de Abuso Sexual Infantil de Nueva Jersey:<\/p>\r\n\r\n\r\n\r\n<ul class=\"wp-block-list\">\r\n<li>Los sobrevivientes adultos de abuso sexual infantil ahora tienen hasta los 55 a\u00f1os, o dentro de los 7 a\u00f1os posteriores al descubrimiento del abuso, para presentar una demanda.<\/li>\r\n\r\n\r\n\r\n<li>En muchos casos, no existe un estatuto de limitaciones para los cargos penales relacionados con la agresi\u00f3n sexual.<\/li>\r\n<\/ul>\r\n\r\n\r\n\r\n<p>En otras palabras, incluso si el abuso ocurri\u00f3 hace d\u00e9cadas, es posible que a\u00fan pueda presentar una reclamaci\u00f3n. Nuestro equipo legal puede revisar su caso y determinar si el plazo le permite seguir adelante.<\/p>\r\n\r\n\r\n\r\n<h2 class=\"wp-block-heading\">\u00bfPuedo Presentar una Demanda de Forma An\u00f3nima?<\/h2>\r\n\r\n\r\n\r\n<p>S\u00ed. En muchos casos, a los sobrevivientes de abuso sexual se les permite presentar demandas civiles bajo un seud\u00f3nimo, como \u00abJane Doe\u00bb o \u00abJohn Doe\u00bb. Esto le permite buscar justicia mientras protege su privacidad.<\/p>\r\n\r\n\r\n\r\n<p>En J. Fine Law, estamos comprometidos con la confidencialidad y haremos todo lo posible para mantener su identidad segura durante todo el proceso legal.<\/p>\r\n\r\n\r\n\r\n<h2 class=\"wp-block-heading\">C\u00f3mo Ayudamos a los Sobrevivientes de Abuso Sexual<\/h2>\r\n\r\n\r\n\r\n<p>Cuando se pone en contacto con nuestro bufete, puede esperar una experiencia compasiva, respetuosa y confidencial. Entendemos lo dif\u00edcil que puede ser hablar de lo que sucedi\u00f3, y estamos aqu\u00ed para hacer que el proceso sea lo m\u00e1s solidario posible.<\/p>\r\n\r\n\r\n\r\n<p>As\u00ed es como ayudamos:<\/p>\r\n\r\n\r\n\r\n<ul class=\"wp-block-list\">\r\n<li>Consulta gratuita y confidencial para conocer su situaci\u00f3n.<\/li>\r\n\r\n\r\n\r\n<li>Una investigaci\u00f3n exhaustiva del abuso y las partes responsables.<\/li>\r\n\r\n\r\n\r\n<li>Presentaci\u00f3n de todos los documentos legales y mociones judiciales.<\/li>\r\n\r\n\r\n\r\n<li>Trabajo con expertos y defensores informados sobre el trauma.<\/li>\r\n\r\n\r\n\r\n<li>Negociaci\u00f3n de acuerdos o llevar su caso a juicio si es necesario.<\/li>\r\n\r\n\r\n\r\n<li>Sin honorarios legales a menos que recuperemos dinero para usted.<\/li>\r\n<\/ul>\r\n\r\n\r\n\r\n<p>Estamos aqu\u00ed para apoyarle, no solo como abogados, sino como defensores y aliados.<\/p>\r\n\r\n\r\n\r\n<h2 class=\"wp-block-heading\">\u00bfPor Qu\u00e9 Elegir J. Fine Law?<\/h2>\r\n\r\n\r\n\r\n<p>Elegir el equipo legal adecuado despu\u00e9s de un abuso sexual requiere coraje y confianza. En J. Fine Law, aportamos experiencia, compasi\u00f3n y una determinaci\u00f3n implacable a cada caso.<\/p>\r\n\r\n\r\n\r\n<p>Los sobrevivientes nos eligen porque:<\/p>\r\n\r\n\r\n\r\n<ul class=\"wp-block-list\">\r\n<li>Hemos manejado casos de abuso sensibles y complejos en todo Nueva Jersey.<\/li>\r\n\r\n\r\n\r\n<li>Escuchamos y adaptamos nuestra estrategia a sus necesidades.<\/li>\r\n\r\n\r\n\r\n<li>Nunca le presionamos, le empoderamos.<\/li>\r\n\r\n\r\n\r\n<li>Luchamos contra instituciones poderosas que intentan ocultar el abuso.<\/li>\r\n\r\n\r\n\r\n<li>Priorizamos su seguridad, curaci\u00f3n y justicia.<\/li>\r\n\r\n\r\n\r\n<li>Ofrecemos representaci\u00f3n con honorarios de contingencia (usted no paga a menos que ganemos).<\/li>\r\n<\/ul>\r\n\r\n\r\n\r\n<p>Usted merece defensores legales que realmente se preocupen y trabajen incansablemente en su nombre.<\/p>\r\n\r\n\r\n\r\n<h2 class=\"wp-block-heading\">Qu\u00e9 Esperar Cuando Llame<\/h2>\r\n\r\n\r\n\r\n<p>Sabemos que puede ser incre\u00edblemente dif\u00edcil comunicarse. Cuando llame o se ponga en contacto con J. Fine Law, esto es lo que puede esperar:<\/p>\r\n\r\n\r\n\r\n<ul class=\"wp-block-list\">\r\n<li>Una conversaci\u00f3n privada y sin prejuicios con un profesional legal.<\/li>\r\n\r\n\r\n\r\n<li>Absolutamente ninguna presi\u00f3n para seguir adelante a menos que est\u00e9 listo.<\/li>\r\n\r\n\r\n\r\n<li>Una explicaci\u00f3n clara de sus derechos y opciones legales.<\/li>\r\n\r\n\r\n\r\n<li>Confidencialidad total y apoyo informado sobre el trauma.<\/li>\r\n\r\n\r\n\r\n<li>Gu\u00eda paso a paso adaptada a sus necesidades.<\/li>\r\n<\/ul>\r\n\r\n\r\n\r\n<p>Nunca le apresuraremos, le presionaremos ni le haremos sentir que no se le escucha. Esta es su historia y su decisi\u00f3n. Simplemente estamos aqu\u00ed para ayudarle.<\/p>\r\n\r\n\r\n\r\n<h2 class=\"wp-block-heading\">P\u00f3ngase en Contacto Hoy Mismo con un Abogado de Abuso Sexual en Cherry Hill, Nueva Jersey<\/h2>\r\n\r\n\r\n\r\n<p>Si usted es sobreviviente de abuso sexual, sabemos que el camino hacia la justicia puede parecer abrumador. Pero no tiene que recorrerlo solo. En J. Fine Law, estamos aqu\u00ed para escucharle, creerle y luchar por usted.<\/p>\r\n\r\n\r\n\r\n<p>Se aplican plazos y las pruebas pueden desaparecer, as\u00ed que no espere para dar el primer paso. P\u00f3ngase en contacto hoy mismo con un abogado de abuso sexual de confianza en Cherry Hill, Nueva Jersey.<\/p>\r\n\r\n\r\n\r\n<p>Su voz importa. Su historia importa. Y estamos listos para estar con usted.<\/p>\r\n","protected":false},"excerpt":{"rendered":"<p>Protegiendo a los Sobrevivientes Persiguiendo la Justicia El abuso sexual es una de las experiencias m\u00e1s traum\u00e1ticas y devastadoras que una persona puede soportar. Los sobrevivientes a menudo cargan con cicatrices emocionales, f\u00edsicas y psicol\u00f3gicas durante a\u00f1os, a veces de por vida. En J. Fine Law, creemos que los sobrevivientes merecen justicia, rendici\u00f3n de cuentas [&hellip;]<\/p>\n","protected":false},"author":7,"featured_media":4534,"parent":4526,"menu_order":0,"comment_status":"closed","ping_status":"closed","template":"","meta":{"site-sidebar-layout":"default","site-content-layout":"","ast-site-content-layout":"default","site-content-style":"default","site-sidebar-style":"default","ast-global-header-display":"","ast-banner-title-visibility":"","ast-main-header-display":"","ast-hfb-above-header-display":"","ast-hfb-below-header-display":"","ast-hfb-mobile-header-display":"","site-post-title":"","ast-breadcrumbs-content":"","ast-featured-img":"","footer-sml-layout":"","theme-transparent-header-meta":"default","adv-header-id-meta":"","stick-header-meta":"","header-above-stick-meta":"","header-main-stick-meta":"","header-below-stick-meta":"","astra-migrate-meta-layouts":"set","ast-page-background-enabled":"default","ast-page-background-meta":{"desktop":{"background-color":"var(--ast-global-color-4)","background-image":"","background-repeat":"repeat","background-position":"center center","background-size":"auto","background-attachment":"scroll","background-type":"","background-media":"","overlay-type":"","overlay-color":"","overlay-opacity":"","overlay-gradient":""},"tablet":{"background-color":"","background-image":"","background-repeat":"repeat","background-position":"center center","background-size":"auto","background-attachment":"scroll","background-type":"","background-media":"","overlay-type":"","overlay-color":"","overlay-opacity":"","overlay-gradient":""},"mobile":{"background-color":"","background-image":"","background-repeat":"repeat","background-position":"center center","background-size":"auto","background-attachment":"scroll","background-type":"","background-media":"","overlay-type":"","overlay-color":"","overlay-opacity":"","overlay-gradient":""}},"ast-content-background-meta":{"desktop":{"background-color":"var(--ast-global-color-5)","background-image":"","background-repeat":"repeat","background-position":"center center","background-size":"auto","background-attachment":"scroll","background-type":"","background-media":"","overlay-type":"","overlay-color":"","overlay-opacity":"","overlay-gradient":""},"tablet":{"background-color":"var(--ast-global-color-5)","background-image":"","background-repeat":"repeat","background-position":"center center","background-size":"auto","background-attachment":"scroll","background-type":"","background-media":"","overlay-type":"","overlay-color":"","overlay-opacity":"","overlay-gradient":""},"mobile":{"background-color":"var(--ast-global-color-5)","background-image":"","background-repeat":"repeat","background-position":"center center","background-size":"auto","background-attachment":"scroll","background-type":"","background-media":"","overlay-type":"","overlay-color":"","overlay-opacity":"","overlay-gradient":""}},"iawp_total_views":5,"footnotes":""},"class_list":["post-4533","page","type-page","status-publish","has-post-thumbnail","hentry"],"_links":{"self":[{"href":"https:\/\/jfinelaw.com\/es\/wp-json\/wp\/v2\/pages\/4533","targetHints":{"allow":["GET"]}}],"collection":[{"href":"https:\/\/jfinelaw.com\/es\/wp-json\/wp\/v2\/pages"}],"about":[{"href":"https:\/\/jfinelaw.com\/es\/wp-json\/wp\/v2\/types\/page"}],"author":[{"embeddable":true,"href":"https:\/\/jfinelaw.com\/es\/wp-json\/wp\/v2\/users\/7"}],"replies":[{"embeddable":true,"href":"https:\/\/jfinelaw.com\/es\/wp-json\/wp\/v2\/comments?post=4533"}],"version-history":[{"count":2,"href":"https:\/\/jfinelaw.com\/es\/wp-json\/wp\/v2\/pages\/4533\/revisions"}],"predecessor-version":[{"id":4759,"href":"https:\/\/jfinelaw.com\/es\/wp-json\/wp\/v2\/pages\/4533\/revisions\/4759"}],"up":[{"embeddable":true,"href":"https:\/\/jfinelaw.com\/es\/wp-json\/wp\/v2\/pages\/4526"}],"wp:featuredmedia":[{"embeddable":true,"href":"https:\/\/jfinelaw.com\/es\/wp-json\/wp\/v2\/media\/4534"}],"wp:attachment":[{"href":"https:\/\/jfinelaw.com\/es\/wp-json\/wp\/v2\/media?parent=4533"}],"curies":[{"name":"wp","href":"https:\/\/api.w.org\/{rel}","templated":true}]}}