{"id":4537,"date":"2025-03-28T16:16:41","date_gmt":"2025-03-28T16:16:41","guid":{"rendered":"https:\/\/jfinelaw.com\/?page_id=4537"},"modified":"2025-06-12T03:21:33","modified_gmt":"2025-06-12T03:21:33","slug":"abogado-de-resbalones-y-caidas-en-nueva-jersey","status":"publish","type":"page","link":"https:\/\/jfinelaw.com\/es\/abogado-de-lesiones-personales-en-nueva-jersey-2\/abogado-de-resbalones-y-caidas-en-nueva-jersey\/","title":{"rendered":"Abogado de Resbalones y Ca\u00eddas en Nueva Jersey"},"content":{"rendered":"\r\n<h2 class=\"wp-block-heading\">Defendiendo a V\u00edctimas Lesionadas en Todo Nueva Jersey<\/h2>\r\n\r\n\r\n\r\n<p>Los accidentes por resbalones y ca\u00eddas ocurren en un instante, pero el dolor, las facturas m\u00e9dicas y la alteraci\u00f3n que causan pueden durar toda la vida. Ya sea que su ca\u00edda haya ocurrido en una tienda de comestibles, un restaurante, un complejo de apartamentos o una acera, usted puede tener derecho a buscar una compensaci\u00f3n si la negligencia de otra persona fue la culpable.<\/p>\r\n\r\n\r\n\r\n<p>En J. Fine Law, ayudamos a las v\u00edctimas de lesiones en todo Nueva Jersey a responsabilizar a los propietarios negligentes. Si usted o un ser querido se resbal\u00f3, tropez\u00f3 o cay\u00f3 debido a condiciones inseguras, un <a href=\"https:\/\/jfinelaw.com\/es\/\">abogado de resbalones y ca\u00eddas<\/a> experto est\u00e1 listo para luchar por usted.<\/p>\r\n\r\n\r\n\r\n<p>Entendemos el costo f\u00edsico, emocional y financiero que estas lesiones pueden acarrear. Perm\u00edtanos ayudarle a obtener la justicia y la compensaci\u00f3n que merece. P\u00f3ngase en contacto con nosotros hoy mismo para una consulta gratuita.<\/p>\r\n\r\n\r\n\r\n<h2 class=\"wp-block-heading\">\u00bfQu\u00e9 Es un Accidente por Resbal\u00f3n y Ca\u00edda?<\/h2>\r\n\r\n\r\n\r\n<p>Un accidente por resbal\u00f3n y ca\u00edda es un tipo de reclamaci\u00f3n de responsabilidad de locales. Ocurre cuando alguien se cae y se lastima debido a condiciones peligrosas en la propiedad de otra persona, ya sea p\u00fablica o privada, comercial o residencial.<\/p>\r\n\r\n\r\n\r\n<p>En Nueva Jersey, los propietarios y ocupantes de propiedades tienen el deber legal de mantener sus instalaciones seguras para los visitantes leg\u00edtimos. Cuando no lo hacen y alguien resulta lesionado como resultado, la v\u00edctima puede presentar una reclamaci\u00f3n por lesiones personales por da\u00f1os y perjuicios.<\/p>\r\n\r\n\r\n\r\n<p>Un abogado de resbalones y ca\u00eddas en Cherry Hill, Nueva Jersey, puede determinar si su ca\u00edda fue causada por negligencia y, de ser as\u00ed, ayudarle a emprender acciones legales.<\/p>\r\n\r\n\r\n\r\n<h2 class=\"wp-block-heading\">Causas Comunes de Accidentes por Resbalones y Ca\u00eddas<\/h2>\r\n\r\n\r\n\r\n<p>Los resbalones, tropiezos y ca\u00eddas pueden ocurrir en casi cualquier lugar. En J. Fine Law, hemos visto muchos tipos de peligros que provocan lesiones graves, incluyendo:<\/p>\r\n\r\n\r\n\r\n<ul class=\"wp-block-list\">\r\n<li>Pisos mojados o resbaladizos.<\/li>\r\n\r\n\r\n\r\n<li>Alimentos o l\u00edquidos derramados en tiendas.<\/li>\r\n\r\n\r\n\r\n<li>Nieve o hielo en aceras o pasillos.<\/li>\r\n\r\n\r\n\r\n<li>Pavimento desigual o aceras agrietadas.<\/li>\r\n\r\n\r\n\r\n<li>Alfombras, tapetes o tablones sueltos.<\/li>\r\n\r\n\r\n\r\n<li>Iluminaci\u00f3n deficiente en huecos de escaleras o pasillos.<\/li>\r\n\r\n\r\n\r\n<li>Pasamanos faltantes o rotos.<\/li>\r\n\r\n\r\n\r\n<li>Cables o alambres tendidos en los pasillos.<\/li>\r\n\r\n\r\n\r\n<li>Escaleras o pelda\u00f1os inseguros.<\/li>\r\n\r\n\r\n\r\n<li>Pisos o superficies defectuosas.<\/li>\r\n<\/ul>\r\n\r\n\r\n\r\n<p>Los accidentes por resbalones y ca\u00eddas pueden ocurrir dentro de negocios, fuera de casas o en propiedad p\u00fablica. No importa d\u00f3nde ocurri\u00f3, usted puede tener derecho a una compensaci\u00f3n si el propietario no arregl\u00f3 o advirti\u00f3 sobre el peligro.<\/p>\r\n\r\n\r\n\r\n<h2 class=\"wp-block-heading\">\u00bfD\u00f3nde Ocurren los Accidentes por Resbalones y Ca\u00eddas?<\/h2>\r\n\r\n\r\n\r\n<p>Nuestro bufete maneja casos de resbalones y ca\u00eddas que ocurren en muchos tipos de lugares, incluyendo:<\/p>\r\n\r\n\r\n\r\n<ul class=\"wp-block-list\">\r\n<li>Tiendas de comestibles y supermercados.<\/li>\r\n\r\n\r\n\r\n<li>Centros comerciales y tiendas minoristas.<\/li>\r\n\r\n\r\n\r\n<li>Restaurantes y cafeter\u00edas.<\/li>\r\n\r\n\r\n\r\n<li>Complejos de apartamentos y casas de alquiler.<\/li>\r\n\r\n\r\n\r\n<li>Hoteles y moteles.<\/li>\r\n\r\n\r\n\r\n<li>Hospitales y consultorios m\u00e9dicos.<\/li>\r\n\r\n\r\n\r\n<li>Parques p\u00fablicos, aceras y estacionamientos.<\/li>\r\n\r\n\r\n\r\n<li>Escuelas y universidades.<\/li>\r\n\r\n\r\n\r\n<li>Edificios de oficinas.<\/li>\r\n\r\n\r\n\r\n<li>Edificios gubernamentales o instalaciones p\u00fablicas.<\/li>\r\n<\/ul>\r\n\r\n\r\n\r\n<p>Los propietarios deben tomar medidas razonables para mantener sus instalaciones. Cuando no lo hacen y alguien se lastima, un abogado de resbalones y ca\u00eddas\u00a0 en Cherry Hill, Nueva Jersey, puede ayudar a responsabilizarlos.<\/p>\r\n\r\n\r\n\r\n<h2 class=\"wp-block-heading\">Lesiones Comunes por Accidentes de Resbalones y Ca\u00eddas<\/h2>\r\n\r\n\r\n\r\n<p>Las ca\u00eddas pueden provocar lesiones graves y, a veces, permanentes, especialmente para adultos mayores o personas con afecciones subyacentes. Algunas de las lesiones m\u00e1s comunes que vemos incluyen:<\/p>\r\n\r\n\r\n\r\n<ul class=\"wp-block-list\">\r\n<li>Huesos rotos (especialmente mu\u00f1ecas, caderas y tobillos).<\/li>\r\n\r\n\r\n\r\n<li>Esguinces y ligamentos desgarrados.<\/li>\r\n\r\n\r\n\r\n<li>Lesiones de espalda y cuello.<\/li>\r\n\r\n\r\n\r\n<li>Da\u00f1o de la m\u00e9dula espinal.<\/li>\r\n\r\n\r\n\r\n<li>Lesiones cerebrales traum\u00e1ticas (TBI) y conmociones cerebrales.<\/li>\r\n\r\n\r\n\r\n<li>Cortes y laceraciones profundas.<\/li>\r\n\r\n\r\n\r\n<li>Lesiones de rodilla u hombro.<\/li>\r\n\r\n\r\n\r\n<li>Hemorragia interna o da\u00f1o org\u00e1nico.<\/li>\r\n\r\n\r\n\r\n<li>Dolor cr\u00f3nico y problemas de movilidad.<\/li>\r\n<\/ul>\r\n\r\n\r\n\r\n<p>Muchas v\u00edctimas requieren atenci\u00f3n de emergencia, cirug\u00eda, fisioterapia o tratamiento a largo plazo. Un abogado de resbalones y ca\u00eddas experto en Cherry Hill puede ayudarle a buscar una compensaci\u00f3n para cubrir el alcance total de sus p\u00e9rdidas m\u00e9dicas y personales.<\/p>\r\n\r\n\r\n\r\n<h2 class=\"wp-block-heading\">Qu\u00e9 Hacer Despu\u00e9s de un Accidente por Resbal\u00f3n y Ca\u00edda<\/h2>\r\n\r\n\r\n\r\n<p>Sus acciones en los minutos, horas y d\u00edas posteriores a una ca\u00edda pueden afectar tanto su recuperaci\u00f3n como sus derechos legales. Esto es lo que debe hacer:<\/p>\r\n\r\n\r\n\r\n<ul class=\"wp-block-list\">\r\n<li>Busque atenci\u00f3n m\u00e9dica de inmediato: Incluso si su lesi\u00f3n parece menor, es importante que lo revisen. La documentaci\u00f3n tambi\u00e9n ayuda a respaldar su reclamaci\u00f3n.<\/li>\r\n\r\n\r\n\r\n<li>Reporte el incidente: Notifique al propietario, gerente de la tienda, arrendador o quien sea responsable de las instalaciones. P\u00eddales que presenten un informe del incidente.<\/li>\r\n\r\n\r\n\r\n<li>Tome fotograf\u00edas: Capture im\u00e1genes de la condici\u00f3n peligrosa que caus\u00f3 su ca\u00edda, el \u00e1rea circundante y sus lesiones si es posible.<\/li>\r\n\r\n\r\n\r\n<li>Obtenga informaci\u00f3n de los testigos: Recopile nombres e informaci\u00f3n de contacto de cualquier persona que haya presenciado el accidente o la condici\u00f3n peligrosa.<\/li>\r\n\r\n\r\n\r\n<li>Preserve las pruebas: Conserve su ropa y zapatos, especialmente si muestran signos de la ca\u00edda (por ejemplo, mojados o rotos).<\/li>\r\n\r\n\r\n\r\n<li>Evite dar declaraciones: No hable con las compa\u00f1\u00edas de seguros ni firme nada antes de hablar con un abogado.<\/li>\r\n\r\n\r\n\r\n<li>Llame a un abogado de resbalones y ca\u00eddas en Cherry Hill, Nueva Jersey: El asesoramiento legal temprano puede proteger sus derechos y fortalecer su caso.<\/li>\r\n<\/ul>\r\n\r\n\r\n\r\n<h2 class=\"wp-block-heading\">C\u00f3mo Probar una Reclamaci\u00f3n por Resbal\u00f3n y Ca\u00edda en Nueva Jersey<\/h2>\r\n\r\n\r\n\r\n<p>Para tener \u00e9xito en una demanda por resbal\u00f3n y ca\u00edda, su abogado de resbalones y ca\u00eddas especializado debe probar que:<\/p>\r\n\r\n\r\n\r\n<ul class=\"wp-block-list\">\r\n<li>Exist\u00eda una condici\u00f3n peligrosa en la propiedad.<\/li>\r\n\r\n\r\n\r\n<li>El propietario sab\u00eda o deber\u00eda haber sabido sobre la condici\u00f3n.<\/li>\r\n\r\n\r\n\r\n<li>No arreglaron o advirtieron sobre el peligro en un tiempo razonable.<\/li>\r\n\r\n\r\n\r\n<li>Usted result\u00f3 lesionado como resultado de la condici\u00f3n peligrosa.<\/li>\r\n<\/ul>\r\n\r\n\r\n\r\n<p>Esto a menudo implica recopilar fotos, declaraciones de testigos, registros de mantenimiento y testimonio de expertos. En J. Fine Law, sabemos c\u00f3mo construir casos s\u00f3lidos basados en pruebas que resistan el escrutinio.<\/p>\r\n\r\n\r\n\r\n<h2 class=\"wp-block-heading\">\u00bfCu\u00e1nto Vale Mi Caso de Resbal\u00f3n y Ca\u00edda?<\/h2>\r\n\r\n\r\n\r\n<p>Cada caso es diferente, y el valor de su reclamaci\u00f3n depender\u00e1 de varios factores, incluyendo:<\/p>\r\n\r\n\r\n\r\n<ul class=\"wp-block-list\">\r\n<li>La gravedad de su lesi\u00f3n.<\/li>\r\n\r\n\r\n\r\n<li>El costo de su tratamiento m\u00e9dico.<\/li>\r\n\r\n\r\n\r\n<li>El tiempo perdido en el trabajo o la reducci\u00f3n de la capacidad de ganancia.<\/li>\r\n\r\n\r\n\r\n<li>El dolor, el sufrimiento y la angustia emocional.<\/li>\r\n\r\n\r\n\r\n<li>El impacto a largo plazo en su calidad de vida.<\/li>\r\n\r\n\r\n\r\n<li>Si tiene una discapacidad o impedimento permanente.<\/li>\r\n<\/ul>\r\n\r\n\r\n\r\n<p>Un abogado de resbalones y ca\u00eddas experto\u00a0 puede ayudarle a calcular el alcance total de sus da\u00f1os y luchar por la compensaci\u00f3n que merece.<\/p>\r\n\r\n\r\n\r\n<p>Usted puede tener derecho a recuperar:<\/p>\r\n\r\n\r\n\r\n<ul class=\"wp-block-list\">\r\n<li>Gastos m\u00e9dicos (pasados y futuros).<\/li>\r\n\r\n\r\n\r\n<li>Salarios perdidos y p\u00e9rdida de la capacidad de ganancia.<\/li>\r\n\r\n\r\n\r\n<li>Dolor y sufrimiento.<\/li>\r\n\r\n\r\n\r\n<li>Angustia mental.<\/li>\r\n\r\n\r\n\r\n<li>Gastos de bolsillo.<\/li>\r\n\r\n\r\n\r\n<li>Rehabilitaci\u00f3n y fisioterapia.<\/li>\r\n\r\n\r\n\r\n<li>Dispositivos de asistencia o modificaciones en el hogar.<\/li>\r\n\r\n\r\n\r\n<li>Da\u00f1os por muerte injusta (si un ser querido falleci\u00f3 a causa de una ca\u00edda).<\/li>\r\n<\/ul>\r\n\r\n\r\n\r\n<h2 class=\"wp-block-heading\">\u00bfQu\u00e9 Sucede Si Tuve Parte de la Culpa?<\/h2>\r\n\r\n\r\n\r\n<p>Nueva Jersey sigue una regla llamada negligencia comparativa modificada. Esto significa que:<\/p>\r\n\r\n\r\n\r\n<ul class=\"wp-block-list\">\r\n<li>Usted a\u00fan puede recuperar una compensaci\u00f3n si tuvo menos del 51% de la culpa.<\/li>\r\n\r\n\r\n\r\n<li>Su recuperaci\u00f3n se reducir\u00e1 en su porcentaje de culpa.<\/li>\r\n<\/ul>\r\n\r\n\r\n\r\n<p>Por ejemplo, si usted fue responsable en un 20% de su ca\u00edda y sus da\u00f1os totalizaron $100,000, a\u00fan podr\u00eda recuperar $80,000.<\/p>\r\n\r\n\r\n\r\n<p>Las compa\u00f1\u00edas de seguros a menudo intentan trasladar la culpa para evitar el pago. En J. Fine Law, rechazamos estas t\u00e1cticas y luchamos por un resultado justo.<\/p>\r\n\r\n\r\n\r\n<h2 class=\"wp-block-heading\">\u00bfCu\u00e1nto Tiempo Tengo Para Presentar una Demanda por Resbal\u00f3n y Ca\u00edda en Nueva Jersey?<\/h2>\r\n\r\n\r\n\r\n<p>Seg\u00fan la ley de Nueva Jersey, generalmente tiene dos a\u00f1os a partir de la fecha de su lesi\u00f3n para presentar una demanda por lesiones personales.<\/p>\r\n\r\n\r\n\r\n<p>Sin embargo, si su ca\u00edda ocurri\u00f3 en propiedad del gobierno, es posible que deba presentar un Aviso de Reclamaci\u00f3n en tan solo 90 d\u00edas. Esto incluye aceras de la ciudad, edificios p\u00fablicos e instalaciones administradas por el estado.<\/p>\r\n\r\n\r\n\r\n<p>No espere para hablar con un abogado de resbalones y ca\u00eddas en Cherry Hill, Nueva Jersey. Actuar con rapidez ayuda a preservar las pruebas y le da a su caso la mejor oportunidad de \u00e9xito.<\/p>\r\n\r\n\r\n\r\n<h2 class=\"wp-block-heading\">\u00bfPor Qu\u00e9 Elegir J. Fine Law?<\/h2>\r\n\r\n\r\n\r\n<p>En J. Fine Law, entendemos lo abrumadora que puede ser una lesi\u00f3n grave, especialmente cuando es causada por la negligencia de otra persona. Nuestro equipo est\u00e1 aqu\u00ed para quitarle la presi\u00f3n y guiarle a trav\u00e9s del proceso legal.<\/p>\r\n\r\n\r\n\r\n<p>He aqu\u00ed por qu\u00e9 las v\u00edctimas de lesiones en Cherry Hill conf\u00edan en nosotros:<\/p>\r\n\r\n\r\n\r\n<ul class=\"wp-block-list\">\r\n<li>Enfocados en la ley de lesiones personales: Sabemos c\u00f3mo manejar casos de resbalones y ca\u00eddas y c\u00f3mo navegar por complejas cuestiones de responsabilidad.<\/li>\r\n\r\n\r\n\r\n<li>Atenci\u00f3n personalizada: Nos tomamos el tiempo para comprender su historia y sus objetivos.<\/li>\r\n\r\n\r\n\r\n<li>Representaci\u00f3n agresiva: Luchamos contra las compa\u00f1\u00edas de seguros que intentan negar o subestimar su reclamaci\u00f3n.<\/li>\r\n\r\n\r\n\r\n<li>Estructura de honorarios de contingencia: Usted no paga nada a menos que recuperemos dinero para usted.<\/li>\r\n\r\n\r\n\r\n<li>Resultados probados: Nuestro bufete ha ayudado a innumerables v\u00edctimas en todo Nueva Jersey a recuperar una compensaci\u00f3n significativa.<\/li>\r\n<\/ul>\r\n\r\n\r\n\r\n<p>No somos solo abogados, somos defensores comprometidos a ayudarle a seguir adelante.<\/p>\r\n\r\n\r\n\r\n<h2 class=\"wp-block-heading\">P\u00f3ngase en Contacto Hoy Mismo con un Abogado de Resbalones y Ca\u00eddas en Cherry Hill, Nueva Jersey<\/h2>\r\n\r\n\r\n\r\n<p>Si usted o un ser querido result\u00f3 lesionado en un accidente por resbal\u00f3n y ca\u00edda, no tiene que enfrentar las secuelas solo. En J. Fine Law, estamos listos para escuchar, explicar sus derechos y luchar por cada d\u00f3lar que merece.<\/p>\r\n\r\n\r\n\r\n<p>No permita que las compa\u00f1\u00edas de seguros minimicen sus lesiones o lo culpen por lo que sucedi\u00f3. Permita que un <a href=\"https:\/\/maps.app.goo.gl\/bZbnKdL5khXTcz2m9\" target=\"_blank\" rel=\"noopener\">abogado de resbalones y ca\u00eddas<\/a> en resbalones y ca\u00eddas en Cherry Hill, Nueva Jersey, lo defienda.<\/p>\r\n","protected":false},"excerpt":{"rendered":"<p>Defendiendo a V\u00edctimas Lesionadas en Todo Nueva Jersey Los accidentes por resbalones y ca\u00eddas ocurren en un instante, pero el dolor, las facturas m\u00e9dicas y la alteraci\u00f3n que causan pueden durar toda la vida. Ya sea que su ca\u00edda haya ocurrido en una tienda de comestibles, un restaurante, un complejo de apartamentos o una acera, [&hellip;]<\/p>\n","protected":false},"author":7,"featured_media":4550,"parent":4526,"menu_order":0,"comment_status":"closed","ping_status":"closed","template":"","meta":{"site-sidebar-layout":"default","site-content-layout":"","ast-site-content-layout":"default","site-content-style":"default","site-sidebar-style":"default","ast-global-header-display":"","ast-banner-title-visibility":"","ast-main-header-display":"","ast-hfb-above-header-display":"","ast-hfb-below-header-display":"","ast-hfb-mobile-header-display":"","site-post-title":"","ast-breadcrumbs-content":"","ast-featured-img":"","footer-sml-layout":"","theme-transparent-header-meta":"","adv-header-id-meta":"","stick-header-meta":"","header-above-stick-meta":"","header-main-stick-meta":"","header-below-stick-meta":"","astra-migrate-meta-layouts":"set","ast-page-background-enabled":"default","ast-page-background-meta":{"desktop":{"background-color":"var(--ast-global-color-4)","background-image":"","background-repeat":"repeat","background-position":"center center","background-size":"auto","background-attachment":"scroll","background-type":"","background-media":"","overlay-type":"","overlay-color":"","overlay-opacity":"","overlay-gradient":""},"tablet":{"background-color":"","background-image":"","background-repeat":"repeat","background-position":"center center","background-size":"auto","background-attachment":"scroll","background-type":"","background-media":"","overlay-type":"","overlay-color":"","overlay-opacity":"","overlay-gradient":""},"mobile":{"background-color":"","background-image":"","background-repeat":"repeat","background-position":"center center","background-size":"auto","background-attachment":"scroll","background-type":"","background-media":"","overlay-type":"","overlay-color":"","overlay-opacity":"","overlay-gradient":""}},"ast-content-background-meta":{"desktop":{"background-color":"var(--ast-global-color-5)","background-image":"","background-repeat":"repeat","background-position":"center center","background-size":"auto","background-attachment":"scroll","background-type":"","background-media":"","overlay-type":"","overlay-color":"","overlay-opacity":"","overlay-gradient":""},"tablet":{"background-color":"var(--ast-global-color-5)","background-image":"","background-repeat":"repeat","background-position":"center center","background-size":"auto","background-attachment":"scroll","background-type":"","background-media":"","overlay-type":"","overlay-color":"","overlay-opacity":"","overlay-gradient":""},"mobile":{"background-color":"var(--ast-global-color-5)","background-image":"","background-repeat":"repeat","background-position":"center center","background-size":"auto","background-attachment":"scroll","background-type":"","background-media":"","overlay-type":"","overlay-color":"","overlay-opacity":"","overlay-gradient":""}},"iawp_total_views":9,"footnotes":""},"class_list":["post-4537","page","type-page","status-publish","has-post-thumbnail","hentry"],"_links":{"self":[{"href":"https:\/\/jfinelaw.com\/es\/wp-json\/wp\/v2\/pages\/4537","targetHints":{"allow":["GET"]}}],"collection":[{"href":"https:\/\/jfinelaw.com\/es\/wp-json\/wp\/v2\/pages"}],"about":[{"href":"https:\/\/jfinelaw.com\/es\/wp-json\/wp\/v2\/types\/page"}],"author":[{"embeddable":true,"href":"https:\/\/jfinelaw.com\/es\/wp-json\/wp\/v2\/users\/7"}],"replies":[{"embeddable":true,"href":"https:\/\/jfinelaw.com\/es\/wp-json\/wp\/v2\/comments?post=4537"}],"version-history":[{"count":2,"href":"https:\/\/jfinelaw.com\/es\/wp-json\/wp\/v2\/pages\/4537\/revisions"}],"predecessor-version":[{"id":4905,"href":"https:\/\/jfinelaw.com\/es\/wp-json\/wp\/v2\/pages\/4537\/revisions\/4905"}],"up":[{"embeddable":true,"href":"https:\/\/jfinelaw.com\/es\/wp-json\/wp\/v2\/pages\/4526"}],"wp:featuredmedia":[{"embeddable":true,"href":"https:\/\/jfinelaw.com\/es\/wp-json\/wp\/v2\/media\/4550"}],"wp:attachment":[{"href":"https:\/\/jfinelaw.com\/es\/wp-json\/wp\/v2\/media?parent=4537"}],"curies":[{"name":"wp","href":"https:\/\/api.w.org\/{rel}","templated":true}]}}