{"id":4552,"date":"2025-03-28T16:14:00","date_gmt":"2025-03-28T16:14:00","guid":{"rendered":"https:\/\/jfinelaw.com\/?page_id=4552"},"modified":"2025-06-11T20:54:51","modified_gmt":"2025-06-11T20:54:51","slug":"abogado-de-lesiones-cerebrales-traumaticas-en-nueva-jersey","status":"publish","type":"page","link":"https:\/\/jfinelaw.com\/es\/abogado-de-lesiones-personales-en-nueva-jersey-2\/abogado-de-lesiones-cerebrales-traumaticas-en-nueva-jersey\/","title":{"rendered":"Abogado de Lesiones Cerebrales Traum\u00e1ticas en Nueva Jersey"},"content":{"rendered":"\r\n<h2 class=\"wp-block-heading\">Protegiendo los Derechos de las V\u00edctimas de Lesiones Cerebrales<\/h2>\r\n\r\n\r\n\r\n<p>Una lesi\u00f3n cerebral traum\u00e1tica (TBI, por sus siglas en ingl\u00e9s) puede cambiar su vida en cuesti\u00f3n de segundos. Ya sea causada por un accidente automovil\u00edstico, una ca\u00edda, un accidente laboral o un incidente violento, las consecuencias pueden ser devastadoras. Muchas v\u00edctimas experimentan deficiencias a largo plazo o permanentes que afectan la memoria, el habla, la movilidad y el bienestar emocional.<\/p>\r\n\r\n\r\n\r\n<p>Si usted o un ser querido ha sufrido una lesi\u00f3n cerebral traum\u00e1tica debido a la negligencia de otra persona, tiene derecho a buscar justicia y una compensaci\u00f3n. En J. Fine Law, representamos a v\u00edctimas de lesiones cerebrales y a sus familias en todo Nueva Jersey. Nuestro equipo luchar\u00e1 para recuperar el apoyo financiero que necesita para cubrir la atenci\u00f3n m\u00e9dica, la p\u00e9rdida de ingresos y el impacto que esta lesi\u00f3n ha tenido en su vida.<\/p>\r\n\r\n\r\n\r\n<p>Hable hoy mismo con un<a href=\"https:\/\/jfinelaw.com\/\"> abogado de lesiones cerebrales traum\u00e1ticas<\/a> en Cherry Hill, Nueva Jersey, con experiencia para una consulta gratuita y confidencial. No tiene que enfrentar esto solo.<\/p>\r\n\r\n\r\n\r\n<h2 class=\"wp-block-heading\">\u00bfQu\u00e9 Es una Lesi\u00f3n Cerebral Traum\u00e1tica?<\/h2>\r\n\r\n\r\n\r\n<p>Una lesi\u00f3n cerebral traum\u00e1tica es una alteraci\u00f3n de la funci\u00f3n cerebral normal causada por un golpe, una sacudida o una lesi\u00f3n penetrante en la cabeza. Las TBI var\u00edan desde conmociones cerebrales leves hasta da\u00f1o cerebral grave que altera la vida. Estas lesiones pueden afectar la capacidad f\u00edsica, el funcionamiento mental, la personalidad y la estabilidad emocional.<\/p>\r\n\r\n\r\n\r\n<p>Las causas comunes de lesiones cerebrales traum\u00e1ticas incluyen:<\/p>\r\n\r\n\r\n\r\n<ul class=\"wp-block-list\">\r\n<li>Accidentes automovil\u00edsticos (coche, cami\u00f3n o motocicleta).<\/li>\r\n\r\n\r\n\r\n<li>Ca\u00eddas desde alturas o en instalaciones inseguras.<\/li>\r\n\r\n\r\n\r\n<li>Accidentes laborales y lesiones en sitios de construcci\u00f3n.<\/li>\r\n\r\n\r\n\r\n<li>Accidentes deportivos o recreativos.<\/li>\r\n\r\n\r\n\r\n<li>Agresiones y ataques violentos.<\/li>\r\n\r\n\r\n\r\n<li>Mala praxis m\u00e9dica o lesiones de nacimiento.<\/li>\r\n<\/ul>\r\n\r\n\r\n\r\n<p>En J. Fine Law, nuestro trabajo es investigar la causa de su lesi\u00f3n, determinar qui\u00e9n puede ser considerado legalmente responsable y luchar por la compensaci\u00f3n que necesita para seguir adelante. Un abogado de lesiones cerebrales traum\u00e1ticas en Cherry Hill, Nueva Jersey, experto puede guiarle en cada paso del camino.<\/p>\r\n\r\n\r\n\r\n<h2 class=\"wp-block-heading\">Tipos de Lesiones Cerebrales Traum\u00e1ticas<\/h2>\r\n\r\n\r\n\r\n<p>Las lesiones cerebrales traum\u00e1ticas pueden variar en gravedad y tipo. Nuestro bufete tiene experiencia en el manejo de casos que involucran:<\/p>\r\n\r\n\r\n\r\n<p><strong>Conmociones Cerebrales <\/strong><\/p>\r\n\r\n\r\n\r\n<p>A menudo clasificadas como TBI \u00ableves\u00bb, las conmociones cerebrales a\u00fan pueden tener efectos graves y duraderos, especialmente si son repetidas o no se tratan.<\/p>\r\n\r\n\r\n\r\n<p><strong>Contusiones <\/strong><\/p>\r\n\r\n\r\n\r\n<p>Un hematoma o sangrado en el cerebro, generalmente causado por un impacto directo en la cabeza.<\/p>\r\n\r\n\r\n\r\n<p><strong>Lesiones por Contragolpe <\/strong><\/p>\r\n\r\n\r\n\r\n<p>Da\u00f1o cerebral que ocurre en el sitio del impacto y en el lado opuesto del cerebro debido a la fuerza de la lesi\u00f3n.<\/p>\r\n\r\n\r\n\r\n<p><strong>Lesiones Axonales Difusas <\/strong><\/p>\r\n\r\n\r\n\r\n<p>Da\u00f1o generalizado a las fibras nerviosas conectivas del cerebro, a menudo resulta en inconsciencia o coma.<\/p>\r\n\r\n\r\n\r\n<p><strong>Lesiones Cerebrales Penetrantes <\/strong><\/p>\r\n\r\n\r\n\r\n<p>Cuando un objeto atraviesa el cr\u00e1neo e ingresa al cerebro. Estas lesiones a menudo requieren cirug\u00eda de emergencia y pueden ser fatales.<\/p>\r\n\r\n\r\n\r\n<p><strong>Lesiones Cerebrales An\u00f3xicas <\/strong><\/p>\r\n\r\n\r\n\r\n<p>Ocurre cuando el cerebro se ve privado de ox\u00edgeno, a menudo debido a un error m\u00e9dico, ahogamiento o paro card\u00edaco.<\/p>\r\n\r\n\r\n\r\n<p>Un abogado de lesiones cerebrales traum\u00e1ticas especializado puede ayudar a evaluar los registros m\u00e9dicos, consultar con especialistas y determinar el alcance total de su lesi\u00f3n.<\/p>\r\n\r\n\r\n\r\n<h2 class=\"wp-block-heading\">Signos y S\u00edntomas de Lesi\u00f3n Cerebral Traum\u00e1tica<\/h2>\r\n\r\n\r\n\r\n<p>Las TBI pueden no ser evidentes de inmediato despu\u00e9s de un accidente. Algunos s\u00edntomas aparecen horas o d\u00edas despu\u00e9s. Las v\u00edctimas deben buscar atenci\u00f3n m\u00e9dica inmediata si experimentan alguno de los siguientes:<\/p>\r\n\r\n\r\n\r\n<ul class=\"wp-block-list\">\r\n<li>Dolores de cabeza o mareos.<\/li>\r\n\r\n\r\n\r\n<li>Confusi\u00f3n o p\u00e9rdida de memoria.<\/li>\r\n\r\n\r\n\r\n<li>N\u00e1useas o v\u00f3mitos.<\/li>\r\n\r\n\r\n\r\n<li>Dificultad para hablar o comprender.<\/li>\r\n\r\n\r\n\r\n<li>P\u00e9rdida de equilibrio o coordinaci\u00f3n.<\/li>\r\n\r\n\r\n\r\n<li>Cambios de humor, ansiedad o depresi\u00f3n.<\/li>\r\n\r\n\r\n\r\n<li>Problemas de visi\u00f3n o audici\u00f3n.<\/li>\r\n\r\n\r\n\r\n<li>Trastornos del sue\u00f1o.<\/li>\r\n\r\n\r\n\r\n<li>P\u00e9rdida de conciencia (breve o prolongada).<\/li>\r\n<\/ul>\r\n\r\n\r\n\r\n<p>Si ha notado cambios en usted o en un ser querido despu\u00e9s de una lesi\u00f3n en la cabeza, no ignore los signos. El tratamiento oportuno y la acci\u00f3n legal pueden marcar la diferencia.<\/p>\r\n\r\n\r\n\r\n<h2 class=\"wp-block-heading\">Impacto a Largo Plazo de las Lesiones Cerebrales<\/h2>\r\n\r\n\r\n\r\n<p>Una lesi\u00f3n cerebral traum\u00e1tica puede generar desaf\u00edos de por vida. Dependiendo de la gravedad, las v\u00edctimas pueden experimentar:<\/p>\r\n\r\n\r\n\r\n<ul class=\"wp-block-list\">\r\n<li>Dificultad con el habla, el lenguaje o la cognici\u00f3n.<\/li>\r\n\r\n\r\n\r\n<li>Reducci\u00f3n de la movilidad o par\u00e1lisis.<\/li>\r\n\r\n\r\n\r\n<li>Trastornos convulsivos.<\/li>\r\n\r\n\r\n\r\n<li>Cambios de personalidad o problemas de comportamiento.<\/li>\r\n\r\n\r\n\r\n<li>Depresi\u00f3n, TEPT o ansiedad.<\/li>\r\n\r\n\r\n\r\n<li>Incapacidad para trabajar o regresar al empleo anterior.<\/li>\r\n\r\n\r\n\r\n<li>Relaciones tensas y aislamiento.<\/li>\r\n\r\n\r\n\r\n<li>Necesidad de cuidados a tiempo completo o vida asistida.<\/li>\r\n<\/ul>\r\n\r\n\r\n\r\n<p>Estos efectos pueden alterar dr\u00e1sticamente la independencia, la carrera y la calidad de vida de una persona. Es por eso que es tan importante tener un abogado de lesiones cerebrales traum\u00e1ticas especializado de su lado para garantizar que sus necesidades futuras se tengan plenamente en cuenta en su reclamaci\u00f3n.<\/p>\r\n\r\n\r\n\r\n<h2 class=\"wp-block-heading\">\u00bfQui\u00e9n Puede Ser Considerado Responsable de una Lesi\u00f3n Cerebral?<\/h2>\r\n\r\n\r\n\r\n<p>Si su lesi\u00f3n cerebral fue causada por la negligencia de otra persona o parte, puede tener motivos para presentar una demanda por lesiones personales. Las partes potencialmente responsables incluyen:<\/p>\r\n\r\n\r\n\r\n<ul class=\"wp-block-list\">\r\n<li>Conductores negligentes en accidentes automovil\u00edsticos o de camiones.<\/li>\r\n\r\n\r\n\r\n<li>Propietarios que no arreglaron condiciones inseguras.<\/li>\r\n\r\n\r\n\r\n<li>Empresas constructoras o empleadores (en ciertas reclamaciones de terceros).<\/li>\r\n\r\n\r\n\r\n<li>M\u00e9dicos u hospitales responsables de mala praxis m\u00e9dica.<\/li>\r\n\r\n\r\n\r\n<li>Fabricantes de productos o equipos defectuosos.<\/li>\r\n\r\n\r\n\r\n<li>Residencias de ancianos o cuidadores responsables de abuso de ancianos.<\/li>\r\n\r\n\r\n\r\n<li>Escuelas, entrenadores u organizaciones en lesiones relacionadas con el deporte.<\/li>\r\n\r\n\r\n\r\n<li>Individuos que causaron da\u00f1o mediante agresi\u00f3n o violencia.<\/li>\r\n<\/ul>\r\n\r\n\r\n\r\n<p>En J. Fine Law, investigamos cada aspecto de su caso para identificar a todas las partes responsables y construir una reclamaci\u00f3n convincente.<\/p>\r\n\r\n\r\n\r\n<h2 class=\"wp-block-heading\">\u00bfQu\u00e9 Compensaci\u00f3n Puedo Recuperar en una Demanda por Lesi\u00f3n Cerebral?<\/h2>\r\n\r\n\r\n\r\n<p>Una lesi\u00f3n cerebral traum\u00e1tica puede generar enormes costos financieros. Usted puede tener derecho a una compensaci\u00f3n por:<\/p>\r\n\r\n\r\n\r\n<ul class=\"wp-block-list\">\r\n<li>Tratamiento m\u00e9dico de emergencia y facturas de hospital.<\/li>\r\n\r\n\r\n\r\n<li>Rehabilitaci\u00f3n, terapia y atenci\u00f3n de enfermer\u00eda continuas.<\/li>\r\n\r\n\r\n\r\n<li>Salarios perdidos y p\u00e9rdida futura de la capacidad de ganancia.<\/li>\r\n\r\n\r\n\r\n<li>Dispositivos de asistencia y modificaciones en el hogar.<\/li>\r\n\r\n\r\n\r\n<li>Dolor y sufrimiento.<\/li>\r\n\r\n\r\n\r\n<li>Angustia emocional y trauma psicol\u00f3gico.<\/li>\r\n\r\n\r\n\r\n<li>P\u00e9rdida del disfrute de la vida.<\/li>\r\n\r\n\r\n\r\n<li>P\u00e9rdida de compa\u00f1\u00eda o apoyo (en casos de muerte injusta).<\/li>\r\n\r\n\r\n\r\n<li>Da\u00f1os punitivos (en casos de negligencia grave o da\u00f1o intencional).<\/li>\r\n<\/ul>\r\n\r\n\r\n\r\n<p>Nuestro abogado de lesiones cerebrales traum\u00e1ticas especializado, trabajar\u00e1 con expertos m\u00e9dicos, planificadores de atenci\u00f3n de por vida y analistas financieros para garantizar que busquemos el valor total de sus p\u00e9rdidas, tanto presentes como futuras.<\/p>\r\n\r\n\r\n\r\n<h2 class=\"wp-block-heading\">\u00bfQu\u00e9 Debo Hacer Despu\u00e9s de una Lesi\u00f3n Cerebral?<\/h2>\r\n\r\n\r\n\r\n<p>Si usted o alguien que ama ha sufrido una lesi\u00f3n cerebral, siga los siguientes pasos lo antes posible:<\/p>\r\n\r\n\r\n\r\n<ol class=\"wp-block-list\">\r\n<li>Busque atenci\u00f3n m\u00e9dica de inmediato. Su salud y seguridad son lo primero. No espere para buscar diagn\u00f3stico o tratamiento.<\/li>\r\n\r\n\r\n\r\n<li>Documente el incidente. Si es posible, tome fotos, escriba lo que sucedi\u00f3 y recopile cualquier informaci\u00f3n de los testigos.<\/li>\r\n\r\n\r\n\r\n<li>Conserve las pruebas. Guarde la ropa da\u00f1ada, los registros m\u00e9dicos y cualquier otra documentaci\u00f3n que pueda ayudar a probar su reclamaci\u00f3n.<\/li>\r\n\r\n\r\n\r\n<li>Evite hablar con los ajustadores de seguros. Pueden intentar llegar a un acuerdo r\u00e1pidamente o minimizar sus lesiones. No acepte ninguna oferta antes de consultar a un abogado.<\/li>\r\n\r\n\r\n\r\n<li>P\u00f3ngase en contacto con un abogado especializado en lesiones cerebrales traum\u00e1ticas en Cherry Hill, Nueva Jersey. La orientaci\u00f3n legal temprana puede proteger sus derechos y brindarle la mejor oportunidad de obtener una compensaci\u00f3n completa.<\/li>\r\n<\/ol>\r\n\r\n\r\n\r\n<h2 class=\"wp-block-heading\">\u00bfCu\u00e1nto Tiempo Tengo Para Presentar una Demanda por Lesi\u00f3n Cerebral en Nueva Jersey?<\/h2>\r\n\r\n\r\n\r\n<p>En la mayor\u00eda de los casos, la ley de Nueva Jersey le otorga dos a\u00f1os a partir de la fecha de su lesi\u00f3n para presentar una demanda por lesiones personales. Sin embargo, existen excepciones:<\/p>\r\n\r\n\r\n\r\n<ul class=\"wp-block-list\">\r\n<li>Las reclamaciones contra agencias gubernamentales pueden requerir un Aviso de Reclamaci\u00f3n dentro de los 90 d\u00edas.<\/li>\r\n\r\n\r\n\r\n<li>Si la lesi\u00f3n no se descubri\u00f3 de inmediato, el plazo puede comenzar cuando se diagnostic\u00f3.<\/li>\r\n\r\n\r\n\r\n<li>Para menores o personas con capacidad disminuida, el plazo puede extenderse.<\/li>\r\n<\/ul>\r\n\r\n\r\n\r\n<p>No se arriesgue a perder su oportunidad de recuperar una compensaci\u00f3n. Hable con un abogado de lesiones cerebrales traum\u00e1ticas especializado en Cherry Hill lo antes posible para proteger su caso.<\/p>\r\n\r\n\r\n\r\n<h2 class=\"wp-block-heading\">\u00bfPor Qu\u00e9 Elegir J. Fine Law?<\/h2>\r\n\r\n\r\n\r\n<p>En J. Fine Law, estamos comprometidos a brindar una representaci\u00f3n legal compasiva y agresiva a aquellos cuyas vidas han sido trastornadas por lesiones cerebrales traum\u00e1ticas. Nuestro bufete comprende lo que est\u00e1 en juego: su salud, sus finanzas y su futuro.<\/p>\r\n\r\n\r\n\r\n<p>Esto es lo que puede esperar cuando trabaja con nosotros:<\/p>\r\n\r\n\r\n\r\n<ul class=\"wp-block-list\">\r\n<li>Consulta inicial gratuita y sin compromiso.<\/li>\r\n\r\n\r\n\r\n<li>Comunicaci\u00f3n directa con su abogado.<\/li>\r\n\r\n\r\n\r\n<li>Investigaci\u00f3n exhaustiva y recopilaci\u00f3n de pruebas.<\/li>\r\n\r\n\r\n\r\n<li>Consulta con los mejores expertos m\u00e9dicos y financieros.<\/li>\r\n\r\n\r\n\r\n<li>Negociaci\u00f3n agresiva con las compa\u00f1\u00edas de seguros.<\/li>\r\n\r\n\r\n\r\n<li>Litigio listo para juicio si no se ofrece un acuerdo justo.<\/li>\r\n\r\n\r\n\r\n<li>Sin honorarios legales a menos que obtengamos una compensaci\u00f3n para usted.<\/li>\r\n<\/ul>\r\n\r\n\r\n\r\n<p>Tratamos a cada cliente como a nuestra familia y luchamos incansablemente por la justicia que merece.<\/p>\r\n\r\n\r\n\r\n<h2 class=\"wp-block-heading\">P\u00f3ngase en Contacto Hoy Mismo con un Abogado de Lesiones Cerebrales Traum\u00e1ticas en Cherry Hill, Nueva Jersey<\/h2>\r\n\r\n\r\n\r\n<p>Si usted o un ser querido ha sufrido una lesi\u00f3n cerebral traum\u00e1tica debido a la negligencia de otra persona, merece respuestas y merece ayuda. En J. Fine Law, apoyamos a las v\u00edctimas y sus familias en todo Nueva Jersey en la lucha por la justicia, la rendici\u00f3n de cuentas y la recuperaci\u00f3n econ\u00f3mica.<\/p>\r\n\r\n\r\n\r\n<p>No espere. Llame ahora para hablar con un <a href=\"https:\/\/maps.app.goo.gl\/bZbnKdL5khXTcz2m9\" target=\"_blank\" rel=\"noopener\">abogado de lesiones cerebrales traum\u00e1ticas experto<\/a> en Cherry Hill. Su consulta es gratuita y no paga nada a menos que ganemos.<\/p>\r\n","protected":false},"excerpt":{"rendered":"<p>Protegiendo los Derechos de las V\u00edctimas de Lesiones Cerebrales Una lesi\u00f3n cerebral traum\u00e1tica (TBI, por sus siglas en ingl\u00e9s) puede cambiar su vida en cuesti\u00f3n de segundos. Ya sea causada por un accidente automovil\u00edstico, una ca\u00edda, un accidente laboral o un incidente violento, las consecuencias pueden ser devastadoras. Muchas v\u00edctimas experimentan deficiencias a largo plazo [&hellip;]<\/p>\n","protected":false},"author":7,"featured_media":4553,"parent":4526,"menu_order":0,"comment_status":"closed","ping_status":"closed","template":"","meta":{"site-sidebar-layout":"default","site-content-layout":"","ast-site-content-layout":"default","site-content-style":"default","site-sidebar-style":"default","ast-global-header-display":"","ast-banner-title-visibility":"","ast-main-header-display":"","ast-hfb-above-header-display":"","ast-hfb-below-header-display":"","ast-hfb-mobile-header-display":"","site-post-title":"","ast-breadcrumbs-content":"","ast-featured-img":"","footer-sml-layout":"","theme-transparent-header-meta":"default","adv-header-id-meta":"","stick-header-meta":"","header-above-stick-meta":"","header-main-stick-meta":"","header-below-stick-meta":"","astra-migrate-meta-layouts":"set","ast-page-background-enabled":"default","ast-page-background-meta":{"desktop":{"background-color":"var(--ast-global-color-4)","background-image":"","background-repeat":"repeat","background-position":"center center","background-size":"auto","background-attachment":"scroll","background-type":"","background-media":"","overlay-type":"","overlay-color":"","overlay-opacity":"","overlay-gradient":""},"tablet":{"background-color":"","background-image":"","background-repeat":"repeat","background-position":"center center","background-size":"auto","background-attachment":"scroll","background-type":"","background-media":"","overlay-type":"","overlay-color":"","overlay-opacity":"","overlay-gradient":""},"mobile":{"background-color":"","background-image":"","background-repeat":"repeat","background-position":"center center","background-size":"auto","background-attachment":"scroll","background-type":"","background-media":"","overlay-type":"","overlay-color":"","overlay-opacity":"","overlay-gradient":""}},"ast-content-background-meta":{"desktop":{"background-color":"var(--ast-global-color-5)","background-image":"","background-repeat":"repeat","background-position":"center center","background-size":"auto","background-attachment":"scroll","background-type":"","background-media":"","overlay-type":"","overlay-color":"","overlay-opacity":"","overlay-gradient":""},"tablet":{"background-color":"var(--ast-global-color-5)","background-image":"","background-repeat":"repeat","background-position":"center center","background-size":"auto","background-attachment":"scroll","background-type":"","background-media":"","overlay-type":"","overlay-color":"","overlay-opacity":"","overlay-gradient":""},"mobile":{"background-color":"var(--ast-global-color-5)","background-image":"","background-repeat":"repeat","background-position":"center center","background-size":"auto","background-attachment":"scroll","background-type":"","background-media":"","overlay-type":"","overlay-color":"","overlay-opacity":"","overlay-gradient":""}},"iawp_total_views":3,"footnotes":""},"class_list":["post-4552","page","type-page","status-publish","has-post-thumbnail","hentry"],"_links":{"self":[{"href":"https:\/\/jfinelaw.com\/es\/wp-json\/wp\/v2\/pages\/4552","targetHints":{"allow":["GET"]}}],"collection":[{"href":"https:\/\/jfinelaw.com\/es\/wp-json\/wp\/v2\/pages"}],"about":[{"href":"https:\/\/jfinelaw.com\/es\/wp-json\/wp\/v2\/types\/page"}],"author":[{"embeddable":true,"href":"https:\/\/jfinelaw.com\/es\/wp-json\/wp\/v2\/users\/7"}],"replies":[{"embeddable":true,"href":"https:\/\/jfinelaw.com\/es\/wp-json\/wp\/v2\/comments?post=4552"}],"version-history":[{"count":3,"href":"https:\/\/jfinelaw.com\/es\/wp-json\/wp\/v2\/pages\/4552\/revisions"}],"predecessor-version":[{"id":4771,"href":"https:\/\/jfinelaw.com\/es\/wp-json\/wp\/v2\/pages\/4552\/revisions\/4771"}],"up":[{"embeddable":true,"href":"https:\/\/jfinelaw.com\/es\/wp-json\/wp\/v2\/pages\/4526"}],"wp:featuredmedia":[{"embeddable":true,"href":"https:\/\/jfinelaw.com\/es\/wp-json\/wp\/v2\/media\/4553"}],"wp:attachment":[{"href":"https:\/\/jfinelaw.com\/es\/wp-json\/wp\/v2\/media?parent=4552"}],"curies":[{"name":"wp","href":"https:\/\/api.w.org\/{rel}","templated":true}]}}