{"id":4558,"date":"2025-03-28T16:19:11","date_gmt":"2025-03-28T16:19:11","guid":{"rendered":"https:\/\/jfinelaw.com\/?page_id=4558"},"modified":"2025-06-20T15:15:32","modified_gmt":"2025-06-20T15:15:32","slug":"abogado-de-uber-y-lyft-en-nueva-jersey","status":"publish","type":"page","link":"https:\/\/jfinelaw.com\/es\/abogado-de-lesiones-personales-en-nueva-jersey-2\/abogado-de-uber-y-lyft-en-nueva-jersey\/","title":{"rendered":"Abogado de Uber y Lyft en Nueva Jersey"},"content":{"rendered":"\r\n<h2 class=\"wp-block-heading\">Ayuda Legal para V\u00edctimas de Accidentes de Rideshare<\/h2>\r\n\r\n\r\n\r\n<p>Los servicios de viajes compartidos como Uber y Lyft se han convertido en parte de la vida cotidiana de los residentes de Cherry Hill. Ya sea que se dirija al trabajo, haga mandados o tome un viaje a casa despu\u00e9s de una noche de fiesta, estos servicios ofrecen comodidad y accesibilidad. Pero cuando ocurre un accidente durante un viaje de Uber o Lyft, la situaci\u00f3n se complica r\u00e1pidamente.<\/p>\r\n\r\n\r\n\r\n<p>Si usted o un ser querido ha resultado lesionado en un accidente de viaje compartido, no tiene que resolverlo todo solo. En J. Fine Law, ayudamos a las v\u00edctimas a navegar por las complejas cuestiones legales y de seguros que siguen a un choque de Uber o Lyft. Ya sea que usted fuera un pasajero de viaje compartido, un peat\u00f3n o un conductor atropellado por un veh\u00edculo de Uber o Lyft, nuestro equipo est\u00e1 aqu\u00ed para luchar por la compensaci\u00f3n que merece.<\/p>\r\n\r\n\r\n\r\n<p>Hable hoy mismo con un <a href=\"https:\/\/jfinelaw.com\/es\/\">abogado de Uber y Lyft<\/a> en Cherry Hill, Nueva Jersey, en una consulta gratuita. Usted tiene derechos, y estamos aqu\u00ed para protegerlos.<\/p>\r\n\r\n\r\n\r\n<h2 class=\"wp-block-heading\">\u00bfQu\u00e9 Hace Diferentes a los Accidentes de Uber y Lyft?<\/h2>\r\n\r\n\r\n\r\n<p>Las reclamaciones por accidentes de Uber y Lyft no son como los accidentes automovil\u00edsticos t\u00edpicos. Estos casos involucran m\u00faltiples compa\u00f1\u00edas de seguros, acuerdos de conductores \u00fanicos y preguntas legales complicadas sobre responsabilidad y cobertura.<\/p>\r\n\r\n\r\n\r\n<p>Estos son solo algunos de los desaf\u00edos que enfrentan las v\u00edctimas:<\/p>\r\n\r\n\r\n\r\n<ul class=\"wp-block-list\">\r\n<li>Determinar si el conductor de viaje compartido estaba \u00aben la aplicaci\u00f3n\u00bb en el momento del choque.<\/li>\r\n\r\n\r\n\r\n<li>Averiguar qu\u00e9 p\u00f3liza de seguro se aplica (la p\u00f3liza comercial de Uber\/Lyft o el seguro personal del conductor).<\/li>\r\n\r\n\r\n\r\n<li>Tratar con grandes corporaciones y departamentos de reclamaciones complejos.<\/li>\r\n\r\n\r\n\r\n<li>Navegar por las lesiones como pasajero sin tener la culpa del choque.<\/li>\r\n<\/ul>\r\n\r\n\r\n\r\n<p>Debido a estos desaf\u00edos, es crucial trabajar con un abogado de Uber y Lyft en Cherry Hill, Nueva Jersey, que comprenda la industria de los viajes compartidos y la ley de lesiones de Nueva Jersey.<\/p>\r\n\r\n\r\n\r\n<h2 class=\"wp-block-heading\">\u00bfQui\u00e9n Puede Presentar una Reclamaci\u00f3n por Lesiones de Uber o Lyft?<\/h2>\r\n\r\n\r\n\r\n<p>Si usted result\u00f3 lesionado en un choque relacionado con un viaje compartido en Cherry Hill o en cualquier lugar del condado de Camden, puede ser elegible para presentar una reclamaci\u00f3n si usted era:<\/p>\r\n\r\n\r\n\r\n<ul class=\"wp-block-list\">\r\n<li>Un pasajero en un Uber o Lyft durante un accidente.<\/li>\r\n\r\n\r\n\r\n<li>Un peat\u00f3n o ciclista atropellado por un veh\u00edculo de viaje compartido.<\/li>\r\n\r\n\r\n\r\n<li>Un conductor o pasajero en otro veh\u00edculo golpeado por un conductor de Uber o Lyft.<\/li>\r\n\r\n\r\n\r\n<li>Un conductor de Uber o Lyft lesionado debido a la negligencia de otra parte.<\/li>\r\n<\/ul>\r\n\r\n\r\n\r\n<p>No importa su papel en el accidente, nuestro equipo legal le ayudar\u00e1 a comprender sus derechos y a buscar la compensaci\u00f3n que necesita para recuperarse.<\/p>\r\n\r\n\r\n\r\n<h2 class=\"wp-block-heading\">Comprensi\u00f3n de la Cobertura de Seguro de Uber y Lyft<\/h2>\r\n\r\n\r\n\r\n<p>Las compa\u00f1\u00edas de viajes compartidos como Uber y Lyft est\u00e1n obligadas a tener una cobertura de seguro significativa. Sin embargo, la cobertura depende de lo que el conductor estaba haciendo en el momento del choque:<\/p>\r\n\r\n\r\n\r\n<p>Conductor Fuera de Servicio (Aplicaci\u00f3n Apagada) Si el conductor de Uber o Lyft no est\u00e1 conectado a la aplicaci\u00f3n, se aplica su p\u00f3liza de seguro de autom\u00f3vil personal. La compa\u00f1\u00eda de viajes compartidos no tiene responsabilidad en este escenario.<\/p>\r\n\r\n\r\n\r\n<p>Conductor Conectado, Esperando un Viaje Si el conductor est\u00e1 en l\u00ednea pero a\u00fan no ha aceptado una solicitud de viaje, Uber\/Lyft proporciona una cobertura de responsabilidad limitada:<\/p>\r\n\r\n\r\n\r\n<ul class=\"wp-block-list\">\r\n<li>$50,000 por persona por lesiones corporales.<\/li>\r\n\r\n\r\n\r\n<li>$100,000 por accidente por lesiones corporales.<\/li>\r\n\r\n\r\n\r\n<li>$25,000 por da\u00f1os a la propiedad.<\/li>\r\n<\/ul>\r\n\r\n\r\n\r\n<p>Esta cobertura es secundaria y solo entra en vigor si el seguro personal del conductor no se aplica o no es suficiente.<\/p>\r\n\r\n\r\n\r\n<p>Conductor en Ruta o Transportando a un pasajero una vez que un conductor acepta una solicitud de viaje, o tiene un pasajero en el autom\u00f3vil, Uber y Lyft proporcionan $1 mill\u00f3n en cobertura de responsabilidad, as\u00ed como cobertura de automovilista sin seguro o con seguro insuficiente.<\/p>\r\n\r\n\r\n\r\n<p>Nuestros abogados de Uber y Lyft en Cherry Hill, Nueva Jersey, saben c\u00f3mo identificar la cobertura correcta y presentar reclamaciones para garantizar que obtenga la m\u00e1xima compensaci\u00f3n.<\/p>\r\n\r\n\r\n\r\n<h2 class=\"wp-block-heading\">Causas Comunes de Accidentes de Viajes Compartidos<\/h2>\r\n\r\n\r\n\r\n<p>Se requiere que los conductores de Uber y Lyft sigan las mismas leyes de tr\u00e1nsito que todos los dem\u00e1s, pero a menudo est\u00e1n distra\u00eddos, apurados o no est\u00e1n familiarizados con el \u00e1rea.<\/p>\r\n\r\n\r\n\r\n<p>Las causas comunes de los choques de viajes compartidos incluyen:<\/p>\r\n\r\n\r\n\r\n<ul class=\"wp-block-list\">\r\n<li>Conducci\u00f3n distra\u00edda (debido al uso de la aplicaci\u00f3n o la navegaci\u00f3n).<\/li>\r\n\r\n\r\n\r\n<li>Exceso de velocidad o conducci\u00f3n agresiva.<\/li>\r\n\r\n\r\n\r\n<li>Conducci\u00f3n con fatiga.<\/li>\r\n\r\n\r\n\r\n<li>No ceder el paso u obedecer las se\u00f1ales de tr\u00e1fico.<\/li>\r\n\r\n\r\n\r\n<li>Recogidas o dejadas inseguras.<\/li>\r\n\r\n\r\n\r\n<li>Mal tiempo o condiciones de la carretera.<\/li>\r\n\r\n\r\n\r\n<li>Conducci\u00f3n bajo los efectos del alcohol o las drogas.<\/li>\r\n\r\n\r\n\r\n<li>Colisiones traseras en \u00e1reas de tr\u00e1fico congestionado.<\/li>\r\n<\/ul>\r\n\r\n\r\n\r\n<p>Si un conductor negligente de viaje compartido caus\u00f3 sus lesiones, o si alguien m\u00e1s caus\u00f3 un choque que afect\u00f3 su viaje de Uber o Lyft, un abogado de Uber y Lyft en Cherry Hill puede ayudar.<\/p>\r\n\r\n\r\n\r\n<h2 class=\"wp-block-heading\">Lesiones Comunes en Accidentes de Uber y Lyft<\/h2>\r\n\r\n\r\n\r\n<p>Al igual que cualquier choque de veh\u00edculo motorizado, los accidentes de viajes compartidos pueden resultar en lesiones graves o incluso que alteran la vida. En J. Fine Law, representamos a v\u00edctimas que sufren de:<\/p>\r\n\r\n\r\n\r\n<ul class=\"wp-block-list\">\r\n<li>Latigazo cervical y lesiones de tejidos blandos.<\/li>\r\n\r\n\r\n\r\n<li>Huesos rotos y fracturas.<\/li>\r\n\r\n\r\n\r\n<li>Lesiones de espalda y cuello.<\/li>\r\n\r\n\r\n\r\n<li>Traumatismo craneoencef\u00e1lico o conmociones cerebrales.<\/li>\r\n\r\n\r\n\r\n<li>Lesiones cerebrales traum\u00e1ticas (TBI).<\/li>\r\n\r\n\r\n\r\n<li>Lesiones de la m\u00e9dula espinal.<\/li>\r\n\r\n\r\n\r\n<li>Lesiones internas.<\/li>\r\n\r\n\r\n\r\n<li>Cortes, contusiones y laceraciones.<\/li>\r\n\r\n\r\n\r\n<li>Trauma emocional y TEPT.<\/li>\r\n<\/ul>\r\n\r\n\r\n\r\n<p>Ya sea que requiera tratamiento m\u00e9dico de emergencia o se enfrente a una rehabilitaci\u00f3n a largo plazo, merece una compensaci\u00f3n por el da\u00f1o que ha sufrido.<\/p>\r\n\r\n\r\n\r\n<h2 class=\"wp-block-heading\">Qu\u00e9 Hacer Despu\u00e9s de un Accidente de Uber o Lyft<\/h2>\r\n\r\n\r\n\r\n<p>Si estuvo involucrado en un choque relacionado con un viaje compartido en Nueva Jersey, siga estos pasos para proteger su salud y sus derechos legales:<\/p>\r\n\r\n\r\n\r\n<ol class=\"wp-block-list\">\r\n<li>Busque atenci\u00f3n m\u00e9dica de inmediato. Incluso si sus lesiones parecen menores, h\u00e1gase evaluar. La documentaci\u00f3n es clave para su reclamaci\u00f3n.<\/li>\r\n\r\n\r\n\r\n<li>Reporte el accidente a la polic\u00eda. Solicite un informe del accidente y aseg\u00farese de que su versi\u00f3n quede registrada.<\/li>\r\n\r\n\r\n\r\n<li>Documente todo. Tome fotos de los veh\u00edculos, la escena, las lesiones y cualquier cosa que parezca relevante.<\/li>\r\n\r\n\r\n\r\n<li>Obtenga informaci\u00f3n de contacto. Recopile nombres, n\u00fameros de tel\u00e9fono, matr\u00edculas y detalles del seguro de todas las partes involucradas y los testigos.<\/li>\r\n\r\n\r\n\r\n<li>Reporte el incidente a Uber o Lyft. Utilice la funci\u00f3n de informes de la aplicaci\u00f3n, pero no d\u00e9 declaraciones detalladas hasta que hable con un abogado.<\/li>\r\n\r\n\r\n\r\n<li>Hable con un abogado de Uber y Lyft en Cherry Hill. No trate con las compa\u00f1\u00edas de seguros o los representantes de reclamaciones corporativas por su cuenta. Perm\u00edtanos proteger sus intereses.<\/li>\r\n<\/ol>\r\n\r\n\r\n\r\n<h2 class=\"wp-block-heading\">\u00bfQui\u00e9n Puede Ser Considerado Responsable en un Accidente de Viaje Compartido?<\/h2>\r\n\r\n\r\n\r\n<p>Determinar la responsabilidad en un choque de Uber o Lyft puede ser complicado. Las partes responsables pueden incluir:<\/p>\r\n\r\n\r\n\r\n<ul class=\"wp-block-list\">\r\n<li>El conductor de Uber o Lyft.<\/li>\r\n\r\n\r\n\r\n<li>Otro conductor negligente.<\/li>\r\n\r\n\r\n\r\n<li>La compa\u00f1\u00eda de viajes compartidos (en algunos casos).<\/li>\r\n\r\n\r\n\r\n<li>Un peat\u00f3n o ciclista (en raras circunstancias).<\/li>\r\n\r\n\r\n\r\n<li>Un municipio o una agencia de mantenimiento de carreteras (si las malas condiciones de la carretera jugaron un papel).<\/li>\r\n<\/ul>\r\n\r\n\r\n\r\n<p>En J. Fine Law, llevamos a cabo una investigaci\u00f3n exhaustiva para identificar a todas las partes responsables y presentar reclamaciones contra cada una de ellas para maximizar su compensaci\u00f3n.<\/p>\r\n\r\n\r\n\r\n<h2 class=\"wp-block-heading\">\u00bfQu\u00e9 Compensaci\u00f3n Puede Recuperar?<\/h2>\r\n\r\n\r\n\r\n<p>Las v\u00edctimas de accidentes de viajes compartidos pueden tener derecho a recuperar una compensaci\u00f3n por:<\/p>\r\n\r\n\r\n\r\n<ul class=\"wp-block-list\">\r\n<li>Facturas m\u00e9dicas (tratamiento de emergencia, cirug\u00eda, terapia).<\/li>\r\n\r\n\r\n\r\n<li>Gastos m\u00e9dicos futuros y necesidades de atenci\u00f3n.<\/li>\r\n\r\n\r\n\r\n<li>Salarios perdidos por el tiempo de ausencia del trabajo.<\/li>\r\n\r\n\r\n\r\n<li>Reducci\u00f3n de la capacidad de ganancia si no puede volver a trabajar.<\/li>\r\n\r\n\r\n\r\n<li>Dolor y sufrimiento.<\/li>\r\n\r\n\r\n\r\n<li>Angustia emocional.<\/li>\r\n\r\n\r\n\r\n<li>Da\u00f1os a la propiedad (por ejemplo, su veh\u00edculo o pertenencias).<\/li>\r\n\r\n\r\n\r\n<li>Discapacidad o desfiguraci\u00f3n.<\/li>\r\n\r\n\r\n\r\n<li>P\u00e9rdida del disfrute de la vida.<\/li>\r\n\r\n\r\n\r\n<li>Da\u00f1os por muerte injusta (si un ser querido muri\u00f3 en el choque).<\/li>\r\n<\/ul>\r\n\r\n\r\n\r\n<p>Nuestros abogados de Uber y Lyft en Cherry Hill, Nueva Jersey, luchar\u00e1n para garantizar que se reconozcan y compensen todos sus da\u00f1os.<\/p>\r\n\r\n\r\n\r\n<h2 class=\"wp-block-heading\">\u00bfCu\u00e1nto Tiempo Tengo Para Presentar una Reclamaci\u00f3n?<\/h2>\r\n\r\n\r\n\r\n<p>En Nueva Jersey, el plazo de prescripci\u00f3n para la mayor\u00eda de las reclamaciones por lesiones personales es de dos a\u00f1os a partir de la fecha del accidente. Sin embargo, las reclamaciones que involucran propiedad o entidades gubernamentales pueden requerir un Aviso de Reclamaci\u00f3n dentro de los 90 d\u00edas.<\/p>\r\n\r\n\r\n\r\n<p>Es importante ponerse en contacto con un abogado lo antes posible. Las pruebas pueden desaparecer y las compa\u00f1\u00edas de seguros pueden presionarlo para que acepte un acuerdo bajo antes de que conozca el alcance total de sus lesiones.<\/p>\r\n\r\n\r\n\r\n<h2 class=\"wp-block-heading\">\u00bfPor Qu\u00e9 Elegir J. Fine Law?<\/h2>\r\n\r\n\r\n\r\n<p>En J. Fine Law, estamos comprometidos a ayudar a las v\u00edctimas de lesiones en todo Cherry Hill y Nueva Jersey a obtener justicia despu\u00e9s de un accidente. Nuestros clientes nos eligen porque:<\/p>\r\n\r\n\r\n\r\n<ul class=\"wp-block-list\">\r\n<li>Tenemos experiencia en el manejo de reclamaciones complejas de viajes compartidos.<\/li>\r\n\r\n\r\n\r\n<li>Brindamos apoyo legal compasivo y personalizado.<\/li>\r\n\r\n\r\n\r\n<li>Nos enfrentamos con confianza a las compa\u00f1\u00edas de seguros de Uber y Lyft.<\/li>\r\n\r\n\r\n\r\n<li>No cobramos honorarios iniciales; usted no paga nada a menos que ganemos.<\/li>\r\n\r\n\r\n\r\n<li>Luchamos por la m\u00e1xima compensaci\u00f3n a la que tiene derecho.<\/li>\r\n\r\n\r\n\r\n<li>Tenemos nuestra sede aqu\u00ed mismo en Nueva Jersey y comprendemos las leyes y los tribunales locales.<\/li>\r\n<\/ul>\r\n\r\n\r\n\r\n<p>Usted ya ha pasado por mucho. Perm\u00edtanos encargarnos de la lucha legal mientras usted se concentra en sanar.<\/p>\r\n\r\n\r\n\r\n<h2 class=\"wp-block-heading\">P\u00f3ngase en Contacto Hoy Mismo con un Abogado de Uber y Lyft en Cherry Hill, Nueva Jersey<\/h2>\r\n\r\n\r\n\r\n<p>No permita que Uber, Lyft o sus compa\u00f1\u00edas de seguros minimicen sus lesiones o retrasen su recuperaci\u00f3n. En J. Fine Law, estaremos a su lado y lucharemos por cada d\u00f3lar que merece.<\/p>\r\n\r\n\r\n\r\n<p>Ya sea que usted fuera un pasajero, peat\u00f3n, ciclista u otro conductor involucrado en un choque de viaje compartido, nuestro equipo legal est\u00e1 listo para ayudarle a comprender sus derechos y presentar su reclamaci\u00f3n.<\/p>\r\n\r\n\r\n\r\n<p>Llame hoy mismo para hablar con un <a href=\"https:\/\/maps.app.goo.gl\/bZbnKdL5khXTcz2m9\" target=\"_blank\" rel=\"noopener\">abogado de Uber y Lyft<\/a> en Cherry Hill, Nueva Jersey. La consulta es gratuita y no hay cargo a menos que recuperemos una compensaci\u00f3n para usted.<\/p>\r\n","protected":false},"excerpt":{"rendered":"<p>Ayuda Legal para V\u00edctimas de Accidentes de Rideshare Los servicios de viajes compartidos como Uber y Lyft se han convertido en parte de la vida cotidiana de los residentes de Cherry Hill. Ya sea que se dirija al trabajo, haga mandados o tome un viaje a casa despu\u00e9s de una noche de fiesta, estos servicios [&hellip;]<\/p>\n","protected":false},"author":7,"featured_media":4559,"parent":4526,"menu_order":0,"comment_status":"closed","ping_status":"closed","template":"","meta":{"site-sidebar-layout":"default","site-content-layout":"","ast-site-content-layout":"default","site-content-style":"default","site-sidebar-style":"default","ast-global-header-display":"","ast-banner-title-visibility":"","ast-main-header-display":"","ast-hfb-above-header-display":"","ast-hfb-below-header-display":"","ast-hfb-mobile-header-display":"","site-post-title":"","ast-breadcrumbs-content":"","ast-featured-img":"","footer-sml-layout":"","theme-transparent-header-meta":"default","adv-header-id-meta":"","stick-header-meta":"","header-above-stick-meta":"","header-main-stick-meta":"","header-below-stick-meta":"","astra-migrate-meta-layouts":"set","ast-page-background-enabled":"default","ast-page-background-meta":{"desktop":{"background-color":"var(--ast-global-color-4)","background-image":"","background-repeat":"repeat","background-position":"center center","background-size":"auto","background-attachment":"scroll","background-type":"","background-media":"","overlay-type":"","overlay-color":"","overlay-opacity":"","overlay-gradient":""},"tablet":{"background-color":"","background-image":"","background-repeat":"repeat","background-position":"center center","background-size":"auto","background-attachment":"scroll","background-type":"","background-media":"","overlay-type":"","overlay-color":"","overlay-opacity":"","overlay-gradient":""},"mobile":{"background-color":"","background-image":"","background-repeat":"repeat","background-position":"center center","background-size":"auto","background-attachment":"scroll","background-type":"","background-media":"","overlay-type":"","overlay-color":"","overlay-opacity":"","overlay-gradient":""}},"ast-content-background-meta":{"desktop":{"background-color":"var(--ast-global-color-5)","background-image":"","background-repeat":"repeat","background-position":"center center","background-size":"auto","background-attachment":"scroll","background-type":"","background-media":"","overlay-type":"","overlay-color":"","overlay-opacity":"","overlay-gradient":""},"tablet":{"background-color":"var(--ast-global-color-5)","background-image":"","background-repeat":"repeat","background-position":"center center","background-size":"auto","background-attachment":"scroll","background-type":"","background-media":"","overlay-type":"","overlay-color":"","overlay-opacity":"","overlay-gradient":""},"mobile":{"background-color":"var(--ast-global-color-5)","background-image":"","background-repeat":"repeat","background-position":"center center","background-size":"auto","background-attachment":"scroll","background-type":"","background-media":"","overlay-type":"","overlay-color":"","overlay-opacity":"","overlay-gradient":""}},"iawp_total_views":7,"footnotes":""},"class_list":["post-4558","page","type-page","status-publish","has-post-thumbnail","hentry"],"_links":{"self":[{"href":"https:\/\/jfinelaw.com\/es\/wp-json\/wp\/v2\/pages\/4558","targetHints":{"allow":["GET"]}}],"collection":[{"href":"https:\/\/jfinelaw.com\/es\/wp-json\/wp\/v2\/pages"}],"about":[{"href":"https:\/\/jfinelaw.com\/es\/wp-json\/wp\/v2\/types\/page"}],"author":[{"embeddable":true,"href":"https:\/\/jfinelaw.com\/es\/wp-json\/wp\/v2\/users\/7"}],"replies":[{"embeddable":true,"href":"https:\/\/jfinelaw.com\/es\/wp-json\/wp\/v2\/comments?post=4558"}],"version-history":[{"count":4,"href":"https:\/\/jfinelaw.com\/es\/wp-json\/wp\/v2\/pages\/4558\/revisions"}],"predecessor-version":[{"id":5137,"href":"https:\/\/jfinelaw.com\/es\/wp-json\/wp\/v2\/pages\/4558\/revisions\/5137"}],"up":[{"embeddable":true,"href":"https:\/\/jfinelaw.com\/es\/wp-json\/wp\/v2\/pages\/4526"}],"wp:featuredmedia":[{"embeddable":true,"href":"https:\/\/jfinelaw.com\/es\/wp-json\/wp\/v2\/media\/4559"}],"wp:attachment":[{"href":"https:\/\/jfinelaw.com\/es\/wp-json\/wp\/v2\/media?parent=4558"}],"curies":[{"name":"wp","href":"https:\/\/api.w.org\/{rel}","templated":true}]}}