{"id":4561,"date":"2025-03-28T16:21:00","date_gmt":"2025-03-28T16:21:00","guid":{"rendered":"https:\/\/jfinelaw.com\/?page_id=4561"},"modified":"2025-06-11T20:21:23","modified_gmt":"2025-06-11T20:21:23","slug":"abogado-de-accidentes-laborales-en-nueva-jersey","status":"publish","type":"page","link":"https:\/\/jfinelaw.com\/es\/abogado-de-lesiones-personales-en-nueva-jersey-2\/abogado-de-accidentes-laborales-en-nueva-jersey\/","title":{"rendered":"Abogado de Accidentes Laborales en Nueva Jersey"},"content":{"rendered":"\r\n<h2 class=\"wp-block-heading\">Ayudando a los Trabajadores Lesionados a Asegurar Compensaci\u00f3n y Justicia<\/h2>\r\n\r\n\r\n\r\n<p>Un accidente laboral puede cambiar su vida en un instante. Ya sea una ca\u00edda en una obra de construcci\u00f3n, un mal funcionamiento de una maquinaria o una lesi\u00f3n por esfuerzo repetitivo, estos incidentes pueden dejarlo enfrentando dolor, p\u00e9rdida de ingresos y crecientes facturas m\u00e9dicas. En Nueva Jersey, los trabajadores lesionados tienen derechos, pero navegar por los sistemas legales y de seguros por su cuenta puede ser abrumador. Un abogado de accidentes laborales de Jason Fine esta mas que preparado para ayudarle de inicio a fin con su caso.\u00a0<\/p>\r\n\r\n\r\n\r\n<p>En J. Fine Law, representamos a personas que se han lesionado en el trabajo en Cherry Hill y en todo Nueva Jersey. Nuestro equipo est\u00e1 aqu\u00ed para ayudarlo a recuperar la compensaci\u00f3n a la que tiene derecho a trav\u00e9s de los beneficios de compensaci\u00f3n para trabajadores o, en algunos casos, una reclamaci\u00f3n por lesiones personales de terceros.<\/p>\r\n\r\n\r\n\r\n<p>Si se ha lesionado en el trabajo, no espere. P\u00f3ngase en contacto hoy mismo con un <a href=\"https:\/\/jfinelaw.com\/\">abogado de accidentes laborales<\/a> en Cherry Hill, Nueva Jersey, de su confianza para una consulta gratuita y confidencial.<\/p>\r\n\r\n\r\n\r\n<h2 class=\"wp-block-heading\">Comprensi\u00f3n de los Accidentes Laborales en Nueva Jersey<\/h2>\r\n\r\n\r\n\r\n<p>Los accidentes laborales ocurren en todas las industrias, desde la construcci\u00f3n y la manufactura hasta la atenci\u00f3n m\u00e9dica, el comercio minorista y los trabajos de oficina. Si bien algunas lesiones ocurren por accidentes repentinos, otras se desarrollan gradualmente debido a movimientos repetitivos, sobreesfuerzo o exposici\u00f3n a sustancias nocivas.<\/p>\r\n\r\n\r\n\r\n<p>En Nueva Jersey, la mayor\u00eda de los trabajadores est\u00e1n cubiertos por la compensaci\u00f3n para trabajadores, que proporciona tratamiento m\u00e9dico, reemplazo de salarios y otros beneficios, independientemente de qui\u00e9n tuvo la culpa del accidente. Sin embargo, la compensaci\u00f3n para trabajadores puede no cubrir todas sus p\u00e9rdidas, especialmente en casos que involucran lesiones graves o permanentes.<\/p>\r\n\r\n\r\n\r\n<p>Es por eso que es importante hablar con un abogado de accidentes laborales en Cherry Hill, Nueva Jersey, para asegurarse de que se exploren todas sus opciones legales.<\/p>\r\n\r\n\r\n\r\n<h2 class=\"wp-block-heading\">Tipos Comunes de Accidentes Laborales<\/h2>\r\n\r\n\r\n\r\n<p>En J. Fine Law, manejamos todo tipo de lesiones relacionadas con el trabajo, incluyendo:<\/p>\r\n\r\n\r\n\r\n<ul class=\"wp-block-list\">\r\n<li>Accidentes de construcci\u00f3n (ca\u00eddas, fallas de equipos, electrocuciones).<\/li>\r\n\r\n\r\n\r\n<li>Accidentes por resbalones, tropiezos y ca\u00eddas en sitios de trabajo o en entornos de oficina.<\/li>\r\n\r\n\r\n\r\n<li>Accidentes en almacenes y f\u00e1bricas que involucran montacargas, transportadores y maquinaria pesada.<\/li>\r\n\r\n\r\n\r\n<li>Lesiones por levantamiento y sobreesfuerzo que provocan problemas de espalda, cuello o articulaciones.<\/li>\r\n\r\n\r\n\r\n<li>Incidentes de impacto por objetos que involucran la ca\u00edda de herramientas o materiales.<\/li>\r\n\r\n\r\n\r\n<li>Accidentes de veh\u00edculos o montacargas en las instalaciones de trabajo.<\/li>\r\n\r\n\r\n\r\n<li>Quemaduras, explosiones y exposici\u00f3n a productos qu\u00edmicos.<\/li>\r\n\r\n\r\n\r\n<li>Lesiones por estr\u00e9s repetitivo como el s\u00edndrome del t\u00fanel carpiano.<\/li>\r\n\r\n\r\n\r\n<li>Violencia o agresiones en el lugar de trabajo.<\/li>\r\n\r\n\r\n\r\n<li>Ca\u00eddas de escaleras, andamios o techos.<\/li>\r\n<\/ul>\r\n\r\n\r\n\r\n<p>Ya sea que su lesi\u00f3n haya sido repentina o se haya desarrollado con el tiempo, un abogado de accidentes laborales en Cherry Hill, Nueva Jersey, puede ayudarlo a comprender sus derechos y tomar medidas para proteger su salud y su futuro.<\/p>\r\n\r\n\r\n\r\n<h2 class=\"wp-block-heading\">Lesiones Laborales Comunes<\/h2>\r\n\r\n\r\n\r\n<p>Algunas lesiones laborales son relativamente menores, mientras que otras pueden provocar discapacidad a largo plazo o incluso la muerte. En J. Fine Law, ayudamos a clientes que sufren de:<\/p>\r\n\r\n\r\n\r\n<ul class=\"wp-block-list\">\r\n<li>Fracturas y huesos rotos.<\/li>\r\n\r\n\r\n\r\n<li>Traumatismo craneoencef\u00e1lico o lesiones cerebrales traum\u00e1ticas (TBI).<\/li>\r\n\r\n\r\n\r\n<li>Lesiones de espalda y m\u00e9dula espinal.<\/li>\r\n\r\n\r\n\r\n<li>Quemaduras o lesiones por electrocuci\u00f3n.<\/li>\r\n\r\n\r\n\r\n<li>Da\u00f1o ocular o auditivo.<\/li>\r\n\r\n\r\n\r\n<li>Lesiones por estr\u00e9s repetitivo.<\/li>\r\n\r\n\r\n\r\n<li>Lesiones internas o da\u00f1o org\u00e1nico.<\/li>\r\n\r\n\r\n\r\n<li>Amputaciones o lesiones por aplastamiento.<\/li>\r\n\r\n\r\n\r\n<li>Lesiones de cuello y hombro.<\/li>\r\n\r\n\r\n\r\n<li>Trauma emocional y psicol\u00f3gico.<\/li>\r\n<\/ul>\r\n\r\n\r\n\r\n<p>Si su lesi\u00f3n lo ha dejado incapacitado para trabajar, luchando con las tareas diarias o enfrentando limitaciones permanentes, no tiene que enfrentarlo solo. Nuestros abogados de accidentes laborales en Cherry Hill est\u00e1n aqu\u00ed para luchar por la compensaci\u00f3n que merece.<\/p>\r\n\r\n\r\n\r\n<h2 class=\"wp-block-heading\">\u00bfQu\u00e9 Beneficios Est\u00e1n Disponibles a Trav\u00e9s de la Compensaci\u00f3n para Trabajadores?<\/h2>\r\n\r\n\r\n\r\n<p>En Nueva Jersey, la mayor\u00eda de los empleados tienen derecho a beneficios de compensaci\u00f3n para trabajadores si se lesionan durante el curso de su empleo. Estos beneficios pueden incluir:<\/p>\r\n\r\n\r\n\r\n<ul class=\"wp-block-list\">\r\n<li>Tratamiento m\u00e9dico: Toda la atenci\u00f3n razonable y necesaria relacionada con su lesi\u00f3n, incluidas las visitas al m\u00e9dico, la cirug\u00eda, los medicamentos y la rehabilitaci\u00f3n.<\/li>\r\n\r\n\r\n\r\n<li>Incapacidad temporal total (TTD): Reemplazo parcial del salario si no puede trabajar mientras se recupera.<\/li>\r\n\r\n\r\n\r\n<li>Incapacidad parcial permanente (PPD): Compensaci\u00f3n por impedimentos permanentes que afectan su capacidad para realizar ciertas tareas.<\/li>\r\n\r\n\r\n\r\n<li>Incapacidad total permanente (PTD): Beneficios si su lesi\u00f3n le impide volver a trabajar.<\/li>\r\n\r\n\r\n\r\n<li>Beneficios por fallecimiento: Apoyo financiero para los dependientes de los trabajadores que fallecen como resultado de lesiones o enfermedades relacionadas con el trabajo.<\/li>\r\n<\/ul>\r\n\r\n\r\n\r\n<p>Sin embargo, la compensaci\u00f3n para trabajadores no proporciona un reemplazo salarial completo y no cubre el dolor y el sufrimiento. Es por eso que algunos trabajadores lesionados tambi\u00e9n pueden tener derecho a presentar una reclamaci\u00f3n por lesiones personales de terceros.<\/p>\r\n\r\n\r\n\r\n<h2 class=\"wp-block-heading\">\u00bfCu\u00e1ndo Puede Demandar por una Lesi\u00f3n Laboral?<\/h2>\r\n\r\n\r\n\r\n<p>En general, la compensaci\u00f3n para trabajadores es un recurso exclusivo, lo que significa que no puede demandar a su empleador. Pero hay excepciones. Si un tercero, alguien que no es su empleador, caus\u00f3 o contribuy\u00f3 a su accidente, es posible que pueda presentar una demanda por lesiones personales contra \u00e9l.<\/p>\r\n\r\n\r\n\r\n<p>Los ejemplos comunes de responsabilidad de terceros incluyen:<\/p>\r\n\r\n\r\n\r\n<ul class=\"wp-block-list\">\r\n<li>Un contratista o subcontratista en una obra de construcci\u00f3n.<\/li>\r\n\r\n\r\n\r\n<li>Un fabricante de maquinaria o equipos de seguridad defectuosos.<\/li>\r\n\r\n\r\n\r\n<li>Un propietario que no mantuvo unas instalaciones seguras.<\/li>\r\n\r\n\r\n\r\n<li>Un conductor negligente que caus\u00f3 un accidente mientras usted trabajaba.<\/li>\r\n\r\n\r\n\r\n<li>Una empresa de mantenimiento responsable de condiciones peligrosas.<\/li>\r\n<\/ul>\r\n\r\n\r\n\r\n<p>Un abogado de accidentes laborales en Cherry Hill, Nueva Jersey, puede investigar su caso y determinar si es posible una reclamaci\u00f3n de terceros adem\u00e1s de sus beneficios de compensaci\u00f3n para trabajadores.<\/p>\r\n\r\n\r\n\r\n<h2 class=\"wp-block-heading\">Pasos a Seguir Despu\u00e9s de un Accidente Laboral<\/h2>\r\n\r\n\r\n\r\n<p>Sus acciones despu\u00e9s de una lesi\u00f3n relacionada con el trabajo pueden afectar su salud, su recuperaci\u00f3n y su capacidad para obtener una compensaci\u00f3n completa. Esto es lo que debe hacer:<\/p>\r\n\r\n\r\n\r\n<ol class=\"wp-block-list\">\r\n<li>Reporte la lesi\u00f3n inmediatamente a su supervisor o empleador. Las demoras pueden afectar su derecho a los beneficios.<\/li>\r\n\r\n\r\n\r\n<li>Busque atenci\u00f3n m\u00e9dica lo antes posible. En Nueva Jersey, su empleador generalmente tiene el derecho de seleccionar a su m\u00e9dico tratante para fines de compensaci\u00f3n para trabajadores.<\/li>\r\n\r\n\r\n\r\n<li>Documente todo, incluyendo c\u00f3mo ocurri\u00f3 la lesi\u00f3n, qu\u00e9 condiciones estaban presentes y si alguien presenci\u00f3 el incidente.<\/li>\r\n\r\n\r\n\r\n<li>Siga los consejos m\u00e9dicos y asista a todas las citas. Las interrupciones en el tratamiento pueden usarse para negar o reducir los beneficios.<\/li>\r\n\r\n\r\n\r\n<li>Hable con un abogado de accidentes laborales en Cherry Hill, Nueva Jersey, antes de aceptar cualquier acuerdo o firmar documentaci\u00f3n.<\/li>\r\n<\/ol>\r\n\r\n\r\n\r\n<h2 class=\"wp-block-heading\">\u00bfQu\u00e9 Compensaci\u00f3n Puedo Recuperar en una Demanda de Terceros?<\/h2>\r\n\r\n\r\n\r\n<p>Si un tercero fue responsable de su lesi\u00f3n, puede tener derecho a una compensaci\u00f3n adicional m\u00e1s all\u00e1 de lo que proporciona la compensaci\u00f3n para trabajadores. Esto puede incluir:<\/p>\r\n\r\n\r\n\r\n<ul class=\"wp-block-list\">\r\n<li>Salarios perdidos completos (no solo parciales).<\/li>\r\n\r\n\r\n\r\n<li>P\u00e9rdida de ingresos futuros debido a una discapacidad a largo plazo.<\/li>\r\n\r\n\r\n\r\n<li>Dolor y sufrimiento.<\/li>\r\n\r\n\r\n\r\n<li>Angustia emocional.<\/li>\r\n\r\n\r\n\r\n<li>P\u00e9rdida del disfrute de la vida.<\/li>\r\n\r\n\r\n\r\n<li>Da\u00f1os punitivos (en casos de negligencia grave o da\u00f1o intencional).<\/li>\r\n<\/ul>\r\n\r\n\r\n\r\n<p>A diferencia de la compensaci\u00f3n para trabajadores, las demandas de terceros permiten la recuperaci\u00f3n total de los da\u00f1os, lo que las convierte en una opci\u00f3n fundamental en casos de lesiones graves.<\/p>\r\n\r\n\r\n\r\n<h2 class=\"wp-block-heading\">\u00bfCu\u00e1nto Tiempo Tengo Para Presentar una Reclamaci\u00f3n?<\/h2>\r\n\r\n\r\n\r\n<p>En Nueva Jersey, generalmente tiene:<\/p>\r\n\r\n\r\n\r\n<ul class=\"wp-block-list\">\r\n<li>90 d\u00edas para reportar una lesi\u00f3n laboral a su empleador (pero cuanto antes, mejor).<\/li>\r\n\r\n\r\n\r\n<li>Dos a\u00f1os para presentar una petici\u00f3n de reclamaci\u00f3n de compensaci\u00f3n para trabajadores si se niegan sus beneficios.<\/li>\r\n\r\n\r\n\r\n<li>Dos a\u00f1os para presentar una demanda por lesiones personales de terceros.<\/li>\r\n<\/ul>\r\n\r\n\r\n\r\n<p>Estos plazos pueden variar seg\u00fan las circunstancias de su caso. No espere para hablar con un abogado de accidentes laborales en Cherry Hill que pueda ayudarlo a tomar medidas legales oportunas.<\/p>\r\n\r\n\r\n\r\n<h2 class=\"wp-block-heading\">\u00bfPor Qu\u00e9 Elegir J. Fine Law?<\/h2>\r\n\r\n\r\n\r\n<p>En J. Fine Law, entendemos lo abrumadora que se vuelve la vida despu\u00e9s de una grave lesi\u00f3n laboral. Nuestro equipo legal est\u00e1 aqu\u00ed para brindarle apoyo con atenci\u00f3n personalizada, comunicaci\u00f3n clara y representaci\u00f3n agresiva.<\/p>\r\n\r\n\r\n\r\n<p>Esto es lo que nos diferencia:<\/p>\r\n\r\n\r\n\r\n<ul class=\"wp-block-list\">\r\n<li>Profundo conocimiento de las leyes de compensaci\u00f3n para trabajadores y lesiones personales de Nueva Jersey.<\/li>\r\n\r\n\r\n\r\n<li>Experiencia en el manejo de investigaciones complejas de accidentes laborales.<\/li>\r\n\r\n\r\n\r\n<li>Un historial de recuperaci\u00f3n de una compensaci\u00f3n significativa para los trabajadores lesionados.<\/li>\r\n\r\n\r\n\r\n<li>Representaci\u00f3n basada en contingencias: usted no paga nada a menos que ganemos.<\/li>\r\n\r\n\r\n\r\n<li>Atenci\u00f3n personalizada de su abogado en cada etapa de su caso.<\/li>\r\n<\/ul>\r\n\r\n\r\n\r\n<p>No estamos aqu\u00ed solo para presentar documentos. Estamos aqu\u00ed para luchar por su futuro.<\/p>\r\n\r\n\r\n\r\n<h2 class=\"wp-block-heading\">P\u00f3ngase en Contacto Hoy Mismo con un Abogado de Accidentes Laborales en Cherry Hill, Nueva Jersey<\/h2>\r\n\r\n\r\n\r\n<p>Si se ha lesionado en el trabajo, puede tener derecho a una compensaci\u00f3n, y no tiene que pasar por el proceso solo. En J. Fine Law, estamos listos para apoyarlo, explicarle sus derechos y luchar por los beneficios y la recuperaci\u00f3n econ\u00f3mica que necesita para seguir adelante.<\/p>\r\n\r\n\r\n\r\n<p>Llame hoy mismo para una consulta gratuita y sin compromiso con un <a href=\"https:\/\/maps.app.goo.gl\/bZbnKdL5khXTcz2m9\" target=\"_blank\" rel=\"noopener\">abogado de accidentes laborales<\/a> en Cherry Hill, Nueva Jersey.<\/p>\r\n","protected":false},"excerpt":{"rendered":"<p>Ayudando a los Trabajadores Lesionados a Asegurar Compensaci\u00f3n y Justicia Un accidente laboral puede cambiar su vida en un instante. Ya sea una ca\u00edda en una obra de construcci\u00f3n, un mal funcionamiento de una maquinaria o una lesi\u00f3n por esfuerzo repetitivo, estos incidentes pueden dejarlo enfrentando dolor, p\u00e9rdida de ingresos y crecientes facturas m\u00e9dicas. En [&hellip;]<\/p>\n","protected":false},"author":7,"featured_media":4562,"parent":4526,"menu_order":0,"comment_status":"closed","ping_status":"closed","template":"","meta":{"site-sidebar-layout":"default","site-content-layout":"","ast-site-content-layout":"default","site-content-style":"default","site-sidebar-style":"default","ast-global-header-display":"","ast-banner-title-visibility":"","ast-main-header-display":"","ast-hfb-above-header-display":"","ast-hfb-below-header-display":"","ast-hfb-mobile-header-display":"","site-post-title":"","ast-breadcrumbs-content":"","ast-featured-img":"","footer-sml-layout":"","theme-transparent-header-meta":"default","adv-header-id-meta":"","stick-header-meta":"","header-above-stick-meta":"","header-main-stick-meta":"","header-below-stick-meta":"","astra-migrate-meta-layouts":"set","ast-page-background-enabled":"default","ast-page-background-meta":{"desktop":{"background-color":"var(--ast-global-color-4)","background-image":"","background-repeat":"repeat","background-position":"center center","background-size":"auto","background-attachment":"scroll","background-type":"","background-media":"","overlay-type":"","overlay-color":"","overlay-opacity":"","overlay-gradient":""},"tablet":{"background-color":"","background-image":"","background-repeat":"repeat","background-position":"center center","background-size":"auto","background-attachment":"scroll","background-type":"","background-media":"","overlay-type":"","overlay-color":"","overlay-opacity":"","overlay-gradient":""},"mobile":{"background-color":"","background-image":"","background-repeat":"repeat","background-position":"center center","background-size":"auto","background-attachment":"scroll","background-type":"","background-media":"","overlay-type":"","overlay-color":"","overlay-opacity":"","overlay-gradient":""}},"ast-content-background-meta":{"desktop":{"background-color":"var(--ast-global-color-5)","background-image":"","background-repeat":"repeat","background-position":"center center","background-size":"auto","background-attachment":"scroll","background-type":"","background-media":"","overlay-type":"","overlay-color":"","overlay-opacity":"","overlay-gradient":""},"tablet":{"background-color":"var(--ast-global-color-5)","background-image":"","background-repeat":"repeat","background-position":"center center","background-size":"auto","background-attachment":"scroll","background-type":"","background-media":"","overlay-type":"","overlay-color":"","overlay-opacity":"","overlay-gradient":""},"mobile":{"background-color":"var(--ast-global-color-5)","background-image":"","background-repeat":"repeat","background-position":"center center","background-size":"auto","background-attachment":"scroll","background-type":"","background-media":"","overlay-type":"","overlay-color":"","overlay-opacity":"","overlay-gradient":""}},"iawp_total_views":4,"footnotes":""},"class_list":["post-4561","page","type-page","status-publish","has-post-thumbnail","hentry"],"_links":{"self":[{"href":"https:\/\/jfinelaw.com\/es\/wp-json\/wp\/v2\/pages\/4561","targetHints":{"allow":["GET"]}}],"collection":[{"href":"https:\/\/jfinelaw.com\/es\/wp-json\/wp\/v2\/pages"}],"about":[{"href":"https:\/\/jfinelaw.com\/es\/wp-json\/wp\/v2\/types\/page"}],"author":[{"embeddable":true,"href":"https:\/\/jfinelaw.com\/es\/wp-json\/wp\/v2\/users\/7"}],"replies":[{"embeddable":true,"href":"https:\/\/jfinelaw.com\/es\/wp-json\/wp\/v2\/comments?post=4561"}],"version-history":[{"count":2,"href":"https:\/\/jfinelaw.com\/es\/wp-json\/wp\/v2\/pages\/4561\/revisions"}],"predecessor-version":[{"id":4769,"href":"https:\/\/jfinelaw.com\/es\/wp-json\/wp\/v2\/pages\/4561\/revisions\/4769"}],"up":[{"embeddable":true,"href":"https:\/\/jfinelaw.com\/es\/wp-json\/wp\/v2\/pages\/4526"}],"wp:featuredmedia":[{"embeddable":true,"href":"https:\/\/jfinelaw.com\/es\/wp-json\/wp\/v2\/media\/4562"}],"wp:attachment":[{"href":"https:\/\/jfinelaw.com\/es\/wp-json\/wp\/v2\/media?parent=4561"}],"curies":[{"name":"wp","href":"https:\/\/api.w.org\/{rel}","templated":true}]}}