{"id":4586,"date":"2025-03-24T14:48:00","date_gmt":"2025-03-24T14:48:00","guid":{"rendered":"https:\/\/jfinelaw.triplestarter.com\/?page_id=4586"},"modified":"2025-06-17T17:00:20","modified_gmt":"2025-06-17T17:00:20","slug":"oficina-de-derecho-de-lesiones-personales-en-feasterville-bucks-county","status":"publish","type":"page","link":"https:\/\/jfinelaw.com\/es\/oficina-de-derecho-de-lesiones-personales-en-feasterville-bucks-county\/","title":{"rendered":"Oficina de Derecho de Lesiones Personales en Feasterville\/Bucks County"},"content":{"rendered":"\n<figure class=\"wp-block-image size-large\"><img decoding=\"async\" src=\"https:\/\/jfinelaw.triplestarter.com\/wp-content\/uploads\/2025\/05\/oficina-de-derecho-de-lesiones-personales-en-Feasterville-1024x433.webp\" alt=\"\" class=\"wp-image-4587\"\/><\/figure>\n\n\n\n<p>Si usted o un ser querido ha sufrido lesiones debido a la negligencia de un tercero, es posible que ya est\u00e9 experimentando los efectos devastadores que puede tener. Las lesiones por accidentes automovil\u00edsticos, seguridad negligente, abuso en hogares de ancianos y otras desgracias relacionadas pueden tener un impacto a largo plazo en su bienestar f\u00edsico, financiero y mental. La oficina de derecho de lesiones personales de <strong>J. Fine Law<\/strong> en Feasterville, PA, tiene m\u00e1s de 20 a\u00f1os de experiencia exitosa lidiando con este tipo de casos. Cada accidente es \u00fanico, por lo que necesita un equipo de <strong>abogados de lesiones personales<\/strong> con el conocimiento y el \u00e9xito de tratar con una amplia gama de clientes en diversas circunstancias. Con una tasa de \u00e9xito en juicios del 98%, conf\u00ede en J. Fine Law para luchar por sus derechos y garantizar que se le otorgue una compensaci\u00f3n justa. Llame al <strong>888-913-3899<\/strong> para una evaluaci\u00f3n de caso confidencial hoy mismo.<\/p>\n\n\n\n<h2 class=\"wp-block-heading\"><strong>\u00bfPor qu\u00e9 elegir nuestra oficina de derecho de lesiones personales en Feasterville, PA?<\/strong> <\/h2>\n\n\n\n<p>Nuestra oficina de derecho de lesiones personales de Feasterville se dedica a brindar un servicio excepcional y una representaci\u00f3n galardonada a todos nuestros clientes.<\/p>\n\n\n\n<h3 class=\"wp-block-heading\"><strong>Experiencia<\/strong> <\/h3>\n\n\n\n<p>J. Fine Law cuenta con el respaldo de 21 a\u00f1os de experiencia manejando casos espec\u00edficamente en las \u00e1reas de accidentes y lesiones personales. Enfocamos nuestra pr\u00e1ctica legal exclusivamente en estos aspectos para presentar los mejores casos posibles ante los tribunales. Nuestro conocimiento y experiencia nos han permitido lograr acuerdos m\u00e1ximos para nuestros clientes.<\/p>\n\n\n\n<p><strong>\u00c9xito<\/strong> <\/p>\n\n\n\n<p>Nuestro bufete de abogados de lesiones personales cuenta con una tasa de \u00e9xito del 98% y ha ganado varios acuerdos que establecieron r\u00e9cords en el \u00e1rea de Feasterville, PA. En total, hemos podido asegurar m\u00e1s de $50 millones en veredictos y negociaciones. Obtenga m\u00e1s informaci\u00f3n sobre nuestros <strong>acuerdos de abogados de accidentes<\/strong> para clientes desde Filadelfia hasta el condado de Erie, PA.<\/p>\n\n\n\n<h3 class=\"wp-block-heading\"><strong>Atenci\u00f3n Personalizada<\/strong> <\/h3>\n\n\n\n<p>Al presentar un caso de lesiones personales, usted no se enfrenta a la persona que caus\u00f3 el accidente, sino a su compa\u00f1\u00eda de seguros. \u00a1No intente luchar contra ellos solo! \u00a1Nuestros abogados de lesiones personales de Feasterville saben c\u00f3mo enfrentarse a las grandes corporaciones y compa\u00f1\u00edas de seguros! Dedicamos el tiempo necesario a cada caso individual para garantizar que se le otorgue la m\u00e1xima compensaci\u00f3n que merece.<\/p>\n\n\n\n<h2 class=\"wp-block-heading\"><strong>Abogados de Accidentes y Lesiones Personales<\/strong> <\/h2>\n\n\n\n<p>Si sufri\u00f3 lesiones en un accidente que involucr\u00f3 un autob\u00fas de Septa, un <strong>accidente de bicicleta<\/strong>, un <strong>servicio de transporte compartido<\/strong>, una lesi\u00f3n relacionada con el trabajo, una <strong>ca\u00edda<\/strong> y m\u00e1s, es muy recomendable que se ponga en contacto con un <strong>bufete de abogados<\/strong> para obtener asistencia legal competente. Con nuestros <strong>abogados de lesiones personales<\/strong> de su lado, todo lo que necesita hacer es concentrarse en la curaci\u00f3n y la recuperaci\u00f3n, mientras nosotros nos encargamos de todos los aspectos de su caso. Desde el manejo de su reclamo de seguro hasta la recopilaci\u00f3n de pruebas cruciales, la recopilaci\u00f3n de registros de gastos m\u00e9dicos, la presentaci\u00f3n de toda la documentaci\u00f3n necesaria y m\u00e1s, construiremos un caso s\u00f3lido para presentar ante el tribunal. J. Fine Law trabajar\u00e1 incansablemente para obtener la compensaci\u00f3n que necesita para cubrir salarios perdidos, da\u00f1os, dolor y sufrimiento, y futuras facturas m\u00e9dicas.<\/p>\n\n\n\n<h2 class=\"wp-block-heading\"><strong>\u00a1Abogados de Lesiones Dedicados en Feasterville Esperando su Llamada!<\/strong> <\/h2>\n\n\n\n<p>Cuando llame al bufete de abogados J. Fine Law, hablar\u00e1 con un abogado apasionado por ayudarle en su caso de lesiones personales. No solo estamos aqu\u00ed para guiarlo a trav\u00e9s del confuso proceso legal, sino tambi\u00e9n para lidiar con las interacciones desagradables con las partes culpables y las compa\u00f1\u00edas de seguros. No es solo el trabajo de nuestro bufete de abogados de lesiones personales representarlo en la corte, sino tambi\u00e9n reducir su estr\u00e9s para que pueda concentrarse en su salud f\u00edsica. \u00a1Incluido en su representaci\u00f3n legal est\u00e1 la tranquilidad de que nuestros abogados siempre est\u00e1n dispuestos y disponibles para atender su llamada y responder a sus preguntas!<\/p>\n\n\n\n<p>\u00a1P\u00f3ngase en contacto con la oficina de derecho de lesiones personales de J. Fine Law en Feasterville, PA para una consulta gratuita y sin compromiso hoy mismo! El plazo de prescripci\u00f3n para los casos de lesiones personales en Pensilvania es de 2 a\u00f1os a partir de la fecha del accidente, no se demore. Complete el formulario de consulta de abogado de lesiones personales y uno de nuestros abogados se comunicar\u00e1 con usted dentro de una hora. Ll\u00e1menos al <strong>888-913-3899<\/strong> o desde la escena al <strong>1-800-HURT-123<\/strong> para obtener ayuda inmediata y representaci\u00f3n legal.<\/p>\n\n\n\n<p><\/p>\n","protected":false},"excerpt":{"rendered":"<p>Si usted o un ser querido ha sufrido lesiones debido a la negligencia de un tercero, es posible que ya est\u00e9 experimentando los efectos devastadores que puede tener. Las lesiones por accidentes automovil\u00edsticos, seguridad negligente, abuso en hogares de ancianos y otras desgracias relacionadas pueden tener un impacto a largo plazo en su bienestar f\u00edsico, [&hellip;]<\/p>\n","protected":false},"author":7,"featured_media":4588,"parent":0,"menu_order":0,"comment_status":"closed","ping_status":"closed","template":"","meta":{"site-sidebar-layout":"default","site-content-layout":"","ast-site-content-layout":"default","site-content-style":"default","site-sidebar-style":"default","ast-global-header-display":"","ast-banner-title-visibility":"","ast-main-header-display":"","ast-hfb-above-header-display":"","ast-hfb-below-header-display":"","ast-hfb-mobile-header-display":"","site-post-title":"","ast-breadcrumbs-content":"","ast-featured-img":"","footer-sml-layout":"","theme-transparent-header-meta":"","adv-header-id-meta":"","stick-header-meta":"","header-above-stick-meta":"","header-main-stick-meta":"","header-below-stick-meta":"","astra-migrate-meta-layouts":"set","ast-page-background-enabled":"default","ast-page-background-meta":{"desktop":{"background-color":"var(--ast-global-color-4)","background-image":"","background-repeat":"repeat","background-position":"center center","background-size":"auto","background-attachment":"scroll","background-type":"","background-media":"","overlay-type":"","overlay-color":"","overlay-opacity":"","overlay-gradient":""},"tablet":{"background-color":"","background-image":"","background-repeat":"repeat","background-position":"center center","background-size":"auto","background-attachment":"scroll","background-type":"","background-media":"","overlay-type":"","overlay-color":"","overlay-opacity":"","overlay-gradient":""},"mobile":{"background-color":"","background-image":"","background-repeat":"repeat","background-position":"center center","background-size":"auto","background-attachment":"scroll","background-type":"","background-media":"","overlay-type":"","overlay-color":"","overlay-opacity":"","overlay-gradient":""}},"ast-content-background-meta":{"desktop":{"background-color":"var(--ast-global-color-5)","background-image":"","background-repeat":"repeat","background-position":"center center","background-size":"auto","background-attachment":"scroll","background-type":"","background-media":"","overlay-type":"","overlay-color":"","overlay-opacity":"","overlay-gradient":""},"tablet":{"background-color":"var(--ast-global-color-5)","background-image":"","background-repeat":"repeat","background-position":"center center","background-size":"auto","background-attachment":"scroll","background-type":"","background-media":"","overlay-type":"","overlay-color":"","overlay-opacity":"","overlay-gradient":""},"mobile":{"background-color":"var(--ast-global-color-5)","background-image":"","background-repeat":"repeat","background-position":"center center","background-size":"auto","background-attachment":"scroll","background-type":"","background-media":"","overlay-type":"","overlay-color":"","overlay-opacity":"","overlay-gradient":""}},"iawp_total_views":2,"footnotes":""},"class_list":["post-4586","page","type-page","status-publish","has-post-thumbnail","hentry"],"_links":{"self":[{"href":"https:\/\/jfinelaw.com\/es\/wp-json\/wp\/v2\/pages\/4586","targetHints":{"allow":["GET"]}}],"collection":[{"href":"https:\/\/jfinelaw.com\/es\/wp-json\/wp\/v2\/pages"}],"about":[{"href":"https:\/\/jfinelaw.com\/es\/wp-json\/wp\/v2\/types\/page"}],"author":[{"embeddable":true,"href":"https:\/\/jfinelaw.com\/es\/wp-json\/wp\/v2\/users\/7"}],"replies":[{"embeddable":true,"href":"https:\/\/jfinelaw.com\/es\/wp-json\/wp\/v2\/comments?post=4586"}],"version-history":[{"count":1,"href":"https:\/\/jfinelaw.com\/es\/wp-json\/wp\/v2\/pages\/4586\/revisions"}],"predecessor-version":[{"id":5024,"href":"https:\/\/jfinelaw.com\/es\/wp-json\/wp\/v2\/pages\/4586\/revisions\/5024"}],"wp:featuredmedia":[{"embeddable":true,"href":"https:\/\/jfinelaw.com\/es\/wp-json\/"}],"wp:attachment":[{"href":"https:\/\/jfinelaw.com\/es\/wp-json\/wp\/v2\/media?parent=4586"}],"curies":[{"name":"wp","href":"https:\/\/api.w.org\/{rel}","templated":true}]}}