{"id":4590,"date":"2025-03-28T15:19:58","date_gmt":"2025-03-28T15:19:58","guid":{"rendered":"https:\/\/jfinelaw.triplestarter.com\/?page_id=4590"},"modified":"2025-10-23T17:41:30","modified_gmt":"2025-10-23T17:41:30","slug":"abogado-de-muerte-injusta-en-pensilvania","status":"publish","type":"page","link":"https:\/\/jfinelaw.com\/es\/abogado-de-lesiones-personales-en-filadelfia-pa-2\/abogado-de-muerte-injusta-en-pensilvania\/","title":{"rendered":"Abogado de Muerte Injusta en Pensilvania"},"content":{"rendered":"\r\n<h2 class=\"wp-block-heading\">Justicia para las Familias Tras una P\u00e9rdida Tr\u00e1gica<\/h2>\r\n\r\n\r\n\r\n<p>Perder a un ser querido es devastador. Pero cuando esa p\u00e9rdida ocurre debido a la negligencia de otra persona, el dolor es a\u00fan m\u00e1s dif\u00edcil de soportar. Ya sea que su ser querido haya fallecido en un accidente automovil\u00edstico, en el trabajo, en un hospital o debido a condiciones inseguras en la propiedad de otra persona, es posible que tenga opciones legales. En J. Fine Law, nuestros abogados compasivos de muerte injusta en Filadelfia, Pensilvania, est\u00e1n aqu\u00ed para ayudar a las familias en duelo a buscar justicia y alivio financiero. Representamos a clientes en toda Pensilvania que han perdido a un c\u00f3nyuge, padre o hijo debido a las acciones negligentes o il\u00edcitas de otra parte. Perm\u00edtanos ayudarle a comprender sus derechos y buscar la compensaci\u00f3n que su familia necesita. No hay costo por hablar con nosotros, y no cobramos ninguna tarifa a menos que ganemos su caso.<\/p>\r\n\r\n\r\n\r\n<h2 class=\"wp-block-heading\"><strong>\u00bfQu\u00e9 es un Caso de Muerte Injusta?<\/strong><\/h2>\r\n\r\n\r\n\r\n<p>Un reclamo de muerte injusta surge cuando alguien fallece debido a la conducta negligente, imprudente o intencional de otra persona o entidad. La ley de Pensilvania permite a los familiares sobrevivientes presentar una demanda civil para recuperar los da\u00f1os relacionados con su p\u00e9rdida. Las causas comunes de muerte injusta incluyen:<\/p>\r\n\r\n\r\n\r\n<ul class=\"wp-block-list\">\r\n<li>Accidentes automovil\u00edsticos<\/li>\r\n\r\n\r\n\r\n<li>Accidentes de camiones<\/li>\r\n\r\n\r\n\r\n<li>Accidentes de motocicleta o peatones<\/li>\r\n\r\n\r\n\r\n<li>Negligencia m\u00e9dica<\/li>\r\n\r\n\r\n\r\n<li>Abuso o negligencia en hogares de ancianos<\/li>\r\n\r\n\r\n\r\n<li>Accidentes de construcci\u00f3n o laborales<\/li>\r\n\r\n\r\n\r\n<li>Productos defectuosos<\/li>\r\n\r\n\r\n\r\n<li>Lesiones por resbalones y ca\u00eddas<\/li>\r\n\r\n\r\n\r\n<li>Incendios o explosiones<\/li>\r\n\r\n\r\n\r\n<li>Agresiones debido a seguridad negligente<\/li>\r\n<\/ul>\r\n\r\n\r\n\r\n<p>Si las acciones (o la falta de acci\u00f3n) de otra persona provocaron la muerte de su ser querido, un <a href=\"https:\/\/jfinelaw.com\/es\/\">abogado de muerte injusta en Pensilvania<\/a>, en J. Fine Law puede ayudarle a dar el siguiente paso.<\/p>\r\n\r\n\r\n\r\n<h2 class=\"wp-block-heading\"><strong>\u00bfQui\u00e9n Puede Presentar una Demanda por Muerte Injusta en Pensilvania?<\/strong><\/h2>\r\n\r\n\r\n\r\n<p>Seg\u00fan la ley de Pensilvania, el representante personal del patrimonio de la persona fallecida debe presentar el reclamo por muerte injusta. Por lo general, se trata de un c\u00f3nyuge, padre o hijo adulto, pero tambi\u00e9n puede ser alguien nombrado en un testamento o designado por el tribunal. Si no se presenta una demanda dentro de los seis meses posteriores a la fecha de la muerte, los beneficiarios elegibles (como hijos, padres o c\u00f3nyuge sobreviviente) pueden presentar el reclamo ellos mismos. Nuestro equipo en J. Fine Law le guiar\u00e1 a trav\u00e9s del proceso legal y le ayudar\u00e1 a garantizar que la parte correcta presente el reclamo dentro del plazo requerido.<\/p>\r\n\r\n\r\n\r\n<h2 class=\"wp-block-heading\"><strong>\u00bfQu\u00e9 Tipos de Da\u00f1os se Pueden Recuperar en un Caso de Muerte Injusta?<\/strong><\/h2>\r\n\r\n\r\n\r\n<p>Una demanda por muerte injusta en Pensilvania puede ayudar a las familias a recuperar una compensaci\u00f3n por una amplia gama de p\u00e9rdidas, que incluyen:<\/p>\r\n\r\n\r\n\r\n<ul class=\"wp-block-list\">\r\n<li>Gastos funerarios y de entierro<\/li>\r\n\r\n\r\n\r\n<li>Facturas m\u00e9dicas relacionadas con la lesi\u00f3n o enfermedad final<\/li>\r\n\r\n\r\n\r\n<li>P\u00e9rdida de ingresos y ganancias futuras del fallecido<\/li>\r\n\r\n\r\n\r\n<li>P\u00e9rdida de beneficios como pensi\u00f3n o seguro m\u00e9dico<\/li>\r\n\r\n\r\n\r\n<li>P\u00e9rdida de compa\u00f1\u00eda, gu\u00eda y apoyo emocional<\/li>\r\n\r\n\r\n\r\n<li>Dolor y sufrimiento experimentados por los familiares sobrevivientes<\/li>\r\n\r\n\r\n\r\n<li>Compensaci\u00f3n por los servicios que brind\u00f3 el fallecido (por ejemplo, cuidado de ni\u00f1os, mantenimiento del hogar)<\/li>\r\n<\/ul>\r\n\r\n\r\n\r\n<p>Cada caso es diferente, y nuestros abogados de muerte injusta en Filadelfia, Pensilvania, evaluar\u00e1n cuidadosamente las p\u00e9rdidas de su familia para buscar una compensaci\u00f3n completa y justa.<\/p>\r\n\r\n\r\n\r\n<h2 class=\"wp-block-heading\"><strong>\u00bfQu\u00e9 es una Acci\u00f3n de Supervivencia?<\/strong><\/h2>\r\n\r\n\r\n\r\n<p>Adem\u00e1s de un reclamo por muerte injusta, la ley de Pensilvania permite que el patrimonio presente una <strong>acci\u00f3n de supervivencia<\/strong>. Este tipo de reclamo tiene como objetivo recuperar los da\u00f1os a los que la persona fallecida habr\u00eda tenido derecho si hubiera sobrevivido. Cubre p\u00e9rdidas tales como:<\/p>\r\n\r\n\r\n\r\n<ul class=\"wp-block-list\">\r\n<li>Dolor y sufrimiento conscientes antes de la muerte<\/li>\r\n\r\n\r\n\r\n<li>Gastos m\u00e9dicos por la lesi\u00f3n<\/li>\r\n\r\n\r\n\r\n<li>Salarios perdidos entre el momento de la lesi\u00f3n y la muerte<\/li>\r\n<\/ul>\r\n\r\n\r\n\r\n<p>Las acciones de supervivencia y los reclamos por muerte injusta a menudo se presentan juntos. Nuestro equipo en J. Fine Law se asegurar\u00e1 de que todos los reclamos elegibles se persigan adecuadamente.<\/p>\r\n\r\n\r\n\r\n<h2 class=\"wp-block-heading\"><strong>Escenarios Comunes de Muerte Injusta en Pensilvania<\/strong><\/h2>\r\n\r\n\r\n\r\n<p>Nuestro bufete ha ayudado a familias en todo el estado despu\u00e9s de una amplia gama de p\u00e9rdidas tr\u00e1gicas y prevenibles, que incluyen:<\/p>\r\n\r\n\r\n\r\n<ul class=\"wp-block-list\">\r\n<li>Un peat\u00f3n atropellado y muerto por un conductor distra\u00eddo en Filadelfia<\/li>\r\n\r\n\r\n\r\n<li>Un residente de un hogar de ancianos que falleci\u00f3 debido a infecciones no tratadas y negligencia<\/li>\r\n\r\n\r\n\r\n<li>Un trabajador de la construcci\u00f3n fatalmente herido en un sitio de trabajo inseguro<\/li>\r\n\r\n\r\n\r\n<li>Un paciente que falleci\u00f3 debido a un error quir\u00fargico en un hospital<\/li>\r\n\r\n\r\n\r\n<li>Un comprador muerto por la ca\u00edda de escombros en una tienda minorista mal mantenida<\/li>\r\n\r\n\r\n\r\n<li>Un ni\u00f1o que se ahog\u00f3 en una piscina sin supervisi\u00f3n<\/li>\r\n<\/ul>\r\n\r\n\r\n\r\n<p>Cualesquiera que sean las circunstancias, nuestros abogados con experiencia en muerte injusta en Filadelfia, Pensilvania, est\u00e1n listos para ayudar a su familia a buscar justicia.<\/p>\r\n\r\n\r\n\r\n<h2 class=\"wp-block-heading\"><strong>\u00bfCu\u00e1nto Tiempo Tiene para Presentar una Demanda por Muerte Injusta en Pensilvania?<\/strong><\/h2>\r\n\r\n\r\n\r\n<p>En la mayor\u00eda de los casos, el plazo de prescripci\u00f3n para una demanda por muerte injusta en Pensilvania es de dos a\u00f1os a partir de la fecha de la muerte. Si no cumple con este plazo, puede perder su derecho a recuperar los da\u00f1os. Sin embargo, existen excepciones. Los reclamos que involucran a menores, entidades gubernamentales o causas ocultas de muerte pueden implicar reglas diferentes. Es por eso que es importante comunicarse con un abogado de muerte injusta en Filadelfia, Pensilvania, lo antes posible despu\u00e9s de su p\u00e9rdida.<\/p>\r\n\r\n\r\n\r\n<h2 class=\"wp-block-heading\"><strong>C\u00f3mo J. Fine Law Apoya a las Familias Despu\u00e9s de una Muerte Injusta<\/strong><\/h2>\r\n\r\n\r\n\r\n<p>Sabemos que ninguna demanda puede traer de vuelta a su ser querido. Pero tambi\u00e9n sabemos que responsabilizar a la parte culpable puede brindar una sensaci\u00f3n de cierre y proporcionar un apoyo financiero fundamental para su futuro. Cuando trabaja con J. Fine Law, puede esperar:<\/p>\r\n\r\n\r\n\r\n<ul class=\"wp-block-list\">\r\n<li>Una consulta gratuita con un abogado compasivo<\/li>\r\n\r\n\r\n\r\n<li>Respuestas claras y honestas sobre sus opciones legales<\/li>\r\n\r\n\r\n\r\n<li>Manejo respetuoso de asuntos familiares delicados<\/li>\r\n\r\n\r\n\r\n<li>Investigaci\u00f3n exhaustiva de c\u00f3mo ocurri\u00f3 la muerte<\/li>\r\n\r\n\r\n\r\n<li>Colaboraci\u00f3n con expertos m\u00e9dicos y en accidentes<\/li>\r\n\r\n\r\n\r\n<li>Negociaci\u00f3n agresiva con las compa\u00f1\u00edas de seguros<\/li>\r\n\r\n\r\n\r\n<li>Representaci\u00f3n lista para el juicio si es necesario<\/li>\r\n\r\n\r\n\r\n<li>Sin honorarios a menos que ganemos su caso<\/li>\r\n<\/ul>\r\n\r\n\r\n\r\n<p>Manejamos cada caso con el cuidado y la atenci\u00f3n que desear\u00edamos para nuestras propias familias.<\/p>\r\n\r\n\r\n\r\n<h2 class=\"wp-block-heading\"><strong>\u00bfQu\u00e9 Hace a J. Fine Law Diferente?<\/strong><\/h2>\r\n\r\n\r\n\r\n<ul class=\"wp-block-list\">\r\n<li><strong>D\u00e9cadas de Experiencia:<\/strong> Nuestros abogados han manejado innumerables reclamos por muerte injusta y lesiones personales en toda Pensilvania.<\/li>\r\n\r\n\r\n\r\n<li><strong>Resultados Comprobados:<\/strong> Hemos recuperado millones de d\u00f3lares para familias en duelo y v\u00edctimas de lesiones.<\/li>\r\n\r\n\r\n\r\n<li><strong>Enfoque Centrado en el Cliente:<\/strong> Ofrecemos atenci\u00f3n personalizada y nunca lo tratamos como un caso m\u00e1s.<\/li>\r\n\r\n\r\n\r\n<li><strong>Conocimiento Local:<\/strong> Con sede en Filadelfia, conocemos los tribunales, las leyes y las comunidades donde usted vive.<\/li>\r\n<\/ul>\r\n\r\n\r\n\r\n<p>Entendemos que probablemente este sea uno de los momentos m\u00e1s dif\u00edciles de su vida. Perm\u00edtanos llevar la carga legal para que pueda concentrarse en sanar y honrar la memoria de su ser querido.<\/p>\r\n\r\n\r\n\r\n<h2 class=\"wp-block-heading\"><strong>Preguntas Frecuentes Sobre Muerte Injusta<\/strong><\/h2>\r\n\r\n\r\n\r\n<ul class=\"wp-block-list\">\r\n<li><strong>\u00bfCu\u00e1nto cuesta contratar a un abogado de muerte injusta en J. Fine Law?<\/strong> No hay costos iniciales. Trabajamos con base en honorarios de contingencia, lo que significa que solo paga si recuperamos una compensaci\u00f3n para su familia.<\/li>\r\n\r\n\r\n\r\n<li><strong>\u00bfCu\u00e1nto tiempo tomar\u00e1 mi caso de muerte injusta?<\/strong> Cada caso es diferente. Algunos se resuelven en meses, mientras que otros pueden llevar m\u00e1s tiempo debido a investigaciones, negociaciones o procedimientos judiciales. Lo mantendremos informado en cada paso del camino.<\/li>\r\n\r\n\r\n\r\n<li><strong>\u00bfTengo que ir a la corte?<\/strong> Muchos reclamos por muerte injusta se resuelven fuera de la corte. Sin embargo, si no se ofrece un acuerdo justo, estamos completamente preparados para llevar su caso a juicio.<\/li>\r\n\r\n\r\n\r\n<li><strong>\u00bfQu\u00e9 sucede si el fallecido no ten\u00eda testamento?<\/strong> A\u00fan puede presentar un reclamo por muerte injusta. El tribunal puede designar a un representante personal para que se encargue del patrimonio y la demanda.<\/li>\r\n\r\n\r\n\r\n<li><strong>\u00bfQui\u00e9n recibe la compensaci\u00f3n en un caso de muerte injusta?<\/strong> Por lo general, la compensaci\u00f3n se distribuye al c\u00f3nyuge, los hijos o los padres del fallecido. Si no hay ninguno disponible, otros familiares pueden ser elegibles.<\/li>\r\n<\/ul>\r\n\r\n\r\n\r\n<h2 class=\"wp-block-heading\"><strong>Historias Reales. Resultados Reales.<\/strong><\/h2>\r\n\r\n\r\n\r\n<p>A lo largo de los a\u00f1os, J. Fine Law ha ayudado a familias en duelo a responsabilizar a las partes negligentes por muertes prevenibles. Algunos de los resultados de nuestros casos incluyen:<\/p>\r\n\r\n\r\n\r\n<ul class=\"wp-block-list\">\r\n<li>Un acuerdo significativo para una familia cuyo ser querido falleci\u00f3 en un accidente de cami\u00f3n fatal en la I-95<\/li>\r\n\r\n\r\n\r\n<li>Compensaci\u00f3n para una familia despu\u00e9s de que un paciente falleci\u00f3 debido a un retraso en el tratamiento de la sala de emergencias<\/li>\r\n\r\n\r\n\r\n<li>Una indemnizaci\u00f3n por muerte injusta para los padres de un estudiante universitario que cay\u00f3 desde un balc\u00f3n inseguro<\/li>\r\n<\/ul>\r\n\r\n\r\n\r\n<p>No podemos borrar su dolor, pero podemos luchar por respuestas, rendici\u00f3n de cuentas y alivio financiero.<\/p>\r\n\r\n\r\n\r\n<h2 class=\"wp-block-heading\"><strong>P\u00f3ngase en Contacto con un Abogado de Muerte Injusta en Pensilvania, Hoy Mismo<\/strong><\/h2>\r\n\r\n\r\n\r\n<p>Si perdi\u00f3 a un ser querido debido a la negligencia de otra parte, no espere para buscar ayuda legal. Permita que J. Fine Law est\u00e9 a su lado y luche por la justicia que su familia merece. Ll\u00e1menos hoy o complete nuestro formulario en l\u00ednea para programar una consulta gratuita con un <a href=\"https:\/\/maps.app.goo.gl\/bZbnKdL5khXTcz2m9\" target=\"_blank\" rel=\"noopener\">abogado de muerte injusta en Pensilvania<\/a>.<\/p>\r\n","protected":false},"excerpt":{"rendered":"<p>Justicia para las Familias Tras una P\u00e9rdida Tr\u00e1gica Perder a un ser querido es devastador. Pero cuando esa p\u00e9rdida ocurre debido a la negligencia de otra persona, el dolor es a\u00fan m\u00e1s dif\u00edcil de soportar. Ya sea que su ser querido haya fallecido en un accidente automovil\u00edstico, en el trabajo, en un hospital o debido [&hellip;]<\/p>\n","protected":false},"author":14,"featured_media":4591,"parent":5705,"menu_order":0,"comment_status":"closed","ping_status":"closed","template":"","meta":{"site-sidebar-layout":"default","site-content-layout":"","ast-site-content-layout":"default","site-content-style":"default","site-sidebar-style":"default","ast-global-header-display":"","ast-banner-title-visibility":"","ast-main-header-display":"","ast-hfb-above-header-display":"","ast-hfb-below-header-display":"","ast-hfb-mobile-header-display":"","site-post-title":"","ast-breadcrumbs-content":"","ast-featured-img":"","footer-sml-layout":"","theme-transparent-header-meta":"","adv-header-id-meta":"","stick-header-meta":"","header-above-stick-meta":"","header-main-stick-meta":"","header-below-stick-meta":"","astra-migrate-meta-layouts":"set","ast-page-background-enabled":"default","ast-page-background-meta":{"desktop":{"background-color":"var(--ast-global-color-4)","background-image":"","background-repeat":"repeat","background-position":"center center","background-size":"auto","background-attachment":"scroll","background-type":"","background-media":"","overlay-type":"","overlay-color":"","overlay-opacity":"","overlay-gradient":""},"tablet":{"background-color":"","background-image":"","background-repeat":"repeat","background-position":"center center","background-size":"auto","background-attachment":"scroll","background-type":"","background-media":"","overlay-type":"","overlay-color":"","overlay-opacity":"","overlay-gradient":""},"mobile":{"background-color":"","background-image":"","background-repeat":"repeat","background-position":"center center","background-size":"auto","background-attachment":"scroll","background-type":"","background-media":"","overlay-type":"","overlay-color":"","overlay-opacity":"","overlay-gradient":""}},"ast-content-background-meta":{"desktop":{"background-color":"var(--ast-global-color-5)","background-image":"","background-repeat":"repeat","background-position":"center center","background-size":"auto","background-attachment":"scroll","background-type":"","background-media":"","overlay-type":"","overlay-color":"","overlay-opacity":"","overlay-gradient":""},"tablet":{"background-color":"var(--ast-global-color-5)","background-image":"","background-repeat":"repeat","background-position":"center center","background-size":"auto","background-attachment":"scroll","background-type":"","background-media":"","overlay-type":"","overlay-color":"","overlay-opacity":"","overlay-gradient":""},"mobile":{"background-color":"var(--ast-global-color-5)","background-image":"","background-repeat":"repeat","background-position":"center center","background-size":"auto","background-attachment":"scroll","background-type":"","background-media":"","overlay-type":"","overlay-color":"","overlay-opacity":"","overlay-gradient":""}},"iawp_total_views":5,"footnotes":""},"class_list":["post-4590","page","type-page","status-publish","has-post-thumbnail","hentry"],"_links":{"self":[{"href":"https:\/\/jfinelaw.com\/es\/wp-json\/wp\/v2\/pages\/4590","targetHints":{"allow":["GET"]}}],"collection":[{"href":"https:\/\/jfinelaw.com\/es\/wp-json\/wp\/v2\/pages"}],"about":[{"href":"https:\/\/jfinelaw.com\/es\/wp-json\/wp\/v2\/types\/page"}],"author":[{"embeddable":true,"href":"https:\/\/jfinelaw.com\/es\/wp-json\/wp\/v2\/users\/14"}],"replies":[{"embeddable":true,"href":"https:\/\/jfinelaw.com\/es\/wp-json\/wp\/v2\/comments?post=4590"}],"version-history":[{"count":4,"href":"https:\/\/jfinelaw.com\/es\/wp-json\/wp\/v2\/pages\/4590\/revisions"}],"predecessor-version":[{"id":5708,"href":"https:\/\/jfinelaw.com\/es\/wp-json\/wp\/v2\/pages\/4590\/revisions\/5708"}],"up":[{"embeddable":true,"href":"https:\/\/jfinelaw.com\/es\/wp-json\/wp\/v2\/pages\/5705"}],"wp:featuredmedia":[{"embeddable":true,"href":"https:\/\/jfinelaw.com\/es\/wp-json\/"}],"wp:attachment":[{"href":"https:\/\/jfinelaw.com\/es\/wp-json\/wp\/v2\/media?parent=4590"}],"curies":[{"name":"wp","href":"https:\/\/api.w.org\/{rel}","templated":true}]}}