{"id":4605,"date":"2025-03-20T18:47:00","date_gmt":"2025-03-20T18:47:00","guid":{"rendered":"https:\/\/jfinelaw.triplestarter.com\/?page_id=4605"},"modified":"2025-06-13T21:44:40","modified_gmt":"2025-06-13T21:44:40","slug":"abogados-de-lesiones-personales-por-resbalones-y-caidas","status":"publish","type":"page","link":"https:\/\/jfinelaw.com\/es\/abogados-de-lesiones-personales-por-resbalones-y-caidas\/","title":{"rendered":"Abogados de Lesiones Personales por Resbalones y Ca\u00eddas"},"content":{"rendered":"\n<p>Durante m\u00e1s de 25 a\u00f1os, los abogados de lesiones personales de J. Fine Law han representado con \u00e9xito a v\u00edctimas de accidentes por resbalones y ca\u00eddas en Filadelfia, hasta el condado de Erie PA, y en todo Nueva Jersey. No permita que la negligencia de otra persona le cause dolor o p\u00e9rdida de salario. Si ha estado involucrado en un resbal\u00f3n y ca\u00edda, aseg\u00farese de buscar atenci\u00f3n m\u00e9dica de inmediato, sin importar cu\u00e1n leves crea que son las lesiones. Los registros m\u00e9dicos son una pieza esencial de evidencia en su caso de resbal\u00f3n y ca\u00edda. Tambi\u00e9n tome fotos de lo que le hizo caer o, si est\u00e1 afuera, anote la direcci\u00f3n. Nuestro bufete de abogados recupera millones en acuerdos y veredictos por lesiones personales cada a\u00f1o por resbalones y ca\u00eddas y accidentes por tropiezos y ca\u00eddas. Si ha sufrido una lesi\u00f3n debido a un accidente por resbal\u00f3n y ca\u00edda, llame a nuestros abogados experimentados y dedicados hoy mismo al <strong>(888) 913-3899<\/strong>, complete el formulario en este sitio web o llame al <strong>1-800-HURT-123<\/strong> desde el lugar del accidente para una consulta gratuita de su caso.<\/p>\n\n\n\n<h2 class=\"wp-block-heading\"><strong>Casos Comunes de Resbalones y Ca\u00eddas<\/strong> <\/h2>\n\n\n\n<p>Los due\u00f1os de propiedades, los arrendadores y los propietarios de viviendas tienen la responsabilidad de garantizar que sus pasillos, estacionamientos, pisos y la propiedad en general sean seguros y est\u00e9n libres de peligros en todo momento. Si este no es el caso y usted se lesiona debido a su negligencia, pueden ser considerados responsables de sus da\u00f1os. Las causas comunes de accidentes por resbalones y ca\u00eddas incluyen:<\/p>\n\n\n\n<ul class=\"wp-block-list\">\n<li><strong>Superficies Resbaladizas:<\/strong> La lluvia, el granizo y la nieve causan condiciones resbaladizas y heladas tanto en los pavimentos como en las entradas de los edificios. Los due\u00f1os de negocios deben asegurarse de que estos peligros relacionados con el clima se limpien constantemente, as\u00ed como colocar se\u00f1ales de advertencia para las superficies resbaladizas. Si no lo hacen y usted ha sufrido lesiones por un resbal\u00f3n y ca\u00edda, podr\u00edan ser responsables de sus da\u00f1os, dolor y sufrimiento.<\/li>\n\n\n\n<li><strong>Iluminaci\u00f3n Inadecuada:<\/strong> Los pasillos, las escaleras y los estacionamientos con poca luz pueden provocar accidentes por resbalones y ca\u00eddas cuando no puede ver por d\u00f3nde va. El due\u00f1o de la propiedad puede ser responsable de estos da\u00f1os, porque no se asegur\u00f3 de que se instalaran sistemas de iluminaci\u00f3n adecuados y\/o que funcionaran correctamente.<\/li>\n\n\n\n<li><strong>Derrames de Alimentos y Bebidas:<\/strong> Cualquier establecimiento que sirva alimentos o bebidas, desde restaurantes hasta gasolineras y supermercados, tiene la responsabilidad de garantizar que los derrames se limpien r\u00e1pidamente. Si se dejan desatendidos o sin advertencia para los clientes, podr\u00eda ocurrir un grave accidente por resbal\u00f3n y ca\u00edda a los clientes.<\/li>\n\n\n\n<li><strong>Pavimento Agrietado:<\/strong> Al igual que garantizar que todos los pisos y escaleras est\u00e9n libres de alimentos, agua o peligros de iluminaci\u00f3n, el material de la superficie tambi\u00e9n debe ser seguro. Las grietas en el pavimento, las baldosas astilladas, los agujeros en las aceras y las alfombras sueltas son formas f\u00e1ciles y obvias en que podr\u00eda ocurrir una ca\u00edda y una lesi\u00f3n graves.<\/li>\n<\/ul>\n\n\n\n<h2 class=\"wp-block-heading\"><strong>\u00bfPor Qu\u00e9 Contratar a un Abogado para un Accidente por Resbal\u00f3n y Ca\u00edda?<\/strong> <\/h2>\n\n\n\n<p>Despu\u00e9s de un accidente por resbal\u00f3n y ca\u00edda, es imperativo que se ponga en contacto con un bufete de abogados que se especialice en lesiones personales y responsabilidad por accidentes. El equipo de abogados con experiencia en lesiones personales de J. Fine Law revisar\u00e1 su caso a fondo para determinar la culpa del accidente y c\u00f3mo podemos probarlo para ganar su caso. Nuestra investigaci\u00f3n exhaustiva revisar\u00e1 la condici\u00f3n de la escena para determinar si el accidente podr\u00eda haberse evitado de alguna manera, ya sea directamente por el due\u00f1o de la propiedad o mediante un mantenimiento preventivo. Con 18 a\u00f1os de experiencia profesional y legal, nuestros abogados de resbalones y ca\u00eddas por lesiones personales luchar\u00e1n en su nombre para obtener una compensaci\u00f3n por lesiones, facturas m\u00e9dicas, salarios perdidos, dolor y sufrimiento, ansiedad, discapacidad, gastos m\u00e9dicos futuros y m\u00e1s.<\/p>\n\n\n\n<h2 class=\"wp-block-heading\"><strong>Consulta Gratuita con un Abogado de Resbalones y Ca\u00eddas<\/strong> <\/h2>\n\n\n\n<p>Los accidentes por resbalones y ca\u00eddas pueden ser dif\u00edciles de probar, ya que los due\u00f1os de propiedades rara vez aceptan ning\u00fan nivel de culpa por sus lesiones y da\u00f1os. Pero con J. Fine Law de su lado, lucharemos por sus derechos y la compensaci\u00f3n que se le debe; \u00a1podemos ayudarlo a ganar su caso! Se ofrecen consultas gratuitas con abogados de lesiones personales en cualquiera de nuestras tres oficinas en Filadelfia PA, Feasterville PA o Cherry Hill NJ. Nuestros abogados tambi\u00e9n est\u00e1n disponibles para consultas telef\u00f3nicas gratuitas al <strong>(888) 913-3899<\/strong> o llame al <strong>1-800-HURT-123<\/strong> desde el lugar del accidente.<\/p>\n","protected":false},"excerpt":{"rendered":"<p>Durante m\u00e1s de 25 a\u00f1os, los abogados de lesiones personales de J. Fine Law han representado con \u00e9xito a v\u00edctimas de accidentes por resbalones y ca\u00eddas en Filadelfia, hasta el condado de Erie PA, y en todo Nueva Jersey. No permita que la negligencia de otra persona le cause dolor o p\u00e9rdida de salario. Si [&hellip;]<\/p>\n","protected":false},"author":7,"featured_media":4606,"parent":0,"menu_order":0,"comment_status":"closed","ping_status":"closed","template":"","meta":{"site-sidebar-layout":"default","site-content-layout":"","ast-site-content-layout":"default","site-content-style":"default","site-sidebar-style":"default","ast-global-header-display":"","ast-banner-title-visibility":"","ast-main-header-display":"","ast-hfb-above-header-display":"","ast-hfb-below-header-display":"","ast-hfb-mobile-header-display":"","site-post-title":"","ast-breadcrumbs-content":"","ast-featured-img":"","footer-sml-layout":"","theme-transparent-header-meta":"","adv-header-id-meta":"","stick-header-meta":"","header-above-stick-meta":"","header-main-stick-meta":"","header-below-stick-meta":"","astra-migrate-meta-layouts":"set","ast-page-background-enabled":"default","ast-page-background-meta":{"desktop":{"background-color":"var(--ast-global-color-4)","background-image":"","background-repeat":"repeat","background-position":"center center","background-size":"auto","background-attachment":"scroll","background-type":"","background-media":"","overlay-type":"","overlay-color":"","overlay-opacity":"","overlay-gradient":""},"tablet":{"background-color":"","background-image":"","background-repeat":"repeat","background-position":"center center","background-size":"auto","background-attachment":"scroll","background-type":"","background-media":"","overlay-type":"","overlay-color":"","overlay-opacity":"","overlay-gradient":""},"mobile":{"background-color":"","background-image":"","background-repeat":"repeat","background-position":"center center","background-size":"auto","background-attachment":"scroll","background-type":"","background-media":"","overlay-type":"","overlay-color":"","overlay-opacity":"","overlay-gradient":""}},"ast-content-background-meta":{"desktop":{"background-color":"var(--ast-global-color-5)","background-image":"","background-repeat":"repeat","background-position":"center center","background-size":"auto","background-attachment":"scroll","background-type":"","background-media":"","overlay-type":"","overlay-color":"","overlay-opacity":"","overlay-gradient":""},"tablet":{"background-color":"var(--ast-global-color-5)","background-image":"","background-repeat":"repeat","background-position":"center center","background-size":"auto","background-attachment":"scroll","background-type":"","background-media":"","overlay-type":"","overlay-color":"","overlay-opacity":"","overlay-gradient":""},"mobile":{"background-color":"var(--ast-global-color-5)","background-image":"","background-repeat":"repeat","background-position":"center center","background-size":"auto","background-attachment":"scroll","background-type":"","background-media":"","overlay-type":"","overlay-color":"","overlay-opacity":"","overlay-gradient":""}},"iawp_total_views":3,"footnotes":""},"class_list":["post-4605","page","type-page","status-publish","has-post-thumbnail","hentry"],"_links":{"self":[{"href":"https:\/\/jfinelaw.com\/es\/wp-json\/wp\/v2\/pages\/4605","targetHints":{"allow":["GET"]}}],"collection":[{"href":"https:\/\/jfinelaw.com\/es\/wp-json\/wp\/v2\/pages"}],"about":[{"href":"https:\/\/jfinelaw.com\/es\/wp-json\/wp\/v2\/types\/page"}],"author":[{"embeddable":true,"href":"https:\/\/jfinelaw.com\/es\/wp-json\/wp\/v2\/users\/7"}],"replies":[{"embeddable":true,"href":"https:\/\/jfinelaw.com\/es\/wp-json\/wp\/v2\/comments?post=4605"}],"version-history":[{"count":1,"href":"https:\/\/jfinelaw.com\/es\/wp-json\/wp\/v2\/pages\/4605\/revisions"}],"predecessor-version":[{"id":4967,"href":"https:\/\/jfinelaw.com\/es\/wp-json\/wp\/v2\/pages\/4605\/revisions\/4967"}],"wp:featuredmedia":[{"embeddable":true,"href":"https:\/\/jfinelaw.com\/es\/wp-json\/wp\/v2\/media\/4606"}],"wp:attachment":[{"href":"https:\/\/jfinelaw.com\/es\/wp-json\/wp\/v2\/media?parent=4605"}],"curies":[{"name":"wp","href":"https:\/\/api.w.org\/{rel}","templated":true}]}}