{"id":4620,"date":"2025-03-20T18:44:31","date_gmt":"2025-03-20T18:44:31","guid":{"rendered":"https:\/\/jfinelaw.triplestarter.com\/?page_id=4620"},"modified":"2025-10-23T17:41:25","modified_gmt":"2025-10-23T17:41:25","slug":"abogados-de-accidentes-de-transporte-publico-de-filadelfia","status":"publish","type":"page","link":"https:\/\/jfinelaw.com\/es\/abogado-de-lesiones-personales-en-filadelfia-pa-2\/abogados-de-accidentes-de-transporte-publico-de-filadelfia\/","title":{"rendered":"Abogados de Accidentes de Transporte P\u00fablico de Filadelfia"},"content":{"rendered":"\r\n<p>Los pasajeros que deben viajar en tren, metro o autobuses de SEPTA para ir a trabajar todos los d\u00edas enfrentan una amenaza \u00fanica cuando abordan sus respectivos medios del sistema de transporte p\u00fablico de Filadelfia. Diariamente, est\u00e1n a merced de los operadores de maquinaria pesada y deben confiar en que los conductores los lleven y traigan del trabajo de manera segura. Desafortunadamente, llega un momento en que ocurre un accidente de transporte p\u00fablico. Ya sea por culpa del conductor, del veh\u00edculo o por circunstancias atenuantes, si usted o un ser querido han resultado heridos en uno de estos horribles accidentes, merecen justicia y compensaci\u00f3n por sus lesiones. El equipo de abogados de <strong>J. Fine Law<\/strong> tiene muchos a\u00f1os de experiencia en el manejo de casos de accidentes de transporte p\u00fablico. Llame al <strong>(888) 913-3899<\/strong>, complete nuestro formulario o llame al <strong>1-800-HURT-123<\/strong> desde el lugar del accidente para una consulta gratuita de su caso.<\/p>\r\n\r\n\r\n\r\n<h2 class=\"wp-block-heading\"><strong>Abogados con Experiencia en Casos de Accidentes de Transporte P\u00fablico<\/strong><\/h2>\r\n\r\n\r\n\r\n<p>Con sede en Filadelfia, pero sirviendo a clientes en toda Pensilvania y Nueva Jersey, nuestro bufete de abogados tiene una perspectiva \u00fanica sobre los peligros que enfrentan los pasajeros al abordar SEPTA, Amtrak u otras formas de transporte p\u00fablico. A lo largo de nuestros 20 a\u00f1os de experiencia representando a clientes involucrados en accidentes de tren, autob\u00fas o metro, hemos podido responsabilizar a las autoridades de transporte p\u00fablico y recuperar millones de d\u00f3lares en acuerdos. Si bien estos casos no siempre son blancos y negros, nuestro equipo de abogados cuenta con la experiencia, los recursos y las habilidades de litigio para ganar consistentemente en los tribunales o llegar a un acuerdo extrajudicial. En J. Fine Law protegemos los derechos de nuestros clientes y construimos el caso m\u00e1s s\u00f3lido posible para garantizar que se le recompense por sus lesiones, salarios perdidos, facturas m\u00e9dicas y costos futuros relacionados con su accidente.<\/p>\r\n\r\n\r\n\r\n<h2 class=\"wp-block-heading\"><strong>Causas Comunes de Desastrosos Accidentes de Transporte P\u00fablico<\/strong><\/h2>\r\n\r\n\r\n\r\n<p>Todos los d\u00edas, m\u00e1s de 170,000 trabajadores utilizan el transporte p\u00fablico dentro de los l\u00edmites de la ciudad de Filadelfia (NBC). Si bien esperar\u00eda que la autoridad de transporte p\u00fablico tomara todas las medidas necesarias para mantenerlo seguro, un peque\u00f1o error, la negligencia del conductor o una pieza defectuosa pueden tener consecuencias horribles para los pasajeros. Los abogados de nuestro bufete de abogados de lesiones personales de Filadelfia suelen manejar casos de accidentes de transporte p\u00fablico debido a:<\/p>\r\n\r\n\r\n\r\n<ul class=\"wp-block-list\">\r\n<li><strong>Error del Conductor:<\/strong> Ya sea el conductor del veh\u00edculo u otro autom\u00f3vil de pasajeros, los errores del conductor son la causa m\u00e1s com\u00fan de un accidente de transporte p\u00fablico. Desde distracciones causadas por tel\u00e9fonos celulares hasta somnolencia o estar bajo la influencia de drogas, deben rendir cuentas.<\/li>\r\n\r\n\r\n\r\n<li><strong>Problema Mec\u00e1nico:<\/strong> Los propietarios de estas empresas de transporte p\u00fablico tienen la responsabilidad de garantizar que sus autobuses y trenes est\u00e9n en condiciones de funcionamiento seguras y que se les d\u00e9 el mantenimiento adecuado en todo momento.<\/li>\r\n\r\n\r\n\r\n<li><strong>Condiciones Clim\u00e1ticas:<\/strong> El clima a menudo puede ser un factor que contribuye a los accidentes que involucran veh\u00edculos, y el transporte p\u00fablico no es diferente.<\/li>\r\n<\/ul>\r\n\r\n\r\n\r\n<h2 class=\"wp-block-heading\"><strong>Diferencia Entre Accidentes Automovil\u00edsticos y de Transporte P\u00fablico<\/strong><\/h2>\r\n\r\n\r\n\r\n<p>Los accidentes que ocurren en veh\u00edculos propiedad del estado (autobuses, trenes, etc.) son muy diferentes de los accidentes automovil\u00edsticos en veh\u00edculos de propiedad privada. En lugar de que una compa\u00f1\u00eda de seguros maneje su reclamo, si resulta lesionado durante un incidente de transporte p\u00fablico, deber\u00e1 completar un formulario de reclamo a trav\u00e9s de la compa\u00f1\u00eda. Deber\u00e1 proporcionar mucha informaci\u00f3n, incluyendo:<\/p>\r\n\r\n\r\n\r\n<ul class=\"wp-block-list\">\r\n<li>Fecha y hora del accidente<\/li>\r\n\r\n\r\n\r\n<li>Ubicaci\u00f3n del accidente<\/li>\r\n\r\n\r\n\r\n<li>Ruta o propiedad donde ocurri\u00f3 el accidente<\/li>\r\n\r\n\r\n\r\n<li>Destino del tren o autob\u00fas<\/li>\r\n\r\n\r\n\r\n<li>Si la lesi\u00f3n ocurri\u00f3 en el veh\u00edculo o en la propiedad<\/li>\r\n<\/ul>\r\n\r\n\r\n\r\n<p>Dado que tratar\u00e1 con una entidad p\u00fablica, debe seguir reglas y plazos estrictos para completar el reclamo y avanzar en el proceso.<\/p>\r\n\r\n\r\n\r\n<h2 class=\"wp-block-heading\"><strong>Qu\u00e9 Hacer Despu\u00e9s de un Accidente de SEPTA o NJ Transit<\/strong><\/h2>\r\n\r\n\r\n\r\n<p>Los pasos que se tomen despu\u00e9s de un accidente en un autob\u00fas o tren de transporte p\u00fablico son extremadamente importantes para asegurar cualquier reclamo en el futuro. Primero, debe buscar atenci\u00f3n m\u00e9dica. Necesita tener un registro de sus lesiones archivado porque la agencia de transporte har\u00e1 un seguimiento con su m\u00e9dico para confirmar sus reclamos. Incluso si el accidente es menor y no siente ninguna lesi\u00f3n f\u00edsica, le conviene hacer un seguimiento con su proveedor de atenci\u00f3n m\u00e9dica lo antes posible.<\/p>\r\n\r\n\r\n\r\n<p>A continuaci\u00f3n, contrate a un abogado de accidentes de lesiones masivas para su caso de lesiones personales. Nuestro bufete se pondr\u00e1 a trabajar de inmediato investigando la escena, examinando las pruebas y contactando tanto a su compa\u00f1\u00eda de seguros como al representante de transporte p\u00fablico. Nos aseguraremos de que todo el papeleo se complete correctamente y se presente dentro de los plazos establecidos.<\/p>\r\n\r\n\r\n\r\n<h2 class=\"wp-block-heading\"><strong>Bufete de Abogados de Accidentes de Trenes, Autobuses y Metros<\/strong><\/h2>\r\n\r\n\r\n\r\n<p>Nuestro bufete de abogados de accidentes de transporte p\u00fablico est\u00e1 disponible para consultas gratuitas y confidenciales en cualquiera de nuestras oficinas en Filadelfia, Feasterville PA o Cherry Hill, NJ. Adem\u00e1s, siempre estamos disponibles para hablar por tel\u00e9fono al <strong>(888) 913-3899<\/strong>. El equipo de abogados de lesiones personales de J. Fine Law est\u00e1 equipado para manejar su caso si ha estado involucrado en un accidente de transporte p\u00fablico. El plazo de prescripci\u00f3n para estos casos es muy breve; \u00a1se debe presentar un reclamo dentro de los 6 meses posteriores al accidente, por lo que no hay tiempo que perder! Cont\u00e1ctenos de inmediato para asegurarse de que su reclamo se presente correctamente y de que se le otorgue la compensaci\u00f3n que merece por sus lesiones.<\/p>\r\n\r\n\r\n\r\n<p>Nuestro bufete de abogados se especializa en una variedad de casos de lesiones personales; si ha resultado herido en un accidente automovil\u00edstico, una ca\u00edda o una colisi\u00f3n de viaje compartido de Uber, llame a J. Fine Law hoy mismo al <strong>(888) 913-3899<\/strong>, complete el formulario en este sitio web o llame al <strong>1-800-HURT-123<\/strong> desde el lugar del accidente. Hablar\u00e1 con uno de nuestros abogados para analizar c\u00f3mo nuestro bufete puede representarlo.<\/p>\r\n","protected":false},"excerpt":{"rendered":"<p>Los pasajeros que deben viajar en tren, metro o autobuses de SEPTA para ir a trabajar todos los d\u00edas enfrentan una amenaza \u00fanica cuando abordan sus respectivos medios del sistema de transporte p\u00fablico de Filadelfia. Diariamente, est\u00e1n a merced de los operadores de maquinaria pesada y deben confiar en que los conductores los lleven y [&hellip;]<\/p>\n","protected":false},"author":7,"featured_media":4817,"parent":5705,"menu_order":0,"comment_status":"closed","ping_status":"closed","template":"","meta":{"site-sidebar-layout":"default","site-content-layout":"","ast-site-content-layout":"default","site-content-style":"default","site-sidebar-style":"default","ast-global-header-display":"","ast-banner-title-visibility":"","ast-main-header-display":"","ast-hfb-above-header-display":"","ast-hfb-below-header-display":"","ast-hfb-mobile-header-display":"","site-post-title":"","ast-breadcrumbs-content":"","ast-featured-img":"","footer-sml-layout":"","theme-transparent-header-meta":"default","adv-header-id-meta":"","stick-header-meta":"","header-above-stick-meta":"","header-main-stick-meta":"","header-below-stick-meta":"","astra-migrate-meta-layouts":"set","ast-page-background-enabled":"default","ast-page-background-meta":{"desktop":{"background-color":"var(--ast-global-color-4)","background-image":"","background-repeat":"repeat","background-position":"center center","background-size":"auto","background-attachment":"scroll","background-type":"","background-media":"","overlay-type":"","overlay-color":"","overlay-opacity":"","overlay-gradient":""},"tablet":{"background-color":"","background-image":"","background-repeat":"repeat","background-position":"center center","background-size":"auto","background-attachment":"scroll","background-type":"","background-media":"","overlay-type":"","overlay-color":"","overlay-opacity":"","overlay-gradient":""},"mobile":{"background-color":"","background-image":"","background-repeat":"repeat","background-position":"center center","background-size":"auto","background-attachment":"scroll","background-type":"","background-media":"","overlay-type":"","overlay-color":"","overlay-opacity":"","overlay-gradient":""}},"ast-content-background-meta":{"desktop":{"background-color":"var(--ast-global-color-5)","background-image":"","background-repeat":"repeat","background-position":"center center","background-size":"auto","background-attachment":"scroll","background-type":"","background-media":"","overlay-type":"","overlay-color":"","overlay-opacity":"","overlay-gradient":""},"tablet":{"background-color":"var(--ast-global-color-5)","background-image":"","background-repeat":"repeat","background-position":"center center","background-size":"auto","background-attachment":"scroll","background-type":"","background-media":"","overlay-type":"","overlay-color":"","overlay-opacity":"","overlay-gradient":""},"mobile":{"background-color":"var(--ast-global-color-5)","background-image":"","background-repeat":"repeat","background-position":"center center","background-size":"auto","background-attachment":"scroll","background-type":"","background-media":"","overlay-type":"","overlay-color":"","overlay-opacity":"","overlay-gradient":""}},"iawp_total_views":7,"footnotes":""},"class_list":["post-4620","page","type-page","status-publish","has-post-thumbnail","hentry"],"_links":{"self":[{"href":"https:\/\/jfinelaw.com\/es\/wp-json\/wp\/v2\/pages\/4620","targetHints":{"allow":["GET"]}}],"collection":[{"href":"https:\/\/jfinelaw.com\/es\/wp-json\/wp\/v2\/pages"}],"about":[{"href":"https:\/\/jfinelaw.com\/es\/wp-json\/wp\/v2\/types\/page"}],"author":[{"embeddable":true,"href":"https:\/\/jfinelaw.com\/es\/wp-json\/wp\/v2\/users\/7"}],"replies":[{"embeddable":true,"href":"https:\/\/jfinelaw.com\/es\/wp-json\/wp\/v2\/comments?post=4620"}],"version-history":[{"count":2,"href":"https:\/\/jfinelaw.com\/es\/wp-json\/wp\/v2\/pages\/4620\/revisions"}],"predecessor-version":[{"id":4961,"href":"https:\/\/jfinelaw.com\/es\/wp-json\/wp\/v2\/pages\/4620\/revisions\/4961"}],"up":[{"embeddable":true,"href":"https:\/\/jfinelaw.com\/es\/wp-json\/wp\/v2\/pages\/5705"}],"wp:featuredmedia":[{"embeddable":true,"href":"https:\/\/jfinelaw.com\/es\/wp-json\/wp\/v2\/media\/4817"}],"wp:attachment":[{"href":"https:\/\/jfinelaw.com\/es\/wp-json\/wp\/v2\/media?parent=4620"}],"curies":[{"name":"wp","href":"https:\/\/api.w.org\/{rel}","templated":true}]}}