{"id":4918,"date":"2025-03-24T14:45:38","date_gmt":"2025-03-24T14:45:38","guid":{"rendered":"https:\/\/jfinelaw.com\/oficina-de-abogados-de-lesiones-personales-en-filadelfia-pa\/"},"modified":"2025-10-07T14:28:17","modified_gmt":"2025-10-07T14:28:17","slug":"oficina-de-abogados-de-lesiones-personales-en-filadelfia-pa","status":"publish","type":"page","link":"https:\/\/jfinelaw.com\/es\/oficina-de-abogados-de-lesiones-personales-en-filadelfia-pa\/","title":{"rendered":"Oficina de Abogados de Lesiones Personales en Filadelfia, PA"},"content":{"rendered":"\n<div class=\"wp-block-columns is-layout-flex wp-container-core-columns-is-layout-28f84493 wp-block-columns-is-layout-flex\">\n<div class=\"wp-block-column is-vertically-aligned-center is-layout-flow wp-block-column-is-layout-flow\">\n<p>El bufete de abogados de lesiones personales de J. Fine Law en Filadelfia est\u00e1 formado por un equipo de abogados dedicados, altamente experimentados y educados que luchan por los derechos de cada cliente. Especializados en una variedad de casos de lesiones personales y respaldados por 18 a\u00f1os de experiencia en juicios, estamos orgullosos de contar con una tasa de \u00e9xito del 98%. Adem\u00e1s, nuestro bufete de abogados de lesiones personales en Filadelfia ha podido asegurar m\u00e1s de $25 millones en veredictos y acuerdos negociados. Nuestro equipo de abogados puede manejar casos relacionados con resbalones y ca\u00eddas, seguridad negligente, abuso en hogares de ancianos, accidentes laborales y mucho m\u00e1s. Para obtener representaci\u00f3n legal dedicada y experimentada para su caso de lesiones personales, llame a J. Fine Law hoy. Las consultas gratuitas y confidenciales est\u00e1n disponibles virtualmente, por tel\u00e9fono al (888) 913-3899 o en cualquiera de nuestras oficinas legales en <a href=\"https:\/\/jfinelaw.com\/pennsylvania\/\">Filadelfia PA,<\/a> <a href=\"https:\/\/jfinelaw.com\/es\/oficina-legal-de-lesiones-personales-en-el-condado-de-feasterville-bucks\/\">Feasterville PA<\/a> o <a href=\"https:\/\/jfinelaw.com\/es\/abogado-de-lesiones-personales-en-nueva-jersey-2\/\">Cherry Hill NJ.<\/a><\/p>\n<\/div>\n\n\n\n<div class=\"wp-block-column is-layout-flow wp-block-column-is-layout-flow\">\n<figure class=\"wp-block-image size-full\"><img loading=\"lazy\" decoding=\"async\" width=\"550\" height=\"400\" src=\"https:\/\/jfinelaw.com\/wp-content\/uploads\/2025\/04\/Philadephia-Law-Office-small.jpg\" alt=\"\" class=\"wp-image-4353\" srcset=\"https:\/\/jfinelaw.com\/wp-content\/uploads\/2025\/04\/Philadephia-Law-Office-small.jpg 550w, https:\/\/jfinelaw.com\/wp-content\/uploads\/2025\/04\/Philadephia-Law-Office-small-300x218.jpg 300w\" sizes=\"auto, (max-width: 550px) 100vw, 550px\" \/><\/figure>\n<\/div>\n<\/div>\n\n<h2 class=\"wp-block-heading\"><strong>Oficina Legal de Lesiones Personales de Filadelfia: Nuestros Servicios<\/strong><\/h2>\n\n<p>Los dedicados y experimentados abogados de lesiones personales de J. Fine Law se especializan en una amplia variedad de demandas, desde accidentes automovil\u00edsticos hasta casos de resbalones y ca\u00eddas, accidentes laborales y m\u00e1s.<\/p>\n\n<h3 class=\"wp-block-heading\">Accidentes Automovil\u00edsticos<\/h3>\n\n<p>Los abogados de accidentes automovil\u00edsticos luchan por los derechos de las v\u00edctimas de accidentes para obtener una compensaci\u00f3n justa para cubrir las facturas m\u00e9dicas, los salarios perdidos y los da\u00f1os.<\/p>\n\n<p>Accidentes de autob\u00fas<\/p>\n\n<p>Si estuvo involucrado en un accidente y sufri\u00f3 lesiones en un autob\u00fas de Septa, larga distancia o cualquier otra compa\u00f1\u00eda de autobuses ch\u00e1rter, llame a J. Fine Law hoy para obtener representaci\u00f3n legal.<\/p>\n\n<h3 class=\"wp-block-heading\">Seguridad negligente<\/h3>\n\n<p>La seguridad negligente se refiere a un delito violento que tiene lugar en la propiedad de otra persona como resultado de una seguridad inadecuada. Llame a nuestro bufete de abogados de lesiones personales de Filadelfia para obtener representaci\u00f3n legal.<\/p>\n\n<h3 class=\"wp-block-heading\">Resbalones o tropiezos y ca\u00eddas<\/h3>\n\n<p>Los accidentes por resbalones o tropiezos y ca\u00eddas son uno de los casos m\u00e1s comunes de lesiones personales. Es posible que tenga derecho a una compensaci\u00f3n si sufri\u00f3 lesiones por un accidente de resbal\u00f3n y ca\u00edda en la propiedad de otra persona.<\/p>\n\n<h3 class=\"wp-block-heading\">Accidentes Laborales<\/h3>\n\n<p>Si se lesion\u00f3 en el trabajo, nuestros abogados de lesiones personales revisar\u00e1n su caso para determinar si tiene derecho a una compensaci\u00f3n laboral, da\u00f1os por lesiones personales o ambos.<\/p>\n\n<h3 class=\"wp-block-heading\">Abuso en Hogares de Ancianos<\/h3>\n\n<p>Los signos de abuso en hogares de ancianos incluyen \u00falceras de dec\u00fabito, desnutrici\u00f3n, abuso mental o emocional y m\u00e1s. Si su ser querido est\u00e1 experimentando estas o cualquier otra lesi\u00f3n debido a la negligencia en su hogar de ancianos, llame a J. Fine Law de inmediato para discutir su caso.<\/p>\n\n<h3 class=\"wp-block-heading\">Accidentes Automovil\u00edsticos en Viajes Compartidos<\/h3>\n\n<p>Los servicios de viajes compartidos de Uber y Lyft no est\u00e1n exentos de accidentes automovil\u00edsticos. Los pasajeros o conductores que sufrieron lesiones en un accidente automovil\u00edstico de viaje compartido merecen una compensaci\u00f3n por las facturas m\u00e9dicas y los da\u00f1os.<\/p>\n\n<h2 class=\"wp-block-heading\">Abogados Dedicados a Lesiones y Accidentes<\/h2>\n\n<p>Compuesto por un personal de 4 abogados, adem\u00e1s de asistentes legales y miembros adicionales, J. Fine Law ha podido lograr un \u00e9xito continuo para nuestros clientes debido al arduo trabajo y la dedicaci\u00f3n de todo nuestro equipo. Nos enfrentamos a algunas de las mayores corporaciones y compa\u00f1\u00edas de seguros y no nos echamos atr\u00e1s. Nuestro bufete de abogados de lesiones personales est\u00e1 comprometido con los derechos de nuestros clientes, lo que nos ha permitido asegurar algunos de los principales acuerdos y laudos en Filadelfia, Pensilvania y Nueva Jersey. Llame a J. Fine Law para discutir su caso de lesiones personales hoy; Las evaluaciones de casos son siempre gratuitas y confidenciales.<\/p>\n","protected":false},"excerpt":{"rendered":"<p>El bufete de abogados de lesiones personales de J. Fine Law en Filadelfia est\u00e1 formado por un equipo de abogados dedicados, altamente experimentados y educados que luchan por los derechos de cada cliente. Especializados en una variedad de casos de lesiones personales y respaldados por 18 a\u00f1os de experiencia en juicios, estamos orgullosos de contar [&hellip;]<\/p>\n","protected":false},"author":7,"featured_media":4854,"parent":0,"menu_order":0,"comment_status":"closed","ping_status":"closed","template":"","meta":{"site-sidebar-layout":"default","site-content-layout":"","ast-site-content-layout":"default","site-content-style":"default","site-sidebar-style":"default","ast-global-header-display":"","ast-banner-title-visibility":"","ast-main-header-display":"","ast-hfb-above-header-display":"","ast-hfb-below-header-display":"","ast-hfb-mobile-header-display":"","site-post-title":"","ast-breadcrumbs-content":"","ast-featured-img":"","footer-sml-layout":"","theme-transparent-header-meta":"","adv-header-id-meta":"","stick-header-meta":"","header-above-stick-meta":"","header-main-stick-meta":"","header-below-stick-meta":"","astra-migrate-meta-layouts":"default","ast-page-background-enabled":"default","ast-page-background-meta":{"desktop":{"background-color":"var(--ast-global-color-4)","background-image":"","background-repeat":"repeat","background-position":"center center","background-size":"auto","background-attachment":"scroll","background-type":"","background-media":"","overlay-type":"","overlay-color":"","overlay-opacity":"","overlay-gradient":""},"tablet":{"background-color":"","background-image":"","background-repeat":"repeat","background-position":"center center","background-size":"auto","background-attachment":"scroll","background-type":"","background-media":"","overlay-type":"","overlay-color":"","overlay-opacity":"","overlay-gradient":""},"mobile":{"background-color":"","background-image":"","background-repeat":"repeat","background-position":"center center","background-size":"auto","background-attachment":"scroll","background-type":"","background-media":"","overlay-type":"","overlay-color":"","overlay-opacity":"","overlay-gradient":""}},"ast-content-background-meta":{"desktop":{"background-color":"var(--ast-global-color-5)","background-image":"","background-repeat":"repeat","background-position":"center center","background-size":"auto","background-attachment":"scroll","background-type":"","background-media":"","overlay-type":"","overlay-color":"","overlay-opacity":"","overlay-gradient":""},"tablet":{"background-color":"var(--ast-global-color-5)","background-image":"","background-repeat":"repeat","background-position":"center center","background-size":"auto","background-attachment":"scroll","background-type":"","background-media":"","overlay-type":"","overlay-color":"","overlay-opacity":"","overlay-gradient":""},"mobile":{"background-color":"var(--ast-global-color-5)","background-image":"","background-repeat":"repeat","background-position":"center center","background-size":"auto","background-attachment":"scroll","background-type":"","background-media":"","overlay-type":"","overlay-color":"","overlay-opacity":"","overlay-gradient":""}},"iawp_total_views":14,"footnotes":""},"class_list":["post-4918","page","type-page","status-publish","has-post-thumbnail","hentry"],"_links":{"self":[{"href":"https:\/\/jfinelaw.com\/es\/wp-json\/wp\/v2\/pages\/4918","targetHints":{"allow":["GET"]}}],"collection":[{"href":"https:\/\/jfinelaw.com\/es\/wp-json\/wp\/v2\/pages"}],"about":[{"href":"https:\/\/jfinelaw.com\/es\/wp-json\/wp\/v2\/types\/page"}],"author":[{"embeddable":true,"href":"https:\/\/jfinelaw.com\/es\/wp-json\/wp\/v2\/users\/7"}],"replies":[{"embeddable":true,"href":"https:\/\/jfinelaw.com\/es\/wp-json\/wp\/v2\/comments?post=4918"}],"version-history":[{"count":3,"href":"https:\/\/jfinelaw.com\/es\/wp-json\/wp\/v2\/pages\/4918\/revisions"}],"predecessor-version":[{"id":5581,"href":"https:\/\/jfinelaw.com\/es\/wp-json\/wp\/v2\/pages\/4918\/revisions\/5581"}],"wp:featuredmedia":[{"embeddable":true,"href":"https:\/\/jfinelaw.com\/es\/wp-json\/wp\/v2\/media\/4854"}],"wp:attachment":[{"href":"https:\/\/jfinelaw.com\/es\/wp-json\/wp\/v2\/media?parent=4918"}],"curies":[{"name":"wp","href":"https:\/\/api.w.org\/{rel}","templated":true}]}}