{"id":4939,"date":"2025-03-20T18:47:21","date_gmt":"2025-03-20T18:47:21","guid":{"rendered":"https:\/\/jfinelaw.triplestarter.com\/?page_id=4593"},"modified":"2025-10-23T17:41:27","modified_gmt":"2025-10-23T17:41:27","slug":"abogados-de-lesiones-laborales-en-filadelfia","status":"publish","type":"page","link":"https:\/\/jfinelaw.com\/es\/abogado-de-lesiones-personales-en-filadelfia-pa-2\/abogados-de-lesiones-laborales-en-filadelfia\/","title":{"rendered":"Abogados de Lesiones Personales por Resbalones y Ca\u00eddas"},"content":{"rendered":"&#13;\n<p>Durante m\u00e1s de 25 a\u00f1os, los abogados de lesiones personales de J. Fine Law han representado con \u00e9xito a v\u00edctimas de accidentes de resbalones y ca\u00eddas en Filadelfia, en el condado de Erie, Pensilvania, y en todo Nueva Jersey. No permita que la negligencia de otra persona le cause dolor o salarios perdidos. Si ha estado involucrado en un resbal\u00f3n y ca\u00edda, aseg\u00farese de buscar atenci\u00f3n m\u00e9dica de inmediato, sin importar cu\u00e1n leves crean que son las lesiones. Los registros m\u00e9dicos son una prueba esencial en su caso de resbal\u00f3n y ca\u00edda. Tambi\u00e9n tome fotos de lo que caus\u00f3 su ca\u00edda o, si est\u00e1 afuera, anote la direcci\u00f3n. Nuestro bufete de abogados recupera millones en acuerdos y veredictos por lesiones personales cada a\u00f1o por accidentes de resbalones y ca\u00eddas y tropiezos y ca\u00eddas. Si ha sufrido una lesi\u00f3n debido a un accidente de resbal\u00f3n y ca\u00edda, llame a nuestros abogados experimentados y dedicados hoy al <a href=\"Tel:(888)%20913-3899\" target=\"_blank\" rel=\"noreferrer noopener\">(888) 913-3899<\/a>, complete el formulario en este sitio web o llame al <a href=\"tel:1-800-487-8123\" target=\"_blank\" rel=\"noreferrer noopener\">1-800-HURT-123<\/a> desde la escena para una consulta gratuita de su caso.      <\/p>&#13;\n<h2>Por qu\u00e9 debe notificar a la gerencia despu\u00e9s de un resbal\u00f3n y ca\u00edda<\/h2>&#13;\n<p>Despu\u00e9s de buscar atenci\u00f3n m\u00e9dica y documentar la escena, informe al administrador de la propiedad, supervisor o propietario sobre su accidente lo antes posible. Esto no solo los alerta sobre cualquier peligro de seguridad que pueda lesionar a otros, sino que tambi\u00e9n crea un registro oficial de su ca\u00edda, una prueba vital si decide presentar un reclamo. <\/p>&#13;\n<p>Cuando informe el incidente, solicite que se complete un informe de accidente y solicite una copia del mismo para sus registros. Este documento puede ayudar a establecer detalles importantes, como cu\u00e1ndo y d\u00f3nde ocurri\u00f3 el accidente y a qui\u00e9n se notific\u00f3. Si omite este paso, los propietarios pueden afirmar m\u00e1s tarde que no ten\u00edan conocimiento del peligro o incidente, lo que puede complicar su caso. Tomar esta acci\u00f3n simple pero crucial podr\u00eda marcar la diferencia para responsabilizar a las partes correctas.   <\/p>&#13;\n&#13;\n<h2 class=\"wp-block-heading\">Casos Comunes de Resbalones y Ca\u00eddas<\/h2>&#13;\n&#13;\n<p>Los propietarios, arrendadores y propietarios de viviendas tienen la responsabilidad de garantizar que sus pasillos, estacionamientos, pisos y propiedad en general est\u00e9n seguros y libres de peligros en todo momento. Si este no es el caso y usted se lesiona debido a su negligencia, pueden ser considerados responsables de sus da\u00f1os. Las causas comunes de accidentes por resbalones y ca\u00eddas incluyen:<\/p>&#13;\n&#13;\n<p>Superficies resbaladizas: La lluvia, el granizo y la nieve causan condiciones resbaladizas y heladas tanto en las aceras como en las entradas de los edificios. Los propietarios de negocios deben asegurarse de que estos peligros relacionados con el clima se limpien constantemente, as\u00ed como colocar letreros de advertencia sobre superficies resbaladizas. Si no lo hacen y usted ha sufrido lesiones por un resbal\u00f3n y ca\u00edda, podr\u00edan ser responsables de sus da\u00f1os, dolor y sufrimiento.  <\/p>&#13;\n&#13;\n<p>Iluminaci\u00f3n inadecuada: Los pasillos, escaleras y estacionamientos con poca luz pueden provocar accidentes por resbalones y ca\u00eddas cuando no puede ver a d\u00f3nde va. El due\u00f1o de la propiedad puede ser responsable de estos da\u00f1os, porque no se asegur\u00f3 de que se instalaran y\/o funcionaran correctamente los sistemas de iluminaci\u00f3n adecuados.  <\/p>&#13;\n&#13;\n<p>Derrames de alimentos y bebidas: Cualquier establecimiento que sirva alimentos o bebidas, desde restaurantes hasta gasolineras y supermercados, tiene la responsabilidad de garantizar que los derrames se limpien r\u00e1pidamente. Si se deja sentado desatendido o sin aviso a los clientes, podr\u00eda ocurrirles a los clientes un accidente grave por resbal\u00f3n y ca\u00edda.<\/p>&#13;\n&#13;\n<p>Pavimento agrietado: Al igual que garantizar que todos los pisos y escaleras est\u00e9n libres y libres de peligros de comida, agua o iluminaci\u00f3n, el material de la superficie tambi\u00e9n debe ser seguro. Las grietas en el pavimento, las baldosas astilladas, los agujeros en las aceras y las alfombras sueltas son formas f\u00e1ciles y obvias en que podr\u00eda ocurrir una ca\u00edda grave y una lesi\u00f3n.  <\/p>&#13;\n<h2>\u00bfQu\u00e9 es un accidente de resbal\u00f3n y ca\u00edda?<\/h2>&#13;\n<p>Un accidente de resbal\u00f3n y ca\u00edda ocurre cuando alguien pierde el equilibrio y cae debido a una condici\u00f3n peligrosa en la propiedad de otra persona. Estos incidentes pueden ocurrir en casi cualquier lugar por el que la gente camine: a lo largo de las aceras de la ciudad de Filadelfia, dentro de las tiendas de comestibles, en las escaleras irregulares de los edificios de apartamentos, en los estacionamientos resbaladizos de hielo o incluso en los pasillos mal iluminados. <\/p>&#13;\n<p>A veces, la raz\u00f3n de una ca\u00edda es muy clara, como un piso reci\u00e9n trapeado que no tiene una se\u00f1al de advertencia, un parche de hielo en un pasillo residencial en Erie o una alfombra suelta en un edificio de oficinas de Nueva Jersey. Otras veces, la causa puede no ser obvia de inmediato, especialmente si los peligros como el piso irregular o los pasamanos rotos pasan desapercibidos hasta que es demasiado tarde. <\/p>&#13;\n<p>Los propietarios, ya sea una empresa, un arrendador o un propietario, son responsables de mantener sus espacios seguros para los visitantes. No arreglar o advertir sobre condiciones inseguras, piense en la iluminaci\u00f3n tenue en las escaleras o en los pasillos desordenados, puede provocar accidentes graves. Es por eso que es tan importante documentar la escena y sus lesiones de inmediato; No solo ayuda a su salud, sino que tambi\u00e9n protege sus derechos si decide emprender acciones legales.  <\/p>&#13;\n<h2>Lesiones Comunes por Accidentes de Resbalones y Ca\u00eddas<\/h2>&#13;\n<p>Los accidentes por resbalones y ca\u00eddas pueden resultar en una amplia gama de lesiones, a veces menores, a veces que cambian la vida. En J. Fine Law, hemos ayudado a los clientes a recuperar da\u00f1os y perjuicios por todo tipo de lesiones que ocurren cuando los propietarios descuidan su deber. Estas son algunas de las lesiones m\u00e1s frecuentes que vemos:  <\/p>&#13;\n<ul>&#13;\n<li>&#13;\n<p><strong>Traumatismos craneoencef\u00e1licos:<\/strong> Solo se necesita un momento para perder el equilibrio y golpearse la cabeza contra una superficie dura. Pueden producirse conmociones cerebrales, fracturas de cr\u00e1neo e incluso lesiones cerebrales traum\u00e1ticas. Estos no solo son dolorosos, sino que pueden dejar impactos duraderos en la memoria, la cognici\u00f3n y la funci\u00f3n diaria.  <\/p>&#13;\n<\/li>&#13;\n<li>&#13;\n<p><strong>Lesiones de espalda y cuello:<\/strong> Torcer o aterrizar de manera incorrecta a menudo conduce a esguinces, distensiones, discos rotos o incluso v\u00e9rtebras fracturadas. Las lesiones de espalda y cuello pueden hacer que los movimientos cotidianos, como agacharse o levantar a sus hijos, de repente parezcan imposibles. <\/p>&#13;\n<\/li>&#13;\n<li>&#13;\n<p><strong>Da\u00f1o de la m\u00e9dula espinal:<\/strong> Una ca\u00edda grave puede causar da\u00f1o a la m\u00e9dula espinal, lo que a veces provoca entumecimiento, hormigueo, debilidad o incluso par\u00e1lisis. Estas lesiones a menudo requieren atenci\u00f3n m\u00e9dica extensa y pueden alterar por completo su estilo de vida. <\/p>&#13;\n<\/li>&#13;\n<li>&#13;\n<p><strong>Huesos rotos:<\/strong> Es com\u00fan extender una mano durante una ca\u00edda o aterrizar de manera inc\u00f3moda, lo que provoca fracturas de mu\u00f1ecas, brazos, caderas o piernas. En los adultos mayores, las fracturas de cadera por ca\u00eddas son especialmente peligrosas y pueden significar una rehabilitaci\u00f3n prolongada. <\/p>&#13;\n<\/li>&#13;\n<li>&#13;\n<p><strong>Lesiones internas y hematomas graves:<\/strong> No todos los da\u00f1os son visibles. Las ca\u00eddas pueden provocar hemorragias internas o lesiones en los \u00f3rganos, que a veces solo se revelan a trav\u00e9s de im\u00e1genes m\u00e9dicas despu\u00e9s del accidente. <\/p>&#13;\n<\/li>&#13;\n<li>&#13;\n<p><strong>Trauma emocional y psicol\u00f3gico:<\/strong> No subestimes los efectos emocionales de una ca\u00edda. Muchas personas sufren de ansiedad, depresi\u00f3n o estr\u00e9s postraum\u00e1tico despu\u00e9s de esto, especialmente si su independencia o sentido de seguridad se vieron afectados. <\/p>&#13;\n<\/li>&#13;\n<\/ul>&#13;\n<p>Independientemente de la gravedad, cualquier lesi\u00f3n merece atenci\u00f3n, documentaci\u00f3n y el cuidado adecuado. Si est\u00e1 lidiando con alguno de estos problemas despu\u00e9s de un resbal\u00f3n y una ca\u00edda, su camino hacia la recuperaci\u00f3n, y la justicia, comienza con la comprensi\u00f3n de sus derechos. <\/p>&#13;\n&#13;\n<h2 class=\"wp-block-heading\"><strong>\u00bfPor qu\u00e9 contratar a un abogado para un accidente de resbal\u00f3n y ca\u00edda?<\/strong><\/h2>&#13;\n&#13;\n<p>Despu\u00e9s de un accidente de resbal\u00f3n y ca\u00edda, es imperativo que se comunique con un bufete de abogados que se especialice en lesiones personales y responsabilidad por accidentes. El equipo de abogados con experiencia en lesiones personales de J. Fine Law revisar\u00e1 su caso a fondo para determinar la culpa del accidente y c\u00f3mo podemos probarlo para ganar su caso. Nuestra investigaci\u00f3n exhaustiva revisar\u00e1 la condici\u00f3n de la escena para determinar si el accidente podr\u00eda haberse evitado de alguna manera, ya sea por el due\u00f1o de la propiedad directamente o mediante mantenimiento preventivo. Con 18 a\u00f1os de experiencia profesional y legal, nuestros abogados de lesiones personales por resbalones y ca\u00eddas luchar\u00e1n en su nombre para que le compense por lesiones, facturas m\u00e9dicas, salarios perdidos, dolor y sufrimiento, ansiedad, discapacidad, gastos m\u00e9dicos futuros y m\u00e1s.   <\/p>&#13;\n<h2>\u00bfCu\u00e1nto vale su caso de resbal\u00f3n y ca\u00edda?<\/h2>&#13;\n<p>Cada caso de resbal\u00f3n y ca\u00edda es \u00fanico, y el valor de su reclamo depende de varios factores, como la gravedad de sus lesiones, los gastos m\u00e9dicos, los salarios perdidos, las circunstancias del accidente y el grado de dolor y sufrimiento que ha experimentado. \u00bfSe pregunta cu\u00e1nto puede valer su caso? <\/p>&#13;\n<p>La mejor manera de obtener una estimaci\u00f3n precisa es hablar con un abogado con experiencia en lesiones personales que pueda revisar su situaci\u00f3n individual. En J. Fine Law, ofrecemos consultas gratuitas para ayudarlo a comprender sus derechos y a qu\u00e9 compensaci\u00f3n puede tener derecho. Nuestro equipo evaluar\u00e1 cuidadosamente los detalles de su accidente y trabajar\u00e1 con usted para construir una imagen clara de lo que su caso podr\u00eda recuperar, ya sea cubriendo sus facturas m\u00e9dicas, compensando la p\u00e9rdida de ingresos o teniendo en cuenta el impacto en su vida cotidiana.  <\/p>&#13;\n<h2>\u00bfDebo hablar con la compa\u00f1\u00eda de seguros del due\u00f1o de la propiedad despu\u00e9s de un resbal\u00f3n y ca\u00edda?<\/h2>&#13;\n<p>Uno de los mayores errores que puede cometer despu\u00e9s de un accidente de resbal\u00f3n y ca\u00edda es discutir los detalles de su caso directamente con la compa\u00f1\u00eda de seguros del due\u00f1o de la propiedad. Si bien est\u00e1 perfectamente bien notificar al administrador de la propiedad que ocurri\u00f3 un incidente, nunca debe dar una declaraci\u00f3n grabada, firmar documentos o entrar en detalles sobre sus lesiones o las circunstancias de su ca\u00edda con su representante de seguros. <\/p>&#13;\n<p>Los ajustadores de seguros pueden parecer \u00fatiles, pero su trabajo principal es proteger los intereses del due\u00f1o de la propiedad, no de usted. Es posible que intenten minimizar sus lesiones, sugerir que usted tuvo la culpa o usar sus palabras en su contra m\u00e1s adelante para reducir o negar su reclamo. <\/p>&#13;\n<p>En su lugar, proteja sus derechos hablando primero con un abogado calificado en resbalones y ca\u00eddas. Su abogado se encargar\u00e1 de todas las comunicaciones con la compa\u00f1\u00eda de seguros, asegur\u00e1ndose de que su declaraci\u00f3n sea precisa y de que sus mejores intereses est\u00e9n representados en cada paso. <\/p>&#13;\n&#13;\n<h2 class=\"wp-block-heading\"><strong>Consulta Gratuita de Abogado de Resbalones y Ca\u00eddas<\/strong><\/h2>&#13;\n&#13;\n<p>Los accidentes por resbalones y ca\u00eddas pueden ser dif\u00edciles de probar, ya que los propietarios rara vez aceptan alg\u00fan nivel de culpa por sus lesiones y da\u00f1os. Pero con J. Fine Law de su lado, lucharemos por sus derechos y la compensaci\u00f3n que se le debe: \u00a1podemos ayudarlo a ganar su caso! Las consultas gratuitas con abogados de lesiones personales est\u00e1n disponibles en cualquiera de nuestras tres oficinas en Filadelfia, Pensilvania, Feasterville, PA o Cherry Hill, Nueva Jersey. Nuestros abogados tambi\u00e9n est\u00e1n disponibles para consultas telef\u00f3nicas gratuitas al <a href=\"Tel:(888)%20913-3899\" target=\"_blank\" rel=\"noreferrer noopener\">(888) 913-3899<\/a> o <a href=\"tel:1-800-487-8123\" target=\"_blank\" rel=\"noreferrer noopener\">llame al 1-800-HURT-123<\/a> desde el lugar de los hechos.   <\/p>&#13;\n","protected":false},"excerpt":{"rendered":"<p>&#13; Durante m\u00e1s de 25 a\u00f1os, los abogados de lesiones personales de J. Fine Law han representado con \u00e9xito a v\u00edctimas de accidentes de resbalones y ca\u00eddas en Filadelfia, en el condado de Erie, Pensilvania, y en todo Nueva Jersey. No permita que la negligencia de otra persona le cause dolor o salarios perdidos. Si [&hellip;]<\/p>\n","protected":false},"author":4,"featured_media":4816,"parent":5705,"menu_order":0,"comment_status":"closed","ping_status":"closed","template":"","meta":{"site-sidebar-layout":"default","site-content-layout":"","ast-site-content-layout":"default","site-content-style":"default","site-sidebar-style":"default","ast-global-header-display":"","ast-banner-title-visibility":"","ast-main-header-display":"","ast-hfb-above-header-display":"","ast-hfb-below-header-display":"","ast-hfb-mobile-header-display":"","site-post-title":"","ast-breadcrumbs-content":"","ast-featured-img":"","footer-sml-layout":"","theme-transparent-header-meta":"default","adv-header-id-meta":"","stick-header-meta":"","header-above-stick-meta":"","header-main-stick-meta":"","header-below-stick-meta":"","astra-migrate-meta-layouts":"set","ast-page-background-enabled":"default","ast-page-background-meta":{"desktop":{"background-color":"var(--ast-global-color-4)","background-image":"","background-repeat":"repeat","background-position":"center center","background-size":"auto","background-attachment":"scroll","background-type":"","background-media":"","overlay-type":"","overlay-color":"","overlay-opacity":"","overlay-gradient":""},"tablet":{"background-color":"","background-image":"","background-repeat":"repeat","background-position":"center center","background-size":"auto","background-attachment":"scroll","background-type":"","background-media":"","overlay-type":"","overlay-color":"","overlay-opacity":"","overlay-gradient":""},"mobile":{"background-color":"","background-image":"","background-repeat":"repeat","background-position":"center center","background-size":"auto","background-attachment":"scroll","background-type":"","background-media":"","overlay-type":"","overlay-color":"","overlay-opacity":"","overlay-gradient":""}},"ast-content-background-meta":{"desktop":{"background-color":"var(--ast-global-color-5)","background-image":"","background-repeat":"repeat","background-position":"center center","background-size":"auto","background-attachment":"scroll","background-type":"","background-media":"","overlay-type":"","overlay-color":"","overlay-opacity":"","overlay-gradient":""},"tablet":{"background-color":"var(--ast-global-color-5)","background-image":"","background-repeat":"repeat","background-position":"center center","background-size":"auto","background-attachment":"scroll","background-type":"","background-media":"","overlay-type":"","overlay-color":"","overlay-opacity":"","overlay-gradient":""},"mobile":{"background-color":"var(--ast-global-color-5)","background-image":"","background-repeat":"repeat","background-position":"center center","background-size":"auto","background-attachment":"scroll","background-type":"","background-media":"","overlay-type":"","overlay-color":"","overlay-opacity":"","overlay-gradient":""}},"iawp_total_views":7,"footnotes":""},"class_list":["post-4939","page","type-page","status-publish","has-post-thumbnail","hentry"],"_links":{"self":[{"href":"https:\/\/jfinelaw.com\/es\/wp-json\/wp\/v2\/pages\/4939","targetHints":{"allow":["GET"]}}],"collection":[{"href":"https:\/\/jfinelaw.com\/es\/wp-json\/wp\/v2\/pages"}],"about":[{"href":"https:\/\/jfinelaw.com\/es\/wp-json\/wp\/v2\/types\/page"}],"author":[{"embeddable":true,"href":"https:\/\/jfinelaw.com\/es\/wp-json\/wp\/v2\/users\/4"}],"replies":[{"embeddable":true,"href":"https:\/\/jfinelaw.com\/es\/wp-json\/wp\/v2\/comments?post=4939"}],"version-history":[{"count":4,"href":"https:\/\/jfinelaw.com\/es\/wp-json\/wp\/v2\/pages\/4939\/revisions"}],"predecessor-version":[{"id":5037,"href":"https:\/\/jfinelaw.com\/es\/wp-json\/wp\/v2\/pages\/4939\/revisions\/5037"}],"up":[{"embeddable":true,"href":"https:\/\/jfinelaw.com\/es\/wp-json\/wp\/v2\/pages\/5705"}],"wp:featuredmedia":[{"embeddable":true,"href":"https:\/\/jfinelaw.com\/es\/wp-json\/wp\/v2\/media\/4816"}],"wp:attachment":[{"href":"https:\/\/jfinelaw.com\/es\/wp-json\/wp\/v2\/media?parent=4939"}],"curies":[{"name":"wp","href":"https:\/\/api.w.org\/{rel}","templated":true}]}}