{"id":4940,"date":"2025-03-20T18:48:05","date_gmt":"2025-03-20T18:48:05","guid":{"rendered":"https:\/\/jfinelaw.triplestarter.com\/?page_id=4596"},"modified":"2025-11-06T19:04:15","modified_gmt":"2025-11-06T19:04:15","slug":"abogado-de-accidentes-por-tropiezos-y-caidas-en","status":"publish","type":"page","link":"https:\/\/jfinelaw.com\/es\/abogado-de-lesiones-personales-en-filadelfia-pa-2\/abogado-de-accidentes-por-tropiezos-y-caidas-en\/","title":{"rendered":"Abogado de Accidentes por Tropiezos y Ca\u00eddas en Filadelfia"},"content":{"rendered":"&#13;\n<p>Los abogados calificados, educados y dedicados de J. Fine Law tienen m\u00e1s de 20 a\u00f1os de experiencia representando a clientes en demandas por accidentes de tropiezos y ca\u00eddas en Filadelfia, hasta el condado de Erie PA y en Nueva Jersey. Si usted o un ser querido ha tenido un accidente de tropiezo \/ resbal\u00f3n y ca\u00edda, es imperativo que obtenga una representaci\u00f3n legal competente de inmediato. Con nuestro bufete de abogados de lesiones personales de su lado, protegeremos sus derechos, recopilaremos pruebas y documentaremos adecuadamente las lesiones, las visitas al m\u00e9dico y todas las opciones de tratamiento que se buscan para construir el caso m\u00e1s s\u00f3lido posible. \u00a1J. Fine Law ha recuperado millones en acuerdos por lesiones personales para casos de accidentes de tropiezos y ca\u00eddas cada a\u00f1o! Llame a nuestros abogados de resbalones y ca\u00eddas hoy al <a href=\"Tel:(888)%20913-3899\" target=\"_blank\" rel=\"noreferrer noopener\">(888) 913-3899,<\/a> complete este formulario o <a href=\"tel:1-800-487-8123\" target=\"_blank\" rel=\"noreferrer noopener\">llame al 1-800-HURT-123<\/a> desde la escena para una consulta gratuita de su caso.<\/p>&#13;\n<h3><strong>Why Are Slip &amp; Fall Accidents So Common in Pennsylvania?<\/strong><\/h3>&#13;\n<p>Desafortunadamente, los accidentes por resbalones y ca\u00eddas son frecuentes en Pensilvania, y varios factores clave juegan un papel en hacer que estos n\u00fameros sean m\u00e1s altos de lo que cabr\u00eda esperar.<\/p>&#13;\n<p><strong>1. Auge de la actividad de la construcci\u00f3n<\/strong><br\/>Con los sitios de construcci\u00f3n que surgen en Filadelfia, el condado de Erie y todo el estado, m\u00e1s trabajadores y transe\u00fantes est\u00e1n expuestos a condiciones de riesgo. Desde terrenos irregulares y pasillos desordenados hasta cableado expuesto y materiales cambiantes, estos sitios pueden ser semilleros de peligros de tropiezos y ca\u00eddas, a veces con resultados tr\u00e1gicos.<\/p>&#13;\n<p><strong>2. Riesgos de la industria del transporte<\/strong><br\/>El sector del transporte de Pensilvania tambi\u00e9n enfrenta una alta tasa de incidentes de resbalones y ca\u00eddas. Las terminales concurridas, los almacenes con superficies resbaladizas o irregulares y el ajetreo de mover mercanc\u00edas crean circunstancias en las que pueden ocurrir accidentes f\u00e1cilmente. En los \u00faltimos a\u00f1os, esta industria ha reportado algunas de las lesiones relacionadas con resbalones, tropiezos y ca\u00eddas m\u00e1s altas en todo el estado.<\/p>&#13;\n<p><strong>3. Vulnerabilidades del envejecimiento de la poblaci\u00f3n<\/strong><br\/>A medida que nuestra poblaci\u00f3n envejece, m\u00e1s residentes de Pensilvania corren el riesgo de sufrir ca\u00eddas. Los obst\u00e1culos cotidianos, como las aceras agrietadas o las escaleras mal iluminadas, representan peligros significativos para las personas mayores. Seg\u00fan el Departamento de Envejecimiento de Pensilvania, casi un tercio de los mayores de 65 a\u00f1os experimentan una ca\u00edda cada a\u00f1o, a menudo con consecuencias graves, incluidas fracturas de cadera y lesiones duraderas.<\/p>&#13;\n<p><strong>4. Falta de denuncias y demora en la acci\u00f3n<\/strong><br\/>Muchos incidentes de resbalones y ca\u00eddas, especialmente entre los ancianos, no se informan de inmediato o, a veces, no se informan en absoluto. Esto retrasa la atenci\u00f3n m\u00e9dica crucial y complica el proceso de buscar una compensaci\u00f3n o abordar el peligro de seguridad antes de que alguien m\u00e1s resulte herido.<\/p>&#13;\n<p>Estos factores, combinados con los bulliciosos centros urbanos de Pensilvania y el clima impredecible, subrayan por qu\u00e9 los accidentes por resbalones y ca\u00eddas siguen siendo un problema continuo, y por qu\u00e9 es tan importante actuar r\u00e1pidamente si se lesiona debido a la negligencia de otra persona.<\/p>&#13;\n<h2>Por qu\u00e9 es importante la representaci\u00f3n legal experimentada en casos de tropiezos y ca\u00eddas<\/h2>&#13;\n<p>Cuando trabaja con un abogado experimentado en lesiones personales despu\u00e9s de un accidente de resbal\u00f3n, tropiezo o ca\u00edda, obtiene m\u00e1s que solo apoyo legal: se beneficia de a\u00f1os de experiencia espec\u00edfica. Nuestros abogados saben c\u00f3mo identificar las causas subyacentes detr\u00e1s de estos accidentes, ya sea un parche irregular de la acera fuera de Reading Terminal Market, una escalera mal iluminada en su edificio de apartamentos o un piso resbaladizo y sin marcar en un minorista de Center City. <\/p>&#13;\n<p>Contratar a un abogado con experiencia significa:<\/p>&#13;\n<ul>&#13;\n<li><strong>Thorough Evidence Gathering:<\/strong> We know what details matter most\u2014such as photos, witness statements, and maintenance records\u2014that can make or break your case.<\/li>&#13;\n<li><strong>Negotiation Power:<\/strong> Insurance companies may try to push quick, lowball settlements. Our team\u2019s tough negotiation skills, honed by successful cases from Philadelphia to Erie County, help ensure you receive compensation that truly reflects your injuries and losses.<\/li>&#13;\n<li><strong>Personalized Guidance:<\/strong> Every case is different. Our attorneys offer you dedicated attention\u2014not just generic advice\u2014so your individual medical needs, ongoing treatments, and recovery challenges are fully accounted for in your claim.<\/li>&#13;\n<li><strong>No Out-of-Pocket Fees:<\/strong> We operate on a contingency basis. You only pay us if we win your case, so there\u2019s no risk in seeking our help.<\/li>&#13;\n<\/ul>&#13;\n<p>La orientaci\u00f3n legal adecuada no solo alivia su estr\u00e9s, sino que tambi\u00e9n aumenta en gran medida las probabilidades de un resultado favorable. Si se est\u00e1 recuperando de una ca\u00edda, perm\u00edtanos manejar el papeleo y las complejidades legales para que pueda concentrarse en la curaci\u00f3n. <\/p>&#13;\n<h2>Por qu\u00e9 es importante la atenci\u00f3n individualizada en su caso de tropiezo y ca\u00edda<\/h2>&#13;\n<p>Cada caso de tropiezo y ca\u00edda es tan \u00fanico como la persona que lo experimenta. Es por eso que nuestro enfoque no es de \u00abtalla \u00fanica\u00bb. Cuando trabaja con nuestro equipo, no solo colocamos su reclamo en una plantilla est\u00e1ndar o se lo pasamos a un asociado junior. En cambio, recibe atenci\u00f3n personal y pr\u00e1ctica de un abogado experimentado que conoce los entresijos de su caso.   <\/p>&#13;\n<p>Esto es lo que esto significa para usted:<\/p>&#13;\n<ul>&#13;\n<li><strong>Thorough Case Preparation:<\/strong> We take the time to understand every detail of your accident\u2014whether it happened on a crumbling Philadelphia sidewalk or inside a South Jersey supermarket\u2014uncovering evidence and facts that might otherwise be missed.<\/li>&#13;\n<li><strong>Tailored Legal Strategy:<\/strong> Your case deserves a strategy crafted for your specific injuries, circumstances, and losses. We\u2019ll work with your medical records, treatment providers, and accident documents to ensure nothing slips through the cracks.<\/li>&#13;\n<li><strong>Direct Communication:<\/strong> You get straightforward, clear updates as your case moves forward\u2014no getting lost in a shuffle or feeling like just another file in a stack.<\/li>&#13;\n<li><strong>Maximized Results:<\/strong> With individualized focus, we\u2019re able to anticipate challenges, respond to developments quickly, and pursue the full compensation you\u2019re entitled to.<\/li>&#13;\n<\/ul>&#13;\n<p>Priorizamos su caso como si fuera el \u00fanico en nuestro escritorio, brind\u00e1ndole tranquilidad durante un momento estresante.<\/p>&#13;\n<h2>Qu\u00e9 buscar en un abogado de lesiones personales<\/h2>&#13;\n<p>Al elegir un abogado de lesiones personales despu\u00e9s de un accidente de tropiezo y ca\u00edda, varias cualidades clave pueden marcar la diferencia para su caso y su tranquilidad. Esto es lo que debe priorizar: <\/p>&#13;\n<ul>&#13;\n<li>&#13;\n<p><strong>Experiencia que cuenta:<\/strong> Busque un abogado con un historial comprobado de manejo de casos de tropiezos y ca\u00eddas y resbalones y ca\u00eddas, particularmente en su \u00e1rea. A\u00f1os de dedicaci\u00f3n a la ley de lesiones personales significan familiaridad con las regulaciones locales, las t\u00e1cticas de seguros y las estrategias de casos efectivas. <\/p>&#13;\n<\/li>&#13;\n<li>&#13;\n<p><strong>Resultados de casos exitosos:<\/strong> Los resultados importan. Los abogados que constantemente obtienen acuerdos o veredictos s\u00f3lidos, como los que se ven en firmas como Morgan &amp; Morgan o Cohen &amp; Cohen, demuestran habilidad y compromiso. No dude en preguntar sobre su historial con casos como el suyo.  <\/p>&#13;\n<\/li>&#13;\n<li>&#13;\n<p><strong>Atenci\u00f3n personalizada:<\/strong> Su situaci\u00f3n merece m\u00e1s que un enfoque gen\u00e9rico. Busque una firma que prometa que no ser\u00e1 trasladado al personal subalterno o a los asistentes legales, sino que su abogado debe estar directamente accesible, abordando su caso con todo su enfoque de principio a fin. <\/p>&#13;\n<\/li>&#13;\n<li>&#13;\n<p><strong>Habilidades de investigaci\u00f3n exhaustivas:<\/strong> Los mejores abogados ayudar\u00e1n a recopilar pruebas r\u00e1pidamente, incluidas fotos de la escena del accidente, registros m\u00e9dicos, declaraciones de testigos y registros de mantenimiento de la propiedad. Su diligencia puede fortalecer sustancialmente su reclamo. <\/p>&#13;\n<\/li>&#13;\n<li>&#13;\n<p><strong>Consultas amigables para el cliente:<\/strong> Los abogados de renombre ofrecen consultas iniciales gratuitas, por lo que puede hacer preguntas sobre honorarios, expectativas de casos y pr\u00f3ximos pasos sin presi\u00f3n ni obligaci\u00f3n.<\/p>&#13;\n<\/li>&#13;\n<\/ul>&#13;\n<p>Elegir un abogado con estas cualidades garantiza que sus derechos est\u00e9n protegidos y maximiza su oportunidad de obtener una compensaci\u00f3n justa.<\/p>&#13;\n&#13;\n<h2 class=\"wp-block-heading\"><strong>Pasos a seguir despu\u00e9s de un accidente de tropiezo y ca\u00edda<\/strong><\/h2>&#13;\n&#13;\n<p>Aunque no hay dos casos de tropiezos y ca\u00eddas iguales, generalmente ocurren debido al descuido del due\u00f1o de la propiedad. Las causas m\u00e1s comunes que maneja nuestro bufete de abogados incluyen aceras agrietadas, tablas de piso sueltas, escaleras irregulares, mala iluminaci\u00f3n que afecta la visibilidad, baches y m\u00e1s. Si ha estado involucrado en un accidente de resbal\u00f3n o tropiezo y ca\u00edda, su primer paso es buscar atenci\u00f3n m\u00e9dica, sin importar cu\u00e1n leves crea que son las lesiones. Los registros m\u00e9dicos obtenidos ser\u00e1n una prueba vital cuando nuestro caso vaya a juicio. Si puede, tome fotos de la escena del accidente (o regrese despu\u00e9s del hecho) para identificar exactamente qu\u00e9 caus\u00f3 su ca\u00edda y las lesiones posteriores e informe el incidente al propietario o gerente. Finalmente, llame a un bufete de abogados que se especialice en lesiones personales y demandas por tropiezos y ca\u00eddas para obtener una representaci\u00f3n legal adecuada y asegurarse de obtener la compensaci\u00f3n completa que merece por sus lesiones, da\u00f1os y p\u00e9rdidas.<\/p>&#13;\n<h2><strong>Consejos para prevenir accidentes por resbalones y ca\u00eddas<\/strong><\/h2>&#13;\n<p>Prevenir accidentes por tropiezos y ca\u00eddas antes de que ocurran siempre es ideal. Si bien todos queremos que nuestros hogares y negocios sean lo m\u00e1s seguros posible, incluso un peligro pasado por alto puede provocar un accidente grave. Aqu\u00ed hay algunos pasos simples y pr\u00e1cticos que puede tomar para reducir el riesgo de resbalones, tropiezos y ca\u00eddas en su hogar o en su propiedad:<\/p>&#13;\n<ul>&#13;\n<li>Wipe up spills immediately and keep floors dry, especially in kitchens and entryways.<\/li>&#13;\n<li>Block off freshly mopped or waxed areas until they\u2019re completely dry.<\/li>&#13;\n<li>Ensure that all walkways and hallways are clear of clutter, cords, and loose rugs.<\/li>&#13;\n<li>Make sure all stairs are fitted with secure railings and free from loose, broken steps or boards.<\/li>&#13;\n<li>Install bright, adequate lighting in hallways, staircases, and outdoor paths to enhance visibility at all times.<\/li>&#13;\n<li>Wear shoes with sturdy soles and good traction when walking on potentially slippery surfaces.<\/li>&#13;\n<li>Repair cracks, uneven pavement, or damaged steps as soon as they\u2019re spotted\u2014don\u2019t let small fixes turn into big problems.<\/li>&#13;\n<\/ul>&#13;\n<p>Tomar estas precauciones puede ser de gran ayuda para mantenerlo a usted, a su familia y a sus invitados a salvo de accidentes evitables. Incluso unas pocas comprobaciones r\u00e1pidas en su propiedad pueden ahorrarle un mundo de problemas en el futuro.<\/p>&#13;\n<h2><strong>Por qu\u00e9 las compa\u00f1\u00edas de seguros dificultan las reclamaciones por resbalones y ca\u00eddas<\/strong><\/h2>&#13;\n<p>Las compa\u00f1\u00edas de seguros son conocidas por hacer que el proceso de reclamos sea confuso y frustrante, especialmente despu\u00e9s de un accidente de tropiezo y ca\u00edda. Lo que puede parecer sencillo al principio puede complicarse r\u00e1pidamente una vez que los ajustadores de seguros se involucran. A menudo utilizan t\u00e1cticas dise\u00f1adas para minimizar los pagos, retrasar los procedimientos o incluso negar su reclamo por completo.<\/p>&#13;\n<p>Algunas barreras comunes incluyen:<\/p>&#13;\n<ul>&#13;\n<li><strong>Downplaying Your Injuries:<\/strong> Adjusters may question the severity of your injuries or claim they were pre-existing.<\/li>&#13;\n<li><strong>Requesting Recorded Statements:<\/strong> Giving a statement on record can be risky\u2014insurers may twist your words or use details out of context to their advantage.<\/li>&#13;\n<li><strong>Pushing Quick Settlements:<\/strong> You might be pressured into accepting a fast (often low) payout before you know the full extent of your injuries or future costs.<\/li>&#13;\n<li><strong>Complex Paperwork:<\/strong> Insurance policies are loaded with fine print and requirements\u2014missing just one detail can stall or derail your claim.<\/li>&#13;\n<\/ul>&#13;\n<p>Todo esto puede ser abrumador, especialmente cuando est\u00e1s tratando de recuperarte. Es por eso que es crucial contar con un asesor legal experimentado de su lado para manejar las negociaciones, reducir la burocracia de la compa\u00f1\u00eda de seguros y luchar por la compensaci\u00f3n que se merece.<\/p>&#13;\n<h2><strong>\u00bfQu\u00e9 tipos de lesiones son comunes en los accidentes de tropiezos y ca\u00eddas?<\/strong><\/h2>&#13;\n<p>Los accidentes por tropiezos y ca\u00eddas pueden provocar una amplia variedad de lesiones, algunas obvias, otras no tanto. Comprender lo que puede suceder despu\u00e9s de un incidente de este tipo es crucial, tanto para su bienestar m\u00e9dico como para construir su caso.<\/p>&#13;\n<p>Estas son algunas de las lesiones m\u00e1s comunes que vemos en nuestros casos de tropiezos y ca\u00eddas en Filadelfia y Nueva Jersey:<\/p>&#13;\n<ul>&#13;\n<li>&#13;\n<p><strong>Lesiones en la cabeza:<\/strong> Cualquier golpe en la cabeza puede provocar una conmoci\u00f3n cerebral o una lesi\u00f3n cerebral traum\u00e1tica m\u00e1s grave. Los s\u00edntomas pueden incluir confusi\u00f3n, mareos, dolores de cabeza, p\u00e9rdida de memoria o incluso problemas de visi\u00f3n, todo lo cual puede tener impactos a largo plazo.<\/p>&#13;\n<\/li>&#13;\n<li>&#13;\n<p><strong>Fracturas y huesos rotos:<\/strong> Las mu\u00f1ecas, los brazos, los tobillos y las caderas son especialmente susceptibles. Dependiendo de la fuerza del impacto, las lesiones pueden variar desde grietas menores hasta roturas graves que requieren cirug\u00eda.<\/p>&#13;\n<\/li>&#13;\n<li>&#13;\n<p><strong>Lesiones faciales:<\/strong> Caer hacia adelante o aterrizar en superficies duras puede causar cortes faciales, hematomas, lesiones dentales o, a veces, da\u00f1os en la mand\u00edbula o las cuencas de los ojos. En casos severos, pueden ser necesarios procedimientos reconstructivos o cosm\u00e9ticos.<\/p>&#13;\n<\/li>&#13;\n<li>&#13;\n<p><strong>Lesiones de tejidos blandos:<\/strong> Los esguinces, las distensiones, los hematomas y el da\u00f1o a los ligamentos o tendones con frecuencia se pasan por alto al principio, pero pueden provocar dolor cr\u00f3nico e hinchaz\u00f3n si no se tratan.<\/p>&#13;\n<\/li>&#13;\n<li>&#13;\n<p><strong>Lesiones de la m\u00e9dula espinal y la espalda:<\/strong> Las ca\u00eddas en la espalda o el cuello pueden da\u00f1ar la m\u00e9dula espinal, lo que resulta en cualquier cosa, desde dolor persistente hasta movilidad limitada o, en casos raros, par\u00e1lisis.<\/p>&#13;\n<\/li>&#13;\n<\/ul>&#13;\n<p>Pero eso no es todo: otras lesiones t\u00edpicas relacionadas con accidentes incluyen:<\/p>&#13;\n<ul>&#13;\n<li>Neck and shoulder strains<\/li>&#13;\n<li>Hip and knee injuries (especially in older adults)<\/li>&#13;\n<li>Hand, wrist, and elbow fractures or dislocations<\/li>&#13;\n<li>Ankle sprains and leg injuries<\/li>&#13;\n<\/ul>&#13;\n<p>Incluso si se siente \u00abbien\u00bb despu\u00e9s de una ca\u00edda, es posible que algunas lesiones no muestren s\u00edntomas hasta horas o d\u00edas despu\u00e9s. Es por eso que la atenci\u00f3n m\u00e9dica inmediata es siempre una prioridad, tanto para su salud como para crear la documentaci\u00f3n m\u00e9dica adecuada.<\/p>&#13;\n&#13;\n<h2 class=\"wp-block-heading\"><strong>Consultas gratuitas de bufetes de abogados de Filadelfia<\/strong><\/h2>&#13;\n&#13;\n<p>Las consultas gratuitas y confidenciales est\u00e1n disponibles en cualquiera de nuestras tres oficinas en Filadelfia PA, Feasterville PA y Cherry Hill NJ, o por tel\u00e9fono al <a href=\"Tel:(888)%20913-3899\" target=\"_blank\" rel=\"noreferrer noopener\">(888) 913-3899<\/a>. Nuestros abogados est\u00e1n equipados con el conocimiento y la experiencia en juicios necesarios para obtener una compensaci\u00f3n completa por lesiones, facturas m\u00e9dicas, salarios perdidos, dolor y sufrimiento, discapacidad y costos m\u00e9dicos futuros. Las v\u00edctimas solo tienen dos a\u00f1os desde el momento de un accidente para presentar un reclamo, \u00a1no lo dude! Nuestros abogados de lesiones personales est\u00e1n listos para hablar en cualquier momento del d\u00eda o de la noche para discutir su caso y sus opciones disponibles.<\/p>&#13;\n&#13;\n<p>Si ha resultado lesionado en un accidente de tropiezo y ca\u00edda, no necesita sufrir solo sus lesiones o gastos. Llame a J. Fine Law hoy al <a href=\"Tel:(888)%20913-3899\" target=\"_blank\" rel=\"noreferrer noopener\">(888) 913-3899<\/a>, complete el formulario en esta p\u00e1gina web o <a href=\"tel:1-800-487-8123\" target=\"_blank\" rel=\"noreferrer noopener\">llame al 1-800-HURT-123<\/a> desde la escena para discutir c\u00f3mo nuestro bufete de abogados puede representarlo. Especializada en casos de lesiones personales, J. Fine Law tambi\u00e9n est\u00e1 disponible para accidentes automovil\u00edsticos, accidentes laborales, accidentes de bicicleta, abuso en hogares de ancianos, colisiones de viajes compartidos de Uber y m\u00e1s.<\/p>&#13;\n","protected":false},"excerpt":{"rendered":"<p>&#13; Los abogados calificados, educados y dedicados de J. Fine Law tienen m\u00e1s de 20 a\u00f1os de experiencia representando a clientes en demandas por accidentes de tropiezos y ca\u00eddas en Filadelfia, hasta el condado de Erie PA y en Nueva Jersey. Si usted o un ser querido ha tenido un accidente de tropiezo \/ resbal\u00f3n [&hellip;]<\/p>\n","protected":false},"author":4,"featured_media":4818,"parent":5705,"menu_order":0,"comment_status":"closed","ping_status":"closed","template":"","meta":{"site-sidebar-layout":"default","site-content-layout":"","ast-site-content-layout":"default","site-content-style":"default","site-sidebar-style":"default","ast-global-header-display":"","ast-banner-title-visibility":"","ast-main-header-display":"","ast-hfb-above-header-display":"","ast-hfb-below-header-display":"","ast-hfb-mobile-header-display":"","site-post-title":"","ast-breadcrumbs-content":"","ast-featured-img":"","footer-sml-layout":"","theme-transparent-header-meta":"default","adv-header-id-meta":"","stick-header-meta":"","header-above-stick-meta":"","header-main-stick-meta":"","header-below-stick-meta":"","astra-migrate-meta-layouts":"set","ast-page-background-enabled":"default","ast-page-background-meta":{"desktop":{"background-color":"var(--ast-global-color-4)","background-image":"","background-repeat":"repeat","background-position":"center center","background-size":"auto","background-attachment":"scroll","background-type":"","background-media":"","overlay-type":"","overlay-color":"","overlay-opacity":"","overlay-gradient":""},"tablet":{"background-color":"","background-image":"","background-repeat":"repeat","background-position":"center center","background-size":"auto","background-attachment":"scroll","background-type":"","background-media":"","overlay-type":"","overlay-color":"","overlay-opacity":"","overlay-gradient":""},"mobile":{"background-color":"","background-image":"","background-repeat":"repeat","background-position":"center center","background-size":"auto","background-attachment":"scroll","background-type":"","background-media":"","overlay-type":"","overlay-color":"","overlay-opacity":"","overlay-gradient":""}},"ast-content-background-meta":{"desktop":{"background-color":"var(--ast-global-color-5)","background-image":"","background-repeat":"repeat","background-position":"center center","background-size":"auto","background-attachment":"scroll","background-type":"","background-media":"","overlay-type":"","overlay-color":"","overlay-opacity":"","overlay-gradient":""},"tablet":{"background-color":"var(--ast-global-color-5)","background-image":"","background-repeat":"repeat","background-position":"center center","background-size":"auto","background-attachment":"scroll","background-type":"","background-media":"","overlay-type":"","overlay-color":"","overlay-opacity":"","overlay-gradient":""},"mobile":{"background-color":"var(--ast-global-color-5)","background-image":"","background-repeat":"repeat","background-position":"center center","background-size":"auto","background-attachment":"scroll","background-type":"","background-media":"","overlay-type":"","overlay-color":"","overlay-opacity":"","overlay-gradient":""}},"iawp_total_views":13,"footnotes":""},"class_list":["post-4940","page","type-page","status-publish","has-post-thumbnail","hentry"],"_links":{"self":[{"href":"https:\/\/jfinelaw.com\/es\/wp-json\/wp\/v2\/pages\/4940","targetHints":{"allow":["GET"]}}],"collection":[{"href":"https:\/\/jfinelaw.com\/es\/wp-json\/wp\/v2\/pages"}],"about":[{"href":"https:\/\/jfinelaw.com\/es\/wp-json\/wp\/v2\/types\/page"}],"author":[{"embeddable":true,"href":"https:\/\/jfinelaw.com\/es\/wp-json\/wp\/v2\/users\/4"}],"replies":[{"embeddable":true,"href":"https:\/\/jfinelaw.com\/es\/wp-json\/wp\/v2\/comments?post=4940"}],"version-history":[{"count":5,"href":"https:\/\/jfinelaw.com\/es\/wp-json\/wp\/v2\/pages\/4940\/revisions"}],"predecessor-version":[{"id":5765,"href":"https:\/\/jfinelaw.com\/es\/wp-json\/wp\/v2\/pages\/4940\/revisions\/5765"}],"up":[{"embeddable":true,"href":"https:\/\/jfinelaw.com\/es\/wp-json\/wp\/v2\/pages\/5705"}],"wp:featuredmedia":[{"embeddable":true,"href":"https:\/\/jfinelaw.com\/es\/wp-json\/wp\/v2\/media\/4818"}],"wp:attachment":[{"href":"https:\/\/jfinelaw.com\/es\/wp-json\/wp\/v2\/media?parent=4940"}],"curies":[{"name":"wp","href":"https:\/\/api.w.org\/{rel}","templated":true}]}}