{"id":4943,"date":"2025-03-20T18:46:38","date_gmt":"2025-03-20T18:46:38","guid":{"rendered":"https:\/\/jfinelaw.triplestarter.com\/?page_id=4608"},"modified":"2025-10-23T17:41:26","modified_gmt":"2025-10-23T17:41:26","slug":"abogados-de-abuso-sexual-en-pensilvania","status":"publish","type":"page","link":"https:\/\/jfinelaw.com\/es\/abogado-de-lesiones-personales-en-filadelfia-pa-2\/abogados-de-abuso-sexual-en-pensilvania\/","title":{"rendered":"Abogados de Abuso Sexual en Pensilvania"},"content":{"rendered":"\r\n<p>El abuso sexual es una realidad devastadora que afecta a miles de ni\u00f1os y adultos en todo Estados Unidos cada a\u00f1o, y a menudo se encuentran depredadores en puestos de confianza dentro de instituciones como universidades, escuelas, iglesias y campamentos. J. Fine Law Group, P.C. se compromete a defender a los sobrevivientes, esforz\u00e1ndose por responsabilizar no solo a los abusadores individuales, sino tambi\u00e9n a las instituciones que incumplen su deber de proteger. Nuestros abogados compasivos, en colaboraci\u00f3n con consejeros experimentados, eval\u00faan el impacto a largo plazo del abuso y abordan las necesidades de tratamiento de los sobrevivientes. Operando en toda Pensilvania, nos dedicamos a garantizar justicia y sanaci\u00f3n para las v\u00edctimas, y a responsabilizar a los perpetradores y a las instituciones negligentes por sus acciones. Si usted o un ser querido ha sufrido abuso sexual, J. Fine Law Group, P.C. est\u00e1 aqu\u00ed para ayudarle. Llame a nuestros <a href=\"https:\/\/jfinelaw.com\/es\/\">abogados de abuso sexual en Pensilvania<\/a> experimentados y dedicados hoy mismo al <strong>(888) 913-3899<\/strong> o complete nuestro formulario de <strong>consulta gratuita<\/strong>.<\/p>\r\n\r\n\r\n\r\n<h2 class=\"wp-block-heading\"><strong>Comprensi\u00f3n del Alcance del Abuso Sexual<\/strong><\/h2>\r\n\r\n\r\n\r\n<p>Tr\u00e1gicamente, decenas de miles de ni\u00f1os y adultos son v\u00edctimas de abuso sexual en Estados Unidos cada a\u00f1o. A veces, el acceso a los ni\u00f1os lo proporcionan las mismas instituciones (universidades, escuelas, iglesias o campamentos) que se supone que deben protegerlos. Utilizando su posici\u00f3n de autoridad y confianza, los depredadores pueden ser entrenadores, maestros o consejeros que intimidan al ni\u00f1o para que no denuncie el abuso sexual.<\/p>\r\n\r\n\r\n\r\n<h2 class=\"wp-block-heading\"><strong>Defensa y Responsabilidad<\/strong><\/h2>\r\n\r\n\r\n\r\n<p>Los abogados de J. Fine Law Group, P.C. han defendido a estos ni\u00f1os y adultos, trabajando para responsabilizar no solo al abusador, sino tambi\u00e9n a la instituci\u00f3n que con demasiada frecuencia le dio la espalda al ni\u00f1o. Trabajando con consejeros con experiencia en la evaluaci\u00f3n y el asesoramiento de ni\u00f1os abusados, J. Fine Law trabaja para determinar las consecuencias a largo plazo del abuso y la necesidad de tratamiento del ni\u00f1o.<\/p>\r\n\r\n\r\n\r\n<h2 class=\"wp-block-heading\"><strong>El Impacto del Abuso Sexual<\/strong><\/h2>\r\n\r\n\r\n\r\n<p>Las v\u00edctimas de abuso sexual pueden quedar con cicatrices emocionales, psicol\u00f3gicas y, a veces, f\u00edsicas. Los <a href=\"https:\/\/maps.app.goo.gl\/bZbnKdL5khXTcz2m9\" target=\"_blank\" rel=\"noopener\">abogados de abuso sexual en Pensilvania<\/a> de J. Fine Law Group se dedican a ayudar a las v\u00edctimas de agresi\u00f3n y abuso sexual a responsabilizar a las partes responsables por sus acciones. Al formar equipo con expertos, tanto los perpetradores de abuso sexual como las instituciones que no protegen a las personas a su cuidado deben rendir cuentas.<\/p>\r\n\r\n\r\n\r\n<p><strong>Apoyo Legal en Toda Pensilvania<\/strong> Manejamos estos casos en toda Pensilvania.<\/p>\r\n\r\n\r\n\r\n<h2 class=\"wp-block-heading\"><strong>Estamos Aqu\u00ed para Ayudar<\/strong><\/h2>\r\n\r\n\r\n\r\n<p>Si usted o un ser querido ha experimentado esto, \u00a1J. Fine Law Group, P.C. est\u00e1 aqu\u00ed para ayudarle!<\/p>\r\n","protected":false},"excerpt":{"rendered":"<p>El abuso sexual es una realidad devastadora que afecta a miles de ni\u00f1os y adultos en todo Estados Unidos cada a\u00f1o, y a menudo se encuentran depredadores en puestos de confianza dentro de instituciones como universidades, escuelas, iglesias y campamentos. J. Fine Law Group, P.C. se compromete a defender a los sobrevivientes, esforz\u00e1ndose por responsabilizar [&hellip;]<\/p>\n","protected":false},"author":7,"featured_media":4815,"parent":5705,"menu_order":0,"comment_status":"closed","ping_status":"closed","template":"","meta":{"site-sidebar-layout":"default","site-content-layout":"","ast-site-content-layout":"default","site-content-style":"default","site-sidebar-style":"default","ast-global-header-display":"","ast-banner-title-visibility":"","ast-main-header-display":"","ast-hfb-above-header-display":"","ast-hfb-below-header-display":"","ast-hfb-mobile-header-display":"","site-post-title":"","ast-breadcrumbs-content":"","ast-featured-img":"","footer-sml-layout":"","theme-transparent-header-meta":"","adv-header-id-meta":"","stick-header-meta":"","header-above-stick-meta":"","header-main-stick-meta":"","header-below-stick-meta":"","astra-migrate-meta-layouts":"set","ast-page-background-enabled":"default","ast-page-background-meta":{"desktop":{"background-color":"var(--ast-global-color-4)","background-image":"","background-repeat":"repeat","background-position":"center center","background-size":"auto","background-attachment":"scroll","background-type":"","background-media":"","overlay-type":"","overlay-color":"","overlay-opacity":"","overlay-gradient":""},"tablet":{"background-color":"","background-image":"","background-repeat":"repeat","background-position":"center center","background-size":"auto","background-attachment":"scroll","background-type":"","background-media":"","overlay-type":"","overlay-color":"","overlay-opacity":"","overlay-gradient":""},"mobile":{"background-color":"","background-image":"","background-repeat":"repeat","background-position":"center center","background-size":"auto","background-attachment":"scroll","background-type":"","background-media":"","overlay-type":"","overlay-color":"","overlay-opacity":"","overlay-gradient":""}},"ast-content-background-meta":{"desktop":{"background-color":"var(--ast-global-color-5)","background-image":"","background-repeat":"repeat","background-position":"center center","background-size":"auto","background-attachment":"scroll","background-type":"","background-media":"","overlay-type":"","overlay-color":"","overlay-opacity":"","overlay-gradient":""},"tablet":{"background-color":"var(--ast-global-color-5)","background-image":"","background-repeat":"repeat","background-position":"center center","background-size":"auto","background-attachment":"scroll","background-type":"","background-media":"","overlay-type":"","overlay-color":"","overlay-opacity":"","overlay-gradient":""},"mobile":{"background-color":"var(--ast-global-color-5)","background-image":"","background-repeat":"repeat","background-position":"center center","background-size":"auto","background-attachment":"scroll","background-type":"","background-media":"","overlay-type":"","overlay-color":"","overlay-opacity":"","overlay-gradient":""}},"iawp_total_views":24,"footnotes":""},"class_list":["post-4943","page","type-page","status-publish","has-post-thumbnail","hentry"],"_links":{"self":[{"href":"https:\/\/jfinelaw.com\/es\/wp-json\/wp\/v2\/pages\/4943","targetHints":{"allow":["GET"]}}],"collection":[{"href":"https:\/\/jfinelaw.com\/es\/wp-json\/wp\/v2\/pages"}],"about":[{"href":"https:\/\/jfinelaw.com\/es\/wp-json\/wp\/v2\/types\/page"}],"author":[{"embeddable":true,"href":"https:\/\/jfinelaw.com\/es\/wp-json\/wp\/v2\/users\/7"}],"replies":[{"embeddable":true,"href":"https:\/\/jfinelaw.com\/es\/wp-json\/wp\/v2\/comments?post=4943"}],"version-history":[{"count":4,"href":"https:\/\/jfinelaw.com\/es\/wp-json\/wp\/v2\/pages\/4943\/revisions"}],"predecessor-version":[{"id":5707,"href":"https:\/\/jfinelaw.com\/es\/wp-json\/wp\/v2\/pages\/4943\/revisions\/5707"}],"up":[{"embeddable":true,"href":"https:\/\/jfinelaw.com\/es\/wp-json\/wp\/v2\/pages\/5705"}],"wp:featuredmedia":[{"embeddable":true,"href":"https:\/\/jfinelaw.com\/es\/wp-json\/wp\/v2\/media\/4815"}],"wp:attachment":[{"href":"https:\/\/jfinelaw.com\/es\/wp-json\/wp\/v2\/media?parent=4943"}],"curies":[{"name":"wp","href":"https:\/\/api.w.org\/{rel}","templated":true}]}}