{"id":4944,"date":"2025-03-20T18:48:46","date_gmt":"2025-03-20T18:48:46","guid":{"rendered":"https:\/\/jfinelaw.triplestarter.com\/?page_id=4611"},"modified":"2026-01-30T23:05:37","modified_gmt":"2026-01-30T23:05:37","slug":"abogados-de-lesiones-por-viajes-compartidos-en-filadelfia","status":"publish","type":"page","link":"https:\/\/jfinelaw.com\/es\/abogado-de-lesiones-personales-en-filadelfia-pa-2\/abogados-de-lesiones-por-viajes-compartidos-en-filadelfia\/","title":{"rendered":"Abogados de Lesiones de Viajes Compartidos en Filadelfia"},"content":{"rendered":"&#13;\n<p>Las empresas de viajes compartidos como Uber, Lyft, taxis e incluso limusinas ofrecen muchos beneficios a los pasajeros que utilizan estos servicios. Adem\u00e1s de la conveniencia de poder pedir un viaje cuando m\u00e1s lo necesita, el viaje compartido es una excelente manera de moverse de manera r\u00e1pida y asequible por la ciudad de Filadelfia. Sin embargo, los beneficios no quitan el hecho de que los veh\u00edculos de viaje compartido son susceptibles de sufrir un accidente automovil\u00edstico. Si usted era el pasajero o conductor de un Uber, Lyft, Taxi, o su veh\u00edculo fue golpeado por un veh\u00edculo que se estaba utilizando para un viaje compartido que tuvo un accidente y result\u00f3 lesionado, necesita un bufete de abogados de su lado para luchar por sus derechos. \u00a1Llame a J. Fine Law al n\u00famero gratuito <a href=\"tel:1-800-487-8123\" target=\"_blank\" rel=\"noreferrer noopener\">1-800-HURT-123<\/a> para una consulta gratuita con nuestros abogados de lesiones de viajes compartidos para discutir sus opciones!    <\/p>&#13;\n&#13;\n<p>J. Fine Law est\u00e1 compuesto por un equipo de abogados de lesiones personales de primer nivel que comprenden las circunstancias \u00fanicas que rodean los accidentes de viajes compartidos y sus derechos como conductor o pasajero. Con oficinas legales en Filadelfia PA, Feasterville PA y Cherry Hill NJ, tenemos la experiencia para obtener la compensaci\u00f3n justa que se merece. Nuestros abogados de lesiones de viajes compartidos luchar\u00e1n arduamente contra Uber, Lyft y \/ o sus compa\u00f1\u00edas de seguros para cobrar da\u00f1os por dolor y sufrimiento, as\u00ed como facturas m\u00e9dicas.  <\/p>&#13;\n&#13;\n<h2 class=\"wp-block-heading\"><strong>\u00bfPor qu\u00e9 ocurren los accidentes de Uber, Lyft y viajes compartidos?<\/strong><\/h2>&#13;\n&#13;\n<p>Todos los d\u00edas corremos el riesgo de conducir nuestro veh\u00edculo sabiendo que existe la posibilidad de que ocurra un accidente automovil\u00edstico, generalmente sin culpa nuestra. Ingresar a un veh\u00edculo de viaje compartido Uber, Lyft o taxi no es diferente y, a veces, conlleva un mayor riesgo. Si estuvo involucrado en un accidente de veh\u00edculo de viaje compartido por cualquiera de las siguientes razones, llame para hablar con uno de los abogados con experiencia en lesiones personales de J. Fine Law hoy.  <\/p>&#13;\n&#13;\n<p>Pr\u00e1cticas de contrataci\u00f3n laxas: Casi cualquier persona con una licencia de conducir v\u00e1lida, seguro y sin accidentes\/multas importantes en los \u00faltimos 7 a\u00f1os puede conseguir un trabajo en una empresa de viajes compartidos. Los conductores no est\u00e1n capacitados y no hay una reuni\u00f3n oficial entre la empresa y el conductor antes de que se les permita recoger pasajeros. Estos factores ciertamente conllevan una probabilidad muy alta de que pueda convertirse en v\u00edctima de un accidente automovil\u00edstico.  <\/p>&#13;\n&#13;\n<p>Fatiga: Muchos pasajeros utilizan los servicios de viajes compartidos a altas horas de la noche, despu\u00e9s de la cena y las bebidas cuando no es seguro para ellos conducir a casa. En consecuencia, los conductores se enfrentan a largas horas, muchos de los cuales utilizan esto como una segunda fuente de ingresos. No es raro que los conductores se sientan agotados y distra\u00eddos cuando comienzan su turno nocturno, lo que f\u00e1cilmente podr\u00eda causar distracci\u00f3n y un accidente.    <\/p>&#13;\n&#13;\n<p>Negligencia: Si bien es responsabilidad del conductor seguir las leyes de tr\u00e1nsito y seguridad, a veces simplemente no lo hacen. Pasarse un sem\u00e1foro, el exceso de velocidad y la conducci\u00f3n imprudente en general casi siempre conducen a un accidente, a veces con consecuencias importantes y da\u00f1os que se le deben a usted como pasajero.   <\/p>&#13;\n&#13;\n<p>Accidentes automovil\u00edsticos comunes: Desafortunadamente, algunos accidentes son inevitables y ocurren de vez en cuando. Ya sea culpa del conductor del veh\u00edculo de viaje compartido u otro autom\u00f3vil involucrado, puede ser elegible para una compensaci\u00f3n por facturas m\u00e9dicas y otros da\u00f1os.   <\/p>&#13;\n<h2><strong>\u00bfC\u00f3mo funciona la responsabilidad en un accidente de Lyft?<\/strong><\/h2>&#13;\n<p>La responsabilidad en accidentes de viajes compartidos, especialmente aquellos que involucran a Lyft, puede ser dif\u00edcil de resolver. Todo se reduce a qui\u00e9n tuvo la culpa y qu\u00e9 estaba haciendo el conductor en el momento del accidente. Aqu\u00ed hay una descripci\u00f3n general r\u00e1pida de lo que puede esperar al averiguar qui\u00e9n es responsable de cubrir sus lesiones y da\u00f1os:  <\/p>&#13;\n<ul>&#13;\n<li>&#13;\n<p><strong>Cuando el conductor de Lyft est\u00e1 fuera de servicio:<\/strong> Si el conductor a\u00fan no ha iniciado sesi\u00f3n en la aplicaci\u00f3n de Lyft y ha tenido un accidente, su propio seguro de coche personal est\u00e1 en juego. El seguro de Lyft no entra en juego en este momento. <\/p>&#13;\n<\/li>&#13;\n<li>&#13;\n<p><strong>Si el conductor de Lyft est\u00e1 esperando un viaje:<\/strong> Cuando el conductor ha iniciado sesi\u00f3n en la aplicaci\u00f3n pero no ha recogido a un pasajero, Lyft ofrece lo que se llama \u00abcobertura contingente\u00bb. Eso significa que su seguro podr\u00eda ayudar si el seguro personal del conductor no cubre completamente sus p\u00e9rdidas, especialmente en los casos en que el otro conductor tiene un seguro insuficiente o no tiene seguro. <\/p>&#13;\n<\/li>&#13;\n<li>&#13;\n<p><strong>Durante un viaje o de camino a una recogida:<\/strong> Si se lesiona mientras el conductor de Lyft lo lleva a su destino o se dirige a recoger a un pasajero, la p\u00f3liza de seguro de $ 1 mill\u00f3n de Lyft entra en vigencia. Esta generosa pol\u00edtica est\u00e1 destinada a proteger a todos los involucrados: pasajeros, conductores e incluso personas en otros veh\u00edculos. <\/p>&#13;\n<\/li>&#13;\n<\/ul>&#13;\n<p>Por supuesto, la situaci\u00f3n no siempre es en blanco y negro. A veces, otro conductor tiene la culpa, en cuyo caso podr\u00eda buscar a su proveedor de seguros para obtener una compensaci\u00f3n. En raras situaciones, un tercero puede ser responsable, por ejemplo, si las malas condiciones de la carretera o un defecto del veh\u00edculo jugaron un papel en el accidente. Los gobiernos locales o los fabricantes de veh\u00edculos pueden ser responsables en estos casos.   <\/p>&#13;\n<p>El resultado final: desenredar qui\u00e9n paga despu\u00e9s de un accidente de Lyft puede complicarse r\u00e1pidamente, y los detalles importan. Es por eso que es tan crucial contar con ayuda legal experimentada de su lado, como el equipo de J. Fine Law, para asegurarse de que todos los \u00e1ngulos est\u00e9n cubiertos y obtenga la compensaci\u00f3n total que se merece. <\/p>&#13;\n<h3>Seeking Compensation from Another Driver\u2019s Insurance in a Lyft Accident<\/h3>&#13;\n<p>Si result\u00f3 lesionado en un accidente de Lyft y resulta que otro conductor, no el conductor de su viaje compartido, tuvo la culpa, es posible que tenga una ruta clara hacia la compensaci\u00f3n. En estas situaciones, puede presentar un reclamo directamente con el proveedor de seguro de autom\u00f3vil personal del conductor culpable. Este enfoque es especialmente importante cuando las acciones del otro conductor, como enviar mensajes de texto mientras conduce, pasarse un sem\u00e1foro en rojo o no ceder el paso, condujeron directamente al accidente.  <\/p>&#13;\n<p>En muchos casos, presentar este reclamo de terceros puede cubrir sus gastos m\u00e9dicos, salarios perdidos y da\u00f1os a la propiedad. Recuerde, recopilar documentaci\u00f3n detallada en la escena, incluidas fotos, declaraciones de testigos y el informe policial, fortalecer\u00e1 su caso cuando trate con las compa\u00f1\u00edas de seguros. <\/p>&#13;\n<h2><strong>C\u00f3mo funciona la p\u00f3liza de seguro de Lyft despu\u00e9s de un accidente<\/strong><\/h2>&#13;\n<p>Comprender c\u00f3mo se aplica la cobertura de seguro de Lyft en el momento de un accidente es esencial, especialmente porque el nivel de cobertura cambia seg\u00fan el estado del conductor en la aplicaci\u00f3n en el momento en que ocurre el accidente.<\/p>&#13;\n<ul>&#13;\n<li>&#13;\n<p><strong>Conductor que no usa la aplicaci\u00f3n:<\/strong> Si un conductor de Lyft causa un accidente mientras no est\u00e1 conectado a la aplicaci\u00f3n, solo se aplica su seguro de autom\u00f3vil personal. Lyft no proporciona cobertura adicional en este escenario. <\/p>&#13;\n<\/li>&#13;\n<li>&#13;\n<p><strong>El conductor inici\u00f3 sesi\u00f3n, esperando una solicitud de viaje:<\/strong> Si el conductor de Lyft ha iniciado sesi\u00f3n en la aplicaci\u00f3n pero a\u00fan no ha aceptado un viaje, Lyft ofrece cobertura de responsabilidad civil, a menudo hasta $50,000 por persona por lesiones corporales, $100,000 por accidente por lesiones corporales y $25,000 por da\u00f1os a la propiedad. Sin embargo, esta cobertura generalmente se activa solo si el seguro personal del conductor no cubre completamente los da\u00f1os. <\/p>&#13;\n<\/li>&#13;\n<li>&#13;\n<p><strong>Conductor en ruta o transportando a un pasajero:<\/strong> Cuando el conductor est\u00e1 en camino a recoger a un pasajero o actualmente tiene un pasajero en el veh\u00edculo, se aplica la cobertura m\u00e1s alta de Lyft, lo que significa que hay hasta $1 mill\u00f3n en cobertura de responsabilidad civil disponible. Esta p\u00f3liza est\u00e1 dise\u00f1ada para compensar a las partes lesionadas y cubrir da\u00f1os mientras usted es el pasajero o el conductor involucrado en un viaje activo. <\/p>&#13;\n<\/li>&#13;\n<\/ul>&#13;\n<p>Conocer estas distinciones garantiza que comprender\u00e1 qu\u00e9 protecciones existen en caso de que alguna vez se encuentre en un accidente que involucre un veh\u00edculo de viaje compartido.<\/p>&#13;\n&#13;\n<h2 class=\"wp-block-heading\"><strong>Pasos a seguir despu\u00e9s de un accidente automovil\u00edstico de viaje compartido<\/strong><\/h2>&#13;\n&#13;\n<p>Al igual que cualquier otro accidente, hay pasos involucrados que deben tomarse inmediatamente despu\u00e9s para garantizar que nuestros abogados de lesiones personales puedan determinar la causa probable. Estos pasos deben seguirse despu\u00e9s de que est\u00e9 claro que todas las partes involucradas no han sufrido lesiones graves. Si ese es el caso, llame al 911 inmediatamente antes de tomar medidas adicionales. Primero, aseg\u00farese de informar el accidente en la aplicaci\u00f3n Uber, la aplicaci\u00f3n Lyft o llame directamente a la compa\u00f1\u00eda de taxis si no hay una aplicaci\u00f3n disponible. En segundo lugar, llame a su proveedor de seguros para informar el accidente y a la polic\u00eda para presentar un informe. Por \u00faltimo, tome fotograf\u00edas de todos los da\u00f1os para su posterior documentaci\u00f3n y prueba. Finalmente, llame a nuestros abogados de accidentes de Uber y Lyft para discutir su caso. Tenemos el conocimiento y la experiencia para luchar contra estas corporaciones y asegurarnos de que reciba una compensaci\u00f3n justa.       <\/p>&#13;\n&#13;\n<h2 class=\"wp-block-heading\"><strong>Consulta gratuita con abogados profesionales de lesiones en viajes compartidos<\/strong><\/h2>&#13;\n&#13;\n<p>\u00a1No intente luchar contra un accidente automovil\u00edstico de Uber o Lyft por su cuenta! Estas enormes corporaciones millonarias tienen recursos ilimitados para luchar contra reclamos legales. Conf\u00ede en los abogados de lesiones personales de J. Fine Law para luchar en su nombre; Hemos ayudado tanto a pasajeros como a conductores. Le quitaremos el estr\u00e9s y nos aseguraremos de que obtenga un acuerdo justo por sus da\u00f1os, lesiones y \/ o facturas m\u00e9dicas. Las consultas gratuitas est\u00e1n disponibles en cualquiera de nuestras tres oficinas en Filadelfia PA, Feasterville PA o Cherry Hill NJ. Nuestros abogados dedicados tambi\u00e9n est\u00e1n disponibles para consultas telef\u00f3nicas al n\u00famero gratuito <a href=\"tel:1-800-487-8123\" target=\"_blank\" rel=\"noreferrer noopener\">1-800-HURT-123<\/a>.     <\/p>&#13;\n","protected":false},"excerpt":{"rendered":"<p>&#13; Las empresas de viajes compartidos como Uber, Lyft, taxis e incluso limusinas ofrecen muchos beneficios a los pasajeros que utilizan estos servicios. Adem\u00e1s de la conveniencia de poder pedir un viaje cuando m\u00e1s lo necesita, el viaje compartido es una excelente manera de moverse de manera r\u00e1pida y asequible por la ciudad de Filadelfia. [&hellip;]<\/p>\n","protected":false},"author":4,"featured_media":4612,"parent":5705,"menu_order":0,"comment_status":"closed","ping_status":"closed","template":"","meta":{"site-sidebar-layout":"no-sidebar","site-content-layout":"","ast-site-content-layout":"full-width-container","site-content-style":"default","site-sidebar-style":"default","ast-global-header-display":"","ast-banner-title-visibility":"","ast-main-header-display":"","ast-hfb-above-header-display":"","ast-hfb-below-header-display":"","ast-hfb-mobile-header-display":"","site-post-title":"","ast-breadcrumbs-content":"","ast-featured-img":"","footer-sml-layout":"","theme-transparent-header-meta":"default","adv-header-id-meta":"","stick-header-meta":"","header-above-stick-meta":"","header-main-stick-meta":"","header-below-stick-meta":"","astra-migrate-meta-layouts":"set","ast-page-background-enabled":"default","ast-page-background-meta":{"desktop":{"background-color":"var(--ast-global-color-4)","background-image":"","background-repeat":"repeat","background-position":"center center","background-size":"auto","background-attachment":"scroll","background-type":"","background-media":"","overlay-type":"","overlay-color":"","overlay-opacity":"","overlay-gradient":""},"tablet":{"background-color":"","background-image":"","background-repeat":"repeat","background-position":"center center","background-size":"auto","background-attachment":"scroll","background-type":"","background-media":"","overlay-type":"","overlay-color":"","overlay-opacity":"","overlay-gradient":""},"mobile":{"background-color":"","background-image":"","background-repeat":"repeat","background-position":"center center","background-size":"auto","background-attachment":"scroll","background-type":"","background-media":"","overlay-type":"","overlay-color":"","overlay-opacity":"","overlay-gradient":""}},"ast-content-background-meta":{"desktop":{"background-color":"var(--ast-global-color-5)","background-image":"","background-repeat":"repeat","background-position":"center center","background-size":"auto","background-attachment":"scroll","background-type":"","background-media":"","overlay-type":"","overlay-color":"","overlay-opacity":"","overlay-gradient":""},"tablet":{"background-color":"var(--ast-global-color-5)","background-image":"","background-repeat":"repeat","background-position":"center center","background-size":"auto","background-attachment":"scroll","background-type":"","background-media":"","overlay-type":"","overlay-color":"","overlay-opacity":"","overlay-gradient":""},"mobile":{"background-color":"var(--ast-global-color-5)","background-image":"","background-repeat":"repeat","background-position":"center center","background-size":"auto","background-attachment":"scroll","background-type":"","background-media":"","overlay-type":"","overlay-color":"","overlay-opacity":"","overlay-gradient":""}},"iawp_total_views":6,"footnotes":""},"class_list":["post-4944","page","type-page","status-publish","has-post-thumbnail","hentry"],"_links":{"self":[{"href":"https:\/\/jfinelaw.com\/es\/wp-json\/wp\/v2\/pages\/4944","targetHints":{"allow":["GET"]}}],"collection":[{"href":"https:\/\/jfinelaw.com\/es\/wp-json\/wp\/v2\/pages"}],"about":[{"href":"https:\/\/jfinelaw.com\/es\/wp-json\/wp\/v2\/types\/page"}],"author":[{"embeddable":true,"href":"https:\/\/jfinelaw.com\/es\/wp-json\/wp\/v2\/users\/4"}],"replies":[{"embeddable":true,"href":"https:\/\/jfinelaw.com\/es\/wp-json\/wp\/v2\/comments?post=4944"}],"version-history":[{"count":3,"href":"https:\/\/jfinelaw.com\/es\/wp-json\/wp\/v2\/pages\/4944\/revisions"}],"predecessor-version":[{"id":5762,"href":"https:\/\/jfinelaw.com\/es\/wp-json\/wp\/v2\/pages\/4944\/revisions\/5762"}],"up":[{"embeddable":true,"href":"https:\/\/jfinelaw.com\/es\/wp-json\/wp\/v2\/pages\/5705"}],"wp:featuredmedia":[{"embeddable":true,"href":"https:\/\/jfinelaw.com\/es\/wp-json\/wp\/v2\/menu-items\/4612"}],"wp:attachment":[{"href":"https:\/\/jfinelaw.com\/es\/wp-json\/wp\/v2\/media?parent=4944"}],"curies":[{"name":"wp","href":"https:\/\/api.w.org\/{rel}","templated":true}]}}