{"id":4945,"date":"2025-03-20T18:43:39","date_gmt":"2025-03-20T18:43:39","guid":{"rendered":"https:\/\/jfinelaw.triplestarter.com\/?page_id=4623"},"modified":"2025-11-06T18:54:15","modified_gmt":"2025-11-06T18:54:15","slug":"abogados-de-accidentes-de-autobus-en-filadelfia","status":"publish","type":"page","link":"https:\/\/jfinelaw.com\/es\/abogado-de-lesiones-personales-en-filadelfia-pa-2\/abogados-de-accidentes-de-autobus-en-filadelfia\/","title":{"rendered":"Abogados de Accidentes de Autob\u00fas en Filadelfia"},"content":{"rendered":"&#13;\n<h1 data-hveid=\"CAEQAA\" data-processed=\"true\">Bus Accident Lawyer Philadelphia<\/h1>&#13;\n<div class=\"Y3BBE\" data-sfc-cp=\"\" data-hveid=\"CAEQAA\" data-processed=\"true\">A bus accident attorney\u00a0<mark class=\"HxTRcb\" data-processed=\"true\">specializes in personal injury law to represent victims injured in bus crashes<\/mark>, helping them seek compensation for medical expenses, lost wages, and pain and suffering. These lawyers navigate complex claims involving negligence by bus drivers or companies, faulty bus equipment, and interactions with insurance companies and public transit authorities like SEPTA in Philadelphia. If you&#8217;ve been injured in a bus accident, consulting such an attorney is crucial for understanding your legal rights and pursuing a successful claim.<span class=\"uJ19be notranslate\" data-wiz-uids=\"FN0Ktc_b,FN0Ktc_c\" data-processed=\"true\"><span class=\"vKEkVd\" data-animation-atomic=\"\" data-processed=\"true\">\u00a0<\/span><\/span><\/div>&#13;\n<div class=\"Y3BBE\" data-sfc-cp=\"\" data-hveid=\"CAIQAA\" data-processed=\"true\"><strong class=\"Yjhzub\" data-processed=\"true\">What a Bus Accident Attorney Does:<\/strong><\/div>&#13;\n<ul class=\"KsbFXc U6u95\" data-processed=\"true\">&#13;\n<li style=\"list-style-type: none;\">&#13;\n<ul class=\"KsbFXc U6u95\" data-processed=\"true\">&#13;\n<li data-hveid=\"CAMQAA\" data-processed=\"true\"><span class=\"T286Pc\" data-sfc-cp=\"\" data-processed=\"true\"><strong class=\"Yjhzub\" data-processed=\"true\">Investigates the accident:<\/strong>\u00a0Gathers evidence, reviews police reports, and determines the cause of the crash.<\/span><\/li>&#13;\n<li data-hveid=\"CAMQAQ\" data-processed=\"true\"><span class=\"T286Pc\" data-sfc-cp=\"\" data-processed=\"true\"><strong class=\"Yjhzub\" data-processed=\"true\">Identifies liable parties:<\/strong>\u00a0Determines who is at fault, which can include the bus driver, the bus company, or other vehicle drivers.<\/span><\/li>&#13;\n<li data-hveid=\"CAMQAg\" data-processed=\"true\"><span class=\"T286Pc\" data-sfc-cp=\"\" data-processed=\"true\"><strong class=\"Yjhzub\" data-processed=\"true\">Calculates damages:<\/strong>\u00a0Assesses the full extent of your injuries and losses, including medical bills, future care, and lost earnings.<\/span><\/li>&#13;\n<li data-hveid=\"CAMQAw\" data-processed=\"true\"><span class=\"T286Pc\" data-sfc-cp=\"\" data-processed=\"true\"><strong class=\"Yjhzub\" data-processed=\"true\">Negotiates with insurance companies:<\/strong>\u00a0Handles all communication with insurers to secure a fair settlement.<\/span><\/li>&#13;\n<\/ul>&#13;\n<\/li>&#13;\n<\/ul>&#13;\n<ul>&#13;\n<li data-hveid=\"CAMQBA\"><span class=\"T286Pc\" data-sfc-cp=\"\"><strong class=\"Yjhzub\">Files a lawsuit:<\/strong>\u00a0If a fair settlement can&#8217;t be reached, they will represent you in court.<\/span><span class=\"uJ19be notranslate\" data-wiz-attrbind=\"class=FN0Ktc_13_R4Tih;\" data-wiz-uids=\"FN0Ktc_13,FN0Ktc_14\"><span class=\"vKEkVd\" data-animation-atomic=\"\">\u00a0<\/span><\/span><\/li>&#13;\n<\/ul>&#13;\n<div class=\"Y3BBE\" data-sfc-cp=\"\" data-hveid=\"CAQQAA\"><strong class=\"Yjhzub\">Who They Represent:<\/strong><\/div>&#13;\n<ul class=\"KsbFXc U6u95\">&#13;\n<li data-hveid=\"CAUQAA\"><span class=\"T286Pc\" data-sfc-cp=\"\">Bus passengers injured during a crash or due to unsafe bus conditions.<\/span><\/li>&#13;\n<li data-hveid=\"CAUQAQ\"><span class=\"T286Pc\" data-sfc-cp=\"\">Pedestrians, cyclists, and motorcyclists struck by buses.<\/span><\/li>&#13;\n<li data-hveid=\"CAUQAg\"><span class=\"T286Pc\" data-sfc-cp=\"\">Occupants of other vehicles involved in a collision with a bus.<\/span><span class=\"uJ19be notranslate\" data-wiz-attrbind=\"class=FN0Ktc_1l_R4Tih;\" data-wiz-uids=\"FN0Ktc_1l,FN0Ktc_1m\"><span class=\"vKEkVd\" data-animation-atomic=\"\">\u00a0<\/span><\/span><\/li>&#13;\n<\/ul>&#13;\n<div class=\"Y3BBE\" data-sfc-cp=\"\" data-hveid=\"CAYQAA\"><strong class=\"Yjhzub\">Types of Bus Accidents Handled<\/strong><\/div>&#13;\n<ul class=\"KsbFXc U6u95\">&#13;\n<li data-hveid=\"CAcQAA\"><span class=\"T286Pc\" data-sfc-cp=\"\">Collisions with other vehicles.<\/span><\/li>&#13;\n<li data-hveid=\"CAcQAQ\"><span class=\"T286Pc\" data-sfc-cp=\"\">Sudden braking or turning incidents leading to passenger falls.<\/span><\/li>&#13;\n<li data-hveid=\"CAcQAg\"><span class=\"T286Pc\" data-sfc-cp=\"\">Accidents involving public transit buses (like SEPTA), school buses, and private shuttles.<\/span><\/li>&#13;\n<li data-hveid=\"CAcQAw\"><span class=\"T286Pc\" data-sfc-cp=\"\">Injuries from defective bus parts or poor maintenance.<\/span><span class=\"uJ19be notranslate\" data-wiz-attrbind=\"class=FN0Ktc_21_R4Tih;\" data-wiz-uids=\"FN0Ktc_21,FN0Ktc_22\"><span class=\"vKEkVd\" data-animation-atomic=\"\">\u00a0<\/span><\/span><\/li>&#13;\n<\/ul>&#13;\n<div class=\"Y3BBE\" data-sfc-cp=\"\" data-hveid=\"CAgQAA\"><strong class=\"Yjhzub\">Why You Need One:<\/strong><\/div>&#13;\n<ul class=\"KsbFXc U6u95\">&#13;\n<li data-hveid=\"CAoQAA\"><span class=\"T286Pc\" data-sfc-cp=\"\"><strong class=\"Yjhzub\">Complexity:<\/strong>\u00a0Bus accident claims are often more complex than typical car accidents due to multiple parties and potential government entities involved.<\/span><\/li>&#13;\n<li data-hveid=\"CAoQAQ\"><span class=\"T286Pc\" data-sfc-cp=\"\"><strong class=\"Yjhzub\">Expertise:<\/strong>\u00a0They understand the specific laws and procedures for litigating against commercial bus lines and public transit authorities.<\/span><\/li>&#13;\n<li data-hveid=\"CAoQAg\"><span class=\"T286Pc\" data-sfc-cp=\"\"><strong class=\"Yjhzub\">Maximizing Compensation:<\/strong>\u00a0Their experience helps ensure you receive the maximum compensation for your injuries.<\/span><span class=\"uJ19be notranslate\" data-wiz-attrbind=\"class=FN0Ktc_35_R4Tih;\" data-wiz-uids=\"FN0Ktc_35,FN0Ktc_36\"><span class=\"vKEkVd\" data-animation-atomic=\"\">\u00a0<\/span><\/span><\/li>&#13;\n<\/ul>&#13;\n<div class=\"Y3BBE\" data-sfc-cp=\"\" data-hveid=\"CAsQAA\">If you are injured, contact a qualified bus accident attorney for a free consultation to discuss your options.<span class=\"uJ19be notranslate\" data-wiz-attrbind=\"class=FN0Ktc_3d_R4Tih;\" data-wiz-uids=\"FN0Ktc_3d,FN0Ktc_3e\"><span class=\"vKEkVd\" data-animation-atomic=\"\">\u00a0<\/span><\/span><\/div>&#13;\n&#13;\n<h2 class=\"wp-block-heading\">Principales causas de accidentes de autobuses comerciales<\/h2>&#13;\n&#13;\n<p>SEPTA y otras compa\u00f1\u00edas de autobuses ch\u00e1rter tienen el mandato del gobierno de mantener adecuadamente e inspeccionar regularmente sus veh\u00edculos comerciales. Como resultado, los accidentes rara vez ocurren debido a piezas defectuosas o descuidadas, sino generalmente debido a la persona que maneja el veh\u00edculo. Si bien los conductores deben tener la licencia adecuada, una verificaci\u00f3n de antecedentes limpia de varios a\u00f1os y cumplir con est\u00e1ndares muy altos de conducci\u00f3n y cuidado, hay muchos factores que contribuyen a accidentes de autob\u00fas graves.  <\/p>&#13;\n&#13;\n<p>Las causas comunes de colisiones de autobuses incluyen curvas amplias, condiciones peligrosas de la carretera, conducci\u00f3n distra\u00edda, abuso de sustancias, error del conductor de veh\u00edculos de pasajeros, clima y otros actos de descuido. Si estuvo involucrado en un accidente de autob\u00fas comercial y sufri\u00f3 lesiones que han afectado negativamente su vida y capacidad para trabajar, llame al bufete de abogados J. Fine para una <a href=\"https:\/\/jfinelaw.com\/es\/consulta-gratuita-con-un-abogado-de-lesiones-personales\/\">consulta gratuita<\/a>. <\/p>&#13;\n&#13;\n<h2 class=\"wp-block-heading\">Accidentes de la ciudad y el transporte p\u00fablico<\/h2>&#13;\n&#13;\n<p>Cuando un pasajero de un autob\u00fas urbano o de transporte p\u00fablico resulta herido o muere debido a la negligencia del conductor o porque la compa\u00f1\u00eda de autobuses no mantuvo adecuadamente la embarcaci\u00f3n, la v\u00edctima puede recibir una compensaci\u00f3n de la ciudad, el gobierno o el propio conductor. Sin embargo, las leyes que rodean tales casos son extremadamente complicadas cuando un autob\u00fas es propiedad de una ciudad, estado o gobierno federal. En algunos casos, la inmunidad soberana protege al gobierno de demandas por lesiones personales.  <\/p>&#13;\n&#13;\n<p><strong>En Pensilvania<\/strong>, la Commonwealth es inmune a las demandas, pero hay algunas excepciones. Si la lesi\u00f3n del pasajero ocurre durante la operaci\u00f3n de un veh\u00edculo que est\u00e1 en posesi\u00f3n del gobierno estatal, la v\u00edctima puede demandar al estado por sus lesiones. <\/p>&#13;\n&#13;\n<p><strong>En Nueva Jersey<\/strong>, una persona puede demandar al estado si puede probar uno de los siguientes:<\/p>&#13;\n\r\n<ul class=\"wp-block-list\">&#13;\n<li>La lesi\u00f3n o muerte ocurri\u00f3 porque la propiedad estaba en una condici\u00f3n peligrosa<\/li>&#13;\n\r\n\r\n&#13;\n<li>El empleado fue negligente<\/li>&#13;\n\r\n\r\n&#13;\n<li>El estado sab\u00eda que la propiedad (autob\u00fas estatal) no era segura<\/li>&#13;\n<\/ul>\r\n&#13;\n<p><strong>En Delaware<\/strong>, la v\u00edctima o su familia pueden demandar al estado en los casos en que un veh\u00edculo motorizado est\u00e9 involucrado en la lesi\u00f3n. Debe probarse que hubo negligencia por parte del empleado o del estado que provoc\u00f3 la lesi\u00f3n. <\/p>&#13;\n<h2>Estatuto de limitaciones para reclamos por accidentes de autob\u00fas<\/h2>&#13;\n<p>Si ha estado involucrado en un accidente de autob\u00fas en Filadelfia, es importante tener en cuenta que la ventana para presentar una demanda por lesiones personales es limitada. En Pensilvania, normalmente tiene <g id=\"gid_0\">dos a\u00f1os a partir de la fecha del accidente<\/g> para presentar un reclamo contra las partes responsables. Este plazo se conoce como el estatuto de limitaciones.  <\/p>&#13;\n<p>Sin embargo, pueden aplicarse reglas diferentes si su reclamo es contra una entidad gubernamental, como SEPTA u otra agencia de transporte p\u00fablico. En los casos que involucran autobuses de propiedad de la ciudad o del estado, podr\u00edan entrar en juego requisitos de notificaci\u00f3n especiales e incluso plazos m\u00e1s cortos. No cumplir con estos plazos puede significar perder permanentemente su derecho a recuperar da\u00f1os por sus lesiones.  <\/p>&#13;\n<p>Debido a que las leyes que rodean estos reclamos pueden ser complejas y los plazos estrictos, recomendamos encarecidamente ponerse en contacto con un abogado con experiencia en lesiones personales lo antes posible despu\u00e9s de un accidente. Cuanto antes act\u00fae, mayores ser\u00e1n sus posibilidades de preservar evidencia vital y proteger sus derechos. <\/p>&#13;\n&#13;\n<h2 class=\"wp-block-heading\"><strong>Busque representaci\u00f3n legal despu\u00e9s de una colisi\u00f3n de autob\u00fas  <\/strong><\/h2>&#13;\n&#13;\n<p>Inmediatamente despu\u00e9s de un accidente de autob\u00fas, prot\u00e9jase y aseg\u00farese de poder recuperar la compensaci\u00f3n futura que se le debe buscando y contratando representaci\u00f3n legal profesional. Los abogados y las compa\u00f1\u00edas de seguros que representan a la compa\u00f1\u00eda de autobuses trabajan de inmediato para minimizar sus lesiones y negar la culpa. <\/p>&#13;\n&#13;\n<p>Con el equipo legal calificado y experimentado de J. Fine Law de su lado, recopilaremos toda la informaci\u00f3n sobre el caso, incluidas declaraciones de testigos, grabaciones de c\u00e1maras, evaluaciones de seguridad del autob\u00fas y m\u00e1s para demostrar con precisi\u00f3n qui\u00e9n es responsable de sus lesiones, gastos m\u00e9dicos y da\u00f1os. Es casi imposible luchar contra estos casos por su cuenta; proteja sus derechos legales con la representaci\u00f3n de nuestros abogados de accidentes de autob\u00fas en Filadelfia. <\/p>&#13;\n<h2>Qu\u00e9 decirle a la compa\u00f1\u00eda de seguros despu\u00e9s de un accidente de autob\u00fas<\/h2>&#13;\n<p>Despu\u00e9s de un accidente de autob\u00fas, es natural que las compa\u00f1\u00edas de seguros se comuniquen con usted, a veces incluso antes de que haya tenido un momento para recuperar el aliento. Si bien est\u00e1 obligado a notificar a su propio proveedor de seguros que ocurri\u00f3 el accidente, es crucial tener cuidado. Evite dar una declaraci\u00f3n detallada o aceptar la culpa de cualquier manera, ya que los ajustadores de seguros pueden tergiversar sus palabras para reducir o negar su reclamo.  <\/p>&#13;\n<p>Solo proporcione los hechos m\u00e1s b\u00e1sicos: hora, lugar y una breve descripci\u00f3n del incidente. Rechace cort\u00e9smente discutir sus lesiones o proporcionar detalles sobre c\u00f3mo ocurri\u00f3 el accidente hasta que haya hablado con un abogado con experiencia en accidentes de autob\u00fas de Filadelfia. Tenga en cuenta que cualquier cosa que diga o firme puede usarse en su contra y potencialmente poner en peligro su capacidad para recuperar una compensaci\u00f3n justa.  <\/p>&#13;\n<p>Deje que su equipo legal maneje m\u00e1s comunicaciones: conocen las t\u00e1cticas que utilizan las aseguradoras y proteger\u00e1n sus mejores intereses en cada paso del camino.<\/p>&#13;\n<h3>Be Wary of Insurance Settlement Offers<\/h3>&#13;\n<p>Despu\u00e9s de un accidente de autob\u00fas, es posible que las compa\u00f1\u00edas de seguros se acerquen a usted ansiosas por resolver su reclamo r\u00e1pidamente. Si bien esto puede parecer conveniente, es importante recordar que sus primeras ofertas suelen ser m\u00e1s bajas. Las compa\u00f1\u00edas de seguros a menudo intentan resolver los casos r\u00e1pidamente minimizando los pagos, centr\u00e1ndose solo en las facturas m\u00e9dicas inmediatas en lugar de la imagen completa de sus p\u00e9rdidas.  <\/p>&#13;\n<p>Estos acuerdos tempranos rara vez tienen en cuenta el tratamiento continuo, la p\u00e9rdida de salarios, el dolor a largo plazo o el impacto m\u00e1s amplio que la lesi\u00f3n puede tener en su vida diaria. Los ajustadores de seguros est\u00e1n capacitados para proteger los resultados de su empresa, no los suyos. Por eso es crucial consultar a un equipo legal experimentado antes de aceptar cualquier oferta; Juntos, podemos ayudarlo a recuperar la compensaci\u00f3n total que realmente merece.  <\/p>&#13;\n<h2>Qu\u00e9 no hacer despu\u00e9s de un accidente de autob\u00fas: Protegiendo su reclamo<\/h2>&#13;\n<p>Despu\u00e9s de un accidente de autob\u00fas, sus acciones pueden afectar significativamente su capacidad para recuperar una compensaci\u00f3n. Hay varios pasos en falso que podr\u00edan poner en peligro su reclamo: <\/p>&#13;\n<ul>&#13;\n<li><strong>Don\u2019t Post on Social Media:<\/strong> Sharing details or photos about the accident or your injuries on platforms like Facebook or Instagram can be used against you by insurance companies.<\/li>&#13;\n<li><strong>Avoid Speaking Directly With the Bus Company or Their Insurers:<\/strong> Their adjusters may be quick to contact you, but anything you say can be misconstrued or used to minimize your claim. Politely refer any calls or inquiries to your legal counsel.<\/li>&#13;\n<li><strong>Don\u2019t Make Recorded Statements:<\/strong> You are not required to provide recorded statements about the accident before consulting with an attorney.<\/li>&#13;\n<li><strong>Don\u2019t Sign Documents Without Legal Review:<\/strong> Settlement offers or waivers may forfeit your right to full compensation\u2014have a qualified attorney review any paperwork first.<\/li>&#13;\n<\/ul>&#13;\n<p>Al abstenerse de estos errores comunes y dirigir todas las comunicaciones a trav\u00e9s de su abogado, se da la mejor oportunidad de recuperar la compensaci\u00f3n que merece.<\/p>&#13;\n&#13;\n<h2 class=\"wp-block-heading\"><strong>Consulta gratuita de abogado de accidentes de autob\u00fas<\/strong><\/h2>&#13;\n&#13;\n<p>Cuando llame al bufete de abogados J. Fine para una consulta de lesiones por colisi\u00f3n de autob\u00fas, \u00a1hablar\u00e1 con un abogado! Nuestra firma ha experimentado un gran \u00e9xito durante 21 a\u00f1os representando a v\u00edctimas de demandas por lesiones personales, debido a nuestro arduo trabajo y dedicaci\u00f3n a cada caso y cada cliente. <\/p>&#13;\n&#13;\n<p>Nuestro compromiso con los derechos de nuestros clientes nos ha permitido asegurar algunos de los mejores acuerdos y adjudicaciones en PA y NJ. Si ha resultado lesionado en un accidente de <a href=\"https:\/\/www.septa.org\/\" target=\"_blank\" rel=\"noreferrer noopener\">autob\u00fas o SEPTA<\/a> , <a href=\"Tel:(888)%20913-3899\" target=\"_blank\" rel=\"noreferrer noopener\">llame al (888) 913-3899<\/a>, complete el formulario de consulta o <a href=\"tel:1-800-487-8123\" target=\"_blank\" rel=\"noreferrer noopener\">llame al 1-800-HURT-123<\/a> desde la escena para una consulta gratuita hoy por tel\u00e9fono o en nuestras oficinas en <a href=\"https:\/\/jfinelaw.com\/es\/oficina-de-abogados-de-lesiones-personales-en-filadelfia-pa\/\">Filadelfia PA,<\/a> <a href=\"https:\/\/jfinelaw.com\/es\/oficina-legal-de-lesiones-personales-en-el-condado-de-feasterville-bucks\/\" data-type=\"link\" data-id=\"https:\/\/jfinelaw.com\/feasterville-pa-law-office\/\">Feasterville PA<\/a> o <a href=\"https:\/\/jfinelaw.com\/es\/bufete-de-abogados-de-lesiones-personales-en-cherry-hill-nj\/\">Cherry Hill NJ<\/a>. <\/p>&#13;\n","protected":false},"excerpt":{"rendered":"<p>&#13; Bus Accident Lawyer Philadelphia &#13; A bus accident attorney\u00a0specializes in personal injury law to represent victims injured in bus crashes, helping them seek compensation for medical expenses, lost wages, and pain and suffering. These lawyers navigate complex claims involving negligence by bus drivers or companies, faulty bus equipment, and interactions with insurance companies and [&hellip;]<\/p>\n","protected":false},"author":4,"featured_media":4624,"parent":5705,"menu_order":0,"comment_status":"closed","ping_status":"closed","template":"","meta":{"site-sidebar-layout":"default","site-content-layout":"","ast-site-content-layout":"default","site-content-style":"default","site-sidebar-style":"default","ast-global-header-display":"","ast-banner-title-visibility":"","ast-main-header-display":"","ast-hfb-above-header-display":"","ast-hfb-below-header-display":"","ast-hfb-mobile-header-display":"","site-post-title":"","ast-breadcrumbs-content":"","ast-featured-img":"","footer-sml-layout":"","theme-transparent-header-meta":"default","adv-header-id-meta":"","stick-header-meta":"","header-above-stick-meta":"","header-main-stick-meta":"","header-below-stick-meta":"","astra-migrate-meta-layouts":"set","ast-page-background-enabled":"default","ast-page-background-meta":{"desktop":{"background-color":"var(--ast-global-color-4)","background-image":"","background-repeat":"repeat","background-position":"center center","background-size":"auto","background-attachment":"scroll","background-type":"","background-media":"","overlay-type":"","overlay-color":"","overlay-opacity":"","overlay-gradient":""},"tablet":{"background-color":"","background-image":"","background-repeat":"repeat","background-position":"center center","background-size":"auto","background-attachment":"scroll","background-type":"","background-media":"","overlay-type":"","overlay-color":"","overlay-opacity":"","overlay-gradient":""},"mobile":{"background-color":"","background-image":"","background-repeat":"repeat","background-position":"center center","background-size":"auto","background-attachment":"scroll","background-type":"","background-media":"","overlay-type":"","overlay-color":"","overlay-opacity":"","overlay-gradient":""}},"ast-content-background-meta":{"desktop":{"background-color":"var(--ast-global-color-5)","background-image":"","background-repeat":"repeat","background-position":"center center","background-size":"auto","background-attachment":"scroll","background-type":"","background-media":"","overlay-type":"","overlay-color":"","overlay-opacity":"","overlay-gradient":""},"tablet":{"background-color":"var(--ast-global-color-5)","background-image":"","background-repeat":"repeat","background-position":"center center","background-size":"auto","background-attachment":"scroll","background-type":"","background-media":"","overlay-type":"","overlay-color":"","overlay-opacity":"","overlay-gradient":""},"mobile":{"background-color":"var(--ast-global-color-5)","background-image":"","background-repeat":"repeat","background-position":"center center","background-size":"auto","background-attachment":"scroll","background-type":"","background-media":"","overlay-type":"","overlay-color":"","overlay-opacity":"","overlay-gradient":""}},"iawp_total_views":14,"footnotes":""},"class_list":["post-4945","page","type-page","status-publish","has-post-thumbnail","hentry"],"_links":{"self":[{"href":"https:\/\/jfinelaw.com\/es\/wp-json\/wp\/v2\/pages\/4945","targetHints":{"allow":["GET"]}}],"collection":[{"href":"https:\/\/jfinelaw.com\/es\/wp-json\/wp\/v2\/pages"}],"about":[{"href":"https:\/\/jfinelaw.com\/es\/wp-json\/wp\/v2\/types\/page"}],"author":[{"embeddable":true,"href":"https:\/\/jfinelaw.com\/es\/wp-json\/wp\/v2\/users\/4"}],"replies":[{"embeddable":true,"href":"https:\/\/jfinelaw.com\/es\/wp-json\/wp\/v2\/comments?post=4945"}],"version-history":[{"count":2,"href":"https:\/\/jfinelaw.com\/es\/wp-json\/wp\/v2\/pages\/4945\/revisions"}],"predecessor-version":[{"id":5763,"href":"https:\/\/jfinelaw.com\/es\/wp-json\/wp\/v2\/pages\/4945\/revisions\/5763"}],"up":[{"embeddable":true,"href":"https:\/\/jfinelaw.com\/es\/wp-json\/wp\/v2\/pages\/5705"}],"wp:featuredmedia":[{"embeddable":true,"href":"https:\/\/jfinelaw.com\/es\/wp-json\/wp\/v2\/media\/4624"}],"wp:attachment":[{"href":"https:\/\/jfinelaw.com\/es\/wp-json\/wp\/v2\/media?parent=4945"}],"curies":[{"name":"wp","href":"https:\/\/api.w.org\/{rel}","templated":true}]}}