{"id":4946,"date":"2025-03-20T18:42:23","date_gmt":"2025-03-20T18:42:23","guid":{"rendered":"https:\/\/jfinelaw.triplestarter.com\/?page_id=4626"},"modified":"2025-10-23T17:41:24","modified_gmt":"2025-10-23T17:41:24","slug":"abogados-de-accidentes-de-bicicleta-en-filadelfia","status":"publish","type":"page","link":"https:\/\/jfinelaw.com\/es\/abogado-de-lesiones-personales-en-filadelfia-pa-2\/abogados-de-accidentes-de-bicicleta-en-filadelfia\/","title":{"rendered":"Abogados de Accidentes de Bicicleta en Filadelfia"},"content":{"rendered":"\r\n<p><strong>\u00bfBusca un Abogado de Accidentes de Bicicleta en Filadelfia?<\/strong> Se han promulgado leyes en todo Estados Unidos para garantizar la protecci\u00f3n de los ciclistas en la carretera. Desafortunadamente, ocurren tragedias y los ciclistas se ven involucrados en accidentes con regularidad. Cuando estos accidentes son graves y se sufren lesiones devastadoras, necesita un bufete de abogados de lesiones personales de su lado para asegurarse de estar protegido y de recibir la compensaci\u00f3n merecida por su dolor, sufrimiento, tiempo perdido en el trabajo y recuperaci\u00f3n. <strong>J. Fine Law<\/strong> proporciona un abogado de accidentes de bicicleta con gran experiencia para representar a la v\u00edctima o a su familia, ofreciendo la mejor representaci\u00f3n y apoyo legal. Si ha sufrido alg\u00fan tipo de lesi\u00f3n debido a un accidente en bicicleta, llame a nuestros abogados dedicados al <strong>(888) 913-3899<\/strong>, complete nuestro formulario de <strong>consulta gratuita<\/strong> en nuestro sitio web o llame al <strong>1-800-HURT-123<\/strong> desde el lugar del accidente.<\/p>\r\n\r\n\r\n\r\n<h2 class=\"wp-block-heading\"><strong>Abogados de Accidentes y Lesiones de Bicicleta en Filadelfia<\/strong><\/h2>\r\n\r\n\r\n\r\n<p>Con los recientes aumentos en los precios de la gasolina y el costo de los veh\u00edculos, m\u00e1s personas est\u00e1n usando sus bicicletas para ir al trabajo, a la escuela o hacer un viaje r\u00e1pido a la tienda de comestibles. Pero, a diferencia de quienes conducen autom\u00f3viles, camionetas o camiones, los ciclistas est\u00e1n completamente expuestos y solo un casco les brinda protecci\u00f3n. Se supone que los automovilistas deben compartir la carretera y prestar mucha atenci\u00f3n a los ciclistas, pero el viaje puede volverse mortal si el conductor de un autom\u00f3vil se distrae. En J. Fine Law, nuestros abogados de accidentes de bicicleta comprenden los traumas que las v\u00edctimas deben superar; nuestro bufete de abogados estar\u00e1 all\u00ed en cada paso del camino para luchar por usted y su ser querido.<\/p>\r\n\r\n\r\n\r\n<h2 class=\"wp-block-heading\"><strong>Causas y Lesiones Comunes de Accidentes de Bicicleta<\/strong><\/h2>\r\n\r\n\r\n\r\n<p>Hay muchas razones por las que los ciclistas sufren lesiones en la carretera, ya sea por culpa de un conductor distra\u00eddo o por el estado de la propia carretera. Algunas causas comunes de lesiones de bicicleta incluyen: conductores distra\u00eddos, conductores agresivos, conductores ebrios, exceso de velocidad, saltarse sem\u00e1foros en rojo, baches, pavimento irregular y m\u00e1s. La participaci\u00f3n de un ciclista en cualquiera de estos tipos de situaciones puede causar lesiones devastadoras que alteran la vida, incluyendo discapacidades f\u00edsicas, p\u00e9rdida de extremidades, lesiones cerebrales\/de cabeza, dolor y sufrimiento, angustia emocional y m\u00e1s. Para brindar la mejor representaci\u00f3n y apoyo, trabajamos en estrecha colaboraci\u00f3n con sus m\u00e9dicos, psic\u00f3logos y planificadores de atenci\u00f3n a largo plazo para garantizar que se otorgue una compensaci\u00f3n completa y que pueda comenzar su camino hacia la curaci\u00f3n, tanto f\u00edsica como emocionalmente.<\/p>\r\n\r\n\r\n\r\n<h2 class=\"wp-block-heading\"><strong>\u00bfCu\u00e1les son las Leyes de Casco para Bicicletas en Pensilvania?<\/strong><\/h2>\r\n\r\n\r\n\r\n<p>Hay muchas reglas para andar en bicicleta en la Commonwealth de Pensilvania, pero las leyes m\u00e1s restrictivas son para los menores de 12 a\u00f1os. La ley establece que si pertenece a este grupo de edad, debe usar casco si est\u00e1 operando una bicicleta o viajando como pasajero, incluyendo un remolque adjunto o un asiento de seguridad. Si est\u00e1 interesado, puede leer la Ley de Cascos de Pensilvania completa.<\/p>\r\n\r\n\r\n\r\n<h2 class=\"wp-block-heading\"><strong>\u00bfEs Necesario Usar Casco al Andar en Bicicleta?<\/strong><\/h2>\r\n\r\n\r\n\r\n<p>La ley recomienda que todas las personas que operen una bicicleta usen casco, pero un n\u00famero alarmante de personas optan por no seguir esta recomendaci\u00f3n de seguridad. La raz\u00f3n m\u00e1s obvia para usar casco al andar en bicicleta es prevenir lesiones potencialmente fatales en caso de choque o accidente con otro veh\u00edculo. Adem\u00e1s, usar casco aumenta su visibilidad en la carretera y podr\u00eda ayudar a prevenir choques por completo. Aseg\u00farese de usar un casco del tama\u00f1o adecuado para proteger su cabeza y cerebro y prevenir da\u00f1os externos e internos.<\/p>\r\n\r\n\r\n\r\n<h2 class=\"wp-block-heading\"><strong>\u00bfQu\u00e9 Tipo de Equipo de Seguridad para Bicicletas Debo Usar?<\/strong><\/h2>\r\n\r\n\r\n\r\n<p>El Departamento de Transporte de Pensilvania ofrece una extensa lista de equipo de seguridad para bicicletas recomendado, adem\u00e1s del casco. Todos los residentes de Pensilvania que disfrutan andar en bicicleta deben invertir en el siguiente equipo de seguridad:<\/p>\r\n\r\n\r\n\r\n<ul class=\"wp-block-list\">\r\n<li>Solo compre una bicicleta que se ajuste a sus necesidades de conducci\u00f3n. En otras palabras, no compre una bicicleta de monta\u00f1a para paseos informales de fin de semana en el parque con su familia.<\/li>\r\n\r\n\r\n\r\n<li>Aseg\u00farese de que la bicicleta se ajuste a su cuerpo. Una tienda de bicicletas profesional la medir\u00e1 para asegurarse de que sea la bicicleta del tama\u00f1o\/estilo correcto para usted.<\/li>\r\n\r\n\r\n\r\n<li>\u00a1Siempre use un casco que le quede bien!<\/li>\r\n<\/ul>\r\n\r\n\r\n\r\n<h2 class=\"wp-block-heading\"><strong>Consulta Gratuita con Nuestro Abogado de Accidentes de Bicicleta para V\u00edctimas Lesionadas<\/strong><\/h2>\r\n\r\n\r\n\r\n<p>Si ha sido v\u00edctima de un accidente de bicicleta, no espere para obtener representaci\u00f3n legal de nuestro bufete de abogados de lesiones personales. Cuanto antes comencemos a revisar su caso, m\u00e1s r\u00e1pido podremos asegurarnos de que reciba el dinero para cubrir las facturas m\u00e9dicas y los salarios perdidos. Incluso si sus lesiones parecen menores en ese momento, le instamos a que acuda a la sala de emergencias y haga un seguimiento con su proveedor de atenci\u00f3n primaria. Este papeleo es vital para su demanda por lesiones personales. Se ofrecen consultas gratuitas y confidenciales en cualquiera de nuestras tres oficinas en Filadelfia PA, Feasterville PA y Cherry Hill NJ, o por tel\u00e9fono: <strong>(888) 913-3899<\/strong>.<\/p>\r\n\r\n\r\n\r\n<p>En J. Fine Law, nos especializamos en una amplia gama de casos de lesiones personales y hemos obtenido m\u00e1s de $50 millones en veredictos y acuerdos negociados a lo largo de nuestros 21 a\u00f1os de lucha por los derechos de nuestros clientes. Adem\u00e1s de las lesiones de bicicleta, estamos disponibles para accidentes automovil\u00edsticos, accidentes de motocicleta, accidentes de transporte p\u00fablico, colisiones de viajes compartidos de Uber\/Lyft, seguridad negligente y mucho m\u00e1s.<\/p>\r\n","protected":false},"excerpt":{"rendered":"<p>\u00bfBusca un Abogado de Accidentes de Bicicleta en Filadelfia? Se han promulgado leyes en todo Estados Unidos para garantizar la protecci\u00f3n de los ciclistas en la carretera. Desafortunadamente, ocurren tragedias y los ciclistas se ven involucrados en accidentes con regularidad. Cuando estos accidentes son graves y se sufren lesiones devastadoras, necesita un bufete de abogados [&hellip;]<\/p>\n","protected":false},"author":7,"featured_media":4810,"parent":5705,"menu_order":0,"comment_status":"closed","ping_status":"closed","template":"","meta":{"site-sidebar-layout":"default","site-content-layout":"","ast-site-content-layout":"default","site-content-style":"default","site-sidebar-style":"default","ast-global-header-display":"","ast-banner-title-visibility":"","ast-main-header-display":"","ast-hfb-above-header-display":"","ast-hfb-below-header-display":"","ast-hfb-mobile-header-display":"","site-post-title":"","ast-breadcrumbs-content":"","ast-featured-img":"","footer-sml-layout":"","theme-transparent-header-meta":"","adv-header-id-meta":"","stick-header-meta":"","header-above-stick-meta":"","header-main-stick-meta":"","header-below-stick-meta":"","astra-migrate-meta-layouts":"set","ast-page-background-enabled":"default","ast-page-background-meta":{"desktop":{"background-color":"var(--ast-global-color-4)","background-image":"","background-repeat":"repeat","background-position":"center center","background-size":"auto","background-attachment":"scroll","background-type":"","background-media":"","overlay-type":"","overlay-color":"","overlay-opacity":"","overlay-gradient":""},"tablet":{"background-color":"","background-image":"","background-repeat":"repeat","background-position":"center center","background-size":"auto","background-attachment":"scroll","background-type":"","background-media":"","overlay-type":"","overlay-color":"","overlay-opacity":"","overlay-gradient":""},"mobile":{"background-color":"","background-image":"","background-repeat":"repeat","background-position":"center center","background-size":"auto","background-attachment":"scroll","background-type":"","background-media":"","overlay-type":"","overlay-color":"","overlay-opacity":"","overlay-gradient":""}},"ast-content-background-meta":{"desktop":{"background-color":"var(--ast-global-color-5)","background-image":"","background-repeat":"repeat","background-position":"center center","background-size":"auto","background-attachment":"scroll","background-type":"","background-media":"","overlay-type":"","overlay-color":"","overlay-opacity":"","overlay-gradient":""},"tablet":{"background-color":"var(--ast-global-color-5)","background-image":"","background-repeat":"repeat","background-position":"center center","background-size":"auto","background-attachment":"scroll","background-type":"","background-media":"","overlay-type":"","overlay-color":"","overlay-opacity":"","overlay-gradient":""},"mobile":{"background-color":"var(--ast-global-color-5)","background-image":"","background-repeat":"repeat","background-position":"center center","background-size":"auto","background-attachment":"scroll","background-type":"","background-media":"","overlay-type":"","overlay-color":"","overlay-opacity":"","overlay-gradient":""}},"iawp_total_views":12,"footnotes":""},"class_list":["post-4946","page","type-page","status-publish","has-post-thumbnail","hentry"],"_links":{"self":[{"href":"https:\/\/jfinelaw.com\/es\/wp-json\/wp\/v2\/pages\/4946","targetHints":{"allow":["GET"]}}],"collection":[{"href":"https:\/\/jfinelaw.com\/es\/wp-json\/wp\/v2\/pages"}],"about":[{"href":"https:\/\/jfinelaw.com\/es\/wp-json\/wp\/v2\/types\/page"}],"author":[{"embeddable":true,"href":"https:\/\/jfinelaw.com\/es\/wp-json\/wp\/v2\/users\/7"}],"replies":[{"embeddable":true,"href":"https:\/\/jfinelaw.com\/es\/wp-json\/wp\/v2\/comments?post=4946"}],"version-history":[{"count":2,"href":"https:\/\/jfinelaw.com\/es\/wp-json\/wp\/v2\/pages\/4946\/revisions"}],"predecessor-version":[{"id":4964,"href":"https:\/\/jfinelaw.com\/es\/wp-json\/wp\/v2\/pages\/4946\/revisions\/4964"}],"up":[{"embeddable":true,"href":"https:\/\/jfinelaw.com\/es\/wp-json\/wp\/v2\/pages\/5705"}],"wp:featuredmedia":[{"embeddable":true,"href":"https:\/\/jfinelaw.com\/es\/wp-json\/wp\/v2\/media\/4810"}],"wp:attachment":[{"href":"https:\/\/jfinelaw.com\/es\/wp-json\/wp\/v2\/media?parent=4946"}],"curies":[{"name":"wp","href":"https:\/\/api.w.org\/{rel}","templated":true}]}}