{"id":4947,"date":"2025-03-24T18:03:41","date_gmt":"2025-03-24T18:03:41","guid":{"rendered":"https:\/\/jfinelaw.triplestarter.com\/?page_id=4629"},"modified":"2025-10-23T17:41:29","modified_gmt":"2025-10-23T17:41:29","slug":"acuerdos-de-abogados-de-accidentes-en-filadelfia","status":"publish","type":"page","link":"https:\/\/jfinelaw.com\/es\/abogado-de-lesiones-personales-en-filadelfia-pa-2\/acuerdos-de-abogados-de-accidentes-en-filadelfia\/","title":{"rendered":"Acuerdos de Abogados de Accidentes en Filadelfia"},"content":{"rendered":"\n<p>Para el equipo de abogados de accidentes y negligencia de J. Fine Law, cada cliente importa. \u00a1Ning\u00fan caso es demasiado grande o demasiado peque\u00f1o! Si ha resultado lesionado en un accidente debido a la negligencia de otra persona, nuestro equipo de abogados luchar\u00e1 para obtener la compensaci\u00f3n y el acuerdo que merece. El bufete de abogados J. Fine Law se enorgullece de tener una tasa de \u00e9xito de casos del 98%. A lo largo de nuestros 21 a\u00f1os de experiencia en juicios, hemos podido obtener m\u00e1s de $50 millones en veredictos y acuerdos negociados. Ya sea que est\u00e9 lidiando con crecientes facturas m\u00e9dicas, no pueda trabajar o experimente dolor y sufrimiento a largo plazo por cualquier tipo de accidente, llame a J. Fine Law hoy mismo para obtener representaci\u00f3n legal dedicada.<\/p>\n\n\n\n<h2 class=\"wp-block-heading\"><strong>Acuerdos para una Variedad de Casos de Lesiones Personales<\/strong> <\/h2>\n\n\n\n<p>Los acuerdos de abogados de accidentes que hemos podido obtener provienen de una amplia variedad de sucesos tr\u00e1gicos. Nos especializamos en demandas por lesiones personales negligentes que van desde accidentes automovil\u00edsticos hasta seguridad negligente, resbalones y ca\u00eddas, accidentes laborales, abuso en hogares de ancianos y m\u00e1s. Los acuerdos que podemos recuperar para nuestros clientes son cruciales para ayudarlos a pagar facturas m\u00e9dicas, gastos m\u00e9dicos a largo plazo, da\u00f1os, dolor y sufrimiento, y m\u00e1s.<\/p>\n\n\n\n<h2 class=\"wp-block-heading\"><strong>Nuestros Acuerdos de Abogados de Accidentes<\/strong> <\/h2>\n\n\n\n<p>P\u00f3ngase en contacto con J. Fine Law para obtener asistencia legal superior para todos los acuerdos de su caso de lesiones personales desde Filadelfia hasta el condado de Erie, PA, as\u00ed como en todo Nueva Jersey. Nuestros abogados dedicados y con experiencia luchar\u00e1n para obtener el acuerdo y la compensaci\u00f3n que merece. A continuaci\u00f3n, hemos enumerado solo algunas muestras de nuestros acuerdos pasados, que incluyen:<\/p>\n\n\n\n<ul class=\"wp-block-list\">\n<li>Acuerdo de $900,000: Resbal\u00f3n y ca\u00edda contra un hospital importante.<\/li>\n\n\n\n<li>Acuerdo de $500,000: Accidente automovil\u00edstico sin cirug\u00eda ni hospitalizaci\u00f3n.<\/li>\n\n\n\n<li>Acuerdo de $500,000: Seguridad negligente en el condado de Butler, PA.<\/li>\n\n\n\n<li>Veredicto del jurado de $400,000: Accidente automovil\u00edstico sin oferta en el condado federal.<\/li>\n\n\n\n<li>Acuerdo de $300,000: Peat\u00f3n atropellado por veh\u00edculo motorizado \u2013 condado de Delaware.<\/li>\n\n\n\n<li>Acuerdo de $300,000: Seguridad negligente donde el demandante fue apu\u00f1alado en un club nocturno.<\/li>\n\n\n\n<li>Laudo de $280,000: Resbal\u00f3n y ca\u00edda en un estacionamiento helado en un negocio \u2013 condado de Montgomery.<\/li>\n\n\n\n<li>Acuerdo de $200,000: Resbal\u00f3n y ca\u00edda en una gran tienda de cajas.<\/li>\n\n\n\n<li>Acuerdo de $185,000: Resbal\u00f3n y ca\u00edda contra el propietario de una vivienda por acera irregular.<\/li>\n\n\n\n<li>Acuerdo de $185,000: Resbal\u00f3n y ca\u00edda contra el propietario de una vivienda en la ciudad de Filadelfia por acera irregular.<\/li>\n\n\n\n<li>Acuerdo de $180,000: Resbal\u00f3n y ca\u00edda contra la ciudad de Filadelfia.<\/li>\n\n\n\n<li>Veredicto de $180,000: Accidente automovil\u00edstico con menos de 15 fechas de tratamiento y sin hospitalizaci\u00f3n ni procedimientos.<\/li>\n<\/ul>\n\n\n\n<p>Los abogados de lesiones personales de J. Fine Law han mantenido el \u00e9xito durante los \u00faltimos 25 a\u00f1os, debido al arduo trabajo y la dedicaci\u00f3n que brindamos a cada uno de nuestros clientes. Nuestro compromiso con la excelencia ha permitido que nuestro bufete de abogados obtenga algunos de los acuerdos y laudos m\u00e1s importantes en Pensilvania y Nueva Jersey. Se ofrecen consultas gratuitas y confidenciales para todos los casos que cubrimos, incluidos accidentes automovil\u00edsticos, accidentes de viajes compartidos, lesiones laborales, hogares de ancianos, casos de resbalones y ca\u00eddas, accidentes de bicicleta y mucho m\u00e1s. Llame al <strong>(888) 913-3899<\/strong>, o desde el lugar del incidente al <strong>1-800-HURT-123<\/strong>, o complete el formulario en esta p\u00e1gina web para hablar con un abogado sobre sus derechos y representaci\u00f3n legal. Jason promete que contestar\u00e1 el tel\u00e9fono \u00e9l mismo o le devolver\u00e1 la llamada de inmediato.<\/p>\n","protected":false},"excerpt":{"rendered":"<p>Para el equipo de abogados de accidentes y negligencia de J. Fine Law, cada cliente importa. \u00a1Ning\u00fan caso es demasiado grande o demasiado peque\u00f1o! Si ha resultado lesionado en un accidente debido a la negligencia de otra persona, nuestro equipo de abogados luchar\u00e1 para obtener la compensaci\u00f3n y el acuerdo que merece. El bufete de [&hellip;]<\/p>\n","protected":false},"author":7,"featured_media":4631,"parent":5705,"menu_order":0,"comment_status":"closed","ping_status":"closed","template":"","meta":{"site-sidebar-layout":"default","site-content-layout":"","ast-site-content-layout":"default","site-content-style":"default","site-sidebar-style":"default","ast-global-header-display":"","ast-banner-title-visibility":"","ast-main-header-display":"","ast-hfb-above-header-display":"","ast-hfb-below-header-display":"","ast-hfb-mobile-header-display":"","site-post-title":"","ast-breadcrumbs-content":"","ast-featured-img":"","footer-sml-layout":"","theme-transparent-header-meta":"","adv-header-id-meta":"","stick-header-meta":"","header-above-stick-meta":"","header-main-stick-meta":"","header-below-stick-meta":"","astra-migrate-meta-layouts":"set","ast-page-background-enabled":"default","ast-page-background-meta":{"desktop":{"background-color":"var(--ast-global-color-4)","background-image":"","background-repeat":"repeat","background-position":"center center","background-size":"auto","background-attachment":"scroll","background-type":"","background-media":"","overlay-type":"","overlay-color":"","overlay-opacity":"","overlay-gradient":""},"tablet":{"background-color":"","background-image":"","background-repeat":"repeat","background-position":"center center","background-size":"auto","background-attachment":"scroll","background-type":"","background-media":"","overlay-type":"","overlay-color":"","overlay-opacity":"","overlay-gradient":""},"mobile":{"background-color":"","background-image":"","background-repeat":"repeat","background-position":"center center","background-size":"auto","background-attachment":"scroll","background-type":"","background-media":"","overlay-type":"","overlay-color":"","overlay-opacity":"","overlay-gradient":""}},"ast-content-background-meta":{"desktop":{"background-color":"var(--ast-global-color-5)","background-image":"","background-repeat":"repeat","background-position":"center center","background-size":"auto","background-attachment":"scroll","background-type":"","background-media":"","overlay-type":"","overlay-color":"","overlay-opacity":"","overlay-gradient":""},"tablet":{"background-color":"var(--ast-global-color-5)","background-image":"","background-repeat":"repeat","background-position":"center center","background-size":"auto","background-attachment":"scroll","background-type":"","background-media":"","overlay-type":"","overlay-color":"","overlay-opacity":"","overlay-gradient":""},"mobile":{"background-color":"var(--ast-global-color-5)","background-image":"","background-repeat":"repeat","background-position":"center center","background-size":"auto","background-attachment":"scroll","background-type":"","background-media":"","overlay-type":"","overlay-color":"","overlay-opacity":"","overlay-gradient":""}},"iawp_total_views":11,"footnotes":""},"class_list":["post-4947","page","type-page","status-publish","has-post-thumbnail","hentry"],"_links":{"self":[{"href":"https:\/\/jfinelaw.com\/es\/wp-json\/wp\/v2\/pages\/4947","targetHints":{"allow":["GET"]}}],"collection":[{"href":"https:\/\/jfinelaw.com\/es\/wp-json\/wp\/v2\/pages"}],"about":[{"href":"https:\/\/jfinelaw.com\/es\/wp-json\/wp\/v2\/types\/page"}],"author":[{"embeddable":true,"href":"https:\/\/jfinelaw.com\/es\/wp-json\/wp\/v2\/users\/7"}],"replies":[{"embeddable":true,"href":"https:\/\/jfinelaw.com\/es\/wp-json\/wp\/v2\/comments?post=4947"}],"version-history":[{"count":1,"href":"https:\/\/jfinelaw.com\/es\/wp-json\/wp\/v2\/pages\/4947\/revisions"}],"predecessor-version":[{"id":4968,"href":"https:\/\/jfinelaw.com\/es\/wp-json\/wp\/v2\/pages\/4947\/revisions\/4968"}],"up":[{"embeddable":true,"href":"https:\/\/jfinelaw.com\/es\/wp-json\/wp\/v2\/pages\/5705"}],"wp:featuredmedia":[{"embeddable":true,"href":"https:\/\/jfinelaw.com\/es\/wp-json\/"}],"wp:attachment":[{"href":"https:\/\/jfinelaw.com\/es\/wp-json\/wp\/v2\/media?parent=4947"}],"curies":[{"name":"wp","href":"https:\/\/api.w.org\/{rel}","templated":true}]}}