{"id":4948,"date":"2025-03-20T18:37:00","date_gmt":"2025-03-20T18:37:00","guid":{"rendered":"https:\/\/jfinelaw.triplestarter.com\/?page_id=4636"},"modified":"2025-10-23T17:41:23","modified_gmt":"2025-10-23T17:41:23","slug":"abogados-de-accidentes-automovilisticos-en-filadelfia","status":"publish","type":"page","link":"https:\/\/jfinelaw.com\/es\/abogado-de-lesiones-personales-en-filadelfia-pa-2\/abogados-de-accidentes-automovilisticos-en-filadelfia\/","title":{"rendered":"Abogados de Accidentes Automovil\u00edsticos en Filadelfia"},"content":{"rendered":"\n<p>Si usted o un ser querido ha estado involucrado y ha resultado lesionado en un accidente automovil\u00edstico, necesita un equipo de abogados de lesiones personales en el que pueda confiar. Es importante contratar un bufete de abogados con experiencia que luche por sus derechos y toda la compensaci\u00f3n debida como v\u00edctima. Los abogados de accidentes automovil\u00edsticos por lesiones personales de J. Fine Law tienen m\u00e1s de 18 a\u00f1os de experiencia en juicios por accidentes automovil\u00edsticos, accidentes de autob\u00fas y accidentes de viajes compartidos. Sabemos c\u00f3mo enfrentarnos a las grandes corporaciones y compa\u00f1\u00edas de seguros y obtener la compensaci\u00f3n que merece por sus lesiones, dolor y sufrimiento, da\u00f1os y m\u00e1s. \u00a1Llame hoy mismo a nuestros abogados de accidentes automovil\u00edsticos al <strong>1-800-HURT-123<\/strong> para una consulta gratuita con uno de nuestros abogados con sede en Filadelfia!<\/p>\n\n\n\n<h2 class=\"wp-block-heading\"><strong>Pasos a Seguir Despu\u00e9s de un Accidente Automovil\u00edstico<\/strong> <\/h2>\n\n\n\n<p>Un accidente automovil\u00edstico o de autob\u00fas es un evento aterrador y traum\u00e1tico para cualquiera. Es importante mantener la calma y tomar las medidas necesarias para asegurarse de poder recuperar la compensaci\u00f3n futura que se le debe. Despu\u00e9s de evaluarse a usted mismo y a todas las partes involucradas para detectar lesiones graves, siga estos pasos cruciales.<\/p>\n\n\n\n<ul class=\"wp-block-list\">\n<li><strong>Busque un Lugar Seguro:<\/strong> Mueva su autom\u00f3vil fuera de la carretera para evitar m\u00e1s da\u00f1os; sin embargo, si su autom\u00f3vil no funciona, d\u00e9jelo donde est\u00e1. Inmediatamente al\u00e9jese al menos 15 metros (50 pies) de la escena del accidente, m\u00e1s si su autom\u00f3vil todav\u00eda est\u00e1 en la carretera. Es posible que otros conductores no vean la colisi\u00f3n y choquen contra la escena.<\/li>\n\n\n\n<li><strong>Llame a la Polic\u00eda:<\/strong> La polic\u00eda de Filadelfia y otros condados han promulgado leyes para que no siempre acudan a todos los accidentes. Por lo tanto, a menos que haya lesiones \u00absignificativas\u00bb y\/o los autom\u00f3viles no funcionen, la polic\u00eda no siempre acudir\u00e1. Si no acuden o le dicen cuando llama que no van a acudir, aseg\u00farese de hacer lo siguiente:\n<ul class=\"wp-block-list\">\n<li>Tome fotograf\u00edas de todo lo que sea posible.<\/li>\n\n\n\n<li>Obtenga la licencia de conducir y la tarjeta de seguro del otro conductor.<\/li>\n\n\n\n<li>Obtenga su matr\u00edcula. Si la polic\u00eda llega a la escena, p\u00eddales que redacten y presenten un informe. Este documento ser\u00e1 crucial para nuestro caso, ya que contendr\u00e1 informaci\u00f3n como las condiciones del tr\u00e1fico y del clima. Si es posible, obtenga el n\u00famero del informe policial.<\/li>\n<\/ul>\n<\/li>\n\n\n\n<li><strong>No Admita Culpa:<\/strong> Incluso si cree que es responsable, no se disculpe ni admita culpa ante el otro conductor o la polic\u00eda. Las disculpas se interpretar\u00e1n como una admisi\u00f3n de culpabilidad y se utilizar\u00e1n en su contra m\u00e1s adelante como una raz\u00f3n para negar la responsabilidad de la compensaci\u00f3n debida.<\/li>\n\n\n\n<li><strong>Reciba Atenci\u00f3n M\u00e9dica:<\/strong> Si la polic\u00eda no le pregunta si desea atenci\u00f3n m\u00e9dica, acuda a su propio m\u00e9dico o a un hospital inmediatamente despu\u00e9s de que se haya despejado la escena.<\/li>\n\n\n\n<li><strong>Reenv\u00ede Todas las Llamadas a su Abogado:<\/strong> Debe informar el accidente a su compa\u00f1\u00eda de seguros, pero no les brinde m\u00e1s informaci\u00f3n de la necesaria al momento de la llamada. Una vez que se haya informado, dirija toda la comunicaci\u00f3n a nuestro bufete de abogados de accidentes automovil\u00edsticos. Sabemos exactamente c\u00f3mo hablar y trabajar con las compa\u00f1\u00edas de seguros.<\/li>\n<\/ul>\n\n\n\n<h2 class=\"wp-block-heading\"><strong>C\u00f3mo Pueden Ayudar Nuestros Abogados de Lesiones por Accidentes Automovil\u00edsticos<\/strong> <\/h2>\n\n\n\n<p>Un accidente automovil\u00edstico en el que se producen lesiones graves cambia la vida y es estresante para usted y sus seres queridos. Permita que nuestro experimentado equipo legal maneje esta complicada situaci\u00f3n en su nombre. Nos encargaremos de la polic\u00eda, las compa\u00f1\u00edas de seguros, las facturas m\u00e9dicas y todo el papeleo para que usted pueda concentrarse en su salud. Es trabajo de la compa\u00f1\u00eda de seguros de la otra parte hacer todo lo posible para evitar la responsabilidad y las reparaciones por sus lesiones o p\u00e9rdida de salario. Nuestro trabajo es defender sus derechos y luchar por un acuerdo que cubra todos los costos de sus facturas m\u00e9dicas, salarios perdidos, gastos m\u00e9dicos futuros y da\u00f1os. A lo largo de nuestros 18 a\u00f1os de lucha por los derechos de las v\u00edctimas de lesiones personales, nuestro bufete de abogados ha obtenido m\u00e1s de $50 millones en veredictos y acuerdos. No intente luchar solo contra las compa\u00f1\u00edas de seguros, son corporaciones poderosas con recursos ilimitados. \u00a1Llame hoy mismo a J. Fine Law para una consulta gratuita!<\/p>\n\n\n\n<h2 class=\"wp-block-heading\"><strong>Consulta Gratuita con un Abogado de Accidentes Automovil\u00edsticos<\/strong> <\/h2>\n\n\n\n<p>Incluso si ninguna de las partes involucradas en el accidente automovil\u00edstico tiene seguro, es posible que a\u00fan podamos obtener una compensaci\u00f3n por lesiones y da\u00f1os. Nuestros abogados trabajan arduamente, se dedican a cada cliente y dedican el tiempo necesario para garantizar que se le otorgue la m\u00e1xima compensaci\u00f3n. Se ofrecen consultas gratuitas en nuestras oficinas en Filadelfia PA, Feasterville PA y Cherry Hill, NJ. \u00a1Llame al <strong>(888) 913-3899<\/strong> o complete el formulario en esta p\u00e1gina web, o desde el lugar del accidente, llame al <strong>1-800-HURT-123<\/strong> para analizar su caso con uno de nuestros abogados de accidentes automovil\u00edsticos hoy mismo! Oficinas en Filadelfia, Nueva Jersey y Feasterville.<\/p>\n","protected":false},"excerpt":{"rendered":"<p>Si usted o un ser querido ha estado involucrado y ha resultado lesionado en un accidente automovil\u00edstico, necesita un equipo de abogados de lesiones personales en el que pueda confiar. Es importante contratar un bufete de abogados con experiencia que luche por sus derechos y toda la compensaci\u00f3n debida como v\u00edctima. Los abogados de accidentes [&hellip;]<\/p>\n","protected":false},"author":7,"featured_media":4637,"parent":5705,"menu_order":0,"comment_status":"closed","ping_status":"closed","template":"","meta":{"site-sidebar-layout":"default","site-content-layout":"","ast-site-content-layout":"default","site-content-style":"default","site-sidebar-style":"default","ast-global-header-display":"","ast-banner-title-visibility":"","ast-main-header-display":"","ast-hfb-above-header-display":"","ast-hfb-below-header-display":"","ast-hfb-mobile-header-display":"","site-post-title":"","ast-breadcrumbs-content":"","ast-featured-img":"","footer-sml-layout":"","theme-transparent-header-meta":"","adv-header-id-meta":"","stick-header-meta":"","header-above-stick-meta":"","header-main-stick-meta":"","header-below-stick-meta":"","astra-migrate-meta-layouts":"set","ast-page-background-enabled":"default","ast-page-background-meta":{"desktop":{"background-color":"var(--ast-global-color-4)","background-image":"","background-repeat":"repeat","background-position":"center center","background-size":"auto","background-attachment":"scroll","background-type":"","background-media":"","overlay-type":"","overlay-color":"","overlay-opacity":"","overlay-gradient":""},"tablet":{"background-color":"","background-image":"","background-repeat":"repeat","background-position":"center center","background-size":"auto","background-attachment":"scroll","background-type":"","background-media":"","overlay-type":"","overlay-color":"","overlay-opacity":"","overlay-gradient":""},"mobile":{"background-color":"","background-image":"","background-repeat":"repeat","background-position":"center center","background-size":"auto","background-attachment":"scroll","background-type":"","background-media":"","overlay-type":"","overlay-color":"","overlay-opacity":"","overlay-gradient":""}},"ast-content-background-meta":{"desktop":{"background-color":"var(--ast-global-color-5)","background-image":"","background-repeat":"repeat","background-position":"center center","background-size":"auto","background-attachment":"scroll","background-type":"","background-media":"","overlay-type":"","overlay-color":"","overlay-opacity":"","overlay-gradient":""},"tablet":{"background-color":"var(--ast-global-color-5)","background-image":"","background-repeat":"repeat","background-position":"center center","background-size":"auto","background-attachment":"scroll","background-type":"","background-media":"","overlay-type":"","overlay-color":"","overlay-opacity":"","overlay-gradient":""},"mobile":{"background-color":"var(--ast-global-color-5)","background-image":"","background-repeat":"repeat","background-position":"center center","background-size":"auto","background-attachment":"scroll","background-type":"","background-media":"","overlay-type":"","overlay-color":"","overlay-opacity":"","overlay-gradient":""}},"iawp_total_views":21,"footnotes":""},"class_list":["post-4948","page","type-page","status-publish","has-post-thumbnail","hentry"],"_links":{"self":[{"href":"https:\/\/jfinelaw.com\/es\/wp-json\/wp\/v2\/pages\/4948","targetHints":{"allow":["GET"]}}],"collection":[{"href":"https:\/\/jfinelaw.com\/es\/wp-json\/wp\/v2\/pages"}],"about":[{"href":"https:\/\/jfinelaw.com\/es\/wp-json\/wp\/v2\/types\/page"}],"author":[{"embeddable":true,"href":"https:\/\/jfinelaw.com\/es\/wp-json\/wp\/v2\/users\/7"}],"replies":[{"embeddable":true,"href":"https:\/\/jfinelaw.com\/es\/wp-json\/wp\/v2\/comments?post=4948"}],"version-history":[{"count":1,"href":"https:\/\/jfinelaw.com\/es\/wp-json\/wp\/v2\/pages\/4948\/revisions"}],"predecessor-version":[{"id":4965,"href":"https:\/\/jfinelaw.com\/es\/wp-json\/wp\/v2\/pages\/4948\/revisions\/4965"}],"up":[{"embeddable":true,"href":"https:\/\/jfinelaw.com\/es\/wp-json\/wp\/v2\/pages\/5705"}],"wp:featuredmedia":[{"embeddable":true,"href":"https:\/\/jfinelaw.com\/es\/wp-json\/"}],"wp:attachment":[{"href":"https:\/\/jfinelaw.com\/es\/wp-json\/wp\/v2\/media?parent=4948"}],"curies":[{"name":"wp","href":"https:\/\/api.w.org\/{rel}","templated":true}]}}