{"id":4976,"date":"2025-03-20T18:45:16","date_gmt":"2025-03-20T18:45:16","guid":{"rendered":"https:\/\/jfinelaw.com\/abogado-de-seguridad-negligente-en-filadelfia\/"},"modified":"2025-10-23T17:41:25","modified_gmt":"2025-10-23T17:41:25","slug":"abogado-de-seguridad-negligente-en-filadelfia","status":"publish","type":"page","link":"https:\/\/jfinelaw.com\/es\/abogado-de-lesiones-personales-en-filadelfia-pa-2\/abogado-de-seguridad-negligente-en-filadelfia\/","title":{"rendered":"Abogado de Seguridad Negligente en Filadelfia"},"content":{"rendered":"\r\n<p>Rara vez los due\u00f1os de negocios son responsables de las actividades criminales o violentas que tienen lugar en su propiedad. Sin embargo, seg\u00fan lo exigen las leyes de Pensilvania y Nueva Jersey, los propietarios tienen la obligaci\u00f3n de proporcionar precauciones y procedimientos de seguridad razonables para sus clientes e invitados. Si ha sido v\u00edctima de un delito violento en la propiedad de otra persona como resultado de una seguridad inadecuada, necesita una representaci\u00f3n legal con experiencia que lo ayude a luchar contra este caso complejo. J. Fine Law cuenta con un equipo de abogados de lesiones personales y negligencia en seguridad con m\u00e1s de 25 a\u00f1os de experiencia en juicios exitosos en tales casos. Estamos comprometidos con los derechos de las v\u00edctimas que han sufrido lesiones y da\u00f1os y luchamos para obtener la compensaci\u00f3n que se merece. Para una consulta gratuita y confidencial sobre una demanda por negligencia en la seguridad, llame a nuestro bufete de abogados al <a href=\"tel:1-800-487-8123\" target=\"_blank\" rel=\"noreferrer noopener\">1-800-HURT-123<\/a>. J. Fine Law tiene tres oficinas para atender a clientes en Filadelfia, Pensilvania, Feasterville, Pensilvania y Cherry Hill, Nueva Jersey.<\/p>\r\n\r\n\r\n\r\n<h2 class=\"wp-block-heading\"><strong>\u00bfQu\u00e9 es la seguridad negligente?<\/strong><\/h2>\r\n\r\n\r\n\r\n<p>La seguridad negligente, tambi\u00e9n conocida como seguridad inadecuada, cae bajo el paraguas de la responsabilidad de las instalaciones. Seg\u00fan esta ley, los propietarios est\u00e1n obligados a mantener un local seguro y protegido. Tambi\u00e9n tienen el mandato de tomar medidas preventivas contra peligros previsibles antes de que se conviertan en un peligro para los clientes. Este tipo de casos son muy complejos y requieren un equipo de abogados especializados en lesiones personales dispuestos a dedicar el tiempo y los recursos para ganar su caso y otorgarle la compensaci\u00f3n que se merece. En J. Fine Law, es nuestro trabajo como abogados de seguridad negligente en Filadelfia identificar a la parte responsable, que puede incluir varias posibilidades, como propietarios, personal de seguridad de terceros, organizadores de eventos y m\u00e1s. Una vez que se haya determinado la parte responsable, nuestros abogados luchar\u00e1n por una compensaci\u00f3n elegible, incluidos los gastos m\u00e9dicos, la p\u00e9rdida de ingresos, el trauma emocional e incluso la muerte por negligencia.<\/p>\r\n\r\n\r\n\r\n<h2 class=\"wp-block-heading\"><strong>Ejemplos y causas comunes de seguridad negligente<\/strong><\/h2>\r\n\r\n\r\n\r\n<p>La seguridad negligente y la responsabilidad de las instalaciones incluyen tanto los delitos no violentos como los cr\u00edmenes. Ejemplos comunes de una demanda de seguridad negligente incluyen transe\u00fantes inocentes heridos en una pelea en un bar, un tiroteo fuera de un restaurante, agresi\u00f3n sexual en un complejo de apartamentos, delitos de robo y muchos m\u00e1s. Estos cr\u00edmenes atroces ocurren cuando el due\u00f1o de una propiedad no cuenta con la seguridad adecuada o no toma medidas preventivas. La seguridad negligente generalmente ocurre como resultado de:<\/p>\r\n\r\n\r\n\r\n<ol class=\"wp-block-list\">\r\n<li>Equipos rotos o que funcionan mal, incluidas luces, cerraduras, sistemas de alarma y puertas. El due\u00f1o de una propiedad es responsable de la inspecci\u00f3n y el mantenimiento de todo el equipo de seguridad.<\/li>\r\n\r\n\r\n\r\n<li>No tomar precauciones contra futuros incidentes despu\u00e9s de que se haya presentado una denuncia penal en la propiedad.<\/li>\r\n\r\n\r\n\r\n<li>Falta de seguridad, incluida la mala iluminaci\u00f3n, y la falta de sistema de alarma o cerraduras, lo que podr\u00eda haber evitado que los delincuentes actuaran violentamente en la propiedad.<\/li>\r\n\r\n\r\n\r\n<li>Capacitaci\u00f3n inadecuada de seguridad que se contrat\u00f3 para mantener seguros a los clientes durante un evento.<\/li>\r\n<\/ol>\r\n\r\n\r\n\r\n<h2 class=\"wp-block-heading\"><strong>\u00bfC\u00f3mo puede ayudar un abogado de lesiones personales a una v\u00edctima de un ataque?<\/strong><\/h2>\r\n\r\n\r\n\r\n<p>Trabajar con un abogado de lesiones personales despu\u00e9s de un ataque es una excelente manera de protegerse de la responsabilidad mientras busca una compensaci\u00f3n. Un abogado de lesiones personales puede ayudar proporcionando:<\/p>\r\n\r\n\r\n\r\n<p><strong>Evaluaci\u00f3n del caso:<\/strong> El abogado evaluar\u00e1 los hechos y circunstancias que rodearon el incidente. Evaluar\u00e1n el deber de cuidado del due\u00f1o de la propiedad, si incumpli\u00f3 ese deber y si el incumplimiento caus\u00f3 directamente las lesiones o da\u00f1os sufridos por el individuo. Esta evaluaci\u00f3n ayuda a determinar la solidez del caso y las posibles estrategias legales.<\/p>\r\n\r\n\r\n\r\n<p><strong>Recopilaci\u00f3n de pruebas:<\/strong> Un abogado reunir\u00e1 y conservar\u00e1 pruebas cruciales para respaldar el reclamo. Esto puede implicar la obtenci\u00f3n de im\u00e1genes de vigilancia, declaraciones de testigos, informes policiales, registros de incidentes y cualquier otra documentaci\u00f3n relevante o evidencia f\u00edsica que demuestre la negligencia del due\u00f1o de la propiedad.<\/p>\r\n\r\n\r\n\r\n<p><strong>Determinaci\u00f3n de la responsabilidad:<\/strong> El abogado trabajar\u00e1 para establecer que el due\u00f1o de la propiedad tiene el deber de proporcionar medidas de seguridad adecuadas, como iluminaci\u00f3n adecuada, personal de seguridad, sistemas de vigilancia o cercas, seg\u00fan las circunstancias. Demostrar\u00e1n que el propietario no cumpli\u00f3 con este deber y que esta negligencia caus\u00f3 o contribuy\u00f3 directamente a las lesiones o da\u00f1os sufridos.<\/p>\r\n\r\n\r\n\r\n<p><strong>Negociaci\u00f3n con las compa\u00f1\u00edas de seguros:<\/strong> Si el reclamo de seguridad negligente involucra cobertura de seguro, el abogado puede manejar la comunicaci\u00f3n y la negociaci\u00f3n con las compa\u00f1\u00edas de seguros en nombre de la parte lesionada. Las compa\u00f1\u00edas de seguros a menudo intentan minimizar los pagos, y tener un <a href=\"https:\/\/maps.app.goo.gl\/bZbnKdL5khXTcz2m9\" target=\"_blank\" rel=\"noopener\">abogado de seguridad negligente en Filadeldia<\/a> calificado que defienda sus derechos puede ayudar a garantizar una compensaci\u00f3n justa.<\/p>\r\n<h2><strong>\u00bfC\u00f3mo se puede probar una reclamaci\u00f3n de seguridad negligente?<\/strong><\/h2>\r\n<p>Probar un reclamo de seguridad negligente no es una tarea f\u00e1cil, requiere una investigaci\u00f3n exhaustiva y un enfoque estrat\u00e9gico. Para tener \u00e9xito, se deben establecer los siguientes elementos:<\/p>\r\n<ul>\r\n<li><strong>Duty of Care:<\/strong> You must show that the property owner, manager, or responsible party had a legal obligation to provide a reasonably safe environment for guests, tenants, or visitors.<\/li>\r\n<li><strong>Breach of Duty:<\/strong> It\u2019s necessary to demonstrate that this duty was breached\u2014for example, by failing to repair broken locks, ignoring prior security incidents, skipping routine patrols, or overlooking poor lighting in parking lots.<\/li>\r\n<li><strong>Causation:<\/strong> There must be a clear link between the lack of adequate security and the incident that caused your injuries. In other words, but for the owner\u2019s negligence, the harm might not have occurred.<\/li>\r\n<li><strong>Damages:<\/strong> Finally, you need proof of actual damages suffered\u2014medical bills, lost wages, pain, and emotional distress are all commonly claimed.<\/li>\r\n<\/ul>\r\n<p>Construir un caso s\u00f3lido a menudo implica recopilar una amplia documentaci\u00f3n y testimonios de expertos, tales como:<\/p>\r\n<ul>\r\n<li>Surveillance footage or security camera recordings<\/li>\r\n<li>Eyewitness or bystander statements<\/li>\r\n<li>Police or incident reports<\/li>\r\n<li>Maintenance logs showing neglect of security equipment<\/li>\r\n<li>Testimony from security experts or law enforcement<\/li>\r\n<\/ul>\r\n<p>Nuestro experimentado equipo de J. Fine Law no es ajeno a trabajar con investigadores, testigos expertos y especialistas forenses. Trabajamos agresivamente para conectar los puntos y presentar pruebas claras y convincentes, asegurando que los propietarios negligentes rindan cuentas.<\/p>\r\n\r\n\r\n\r\n<p><strong>B\u00fasqueda de compensaci\u00f3n:<\/strong> Los abogados de lesiones personales tienen experiencia en el c\u00e1lculo de los da\u00f1os sufridos por la v\u00edctima, que pueden incluir gastos m\u00e9dicos, salarios perdidos, dolor y sufrimiento, angustia emocional y otras p\u00e9rdidas relacionadas. Trabajar\u00e1n para buscar la m\u00e1xima compensaci\u00f3n, ya sea a trav\u00e9s de negociaciones de acuerdo o litigando el caso en los tribunales si es necesario.<\/p>\r\n\r\n\r\n\r\n<p><strong>Representaci\u00f3n judicial:<\/strong> Si el caso llega a los tribunales, el abogado de lesiones personales proporcionar\u00e1 representaci\u00f3n legal y presentar\u00e1 un argumento convincente en nombre de la parte lesionada. Utilizar\u00e1n su experiencia en la sala del tribunal y sus habilidades de defensa para buscar un veredicto o acuerdo favorable.<\/p>\r\n\r\n\r\n\r\n<p>Recuerde, cada caso es \u00fanico y los resultados pueden variar seg\u00fan los hechos espec\u00edficos y la jurisdicci\u00f3n involucrada. Consultar con uno de nuestros abogados de lesiones personales le brindar\u00e1 asesoramiento y orientaci\u00f3n personalizados basados en su situaci\u00f3n para garantizar que sus derechos est\u00e9n protegidos y que su caso se maneje de manera efectiva.<\/p>\r\n<p><strong>C\u00e1maras de seguridad rotas como seguridad negligente<\/strong><\/p>\r\n<p>Cuando las c\u00e1maras de seguridad de una propiedad no funcionan correctamente, se crea una brecha cr\u00edtica en el monitoreo y la disuasi\u00f3n de la actividad delictiva. La responsabilidad del propietario de un negocio incluye garantizar que todas las medidas de seguridad, como los sistemas de vigilancia, est\u00e9n en pleno funcionamiento. Si las c\u00e1maras se rompen o no se reparan, se env\u00eda una se\u00f1al a los posibles delincuentes de que la propiedad no est\u00e1 siendo vigilada, lo que aumenta la probabilidad de comportamiento ilegal. En el caso de un incidente, el mal funcionamiento de las c\u00e1maras tambi\u00e9n significa que no hay im\u00e1genes valiosas para ayudar a identificar a los sospechosos o respaldar el reclamo de la v\u00edctima. Esta falta de mantenimiento y supervisi\u00f3n adecuados cae directamente bajo la negligencia de seguridad, exponiendo a los propietarios a la responsabilidad si alguien resulta herido como resultado.<\/p>\r\n<h3><strong>What Must Be Proven in a Negligent Security Case?<\/strong><\/h3>\r\n<p>Para tener \u00e9xito en un reclamo de seguridad negligente, su equipo legal debe mostrar una cadena clara de responsabilidad. Por lo general, esto implica probar varios puntos clave:<\/p>\r\n<ul>\r\n<li><strong>Duty of Care:<\/strong> First, it must be established that the property owner or party responsible for the premises owed you a legal duty to keep the area reasonably safe.<\/li>\r\n<li><strong>Breach of Duty:<\/strong> Next, evidence must demonstrate that this duty was neglected\u2014such as by failing to fix broken locks, neglecting proper lighting, or ignoring prior incidents.<\/li>\r\n<li><strong>Causation:<\/strong> It must then be shown that this lapse in security directly led to the incident and your injuries. In other words, had the proper precautions been in place, the harm could have been prevented.<\/li>\r\n<li><strong>Damages:<\/strong> Finally, you\u2019ll need to prove the actual damages you sustained\u2014whether physical injuries, emotional trauma, financial losses, or all of the above.<\/li>\r\n<\/ul>\r\n<p>Un fuerte reclamo por negligencia de seguridad conecta cada uno de estos puntos con evidencia real, lo que ayuda a establecer no solo la culpa, sino tambi\u00e9n su derecho a buscar una compensaci\u00f3n por lo que ha sufrido.<\/p>\r\n<h2>Pasos para Presentar un Reclamo de Seguridad Negligente<\/h2>\r\n<p>La presentaci\u00f3n de un reclamo de seguridad negligente implica una serie de pasos dise\u00f1ados para establecer la responsabilidad del due\u00f1o de la propiedad y buscar una compensaci\u00f3n justa. A continuaci\u00f3n, te explicamos c\u00f3mo puedes empezar:<\/p>\r\n<p><strong>1. Documente el incidente:<\/strong><br \/>Inmediatamente despu\u00e9s del evento, re\u00fana la mayor cantidad de evidencia posible. Esto incluye tomar fotograf\u00edas, recopilar informaci\u00f3n de contacto de testigos, mantener informes policiales y guardar cualquier comunicaci\u00f3n con la administraci\u00f3n de la propiedad. Aseg\u00farese de documentar sus lesiones y tambi\u00e9n el tratamiento m\u00e9dico.<\/p>\r\n<p><strong>2. Notifique al propietario o administrador de la propiedad:<\/strong><br \/>Es importante informar a la parte responsable del incidente tan pronto como puedas. Proporcionar una notificaci\u00f3n por escrito ayuda a establecer un cronograma y demuestra que te tomaste la situaci\u00f3n en serio.<\/p>\r\n<p><strong>3. Busque atenci\u00f3n m\u00e9dica:<\/strong><br \/>Incluso si las lesiones parecen menores, obtenga una evaluaci\u00f3n m\u00e9dica exhaustiva. Los registros m\u00e9dicos ser\u00e1n pruebas cruciales que vinculen el incidente con sus lesiones.<\/p>\r\n<p><strong>4. Consulte a un abogado de lesiones personales:<\/strong><br \/>Las reclamaciones por negligencia en materia de seguridad pueden ser complicadas. Un abogado con experiencia puede ayudarlo a navegar por los requisitos legales, determinar si el propietario fall\u00f3 en su deber de cuidado y trazar la mejor estrategia en el futuro.<\/p>\r\n<p><strong>5. Re\u00fana pruebas de apoyo:<\/strong><br \/>Su <a href=\"https:\/\/jfinelaw.com\/es\/\">abogado de seguridad negligente en Filadelfia<\/a> lo ayudar\u00e1 a proteger las im\u00e1genes de vigilancia, los registros de mantenimiento, los informes de incidentes anteriores y otros registros que pueden demostrar fallas en la seguridad (como iluminaci\u00f3n rota o instalaciones con poco personal).<\/p>\r\n<p><strong>6. Presentar la reclamaci\u00f3n:<\/strong><br \/>Una vez que se haya establecido la responsabilidad con la evidencia disponible, su abogado presentar\u00e1 formalmente el reclamo de seguridad negligente a las partes responsables y sus aseguradoras, buscando una compensaci\u00f3n por sus lesiones, p\u00e9rdidas y da\u00f1os.<\/p>\r\n<p><strong>7. Negociar o litigar:<\/strong><br \/>Despu\u00e9s de presentar el reclamo, el proceso puede implicar una negociaci\u00f3n con la compa\u00f1\u00eda de seguros del due\u00f1o de la propiedad. Muchos casos se resuelven fuera de los tribunales, pero su abogado estar\u00e1 preparado para representarlo en el juicio si no se llega a una resoluci\u00f3n justa.<\/p>\r\n<p>A lo largo de estos pasos, contar con orientaci\u00f3n legal calificada puede marcar la diferencia, asegur\u00e1ndose de que comprenda sus derechos, proteja sus intereses y busque la compensaci\u00f3n que merece.<\/p>\r\n\r\n\r\n\r\n<h2 class=\"wp-block-heading\"><strong>Consulta Gratuita con Abogado de Lesiones Personales<\/strong><\/h2>\r\n\r\n\r\n\r\n<p>Si ha sufrido p\u00e9rdidas o lesiones debido a un acto criminal o violento que podr\u00eda haberse evitado, llame a los abogados de seguridad negligente de J. Fine Law para revisar su caso. Cuando el due\u00f1o de una propiedad decide tomar atajos y no tomar medidas razonables para proteger a sus clientes, personas inocentes se convierten en v\u00edctimas de una seguridad negligente. Nuestros abogados de lesiones personales est\u00e1n aqu\u00ed para luchar agresivamente contra su caso para obtener la compensaci\u00f3n que merece por sus lesiones, facturas m\u00e9dicas, salarios perdidos, trauma emocional y da\u00f1os. <a href=\"Tel:(888)%20913-3899\" target=\"_blank\" rel=\"noreferrer noopener\">Llame al (888) 913-3899<\/a>, complete el formulario en este sitio web o <a href=\"tel:1-800-487-8123\" target=\"_blank\" rel=\"noreferrer noopener\">llame al 1-800-HURT-123<\/a> desde la escena para una consulta gratuita y confidencial.<\/p>\r\n","protected":false},"excerpt":{"rendered":"<p>Rara vez los due\u00f1os de negocios son responsables de las actividades criminales o violentas que tienen lugar en su propiedad. Sin embargo, seg\u00fan lo exigen las leyes de Pensilvania y Nueva Jersey, los propietarios tienen la obligaci\u00f3n de proporcionar precauciones y procedimientos de seguridad razonables para sus clientes e invitados. Si ha sido v\u00edctima de [&hellip;]<\/p>\n","protected":false},"author":4,"featured_media":4813,"parent":5705,"menu_order":0,"comment_status":"closed","ping_status":"closed","template":"","meta":{"site-sidebar-layout":"default","site-content-layout":"","ast-site-content-layout":"default","site-content-style":"default","site-sidebar-style":"default","ast-global-header-display":"","ast-banner-title-visibility":"","ast-main-header-display":"","ast-hfb-above-header-display":"","ast-hfb-below-header-display":"","ast-hfb-mobile-header-display":"","site-post-title":"","ast-breadcrumbs-content":"","ast-featured-img":"","footer-sml-layout":"","theme-transparent-header-meta":"default","adv-header-id-meta":"","stick-header-meta":"","header-above-stick-meta":"","header-main-stick-meta":"","header-below-stick-meta":"","astra-migrate-meta-layouts":"set","ast-page-background-enabled":"default","ast-page-background-meta":{"desktop":{"background-color":"var(--ast-global-color-4)","background-image":"","background-repeat":"repeat","background-position":"center center","background-size":"auto","background-attachment":"scroll","background-type":"","background-media":"","overlay-type":"","overlay-color":"","overlay-opacity":"","overlay-gradient":""},"tablet":{"background-color":"","background-image":"","background-repeat":"repeat","background-position":"center center","background-size":"auto","background-attachment":"scroll","background-type":"","background-media":"","overlay-type":"","overlay-color":"","overlay-opacity":"","overlay-gradient":""},"mobile":{"background-color":"","background-image":"","background-repeat":"repeat","background-position":"center center","background-size":"auto","background-attachment":"scroll","background-type":"","background-media":"","overlay-type":"","overlay-color":"","overlay-opacity":"","overlay-gradient":""}},"ast-content-background-meta":{"desktop":{"background-color":"var(--ast-global-color-5)","background-image":"","background-repeat":"repeat","background-position":"center center","background-size":"auto","background-attachment":"scroll","background-type":"","background-media":"","overlay-type":"","overlay-color":"","overlay-opacity":"","overlay-gradient":""},"tablet":{"background-color":"var(--ast-global-color-5)","background-image":"","background-repeat":"repeat","background-position":"center center","background-size":"auto","background-attachment":"scroll","background-type":"","background-media":"","overlay-type":"","overlay-color":"","overlay-opacity":"","overlay-gradient":""},"mobile":{"background-color":"var(--ast-global-color-5)","background-image":"","background-repeat":"repeat","background-position":"center center","background-size":"auto","background-attachment":"scroll","background-type":"","background-media":"","overlay-type":"","overlay-color":"","overlay-opacity":"","overlay-gradient":""}},"iawp_total_views":17,"footnotes":""},"class_list":["post-4976","page","type-page","status-publish","has-post-thumbnail","hentry"],"_links":{"self":[{"href":"https:\/\/jfinelaw.com\/es\/wp-json\/wp\/v2\/pages\/4976","targetHints":{"allow":["GET"]}}],"collection":[{"href":"https:\/\/jfinelaw.com\/es\/wp-json\/wp\/v2\/pages"}],"about":[{"href":"https:\/\/jfinelaw.com\/es\/wp-json\/wp\/v2\/types\/page"}],"author":[{"embeddable":true,"href":"https:\/\/jfinelaw.com\/es\/wp-json\/wp\/v2\/users\/4"}],"replies":[{"embeddable":true,"href":"https:\/\/jfinelaw.com\/es\/wp-json\/wp\/v2\/comments?post=4976"}],"version-history":[{"count":5,"href":"https:\/\/jfinelaw.com\/es\/wp-json\/wp\/v2\/pages\/4976\/revisions"}],"predecessor-version":[{"id":5144,"href":"https:\/\/jfinelaw.com\/es\/wp-json\/wp\/v2\/pages\/4976\/revisions\/5144"}],"up":[{"embeddable":true,"href":"https:\/\/jfinelaw.com\/es\/wp-json\/wp\/v2\/pages\/5705"}],"wp:featuredmedia":[{"embeddable":true,"href":"https:\/\/jfinelaw.com\/es\/wp-json\/wp\/v2\/media\/4813"}],"wp:attachment":[{"href":"https:\/\/jfinelaw.com\/es\/wp-json\/wp\/v2\/media?parent=4976"}],"curies":[{"name":"wp","href":"https:\/\/api.w.org\/{rel}","templated":true}]}}