{"id":4978,"date":"2025-03-28T15:13:41","date_gmt":"2025-03-28T15:13:41","guid":{"rendered":"https:\/\/jfinelaw.com\/abogado-de-responsabilidad-de-locales-pennsylvania\/"},"modified":"2025-10-23T17:41:29","modified_gmt":"2025-10-23T17:41:29","slug":"abogado-de-responsabilidad-de-locales-pennsylvania","status":"publish","type":"page","link":"https:\/\/jfinelaw.com\/es\/abogado-de-lesiones-personales-en-filadelfia-pa-2\/abogado-de-responsabilidad-de-locales-pennsylvania\/","title":{"rendered":"Abogado de Responsabilidad de Locales Pennsylvania"},"content":{"rendered":"\r\n<h2><strong>\u00bfLesionado en una propiedad peligrosa en Pensilvania? <\/strong><\/h2>\r\n\r\n\r\n\r\n<p>Cuando visita la propiedad de otra persona, no espera salir con una lesi\u00f3n grave. Pero cada a\u00f1o, miles de residentes de Pensilvania se lesionan debido a condiciones inseguras en tiendas, edificios de apartamentos, estacionamientos y otras propiedades. Si ha resultado lesionado en la propiedad de otra persona debido a condiciones peligrosas, es posible que tenga derecho a solicitar una compensaci\u00f3n seg\u00fan las leyes de responsabilidad de locales de Pensilvania.<\/p>\r\n\r\n\r\n\r\n<p>En J. Fine Law, representamos a personas en todo Pennsylvania que han resultado lesionadas debido a la negligencia de propietarios, arrendadores o empresas. Nuestros abogados con experiencia en responsabilidad de locales en Filadelfia, Pensilvania, entienden por lo que est\u00e1 pasando y saben c\u00f3mo construir reclamos s\u00f3lidos que obtengan resultados.<\/p>\r\n\r\n\r\n\r\n<h2><strong>\u00bfQu\u00e9 es la responsabilidad de las instalaciones?<\/strong><\/h2>\r\n\r\n\r\n\r\n<p>La responsabilidad de las instalaciones es un concepto legal que responsabiliza a los propietarios cuando alguien se lesiona en su propiedad debido a condiciones peligrosas o peligrosas. En Pensilvania, todos los propietarios tienen el deber legal de mantener sus instalaciones en condiciones razonablemente seguras para quienes ingresan a ellas legalmente.<\/p>\r\n\r\n\r\n\r\n<p>Los tipos comunes de casos de responsabilidad de locales incluyen:<\/p>\r\n\r\n\r\n\r\n<ul class=\"wp-block-list\">\r\n<li>Accidentes por resbalones y ca\u00eddas<\/li>\r\n\r\n\r\n\r\n<li>Incidentes de tropiezos y ca\u00eddas<\/li>\r\n\r\n\r\n\r\n<li>Ca\u00eddas en aceras heladas o nevadas<\/li>\r\n\r\n\r\n\r\n<li>Lesiones por ca\u00edda de objetos<\/li>\r\n\r\n\r\n\r\n<li>Accidentes de ascensores y escaleras mec\u00e1nicas<\/li>\r\n\r\n\r\n\r\n<li>Mordeduras de perro y ataques de animales<\/li>\r\n\r\n\r\n\r\n<li>Accidentes en piscinas<\/li>\r\n\r\n\r\n\r\n<li>Seguridad negligente que conduzca a asalto o robo<\/li>\r\n\r\n\r\n\r\n<li>Fallas en escaleras y pasamanos<\/li>\r\n<\/ul>\r\n\r\n\r\n\r\n<p>Si usted o un ser querido sufri\u00f3 da\u00f1os debido a cualquiera de las condiciones anteriores, hable hoy con un <strong><a href=\"https:\/\/maps.app.goo.gl\/bZbnKdL5khXTcz2m9\" target=\"_blank\" rel=\"noopener\">abogado de responsabilidad de locales<\/a> de Filadelfia, Pensilvania<\/strong> , en J. Fine Law.<\/p>\r\n<h2><strong>C\u00f3mo Difieren las Leyes de Responsabilidad de las Instalaciones de las Leyes Tradicionales de Negligencia<\/strong><\/h2>\r\n<p>Si bien tanto los casos tradicionales de negligencia como los de responsabilidad de las instalaciones se centran en el concepto de que alguien resulta perjudicado debido al descuido de otra persona, las reglas y requisitos de la responsabilidad de las instalaciones son un poco diferentes. A diferencia de las reclamaciones t\u00edpicas por lesiones personales, como las que involucran accidentes automovil\u00edsticos, la responsabilidad de las instalaciones se centra espec\u00edficamente en las responsabilidades de los propietarios u ocupantes.<\/p>\r\n<p>Las diferencias clave incluyen:<\/p>\r\n<ul>\r\n<li><strong>Burden of Proof:<\/strong> In premises liability cases, you must show not only that the property owner was negligent, but also that a dangerous condition existed, the owner knew (or should have known) about it, and failed to take proper steps to fix it or warn you.<\/li>\r\n<li><strong>Legal Status of Visitor:<\/strong> Your right to recover damages can depend on why you were on the property\u2014whether as an invited guest, customer, or even a trespasser. The level of care a property owner owes you varies based on your legal status.<\/li>\r\n<li><strong>Complexity of Evidence:<\/strong> Proving fault in premises liability cases can be more involved, often requiring photos, maintenance records, or witness statements to document the hazardous condition.<\/li>\r\n<\/ul>\r\n<p>Debido a que estos reclamos pueden ser m\u00e1s complejos que los reclamos por negligencia est\u00e1ndar, contar con orientaci\u00f3n legal bien informada ayuda a asegurarse de que pueda obtener la compensaci\u00f3n que merece.<\/p>\r\n\r\n\r\n\r\n<h2><strong>Causas Comunes de Lesiones por Responsabilidad de Locales en Pennsylvania<\/strong><\/h2>\r\n\r\n\r\n\r\n<p>Los peligros en una propiedad pueden surgir por falta de mantenimiento, descuido o negligencia absoluta. Rutinariamente representamos a clientes lesionados debido a:<\/p>\r\n\r\n\r\n\r\n<ul class=\"wp-block-list\">\r\n<li>Suelos mojados sin se\u00f1ales de advertencia<\/li>\r\n\r\n\r\n\r\n<li>Aceras o pasillos irregulares<\/li>\r\n\r\n\r\n\r\n<li>Alfombras o tablas de piso sueltas<\/li>\r\n\r\n\r\n\r\n<li>Mala iluminaci\u00f3n en escaleras o estacionamientos<\/li>\r\n\r\n\r\n\r\n<li>Seguridad inadecuada en edificios de apartamentos u hoteles<\/li>\r\n\r\n\r\n\r\n<li>Acumulaci\u00f3n de nieve o hielo fuera de tiendas o negocios<\/li>\r\n\r\n\r\n\r\n<li>Animales peligrosos que no est\u00e1n debidamente asegurados<\/li>\r\n<\/ul>\r\n\r\n\r\n\r\n<p>Estas lesiones pueden ocurrir en centros comerciales, casas privadas, restaurantes, edificios de oficinas, complejos de apartamentos o instalaciones p\u00fablicas. Dondequiera que ocurran, los propietarios tienen la responsabilidad de mantener sus instalaciones seguras.<\/p>\r\n\r\n\r\n\r\n<h2><strong>\u00bfQui\u00e9n puede presentar un reclamo de responsabilidad de locales en Pensilvania?<\/strong><\/h2>\r\n\r\n\r\n\r\n<p>Seg\u00fan la ley de Pensilvania, es posible que pueda presentar un reclamo de responsabilidad de locales si:<\/p>\r\n\r\n\r\n\r\n<ul class=\"wp-block-list\">\r\n<li>Estabas <strong>legalmente en la propiedad<\/strong> (como invitado, cliente o inquilino)<\/li>\r\n\r\n\r\n\r\n<li>Exist\u00eda una <strong>condici\u00f3n peligrosa<\/strong> en la propiedad<\/li>\r\n\r\n\r\n\r\n<li>El due\u00f1o de la propiedad <strong>sab\u00eda o deber\u00eda haber sabido<\/strong> sobre el peligro<\/li>\r\n\r\n\r\n\r\n<li>No <strong>repararon, eliminaron ni advirtieron<\/strong> sobre el peligro<\/li>\r\n\r\n\r\n\r\n<li>Sufri\u00f3 <strong>lesiones<\/strong> como resultado<\/li>\r\n<\/ul>\r\n\r\n\r\n\r\n<p>Ya sea que se haya resbalado en un piso mojado en una tienda de comestibles de Filadelfia o tropez\u00f3 con un escal\u00f3n roto en un complejo de apartamentos del condado de Bucks, nuestros abogados de responsabilidad de locales en Filadelfia, Pensilvania, pueden ayudarlo a comprender sus derechos.<\/p>\r\n\r\n\r\n\r\n<h2><strong>Lo que las v\u00edctimas lesionadas deben saber sobre la ley de responsabilidad de locales de Pensilvania<\/strong><\/h2>\r\n\r\n\r\n\r\n<p>Pensilvania clasifica a los visitantes en tres categor\u00edas: invitados, licenciatarios e intrusos. Los propietarios tienen diferentes deberes dependiendo de su clasificaci\u00f3n.<\/p>\r\n\r\n\r\n\r\n<ol class=\"wp-block-list\">\r\n<li>Invitados: personas <strong>invitadas<\/strong> con fines comerciales (por ejemplo, clientes). M\u00e1ximo deber de cuidado.<\/li>\r\n\r\n\r\n\r\n<li><strong>Licenciatarios<\/strong> : invitados sociales o personas en la propiedad con permiso. Deber razonable de cuidado.<\/li>\r\n\r\n\r\n\r\n<li><strong>Intrusos<\/strong> : personas que ingresan sin permiso. Deber limitado, principalmente para evitar da\u00f1os intencionales.<\/li>\r\n<\/ol>\r\n\r\n\r\n\r\n<p>En la mayor\u00eda de los casos de responsabilidad de locales, la persona lesionada es un invitado o licenciatario. Nuestro trabajo como sus abogados de responsabilidad de locales en Filadelfia es demostrar que el due\u00f1o de la propiedad no cumpli\u00f3 con su deber de cuidado y que la falla caus\u00f3 su lesi\u00f3n.<\/p>\r\n\r\n\r\n\r\n<h2><strong>Ejemplos de Condiciones Peligrosas que Pueden Dar Lugar a Reclamaciones Legales<\/strong><\/h2>\r\n\r\n\r\n\r\n<p>No todos los accidentes son motivo de una demanda. Pero si su lesi\u00f3n fue causada por un peligro prevenible, es posible que tenga un caso s\u00f3lido de responsabilidad de las instalaciones. Algunos ejemplos comunes son:<\/p>\r\n\r\n\r\n\r\n<ul class=\"wp-block-list\">\r\n<li>Una tienda que no limpia los derrames r\u00e1pidamente<\/li>\r\n\r\n\r\n\r\n<li>Un complejo de apartamentos que no pone sal en los pasillos helados<\/li>\r\n\r\n\r\n\r\n<li>Un hotel que no arregla las escaleras rotas<\/li>\r\n\r\n\r\n\r\n<li>Un restaurante con poca iluminaci\u00f3n en un estacionamiento oscuro<\/li>\r\n\r\n\r\n\r\n<li>Un centro comercial que carece de guardias de seguridad adecuados o c\u00e1maras<\/li>\r\n<\/ul>\r\n\r\n\r\n\r\n<p>Si alguna de estas situaciones le suena familiar, no espere para hablar con un abogado de responsabilidad de locales en Filadelfia, Pensilvania en J. Fine Law.<\/p>\r\n\r\n\r\n\r\n<h2><strong>\u00bfQu\u00e9 Tipos de Lesiones Pueden Resultar de Condiciones Inseguras de la Propiedad?<\/strong><\/h2>\r\n\r\n\r\n\r\n<p>Las lesiones por peligros a la propiedad pueden ser graves y alterar la vida. Nuestros abogados han manejado casos que involucran:<\/p>\r\n\r\n\r\n\r\n<ul class=\"wp-block-list\">\r\n<li>Huesos rotos y fracturas<\/li>\r\n\r\n\r\n\r\n<li>Lesiones en la cabeza y conmociones cerebrales<\/li>\r\n\r\n\r\n\r\n<li>Lesiones cerebrales traum\u00e1ticas (TBI, por sus siglas en ingl\u00e9s)<\/li>\r\n\r\n\r\n\r\n<li>Lesiones de la m\u00e9dula espinal y par\u00e1lisis<\/li>\r\n\r\n\r\n\r\n<li>Laceraciones y cicatrices<\/li>\r\n\r\n\r\n\r\n<li>Lesiones de tejidos blandos<\/li>\r\n\r\n\r\n\r\n<li>Trauma emocional y trastorno de estr\u00e9s postraum\u00e1tico (especialmente en casos de agresi\u00f3n)<\/li>\r\n<\/ul>\r\n\r\n\r\n\r\n<p>Muchas v\u00edctimas requieren tratamiento de emergencia, cirug\u00eda, fisioterapia o atenci\u00f3n a largo plazo. Estas lesiones pueden tener un costo f\u00edsico, emocional y financiero.<\/p>\r\n\r\n\r\n\r\n<h2><strong>\u00bfQu\u00e9 Compensaci\u00f3n Puede Recuperar en un Caso de Responsabilidad de Locales?<\/strong><\/h2>\r\n\r\n\r\n\r\n<p>Si un due\u00f1o negligente caus\u00f3 su lesi\u00f3n, es posible que pueda recuperar da\u00f1os por:<\/p>\r\n\r\n\r\n\r\n<ul class=\"wp-block-list\">\r\n<li>Facturas m\u00e9dicas (pasadas y futuras)<\/li>\r\n\r\n\r\n\r\n<li>Salarios perdidos y p\u00e9rdida de la capacidad de generar ingresos<\/li>\r\n\r\n\r\n\r\n<li>Dolor y sufrimiento<\/li>\r\n\r\n\r\n\r\n<li>Angustia emocional<\/li>\r\n\r\n\r\n\r\n<li>Discapacidad o desfiguraci\u00f3n<\/li>\r\n\r\n\r\n\r\n<li>Gastos de bolsillo<\/li>\r\n\r\n\r\n\r\n<li>P\u00e9rdida del disfrute de la vida<\/li>\r\n<\/ul>\r\n\r\n\r\n\r\n<p>Cada caso es diferente. Un abogado de responsabilidad de locales de J. Fine Law en Filadelfia, Pensilvania, puede ayudar a estimar el valor de su reclamo en funci\u00f3n de los hechos.<\/p>\r\n\r\n\r\n\r\n<h2><strong>\u00bfCu\u00e1nto tiempo tiene para presentar un reclamo de responsabilidad de locales en Pensilvania?<\/strong><\/h2>\r\n\r\n\r\n\r\n<p>En la mayor\u00eda de los casos, tiene dos a\u00f1os a partir de la fecha de la lesi\u00f3n para presentar una demanda. Sin embargo, si la lesi\u00f3n ocurri\u00f3 en una propiedad del gobierno (como una acera de la ciudad), se aplican reglas diferentes, incluidos per\u00edodos de notificaci\u00f3n m\u00e1s cortos. Es por eso que es importante ponerse en contacto con un abogado de responsabilidad de locales en Filadelfia, Pensilvania, lo antes posible despu\u00e9s de su lesi\u00f3n.<\/p>\r\n\r\n\r\n\r\n<h2><strong>C\u00f3mo puede ayudar J. Fine Law<\/strong><\/h2>\r\n\r\n\r\n\r\n<p>Nuestro bufete tiene una larga reputaci\u00f3n de ayudar a las v\u00edctimas de lesiones en todo Pensilvania. Cuando contrata a J. Fine Law, obtiene:<\/p>\r\n\r\n\r\n\r\n<ul class=\"wp-block-list\">\r\n<li>Una revisi\u00f3n gratuita de su caso con un abogado compasivo<\/li>\r\n\r\n\r\n\r\n<li>Sin honorarios a menos que ganemos su caso<\/li>\r\n\r\n\r\n\r\n<li>Investigaci\u00f3n completa de la escena y las pruebas<\/li>\r\n\r\n\r\n\r\n<li>Entrevistas con testigos y empleados de la propiedad<\/li>\r\n\r\n\r\n\r\n<li>Revisi\u00f3n de registros de mantenimiento, informes de incidentes y secuencias de video<\/li>\r\n\r\n\r\n\r\n<li>Consultas con expertos m\u00e9dicos y de seguridad<\/li>\r\n\r\n\r\n\r\n<li>Fuerte negociaci\u00f3n con las compa\u00f1\u00edas de seguros<\/li>\r\n\r\n\r\n\r\n<li>Representaci\u00f3n en la sala del tribunal cuando sea necesario<\/li>\r\n<\/ul>\r\n\r\n\r\n\r\n<p>Construimos cada caso de manera cuidadosa y estrat\u00e9gica para brindarle la mejor oportunidad de obtener una compensaci\u00f3n completa y justa.<\/p>\r\n\r\n\r\n\r\n<h2><strong>\u00bfPor qu\u00e9 elegir J. Fine Law para su caso de responsabilidad de locales?<\/strong><\/h2>\r\n\r\n\r\n\r\n<ul class=\"wp-block-list\">\r\n<li><strong>Experiencia<\/strong>: Nuestros abogados entienden la ley de responsabilidad de locales de Pensilvania por dentro y por fuera.<\/li>\r\n\r\n\r\n\r\n<li><strong>Resultados<\/strong>: Hemos recuperado millones para v\u00edctimas de lesiones en todo el estado.<\/li>\r\n\r\n\r\n\r\n<li><strong>Enfoque en el cliente: Priorizamos<\/strong> la comunicaci\u00f3n clara, el apoyo compasivo y la representaci\u00f3n agresiva.<\/li>\r\n\r\n\r\n\r\n<li><strong>Con sede en Filadelfia: Vivimos<\/strong> y trabajamos en las mismas comunidades que nuestros clientes. Nos preocupamos profundamente por ayudar a los habitantes de Pensilvania.<\/li>\r\n<\/ul>\r\n\r\n\r\n\r\n<h2><strong>Qu\u00e9 hacer despu\u00e9s de una lesi\u00f3n a la propiedad en Pensilvania<\/strong><\/h2>\r\n\r\n\r\n\r\n<p>Si ha resultado lesionado en la propiedad de otra persona, tome las siguientes medidas para proteger su salud y sus derechos legales:<\/p>\r\n\r\n\r\n\r\n<ol class=\"wp-block-list\">\r\n<li><strong>Busque ayuda m\u00e9dica de inmediato<\/strong> : su salud es lo primero.<\/li>\r\n\r\n\r\n\r\n<li><strong>Reportar el Incidente<\/strong> \u2013 Notifique al due\u00f1o o administrador de la propiedad.<\/li>\r\n\r\n\r\n\r\n<li><strong>Documente la escena<\/strong> : tome fotos del peligro, sus lesiones y su entorno.<\/li>\r\n\r\n\r\n\r\n<li><strong>Obtenga informaci\u00f3n de testigos<\/strong> : los nombres y los datos de contacto pueden ser valiosos.<\/li>\r\n\r\n\r\n\r\n<li><strong>No firme nada: no entregue<\/strong> declaraciones grabadas a las aseguradoras.<\/li>\r\n\r\n\r\n\r\n<li><strong>Llame a J. Fine Law &#8211; Deje<\/strong> que un <strong>abogado de responsabilidad de locales de Filadelfia, Pensilvania,<\/strong> proteja sus derechos.<\/li>\r\n<\/ol>\r\n\r\n\r\n\r\n<h2><strong>Programe una Consulta Gratuita con un Abogado de Responsabilidad de Locales en Filadelfia, Pennsylvania<\/strong><\/h2>\r\n\r\n\r\n\r\n<p>No pediste que te hicieran da\u00f1o. Pero puede tomar medidas hoy para responsabilizar al due\u00f1o de la propiedad negligente. Cuanto antes hable con un abogado con experiencia, mayores ser\u00e1n sus posibilidades de recuperar la compensaci\u00f3n que necesita para sanar y seguir adelante.<\/p>\r\n\r\n\r\n\r\n<p>En J. Fine Law, nuestros abogados de responsabilidad de locales en Filadelfia, Pensilvania, luchan por las v\u00edctimas lesionadas y sus familias. Perm\u00edtanos poner nuestra experiencia, recursos y pasi\u00f3n a trabajar para usted.<\/p>\r\n\r\n\r\n\r\n<p><a href=\"https:\/\/jfinelaw.com\/es\/contactenos\/\">Ll\u00e1menos ahora o complete nuestro formulario en l\u00ednea para una consulta gratuita<\/a>. No hay honorarios a menos que ganemos su caso.<\/p>\r\n\r\n\r\n\r\n<p>&nbsp;<\/p>\r\n","protected":false},"excerpt":{"rendered":"<p>\u00bfLesionado en una propiedad peligrosa en Pensilvania? Cuando visita la propiedad de otra persona, no espera salir con una lesi\u00f3n grave. Pero cada a\u00f1o, miles de residentes de Pensilvania se lesionan debido a condiciones inseguras en tiendas, edificios de apartamentos, estacionamientos y otras propiedades. Si ha resultado lesionado en la propiedad de otra persona debido [&hellip;]<\/p>\n","protected":false},"author":7,"featured_media":4828,"parent":5705,"menu_order":0,"comment_status":"closed","ping_status":"closed","template":"","meta":{"site-sidebar-layout":"default","site-content-layout":"","ast-site-content-layout":"default","site-content-style":"default","site-sidebar-style":"default","ast-global-header-display":"","ast-banner-title-visibility":"","ast-main-header-display":"","ast-hfb-above-header-display":"","ast-hfb-below-header-display":"","ast-hfb-mobile-header-display":"","site-post-title":"","ast-breadcrumbs-content":"","ast-featured-img":"","footer-sml-layout":"","theme-transparent-header-meta":"default","adv-header-id-meta":"","stick-header-meta":"","header-above-stick-meta":"","header-main-stick-meta":"","header-below-stick-meta":"","astra-migrate-meta-layouts":"set","ast-page-background-enabled":"default","ast-page-background-meta":{"desktop":{"background-color":"var(--ast-global-color-4)","background-image":"","background-repeat":"repeat","background-position":"center center","background-size":"auto","background-attachment":"scroll","background-type":"","background-media":"","overlay-type":"","overlay-color":"","overlay-opacity":"","overlay-gradient":""},"tablet":{"background-color":"","background-image":"","background-repeat":"repeat","background-position":"center center","background-size":"auto","background-attachment":"scroll","background-type":"","background-media":"","overlay-type":"","overlay-color":"","overlay-opacity":"","overlay-gradient":""},"mobile":{"background-color":"","background-image":"","background-repeat":"repeat","background-position":"center center","background-size":"auto","background-attachment":"scroll","background-type":"","background-media":"","overlay-type":"","overlay-color":"","overlay-opacity":"","overlay-gradient":""}},"ast-content-background-meta":{"desktop":{"background-color":"var(--ast-global-color-5)","background-image":"","background-repeat":"repeat","background-position":"center center","background-size":"auto","background-attachment":"scroll","background-type":"","background-media":"","overlay-type":"","overlay-color":"","overlay-opacity":"","overlay-gradient":""},"tablet":{"background-color":"var(--ast-global-color-5)","background-image":"","background-repeat":"repeat","background-position":"center center","background-size":"auto","background-attachment":"scroll","background-type":"","background-media":"","overlay-type":"","overlay-color":"","overlay-opacity":"","overlay-gradient":""},"mobile":{"background-color":"var(--ast-global-color-5)","background-image":"","background-repeat":"repeat","background-position":"center center","background-size":"auto","background-attachment":"scroll","background-type":"","background-media":"","overlay-type":"","overlay-color":"","overlay-opacity":"","overlay-gradient":""}},"iawp_total_views":13,"footnotes":""},"class_list":["post-4978","page","type-page","status-publish","has-post-thumbnail","hentry"],"_links":{"self":[{"href":"https:\/\/jfinelaw.com\/es\/wp-json\/wp\/v2\/pages\/4978","targetHints":{"allow":["GET"]}}],"collection":[{"href":"https:\/\/jfinelaw.com\/es\/wp-json\/wp\/v2\/pages"}],"about":[{"href":"https:\/\/jfinelaw.com\/es\/wp-json\/wp\/v2\/types\/page"}],"author":[{"embeddable":true,"href":"https:\/\/jfinelaw.com\/es\/wp-json\/wp\/v2\/users\/7"}],"replies":[{"embeddable":true,"href":"https:\/\/jfinelaw.com\/es\/wp-json\/wp\/v2\/comments?post=4978"}],"version-history":[{"count":4,"href":"https:\/\/jfinelaw.com\/es\/wp-json\/wp\/v2\/pages\/4978\/revisions"}],"predecessor-version":[{"id":5141,"href":"https:\/\/jfinelaw.com\/es\/wp-json\/wp\/v2\/pages\/4978\/revisions\/5141"}],"up":[{"embeddable":true,"href":"https:\/\/jfinelaw.com\/es\/wp-json\/wp\/v2\/pages\/5705"}],"wp:featuredmedia":[{"embeddable":true,"href":"https:\/\/jfinelaw.com\/es\/wp-json\/wp\/v2\/media\/4828"}],"wp:attachment":[{"href":"https:\/\/jfinelaw.com\/es\/wp-json\/wp\/v2\/media?parent=4978"}],"curies":[{"name":"wp","href":"https:\/\/api.w.org\/{rel}","templated":true}]}}