{"id":5063,"date":"2025-03-24T14:48:44","date_gmt":"2025-03-24T14:48:44","guid":{"rendered":"https:\/\/jfinelaw.com\/oficina-legal-de-lesiones-personales-en-el-condado-de-feasterville-bucks\/"},"modified":"2025-06-17T18:24:37","modified_gmt":"2025-06-17T18:24:37","slug":"oficina-legal-de-lesiones-personales-en-el-condado-de-feasterville-bucks","status":"publish","type":"page","link":"https:\/\/jfinelaw.com\/es\/oficina-legal-de-lesiones-personales-en-el-condado-de-feasterville-bucks\/","title":{"rendered":"Oficina Legal de Lesiones Personales en el Condado de Feasterville\/Bucks"},"content":{"rendered":"\r\n<div class=\"wp-block-columns is-layout-flex wp-container-core-columns-is-layout-28f84493 wp-block-columns-is-layout-flex\">\r\n<div class=\"wp-block-column is-vertically-aligned-center is-layout-flow wp-block-column-is-layout-flow\">&#13;\n<p>Si usted o un ser querido ha sufrido lesiones debido a la negligencia de un tercero, es posible que ya est\u00e9 experimentando los efectos devastadores que puede tener. Las lesiones por accidentes automovil\u00edsticos, seguridad negligente, abuso en hogares de ancianos y otras desgracias relacionadas pueden tener un impacto a largo plazo en su bienestar f\u00edsico, financiero y mental. El bufete de abogados de lesiones personales de J. Fine Law en Feasterville, PA, tiene m\u00e1s de 20 a\u00f1os de experiencia exitosa en el manejo de este tipo de casos. Cada accidente es \u00fanico, por lo que necesita un equipo de abogados de lesiones personales con el conocimiento y el \u00e9xito de tratar con una amplia gama de clientes en diversas circunstancias. Con una tasa de \u00e9xito del 98% en los juicios, conf\u00ede en J. Fine Law para luchar por sus derechos y garantizar que se otorgue una compensaci\u00f3n justa. <a href=\"tel:1-800-487-8123\">Llame hoy al 888-913-3899<\/a> para una evaluaci\u00f3n confidencial de su caso.    <\/p>&#13;\n<\/div>\r\n\r\n\r\n\r\n<div class=\"wp-block-column is-layout-flow wp-block-column-is-layout-flow\">&#13;\n<figure class=\"wp-block-image size-full\"><img loading=\"lazy\" decoding=\"async\" width=\"550\" height=\"400\" class=\"wp-image-4356\" src=\"https:\/\/jfinelaw.com\/wp-content\/uploads\/2025\/04\/Pittsburh-Law-Office-small.jpg\" alt=\"\" srcset=\"https:\/\/jfinelaw.com\/wp-content\/uploads\/2025\/04\/Pittsburh-Law-Office-small.jpg 550w, https:\/\/jfinelaw.com\/wp-content\/uploads\/2025\/04\/Pittsburh-Law-Office-small-300x218.jpg 300w\" sizes=\"auto, (max-width: 550px) 100vw, 550px\" \/><\/figure>&#13;\n<\/div>\r\n<\/div>\r\n&#13;\n<h2 id=\"1937931863\" class=\"wp-block-heading\"><strong>\u00bfPor qu\u00e9 elegir nuestro bufete de abogados de lesiones personales en Feasterville, PA?<\/strong><\/h2>&#13;\n&#13;\n<p>Nuestro bufete de abogados de lesiones personales de Feasterville se dedica a brindar un servicio excepcional y una representaci\u00f3n galardonada a todos nuestros clientes.<\/p>&#13;\n&#13;\n<h3 class=\"wp-block-heading\"><strong>Experiencia<\/strong><\/h3>&#13;\n&#13;\n<p>J. Fine Law est\u00e1 respaldada por 21 a\u00f1os de experiencia en el manejo de casos espec\u00edficamente en las capacidades de accidentes y lesiones personales. Centramos nuestra pr\u00e1ctica legal exclusivamente en estos aspectos con el fin de presentar los mejores casos posibles en los tribunales. Nuestro conocimiento y experiencia nos ha permitido lograr las m\u00e1ximas liquidaciones para nuestros clientes.  <\/p>&#13;\n&#13;\n<h3 class=\"wp-block-heading\"><strong>\u00c9xito<\/strong><\/h3>&#13;\n&#13;\n<p>Nuestro bufete de abogados de lesiones personales cuenta con una tasa de \u00e9xito del 98% y ha ganado varios acuerdos r\u00e9cord en el \u00e1rea de Feasterville, PA. En total, hemos podido asegurar m\u00e1s de $50 millones en veredictos, laudos y negociaciones. Obtenga m\u00e1s informaci\u00f3n sobre nuestros acuerdos de abogados de accidentes para clientes desde Filadelfia hasta el condado de Erie, PA.  <\/p>&#13;\n&#13;\n<h3 class=\"wp-block-heading\"><strong>Atenci\u00f3n personalizada<\/strong><\/h3>&#13;\n&#13;\n<p>Al presentar un caso de lesiones personales, no se enfrenta a la persona que caus\u00f3 el accidente, sino a su compa\u00f1\u00eda de seguros. \u00a1No trates de luchar contra ellos solo! \u00a1Nuestros abogados de lesiones personales de Feasterville saben c\u00f3mo enfrentarse a las grandes corporaciones y compa\u00f1\u00edas de seguros! Dedicamos el tiempo necesario a cada caso individual para asegurarnos de que se le otorgue la m\u00e1xima compensaci\u00f3n que se merece.   <\/p>&#13;\n&#13;\n<h2 class=\"wp-block-heading\"><strong>Abogados de Accidentes y Lesiones Personales<\/strong><\/h2>&#13;\n&#13;\n<p>Si sufri\u00f3 lesiones por un accidente que involucr\u00f3 un autob\u00fas Septa, un accidente de bicicleta, un servicio de viaje compartido, lesiones relacionadas con el trabajo, resbalones y ca\u00eddas, y m\u00e1s, se recomienda encarecidamente que se comunique con un bufete de abogados para obtener asistencia legal competente. Con nuestros abogados de lesiones personales de su lado, todo lo que necesita es concentrarse en la curaci\u00f3n y la recuperaci\u00f3n, mientras nosotros nos encargamos de todos los aspectos de su caso. Desde el manejo de su reclamo de seguro hasta la recopilaci\u00f3n de pruebas cruciales, la recopilaci\u00f3n de registros de gastos m\u00e9dicos, la presentaci\u00f3n de toda la documentaci\u00f3n necesaria y m\u00e1s, construiremos un caso s\u00f3lido para presentar en la corte. J. Fine Law trabajar\u00e1 incansablemente para obtener la compensaci\u00f3n que necesita para cubrir los salarios perdidos, los da\u00f1os, el dolor y el sufrimiento, y las facturas m\u00e9dicas futuras.   <\/p>&#13;\n&#13;\n<h2 class=\"wp-block-heading\">\u00a1Abogados dedicados a lesiones en Feasterville esperando su llamada!<\/h2>&#13;\n&#13;\n<p>Cuando llame al bufete de abogados J. Fine, hablar\u00e1 con un abogado al que le apasiona ayudarlo a superar su caso de lesiones personales. No solo estamos aqu\u00ed para guiarlo a trav\u00e9s del confuso proceso legal, sino tambi\u00e9n para lidiar con las interacciones desagradables con las partes culpables y las compa\u00f1\u00edas de seguros. No es solo el trabajo de nuestro bufete de abogados de lesiones personales representarlo en la corte, sino tambi\u00e9n reducir su estr\u00e9s para que pueda concentrarse en su salud f\u00edsica. \u00a1Incluido en su representaci\u00f3n legal est\u00e1 la tranquilidad de que nuestros abogados siempre est\u00e1n dispuestos y disponibles para atender su llamada y responder sus preguntas!   <\/p>&#13;\n&#13;\n<p>\u00a1P\u00f3ngase en contacto con la oficina de abogados de lesiones personales de J. Fine Law en Feasterville, PA para obtener un consuelo gratuito y sin compromiso hoy! El plazo de prescripci\u00f3n de los casos de lesiones personales en Pensilvania es de 2 a\u00f1os a partir de la fecha del accidente, no se demore. Complete el formulario de consulta de abogado de lesiones personales y uno de nuestros abogados se pondr\u00e1 en contacto con usted dentro de una hora. Ll\u00e1menos al <a href=\"tel:888-913-3899\" target=\"_blank\" rel=\"noreferrer noopener\">888-913-3899<\/a> o desde el lugar al <a href=\"tel:1-800-487-8123\" target=\"_blank\" rel=\"noreferrer noopener\">1-800-HURT-123<\/a> para obtener ayuda inmediata y representaci\u00f3n legal.   <\/p>&#13;\n","protected":false},"excerpt":{"rendered":"<p>&#13; Si usted o un ser querido ha sufrido lesiones debido a la negligencia de un tercero, es posible que ya est\u00e9 experimentando los efectos devastadores que puede tener. Las lesiones por accidentes automovil\u00edsticos, seguridad negligente, abuso en hogares de ancianos y otras desgracias relacionadas pueden tener un impacto a largo plazo en su bienestar [&hellip;]<\/p>\n","protected":false},"author":7,"featured_media":4856,"parent":0,"menu_order":0,"comment_status":"closed","ping_status":"closed","template":"","meta":{"site-sidebar-layout":"default","site-content-layout":"","ast-site-content-layout":"default","site-content-style":"default","site-sidebar-style":"default","ast-global-header-display":"","ast-banner-title-visibility":"","ast-main-header-display":"","ast-hfb-above-header-display":"","ast-hfb-below-header-display":"","ast-hfb-mobile-header-display":"","site-post-title":"","ast-breadcrumbs-content":"","ast-featured-img":"","footer-sml-layout":"","theme-transparent-header-meta":"default","adv-header-id-meta":"","stick-header-meta":"","header-above-stick-meta":"","header-main-stick-meta":"","header-below-stick-meta":"","astra-migrate-meta-layouts":"default","ast-page-background-enabled":"default","ast-page-background-meta":{"desktop":{"background-color":"var(--ast-global-color-4)","background-image":"","background-repeat":"repeat","background-position":"center center","background-size":"auto","background-attachment":"scroll","background-type":"","background-media":"","overlay-type":"","overlay-color":"","overlay-opacity":"","overlay-gradient":""},"tablet":{"background-color":"","background-image":"","background-repeat":"repeat","background-position":"center center","background-size":"auto","background-attachment":"scroll","background-type":"","background-media":"","overlay-type":"","overlay-color":"","overlay-opacity":"","overlay-gradient":""},"mobile":{"background-color":"","background-image":"","background-repeat":"repeat","background-position":"center center","background-size":"auto","background-attachment":"scroll","background-type":"","background-media":"","overlay-type":"","overlay-color":"","overlay-opacity":"","overlay-gradient":""}},"ast-content-background-meta":{"desktop":{"background-color":"var(--ast-global-color-5)","background-image":"","background-repeat":"repeat","background-position":"center center","background-size":"auto","background-attachment":"scroll","background-type":"","background-media":"","overlay-type":"","overlay-color":"","overlay-opacity":"","overlay-gradient":""},"tablet":{"background-color":"var(--ast-global-color-5)","background-image":"","background-repeat":"repeat","background-position":"center center","background-size":"auto","background-attachment":"scroll","background-type":"","background-media":"","overlay-type":"","overlay-color":"","overlay-opacity":"","overlay-gradient":""},"mobile":{"background-color":"var(--ast-global-color-5)","background-image":"","background-repeat":"repeat","background-position":"center center","background-size":"auto","background-attachment":"scroll","background-type":"","background-media":"","overlay-type":"","overlay-color":"","overlay-opacity":"","overlay-gradient":""}},"iawp_total_views":9,"footnotes":""},"class_list":["post-5063","page","type-page","status-publish","has-post-thumbnail","hentry"],"_links":{"self":[{"href":"https:\/\/jfinelaw.com\/es\/wp-json\/wp\/v2\/pages\/5063","targetHints":{"allow":["GET"]}}],"collection":[{"href":"https:\/\/jfinelaw.com\/es\/wp-json\/wp\/v2\/pages"}],"about":[{"href":"https:\/\/jfinelaw.com\/es\/wp-json\/wp\/v2\/types\/page"}],"author":[{"embeddable":true,"href":"https:\/\/jfinelaw.com\/es\/wp-json\/wp\/v2\/users\/7"}],"replies":[{"embeddable":true,"href":"https:\/\/jfinelaw.com\/es\/wp-json\/wp\/v2\/comments?post=5063"}],"version-history":[{"count":1,"href":"https:\/\/jfinelaw.com\/es\/wp-json\/wp\/v2\/pages\/5063\/revisions"}],"predecessor-version":[{"id":5064,"href":"https:\/\/jfinelaw.com\/es\/wp-json\/wp\/v2\/pages\/5063\/revisions\/5064"}],"wp:featuredmedia":[{"embeddable":true,"href":"https:\/\/jfinelaw.com\/es\/wp-json\/wp\/v2\/media\/4856"}],"wp:attachment":[{"href":"https:\/\/jfinelaw.com\/es\/wp-json\/wp\/v2\/media?parent=5063"}],"curies":[{"name":"wp","href":"https:\/\/api.w.org\/{rel}","templated":true}]}}