{"id":5705,"date":"2025-03-28T15:04:15","date_gmt":"2025-03-28T15:04:15","guid":{"rendered":"https:\/\/jfinelaw.com\/abogado-de-lesiones-personales-en-filadelfia-pa-2\/"},"modified":"2025-10-23T17:41:32","modified_gmt":"2025-10-23T17:41:32","slug":"abogado-de-lesiones-personales-en-filadelfia-pa-2","status":"publish","type":"page","link":"https:\/\/jfinelaw.com\/es\/abogado-de-lesiones-personales-en-filadelfia-pa-2\/","title":{"rendered":"Abogado de Lesiones Personales en Filadelfia, PA"},"content":{"rendered":"\n<h2 class=\"wp-block-heading\">\u00bfLesionado en Pensilvania? Un abogado de lesiones personales puede ayudar <\/h2>\n\n<p>Un accidente puede poner su vida patas arriba en un instante. Ya sea que se trate de un accidente automovil\u00edstico, un resbal\u00f3n y una ca\u00edda, una lesi\u00f3n en el lugar de trabajo o un error m\u00e9dico, las secuelas a menudo dejan a las v\u00edctimas enfrentando dolor f\u00edsico, tensi\u00f3n financiera y estr\u00e9s emocional. Si la negligencia de otra persona caus\u00f3 su lesi\u00f3n, la ley de Pensilvania le otorga el derecho de buscar una compensaci\u00f3n.  <\/p>\n\n<p>En J. Fine Law, nuestros abogados de lesiones personales en Filadelfia, Pensilvania, luchan por las personas que han resultado heridas debido al descuido de otra persona. Ayudamos a las v\u00edctimas de lesiones en todo Pensilvania a obtener el apoyo y la compensaci\u00f3n que necesitan para recuperarse y seguir adelante. <\/p>\n\n<p>Si ha resultado lesionado, no tiene que enfrentar el proceso legal solo. P\u00f3ngase en contacto con un abogado de lesiones personales de Filadelfia, Pensilvania, en J. Fine Law hoy para una consulta gratuita. <\/p>\n\n<h2 class=\"wp-block-heading\">\u00bfQu\u00e9 es la ley de lesiones personales?<\/h2>\n\n<p>La ley de lesiones personales permite a las personas lesionadas buscar una compensaci\u00f3n financiera cuando sus lesiones son causadas por la negligencia de otra persona o entidad. Negligencia significa que alguien no actu\u00f3 con el nivel de cuidado que una persona razonable tendr\u00eda en circunstancias similares. <\/p>\n\n<p>Los tipos comunes de casos de lesiones personales incluyen:<\/p>\n\n<ul class=\"wp-block-list\">\n<li>Accidentes automovil\u00edsticos<\/li>\n\n\n\n<li>Accidentes de camiones<\/li>\n\n\n\n<li>Accidentes de motocicleta<\/li>\n\n\n\n<li>Accidentes de peatones y bicicletas<\/li>\n\n\n\n<li>Incidentes de resbalones y ca\u00eddas<\/li>\n\n\n\n<li>Mordeduras de perro<\/li>\n\n\n\n<li>Accidentes de construcci\u00f3n<\/li>\n\n\n\n<li>Negligencia m\u00e9dica<\/li>\n\n\n\n<li>Abuso en hogares de ancianos<\/li>\n\n\n\n<li>Responsabilidad del producto<\/li>\n\n\n\n<li>Muerte por negligencia<\/li>\n<\/ul>\n\n<p>Si alguna de estas situaciones se aplica a usted o a un ser querido, comun\u00edquese con un abogado de lesiones personales en Filadelfia, Pensilvania en J. Fine Law para obtener orientaci\u00f3n.<\/p>\n\n<h2 class=\"wp-block-heading\">Causas comunes de lesiones personales en Pensilvania<\/h2>\n\n<p>Los accidentes ocurren por muchas razones, pero muchos podr\u00edan haberse evitado si alguien hubiera actuado de manera responsable. Con frecuencia ayudamos a los clientes heridos debido a: <\/p>\n\n<ul class=\"wp-block-list\">\n<li>Conducci\u00f3n distra\u00edda o imprudente<\/li>\n\n\n\n<li>Conductores ebrios o bajo los efectos de las drogas<\/li>\n\n\n\n<li>Condiciones inseguras de la propiedad<\/li>\n\n\n\n<li>Mala iluminaci\u00f3n, escaleras rotas o pasillos helados<\/li>\n\n\n\n<li>Productos defectuosos o peligrosos<\/li>\n\n\n\n<li>Errores m\u00e9dicos o diagn\u00f3sticos err\u00f3neos<\/li>\n\n\n\n<li>Seguridad inadecuada en lugares p\u00fablicos<\/li>\n<\/ul>\n\n<p>Nuestros abogados de lesiones personales de Filadelfia investigan cada caso para identificar qu\u00e9 sali\u00f3 mal y qui\u00e9n debe rendir cuentas.<\/p>\n\n<h2 class=\"wp-block-heading\">Qu\u00e9 hacer despu\u00e9s de una lesi\u00f3n en Pensilvania<\/h2>\n\n<p>Si ha resultado lesionado, sus acciones en las horas y d\u00edas posteriores al incidente pueden afectar en gran medida su capacidad para recuperar una compensaci\u00f3n. Esto es lo que debe hacer: <\/p>\n\n<ul class=\"wp-block-list\">\n<li>Obtenga atenci\u00f3n m\u00e9dica de inmediato: su salud es la m\u00e1xima prioridad. Incluso si no cree que est\u00e9 gravemente herido, consulte a un m\u00e9dico. <\/li>\n\n\n\n<li>Informe el incidente: informe el accidente a la polic\u00eda, al due\u00f1o de la propiedad o a su empleador, seg\u00fan la situaci\u00f3n.<\/li>\n\n\n\n<li>Documente la escena: tome fotos de sus lesiones, la escena del accidente y cualquier cosa que haya contribuido a ella.<\/li>\n\n\n\n<li>Re\u00fana informaci\u00f3n de contacto: obtenga los nombres y n\u00fameros de los testigos o de cualquier persona involucrada.<\/li>\n\n\n\n<li>No hable con los ajustadores de seguros, no est\u00e1n de su lado. Deje que su abogado se encargue de la comunicaci\u00f3n. <\/li>\n<\/ul>\n\n<p>Llame a J. Fine Law: un abogado con experiencia en lesiones personales en Filadelfia, Pensilvania, puede guiarlo desde el principio.<\/p>\n\n<h2 class=\"wp-block-heading\">\u00bfQui\u00e9n puede presentar un reclamo por lesiones personales en Pensilvania?<\/h2>\n\n<p>Cualquier persona que resulte herida debido a la negligencia de otra parte puede presentar un reclamo por lesiones personales. Esto incluye: <\/p>\n\n<ul class=\"wp-block-list\">\n<li>Conductores, pasajeros o peatones lesionados en accidentes automovil\u00edsticos<\/li>\n\n\n\n<li>Compradores o inquilinos heridos en propiedades inseguras<\/li>\n\n\n\n<li>Pacientes perjudicados por errores m\u00e9dicos<\/li>\n\n\n\n<li>Trabajadores lesionados por terceros (no solo su empleador)<\/li>\n\n\n\n<li>Miembros de la familia de alguien que muri\u00f3 debido a negligencia (demandas por muerte por negligencia)<\/li>\n<\/ul>\n\n<p>Nuestro equipo en J. Fine Law revisar\u00e1 su caso de forma gratuita y le explicar\u00e1 si tiene un reclamo v\u00e1lido.<\/p>\n\n<h2 class=\"wp-block-heading\">\u00bfCu\u00e1nto tiempo tiene para presentar una demanda por lesiones personales en Pensilvania?<\/h2>\n\n<p>En la mayor\u00eda de los casos, tiene dos a\u00f1os a partir de la fecha de la lesi\u00f3n para presentar una demanda por lesiones personales en Pensilvania. Hay excepciones, como cuando la lesi\u00f3n involucra a un menor o una entidad gubernamental, pero no cumplir con la fecha l\u00edmite puede impedir permanentemente su reclamo. P\u00f3ngase en contacto con un abogado de lesiones personales de Filadelfia, Pensilvania, lo antes posible para proteger sus derechos.  <\/p>\n\n<h2 class=\"wp-block-heading\">Tipos de lesiones que manejamos en J. Fine Law<\/h2>\n\n<p>Representamos a clientes que sufren una amplia gama de lesiones graves y catastr\u00f3ficas, que incluyen:<\/p>\n\n<ul class=\"wp-block-list\">\n<li>Huesos rotos y fracturas<\/li>\n\n\n\n<li>Lesiones en la cabeza y el cerebro (incluidas conmociones cerebrales y TBI)<\/li>\n\n\n\n<li>Lesiones y par\u00e1lisis de la m\u00e9dula espinal<\/li>\n\n\n\n<li>Lesiones de espalda y cuello<\/li>\n\n\n\n<li>Quemaduras y cicatrices<\/li>\n\n\n\n<li>Da\u00f1o a los \u00f3rganos internos<\/li>\n\n\n\n<li>Lesiones de tejidos blandos<\/li>\n\n\n\n<li>Trauma psicol\u00f3gico<\/li>\n<\/ul>\n\n<p>Estas lesiones a menudo requieren un tratamiento extenso, rehabilitaci\u00f3n y tiempo fuera del trabajo. En el peor de los casos, las v\u00edctimas sufren discapacidades permanentes o necesitan atenci\u00f3n de por vida. Un abogado de lesiones personales en Filadelfia, Pensilvania en J. Fine Law puede ayudarlo a obtener una compensaci\u00f3n completa y justa.  <\/p>\n\n<h2 class=\"wp-block-heading\">Compensaci\u00f3n disponible en un caso de lesiones personales en Pensilvania<\/h2>\n\n<p>Si otra persona caus\u00f3 su lesi\u00f3n, es posible que pueda recuperar da\u00f1os por:<\/p>\n\n<ul class=\"wp-block-list\">\n<li>Gastos m\u00e9dicos (pasados y futuros)<\/li>\n\n\n\n<li>P\u00e9rdida de ingresos y reducci\u00f3n de la capacidad de ingresos<\/li>\n\n\n\n<li>Dolor y sufrimiento<\/li>\n\n\n\n<li>Angustia emocional<\/li>\n\n\n\n<li>Discapacidad o desfiguraci\u00f3n<\/li>\n\n\n\n<li>P\u00e9rdida del disfrute de la vida<\/li>\n\n\n\n<li>Gastos de bolsillo relacionados con la lesi\u00f3n<\/li>\n<\/ul>\n\n<p>Si un ser querido muri\u00f3 debido a la negligencia de otra persona, puede ser elegible para presentar un reclamo por muerte por negligencia por costos funerarios, p\u00e9rdida de compa\u00f1\u00eda y m\u00e1s.<\/p>\n\n<h2 class=\"wp-block-heading\">C\u00f3mo puede ayudar un abogado de lesiones personales en Filadelfia, Pensilvania<\/h2>\n\n<p>Tratar de manejar un caso de lesiones personales por su cuenta es arriesgado. Las compa\u00f1\u00edas de seguros tienen equipos de abogados cuyo trabajo es pagar lo menos posible. En J. Fine Law, luchamos.  <\/p>\n\n<p>Cuando contrata a nuestro equipo, nosotros:<\/p>\n\n<ul class=\"wp-block-list\">\n<li>Proporcione una consulta gratuita<\/li>\n\n\n\n<li>Investigue el accidente a fondo<\/li>\n\n\n\n<li>Reunir registros m\u00e9dicos y pruebas<\/li>\n\n\n\n<li>Entrevista a testigos<\/li>\n\n\n\n<li>Consulte a expertos cuando sea necesario<\/li>\n\n\n\n<li>Manejar toda la comunicaci\u00f3n con las aseguradoras<\/li>\n\n\n\n<li>Negociar agresivamente para un acuerdo justo<\/li>\n\n\n\n<li>Ir a juicio si es necesario<\/li>\n\n\n\n<li>Nuestro objetivo es aliviar su carga para que pueda concentrarse en sanar mientras luchamos por la justicia.<\/li>\n\n\n\n<li>\u00bfPor qu\u00e9 elegir a J. Fine Law como su abogado de lesiones personales en Filadelfia?<\/li>\n\n\n\n<li>Experiencia: Hemos manejado miles de reclamos por lesiones en todo Pensilvania.<\/li>\n\n\n\n<li>Resultados: Nuestra firma ha recuperado millones para clientes lesionados.<\/li>\n\n\n\n<li>Atenci\u00f3n personal: Trabajar\u00e1 directamente con su abogado, no se dejar\u00e1 pasar.<\/li>\n\n\n\n<li>Tarifa de contingencia: No paga nada a menos que ganemos.<\/li>\n\n\n\n<li>Con sede en Filadelfia: Entendemos los tribunales locales, las leyes y las t\u00e1cticas de seguros.<\/li>\n<\/ul>\n\n<p>Tratamos a cada cliente con respeto y luchamos como si fuera nuestro propio miembro de la familia el que result\u00f3 herido.<\/p>\n\n<h2 class=\"wp-block-heading\">Preguntas frecuentes<\/h2>\n\n<p>\u00bfCu\u00e1nto cuesta contratar a un abogado de lesiones personales en J. Fine Law? Trabajamos con honorarios de contingencia, lo que significa que no nos paga a menos que ganemos su caso. <\/p>\n\n<p>\u00bfTendr\u00e9 que ir a la corte? Muchos casos de lesiones personales se resuelven sin un juicio. Sin embargo, preparamos cada caso como si fuera a ir a los tribunales para maximizar su influencia.  <\/p>\n\n<p>\u00bfCu\u00e1nto tiempo dura un caso de lesiones personales? Depende de la complejidad del caso y de si la compa\u00f1\u00eda de seguros ofrece un acuerdo justo desde el principio. Algunos casos se resuelven en meses, mientras que otros pueden tardar m\u00e1s.  <\/p>\n\n<p>\u00bfQu\u00e9 pasa si tuve parte de la culpa? Pensilvania sigue una regla de negligencia comparativa modificada. A\u00fan puede recuperar los da\u00f1os siempre que haya tenido menos del 51% de la culpa. Su compensaci\u00f3n se reducir\u00e1 por su porcentaje de culpa.   <\/p>\n\n<h2 class=\"wp-block-heading\">Clientes reales. Resultados reales. <\/h2>\n\n<p>En J. Fine Law, nuestro historial habla por s\u00ed mismo. Hemos ayudado a las v\u00edctimas de lesiones a recuperar una compensaci\u00f3n por: <\/p>\n\n<ul class=\"wp-block-list\">\n<li>Lesiones por accidentes automovil\u00edsticos que requieren cirug\u00eda y rehabilitaci\u00f3n<\/li>\n\n\n\n<li>Casos de atropello y fuga de peatones<\/li>\n\n\n\n<li>Resbalones y ca\u00eddas en edificios de apartamentos<\/li>\n\n\n\n<li>Lesiones en obras de construcci\u00f3n<\/li>\n\n\n\n<li>Errores m\u00e9dicos que conducen a problemas de salud a largo plazo<\/li>\n<\/ul>\n\n<p>Cada caso es diferente y lo tratamos de esa manera: con atenci\u00f3n al detalle, defensa implacable y compasi\u00f3n.<\/p>\n\n<h2 class=\"wp-block-heading\">Llame a un abogado de lesiones personales de Filadelfia, Pensilvania hoy<\/h2>\n\n<p>Si ha resultado lesionado porque otra persona fue descuidada, no espere. Cuanto antes se comunique con un abogado de lesiones personales en Filadelfia, Pensilvania, mayores ser\u00e1n sus posibilidades de recuperar lo que se le debe. <\/p>\n\n<p>Llame a J. Fine Law hoy o complete nuestro formulario en l\u00ednea para programar su consulta gratuita. Escucharemos su historia, responderemos sus preguntas y le explicaremos sus opciones legales. <\/p>\n\n<p>Te enfocas en la curaci\u00f3n. Nos centraremos en luchar por ti. <\/p>\n","protected":false},"excerpt":{"rendered":"<p>\u00bfLesionado en Pensilvania? Un abogado de lesiones personales puede ayudar Un accidente puede poner su vida patas arriba en un instante. Ya sea que se trate de un accidente automovil\u00edstico, un resbal\u00f3n y una ca\u00edda, una lesi\u00f3n en el lugar de trabajo o un error m\u00e9dico, las secuelas a menudo dejan a las v\u00edctimas enfrentando [&hellip;]<\/p>\n","protected":false},"author":7,"featured_media":4827,"parent":0,"menu_order":0,"comment_status":"closed","ping_status":"closed","template":"","meta":{"site-sidebar-layout":"default","site-content-layout":"","ast-site-content-layout":"default","site-content-style":"default","site-sidebar-style":"default","ast-global-header-display":"","ast-banner-title-visibility":"","ast-main-header-display":"","ast-hfb-above-header-display":"","ast-hfb-below-header-display":"","ast-hfb-mobile-header-display":"","site-post-title":"","ast-breadcrumbs-content":"","ast-featured-img":"","footer-sml-layout":"","ast-disable-related-posts":"","theme-transparent-header-meta":"","adv-header-id-meta":"","stick-header-meta":"","header-above-stick-meta":"","header-main-stick-meta":"","header-below-stick-meta":"","astra-migrate-meta-layouts":"default","ast-page-background-enabled":"default","ast-page-background-meta":{"desktop":{"background-color":"var(--ast-global-color-4)","background-image":"","background-repeat":"repeat","background-position":"center center","background-size":"auto","background-attachment":"scroll","background-type":"","background-media":"","overlay-type":"","overlay-color":"","overlay-opacity":"","overlay-gradient":""},"tablet":{"background-color":"","background-image":"","background-repeat":"repeat","background-position":"center center","background-size":"auto","background-attachment":"scroll","background-type":"","background-media":"","overlay-type":"","overlay-color":"","overlay-opacity":"","overlay-gradient":""},"mobile":{"background-color":"","background-image":"","background-repeat":"repeat","background-position":"center center","background-size":"auto","background-attachment":"scroll","background-type":"","background-media":"","overlay-type":"","overlay-color":"","overlay-opacity":"","overlay-gradient":""}},"ast-content-background-meta":{"desktop":{"background-color":"var(--ast-global-color-5)","background-image":"","background-repeat":"repeat","background-position":"center center","background-size":"auto","background-attachment":"scroll","background-type":"","background-media":"","overlay-type":"","overlay-color":"","overlay-opacity":"","overlay-gradient":""},"tablet":{"background-color":"var(--ast-global-color-5)","background-image":"","background-repeat":"repeat","background-position":"center center","background-size":"auto","background-attachment":"scroll","background-type":"","background-media":"","overlay-type":"","overlay-color":"","overlay-opacity":"","overlay-gradient":""},"mobile":{"background-color":"var(--ast-global-color-5)","background-image":"","background-repeat":"repeat","background-position":"center center","background-size":"auto","background-attachment":"scroll","background-type":"","background-media":"","overlay-type":"","overlay-color":"","overlay-opacity":"","overlay-gradient":""}},"iawp_total_views":5,"footnotes":""},"class_list":["post-5705","page","type-page","status-publish","has-post-thumbnail","hentry"],"_links":{"self":[{"href":"https:\/\/jfinelaw.com\/es\/wp-json\/wp\/v2\/pages\/5705","targetHints":{"allow":["GET"]}}],"collection":[{"href":"https:\/\/jfinelaw.com\/es\/wp-json\/wp\/v2\/pages"}],"about":[{"href":"https:\/\/jfinelaw.com\/es\/wp-json\/wp\/v2\/types\/page"}],"author":[{"embeddable":true,"href":"https:\/\/jfinelaw.com\/es\/wp-json\/wp\/v2\/users\/7"}],"replies":[{"embeddable":true,"href":"https:\/\/jfinelaw.com\/es\/wp-json\/wp\/v2\/comments?post=5705"}],"version-history":[{"count":1,"href":"https:\/\/jfinelaw.com\/es\/wp-json\/wp\/v2\/pages\/5705\/revisions"}],"predecessor-version":[{"id":5709,"href":"https:\/\/jfinelaw.com\/es\/wp-json\/wp\/v2\/pages\/5705\/revisions\/5709"}],"wp:featuredmedia":[{"embeddable":true,"href":"https:\/\/jfinelaw.com\/es\/wp-json\/wp\/v2\/media\/4827"}],"wp:attachment":[{"href":"https:\/\/jfinelaw.com\/es\/wp-json\/wp\/v2\/media?parent=5705"}],"curies":[{"name":"wp","href":"https:\/\/api.w.org\/{rel}","templated":true}]}}